{"id":93,"date":"2022-07-04T15:19:26","date_gmt":"2022-07-04T15:19:26","guid":{"rendered":"https:\/\/hiltonrome.ms.decms.eu\/dove-siamo\/rione-monti\/"},"modified":"2022-08-02T12:01:44","modified_gmt":"2022-08-02T12:01:44","slug":"rione-monti","status":"publish","type":"page","link":"https:\/\/www.dtromemonti.com\/it\/dove-siamo\/rione-monti\/","title":{"rendered":"Rione Monti"},"content":{"rendered":"<p><span style=\"font-weight: 400;\">Con i suoi vicoli, le piccole piazze, gli antichi palazzi e un\u2019atmosfera boh\u00e9mien, il <\/span><b>Rione Monti<\/b><span style=\"font-weight: 400;\"> sorprende per fascino e bellezza. Qui \u00e8 dove l\u2019antico affianca il contemporaneo, un incontro felice che ha trasformato il <\/span><b>quartiere pi\u00f9 antico<\/b><span style=\"font-weight: 400;\"> in quello <\/span><b>pi\u00f9 di tendenza<\/b><span style=\"font-weight: 400;\"> della Capitale. Tra botteghe artigiane e trattorie, si affacciano boutique sartoriali e gallerie d\u2019arte contemporanea, locali chic e nuovi ristoranti gourmet che accendono le serate romane.<\/span><\/p>\n<p><b>A due passi<\/b><span style=\"font-weight: 400;\"> da DoubleTree by Hilton Rome Monti, il cuore del Rione accoglie <\/span><b>meravigliose opere d\u2019arte<\/b><span style=\"font-weight: 400;\">, come il mosaico paleocristiano della chiesa di Santa Pudenziana; il <\/span><b>Mos\u00e8 di Michelangelo<\/b><span style=\"font-weight: 400;\">, nella Basilica di San Pietro in Vincoli; l\u2019altare maggiore della Chiesa dei Santi Domenico e Sisto, opera del Bernini.<\/span><\/p>\n<p><span style=\"font-weight: 400;\">Il <\/span><b>Rione Monti<\/b><span style=\"font-weight: 400;\"> nell\u2019antichit\u00e0 faceva parte della Suburra, la periferia romana, ed \u00e8 il primo e pi\u00f9 antico quartiere di Roma. I nomi di vie e piazze, intitolate ai Serpenti, agli Zingari, al Boschetto, ricordano le origini<\/span> <span style=\"font-weight: 400;\">periferiche e popolari del quartiere. Il nome Monti invece omaggia tre dei sette<\/span><b> colli di Roma<\/b><span style=\"font-weight: 400;\">, che fanno parte del rione: Esquilino, Viminale e Quirinale, ancora oggi attraversati da un <\/span><b>saliscendi di stradine<\/b><span style=\"font-weight: 400;\"> di sanpietrini, che accompagnano fino al <\/span><b>Colosseo<\/b><span style=\"font-weight: 400;\"> e al Foro Romano.<\/span><\/p>\n<p><span style=\"font-weight: 400;\">Tappe d\u2019obbligo sono la <\/span><b>piazzetta della Madonna dei Monti<\/b><span style=\"font-weight: 400;\">, la Scala Santa, composta dai 28 gradini in marmo saliti da Ges\u00f9 per recarsi da Ponzio Pilato, e infine la grandiosa <\/span><b>basilica papale<\/b><span style=\"font-weight: 400;\"> di <\/span><b>Santa Maria Maggiore<\/b><span style=\"font-weight: 400;\">. La leggenda narra che la Madonna apparve in sogno al Papa la notte del 4 agosto del 358 d.C. e gli domand\u00f2 di costruire una chiesa. L\u2019indomani un\u2019<\/span><b>inusuale nevicata<\/b><span style=\"font-weight: 400;\"> indic\u00f2 il punto esatto dove doveva sorgere il tempio: l\u2019apice del colle Esquilino. Da allora, il 5 agosto di ogni anno, si celebra la rievocazione del miracolo: in un\u2019atmosfera suggestiva, una spettacolare nevicata avvolge i fedeli e i tanti visitatori che accorrono per assistere all\u2019evento.<\/span><\/p>\n<p><span style=\"font-weight: 400;\">La grandiosa mole della Basilica di Santa Maria Maggiore definisce la scenografica <\/span><b>piazza dell\u2019Esquilino<\/b><span style=\"font-weight: 400;\">, dove al civico 1 si trova<\/span><b> DoubleTree by Hilton Rome Monti<\/b><span style=\"font-weight: 400;\">.<\/span><\/p>\n<p><span style=\"font-weight: 400;\">La sera, dall\u2019ottavo piano si gode a pieno dello <strong>s<\/strong><\/span><b>pettacolo delle cupole illuminate<\/b><span style=\"font-weight: 400;\"> accompagnato dai migliori cocktail e long drink preparati dai bartender del <\/span><b>M\u00f9n Rooftop Cocktail Bar<\/b><span style=\"font-weight: 400;\">.<\/span><\/p>\n","protected":false},"excerpt":{"rendered":"<p>Con i suoi vicoli, le piccole piazze, gli antichi palazzi e un\u2019atmosfera boh\u00e9mien, il Rione Monti sorprende per fascino e bellezza. Qui \u00e8 dove l\u2019antico affianca il contemporaneo, un incontro felice che ha trasformato il quartiere pi\u00f9 antico in quello pi\u00f9 di tendenza della Capitale. Tra botteghe artigiane e trattorie, si affacciano boutique sartoriali e [&hellip;]<\/p>\n","protected":false},"author":6,"featured_media":0,"parent":87,"menu_order":92,"comment_status":"closed","ping_status":"closed","template":"","meta":{"footnotes":""},"class_list":["post-93","page","type-page","status-publish","hentry"],"yoast_head":"<!-- This site is optimized with the Yoast SEO plugin v26.9 - https:\/\/yoast.com\/product\/yoast-seo-wordpress\/ -->\n<title>Rione Monti Roma | Hotel DoubleTree by Hilton Rome Monti<\/title>\n<meta name=\"description\" content=\"DoubleTree by Hilton Rome Monti \u00e8 situato nel quartiere storico di Roma Rione Monti: comodo per raggiungere il centro e a pochi passi dalla stazione Termini.\" \/>\n<meta name=\"robots\" content=\"index, follow, max-snippet:-1, max-image-preview:large, max-video-preview:-1\" \/>\n<link rel=\"canonical\" href=\"https:\/\/www.dtromemonti.com\/it\/dove-siamo\/rione-monti\/\" \/>\n<meta property=\"og:locale\" content=\"it_IT\" \/>\n<meta property=\"og:type\" content=\"article\" \/>\n<meta property=\"og:title\" content=\"Rione Monti Roma | Hotel DoubleTree by Hilton Rome Monti\" \/>\n<meta property=\"og:description\" content=\"DoubleTree by Hilton Rome Monti \u00e8 situato nel quartiere storico di Roma Rione Monti: comodo per raggiungere il centro e a pochi passi dalla stazione Termini.\" \/>\n<meta property=\"og:url\" content=\"https:\/\/www.dtromemonti.com\/it\/dove-siamo\/rione-monti\/\" \/>\n<meta property=\"og:site_name\" content=\"DoubleTree by Hilton Rome Monti\" \/>\n<meta property=\"article:modified_time\" content=\"2022-08-02T12:01:44+00:00\" \/>\n<meta name=\"twitter:card\" content=\"summary_large_image\" \/>\n<meta name=\"twitter:label1\" content=\"Tempo di lettura stimato\" \/>\n\t<meta name=\"twitter:data1\" content=\"2 minuti\" \/>\n<script type=\"application\/ld+json\" class=\"yoast-schema-graph\">{\"@context\":\"https:\/\/schema.org\",\"@graph\":[{\"@type\":\"WebPage\",\"@id\":\"https:\/\/www.dtromemonti.com\/it\/dove-siamo\/rione-monti\/\",\"url\":\"https:\/\/www.dtromemonti.com\/it\/dove-siamo\/rione-monti\/\",\"name\":\"Rione Monti Roma | Hotel DoubleTree by Hilton Rome Monti\",\"isPartOf\":{\"@id\":\"https:\/\/www.dtromemonti.com\/it\/#website\"},\"datePublished\":\"2022-07-04T15:19:26+00:00\",\"dateModified\":\"2022-08-02T12:01:44+00:00\",\"description\":\"DoubleTree by Hilton Rome Monti \u00e8 situato nel quartiere storico di Roma Rione Monti: comodo per raggiungere il centro e a pochi passi dalla stazione Termini.\",\"breadcrumb\":{\"@id\":\"https:\/\/www.dtromemonti.com\/it\/dove-siamo\/rione-monti\/#breadcrumb\"},\"inLanguage\":\"it-IT\",\"potentialAction\":[{\"@type\":\"ReadAction\",\"target\":[\"https:\/\/www.dtromemonti.com\/it\/dove-siamo\/rione-monti\/\"]}]},{\"@type\":\"BreadcrumbList\",\"@id\":\"https:\/\/www.dtromemonti.com\/it\/dove-siamo\/rione-monti\/#breadcrumb\",\"itemListElement\":[{\"@type\":\"ListItem\",\"position\":1,\"name\":\"Home\",\"item\":\"https:\/\/www.dtromemonti.com\/it\/\"},{\"@type\":\"ListItem\",\"position\":2,\"name\":\"Dove Siamo\",\"item\":\"https:\/\/www.dtromemonti.com\/it\/dove-siamo\/\"},{\"@type\":\"ListItem\",\"position\":3,\"name\":\"Rione Monti\"}]},{\"@type\":\"WebSite\",\"@id\":\"https:\/\/www.dtromemonti.com\/it\/#website\",\"url\":\"https:\/\/www.dtromemonti.com\/it\/\",\"name\":\"DoubleTree by Hilton Rome Monti\",\"description\":\"Just another ms.decms.eu site\",\"potentialAction\":[{\"@type\":\"SearchAction\",\"target\":{\"@type\":\"EntryPoint\",\"urlTemplate\":\"https:\/\/www.dtromemonti.com\/it\/?s={search_term_string}\"},\"query-input\":{\"@type\":\"PropertyValueSpecification\",\"valueRequired\":true,\"valueName\":\"search_term_string\"}}],\"inLanguage\":\"it-IT\"}]}<\/script>\n<!-- \/ Yoast SEO plugin. -->","yoast_head_json":{"title":"Rione Monti Roma | Hotel DoubleTree by Hilton Rome Monti","description":"DoubleTree by Hilton Rome Monti \u00e8 situato nel quartiere storico di Roma Rione Monti: comodo per raggiungere il centro e a pochi passi dalla stazione Termini.","robots":{"index":"index","follow":"follow","max-snippet":"max-snippet:-1","max-image-preview":"max-image-preview:large","max-video-preview":"max-video-preview:-1"},"canonical":"https:\/\/www.dtromemonti.com\/it\/dove-siamo\/rione-monti\/","og_locale":"it_IT","og_type":"article","og_title":"Rione Monti Roma | Hotel DoubleTree by Hilton Rome Monti","og_description":"DoubleTree by Hilton Rome Monti \u00e8 situato nel quartiere storico di Roma Rione Monti: comodo per raggiungere il centro e a pochi passi dalla stazione Termini.","og_url":"https:\/\/www.dtromemonti.com\/it\/dove-siamo\/rione-monti\/","og_site_name":"DoubleTree by Hilton Rome Monti","article_modified_time":"2022-08-02T12:01:44+00:00","twitter_card":"summary_large_image","twitter_misc":{"Tempo di lettura stimato":"2 minuti"},"schema":{"@context":"https:\/\/schema.org","@graph":[{"@type":"WebPage","@id":"https:\/\/www.dtromemonti.com\/it\/dove-siamo\/rione-monti\/","url":"https:\/\/www.dtromemonti.com\/it\/dove-siamo\/rione-monti\/","name":"Rione Monti Roma | Hotel DoubleTree by Hilton Rome Monti","isPartOf":{"@id":"https:\/\/www.dtromemonti.com\/it\/#website"},"datePublished":"2022-07-04T15:19:26+00:00","dateModified":"2022-08-02T12:01:44+00:00","description":"DoubleTree by Hilton Rome Monti \u00e8 situato nel quartiere storico di Roma Rione Monti: comodo per raggiungere il centro e a pochi passi dalla stazione Termini.","breadcrumb":{"@id":"https:\/\/www.dtromemonti.com\/it\/dove-siamo\/rione-monti\/#breadcrumb"},"inLanguage":"it-IT","potentialAction":[{"@type":"ReadAction","target":["https:\/\/www.dtromemonti.com\/it\/dove-siamo\/rione-monti\/"]}]},{"@type":"BreadcrumbList","@id":"https:\/\/www.dtromemonti.com\/it\/dove-siamo\/rione-monti\/#breadcrumb","itemListElement":[{"@type":"ListItem","position":1,"name":"Home","item":"https:\/\/www.dtromemonti.com\/it\/"},{"@type":"ListItem","position":2,"name":"Dove Siamo","item":"https:\/\/www.dtromemonti.com\/it\/dove-siamo\/"},{"@type":"ListItem","position":3,"name":"Rione Monti"}]},{"@type":"WebSite","@id":"https:\/\/www.dtromemonti.com\/it\/#website","url":"https:\/\/www.dtromemonti.com\/it\/","name":"DoubleTree by Hilton Rome Monti","description":"Just another ms.decms.eu site","potentialAction":[{"@type":"SearchAction","target":{"@type":"EntryPoint","urlTemplate":"https:\/\/www.dtromemonti.com\/it\/?s={search_term_string}"},"query-input":{"@type":"PropertyValueSpecification","valueRequired":true,"valueName":"search_term_string"}}],"inLanguage":"it-IT"}]}},"acf":[],"_links":{"self":[{"href":"https:\/\/www.dtromemonti.com\/it\/wp-json\/wp\/v2\/pages\/93","targetHints":{"allow":["GET"]}}],"collection":[{"href":"https:\/\/www.dtromemonti.com\/it\/wp-json\/wp\/v2\/pages"}],"about":[{"href":"https:\/\/www.dtromemonti.com\/it\/wp-json\/wp\/v2\/types\/page"}],"author":[{"embeddable":true,"href":"https:\/\/www.dtromemonti.com\/it\/wp-json\/wp\/v2\/users\/6"}],"replies":[{"embeddable":true,"href":"https:\/\/www.dtromemonti.com\/it\/wp-json\/wp\/v2\/comments?post=93"}],"version-history":[{"count":0,"href":"https:\/\/www.dtromemonti.com\/it\/wp-json\/wp\/v2\/pages\/93\/revisions"}],"up":[{"embeddable":true,"href":"https:\/\/www.dtromemonti.com\/it\/wp-json\/wp\/v2\/pages\/87"}],"wp:attachment":[{"href":"https:\/\/www.dtromemonti.com\/it\/wp-json\/wp\/v2\/media?parent=93"}],"curies":[{"name":"wp","href":"https:\/\/api.w.org\/{rel}","templated":true}]}}