{"id":87,"date":"2022-07-04T15:14:48","date_gmt":"2022-07-04T15:14:48","guid":{"rendered":"https:\/\/hiltonrome.ms.decms.eu\/dove-siamo\/"},"modified":"2023-06-13T12:51:55","modified_gmt":"2023-06-13T12:51:55","slug":"dove-siamo","status":"publish","type":"page","link":"https:\/\/www.dtromemonti.com\/it\/dove-siamo\/","title":{"rendered":"Dove Siamo"},"content":{"rendered":"<p><span style=\"font-weight: 400;\">DoubleTree by Hilton Rome Monti si trova in una <\/span><b>posizione fortunata<\/b><span style=\"font-weight: 400;\"> di Roma.\u00a0<\/span><\/p>\n<p><span style=\"font-weight: 400;\">In piazza dell\u2019Esquilino, a 600 metri dalla Stazione Termini, immerso <\/span><b>nel pittoresco Rione Monti<\/b><span style=\"font-weight: 400;\">, l\u2019hotel \u00e8 un ideale punto di partenza per visitare la citt\u00e0 comodamente a piedi.\u00a0<\/span><\/p>\n<p><span style=\"font-weight: 400;\">Il cuore di Roma Antica, con il <\/span><b>Colosseo<\/b><span style=\"font-weight: 400;\"> e il Foro Romano, \u00e8 a un quarto d\u2019ora di piacevole passeggiata che attraversa i suggestivi vicoli del Rione Monti, mentre celebri chiese, palazzi e fontane, capolavori della Roma Barocca, si trovano a soli <\/span><b>600 metri<\/b><span style=\"font-weight: 400;\"> da DoubleTree by Hilton Rome Monti.\u00a0<\/span><\/p>\n<p><span style=\"font-weight: 400;\">Il Teatro dell\u2019Opera di Roma, dove si svolge la prestigiosa stagione di lirica, balletto e teatro \u00e8 a 300 metri.\u00a0<\/span><\/p>\n<p><span style=\"font-weight: 400;\">Gli amanti della moda raggiungono in soli 4 minuti via Nazionale, fulcro dello shopping romano, mentre le vie migliori per fare acquisti originali e ricercati sono a due passi dall\u2019hotel, nel Rione Monti. Qui, boutique di abbigliamento sartoriali e di accessori artigianali, gallerie d\u2019arte, botteghe di artigiani e negozi di oggettistica vintage si alternano a locali e trattorie in un\u2019atmosfera d\u2019altri tempi, che rende il Rione uno dei quartieri pi\u00f9 autentici e caratteristici di Roma.\u00a0\u00a0<\/span><\/p>\n<p><span style=\"font-weight: 400;\">Per raggiungere le <\/span><b>celebri piazze<\/b><span style=\"font-weight: 400;\">, San Pietro, Navona, di Spagna, e tutti i musei e i monumenti pi\u00f9 importanti della citt\u00e0, \u00e8 molto comoda la <\/span><b>metropolitana<\/b><span style=\"font-weight: 400;\">: la fermata Termini della linea A \u00e8 a 400 metri, mentre la fermata Cavour della linea B \u00e8 a 600 metri dall\u2019hotel.\u00a0<\/span><\/p>\n","protected":false},"excerpt":{"rendered":"<p>DoubleTree by Hilton Rome Monti si trova in una posizione fortunata di Roma.\u00a0 In piazza dell\u2019Esquilino, a 600 metri dalla Stazione Termini, immerso nel pittoresco Rione Monti, l\u2019hotel \u00e8 un ideale punto di partenza per visitare la citt\u00e0 comodamente a piedi.\u00a0 Il cuore di Roma Antica, con il Colosseo e il Foro Romano, \u00e8 a [&hellip;]<\/p>\n","protected":false},"author":6,"featured_media":0,"parent":0,"menu_order":90,"comment_status":"closed","ping_status":"closed","template":"template-location.php","meta":{"footnotes":""},"class_list":["post-87","page","type-page","status-publish","hentry"],"yoast_head":"<!-- This site is optimized with the Yoast SEO plugin v26.9 - https:\/\/yoast.com\/product\/yoast-seo-wordpress\/ -->\n<title>Posizione hotel Roma centro | DoubleTree by Hilton Rome Monti<\/title>\n<meta name=\"description\" content=\"Scopri come raggiungere DoubleTree by Hilton Rome Monti, vicino alla stazione Roma Termini e a pochi passi dai maggiori punti di interesse culturali e storici.\" \/>\n<meta name=\"robots\" content=\"index, follow, max-snippet:-1, max-image-preview:large, max-video-preview:-1\" \/>\n<link rel=\"canonical\" href=\"https:\/\/www.dtromemonti.com\/it\/dove-siamo\/\" \/>\n<meta property=\"og:locale\" content=\"it_IT\" \/>\n<meta property=\"og:type\" content=\"article\" \/>\n<meta property=\"og:title\" content=\"Posizione hotel Roma centro | DoubleTree by Hilton Rome Monti\" \/>\n<meta property=\"og:description\" content=\"Scopri come raggiungere DoubleTree by Hilton Rome Monti, vicino alla stazione Roma Termini e a pochi passi dai maggiori punti di interesse culturali e storici.\" \/>\n<meta property=\"og:url\" content=\"https:\/\/www.dtromemonti.com\/it\/dove-siamo\/\" \/>\n<meta property=\"og:site_name\" content=\"DoubleTree by Hilton Rome Monti\" \/>\n<meta property=\"article:modified_time\" content=\"2023-06-13T12:51:55+00:00\" \/>\n<meta name=\"twitter:card\" content=\"summary_large_image\" \/>\n<meta name=\"twitter:label1\" content=\"Tempo di lettura stimato\" \/>\n\t<meta name=\"twitter:data1\" content=\"2 minuti\" \/>\n<script type=\"application\/ld+json\" class=\"yoast-schema-graph\">{\"@context\":\"https:\/\/schema.org\",\"@graph\":[{\"@type\":\"WebPage\",\"@id\":\"https:\/\/www.dtromemonti.com\/it\/dove-siamo\/\",\"url\":\"https:\/\/www.dtromemonti.com\/it\/dove-siamo\/\",\"name\":\"Posizione hotel Roma centro | DoubleTree by Hilton Rome Monti\",\"isPartOf\":{\"@id\":\"https:\/\/www.dtromemonti.com\/it\/#website\"},\"datePublished\":\"2022-07-04T15:14:48+00:00\",\"dateModified\":\"2023-06-13T12:51:55+00:00\",\"description\":\"Scopri come raggiungere DoubleTree by Hilton Rome Monti, vicino alla stazione Roma Termini e a pochi passi dai maggiori punti di interesse culturali e storici.\",\"breadcrumb\":{\"@id\":\"https:\/\/www.dtromemonti.com\/it\/dove-siamo\/#breadcrumb\"},\"inLanguage\":\"it-IT\",\"potentialAction\":[{\"@type\":\"ReadAction\",\"target\":[\"https:\/\/www.dtromemonti.com\/it\/dove-siamo\/\"]}]},{\"@type\":\"BreadcrumbList\",\"@id\":\"https:\/\/www.dtromemonti.com\/it\/dove-siamo\/#breadcrumb\",\"itemListElement\":[{\"@type\":\"ListItem\",\"position\":1,\"name\":\"Home\",\"item\":\"https:\/\/www.dtromemonti.com\/it\/\"},{\"@type\":\"ListItem\",\"position\":2,\"name\":\"Dove Siamo\"}]},{\"@type\":\"WebSite\",\"@id\":\"https:\/\/www.dtromemonti.com\/it\/#website\",\"url\":\"https:\/\/www.dtromemonti.com\/it\/\",\"name\":\"DoubleTree by Hilton Rome Monti\",\"description\":\"Just another ms.decms.eu site\",\"potentialAction\":[{\"@type\":\"SearchAction\",\"target\":{\"@type\":\"EntryPoint\",\"urlTemplate\":\"https:\/\/www.dtromemonti.com\/it\/?s={search_term_string}\"},\"query-input\":{\"@type\":\"PropertyValueSpecification\",\"valueRequired\":true,\"valueName\":\"search_term_string\"}}],\"inLanguage\":\"it-IT\"}]}<\/script>\n<!-- \/ Yoast SEO plugin. -->","yoast_head_json":{"title":"Posizione hotel Roma centro | DoubleTree by Hilton Rome Monti","description":"Scopri come raggiungere DoubleTree by Hilton Rome Monti, vicino alla stazione Roma Termini e a pochi passi dai maggiori punti di interesse culturali e storici.","robots":{"index":"index","follow":"follow","max-snippet":"max-snippet:-1","max-image-preview":"max-image-preview:large","max-video-preview":"max-video-preview:-1"},"canonical":"https:\/\/www.dtromemonti.com\/it\/dove-siamo\/","og_locale":"it_IT","og_type":"article","og_title":"Posizione hotel Roma centro | DoubleTree by Hilton Rome Monti","og_description":"Scopri come raggiungere DoubleTree by Hilton Rome Monti, vicino alla stazione Roma Termini e a pochi passi dai maggiori punti di interesse culturali e storici.","og_url":"https:\/\/www.dtromemonti.com\/it\/dove-siamo\/","og_site_name":"DoubleTree by Hilton Rome Monti","article_modified_time":"2023-06-13T12:51:55+00:00","twitter_card":"summary_large_image","twitter_misc":{"Tempo di lettura stimato":"2 minuti"},"schema":{"@context":"https:\/\/schema.org","@graph":[{"@type":"WebPage","@id":"https:\/\/www.dtromemonti.com\/it\/dove-siamo\/","url":"https:\/\/www.dtromemonti.com\/it\/dove-siamo\/","name":"Posizione hotel Roma centro | DoubleTree by Hilton Rome Monti","isPartOf":{"@id":"https:\/\/www.dtromemonti.com\/it\/#website"},"datePublished":"2022-07-04T15:14:48+00:00","dateModified":"2023-06-13T12:51:55+00:00","description":"Scopri come raggiungere DoubleTree by Hilton Rome Monti, vicino alla stazione Roma Termini e a pochi passi dai maggiori punti di interesse culturali e storici.","breadcrumb":{"@id":"https:\/\/www.dtromemonti.com\/it\/dove-siamo\/#breadcrumb"},"inLanguage":"it-IT","potentialAction":[{"@type":"ReadAction","target":["https:\/\/www.dtromemonti.com\/it\/dove-siamo\/"]}]},{"@type":"BreadcrumbList","@id":"https:\/\/www.dtromemonti.com\/it\/dove-siamo\/#breadcrumb","itemListElement":[{"@type":"ListItem","position":1,"name":"Home","item":"https:\/\/www.dtromemonti.com\/it\/"},{"@type":"ListItem","position":2,"name":"Dove Siamo"}]},{"@type":"WebSite","@id":"https:\/\/www.dtromemonti.com\/it\/#website","url":"https:\/\/www.dtromemonti.com\/it\/","name":"DoubleTree by Hilton Rome Monti","description":"Just another ms.decms.eu site","potentialAction":[{"@type":"SearchAction","target":{"@type":"EntryPoint","urlTemplate":"https:\/\/www.dtromemonti.com\/it\/?s={search_term_string}"},"query-input":{"@type":"PropertyValueSpecification","valueRequired":true,"valueName":"search_term_string"}}],"inLanguage":"it-IT"}]}},"acf":[],"_links":{"self":[{"href":"https:\/\/www.dtromemonti.com\/it\/wp-json\/wp\/v2\/pages\/87","targetHints":{"allow":["GET"]}}],"collection":[{"href":"https:\/\/www.dtromemonti.com\/it\/wp-json\/wp\/v2\/pages"}],"about":[{"href":"https:\/\/www.dtromemonti.com\/it\/wp-json\/wp\/v2\/types\/page"}],"author":[{"embeddable":true,"href":"https:\/\/www.dtromemonti.com\/it\/wp-json\/wp\/v2\/users\/6"}],"replies":[{"embeddable":true,"href":"https:\/\/www.dtromemonti.com\/it\/wp-json\/wp\/v2\/comments?post=87"}],"version-history":[{"count":0,"href":"https:\/\/www.dtromemonti.com\/it\/wp-json\/wp\/v2\/pages\/87\/revisions"}],"wp:attachment":[{"href":"https:\/\/www.dtromemonti.com\/it\/wp-json\/wp\/v2\/media?parent=87"}],"curies":[{"name":"wp","href":"https:\/\/api.w.org\/{rel}","templated":true}]}}