{"id":69,"date":"2022-07-04T15:07:10","date_gmt":"2022-07-04T15:07:10","guid":{"rendered":"https:\/\/hiltonrome.ms.decms.eu\/eat-drink\/eventi-in-hotel\/"},"modified":"2024-06-26T15:58:06","modified_gmt":"2024-06-26T15:58:06","slug":"eventi-su-misura","status":"publish","type":"page","link":"https:\/\/www.dtromemonti.com\/it\/hotel\/eventi-su-misura\/","title":{"rendered":"Spazi per Eventi su Misura"},"content":{"rendered":"<p style=\"text-align: center\">Vuoi organizzare un <strong>evento privato in una cornice unica<\/strong>? Il DoubleTree by Hilton Rome Monti fa al caso tuo!<\/p>\n","protected":false},"excerpt":{"rendered":"<p>Vuoi organizzare un evento privato in una cornice unica? Il DoubleTree by Hilton Rome Monti fa al caso tuo!<\/p>\n","protected":false},"author":6,"featured_media":0,"parent":239,"menu_order":11,"comment_status":"closed","ping_status":"closed","template":"","meta":{"footnotes":""},"class_list":["post-69","page","type-page","status-publish","hentry"],"yoast_head":"<!-- This site is optimized with the Yoast SEO plugin v26.9 - https:\/\/yoast.com\/product\/yoast-seo-wordpress\/ -->\n<title>Spazi per Eventi su Misura a Roma | DT by Hilton Rome Monti<\/title>\n<meta name=\"description\" content=\"Organizziamo i tuoi eventi pi\u00f9 esclusivi in un ambiente accogliente, moderno e attrezzato. Scopri di pi\u00f9 su tutto ci\u00f2 che possiamo creare per te.\" \/>\n<meta name=\"robots\" content=\"index, follow, max-snippet:-1, max-image-preview:large, max-video-preview:-1\" \/>\n<link rel=\"canonical\" href=\"https:\/\/www.dtromemonti.com\/it\/hotel\/eventi-su-misura\/\" \/>\n<meta property=\"og:locale\" content=\"it_IT\" \/>\n<meta property=\"og:type\" content=\"article\" \/>\n<meta property=\"og:title\" content=\"Spazi per Eventi su Misura a Roma | DT by Hilton Rome Monti\" \/>\n<meta property=\"og:description\" content=\"Organizziamo i tuoi eventi pi\u00f9 esclusivi in un ambiente accogliente, moderno e attrezzato. Scopri di pi\u00f9 su tutto ci\u00f2 che possiamo creare per te.\" \/>\n<meta property=\"og:url\" content=\"https:\/\/www.dtromemonti.com\/it\/hotel\/eventi-su-misura\/\" \/>\n<meta property=\"og:site_name\" content=\"DoubleTree by Hilton Rome Monti\" \/>\n<meta property=\"article:modified_time\" content=\"2024-06-26T15:58:06+00:00\" \/>\n<meta name=\"twitter:card\" content=\"summary_large_image\" \/>\n<meta name=\"twitter:label1\" content=\"Tempo di lettura stimato\" \/>\n\t<meta name=\"twitter:data1\" content=\"1 minuto\" \/>\n<script type=\"application\/ld+json\" class=\"yoast-schema-graph\">{\"@context\":\"https:\/\/schema.org\",\"@graph\":[{\"@type\":\"WebPage\",\"@id\":\"https:\/\/www.dtromemonti.com\/it\/hotel\/eventi-su-misura\/\",\"url\":\"https:\/\/www.dtromemonti.com\/it\/hotel\/eventi-su-misura\/\",\"name\":\"Spazi per Eventi su Misura a Roma | DT by Hilton Rome Monti\",\"isPartOf\":{\"@id\":\"https:\/\/www.dtromemonti.com\/it\/#website\"},\"datePublished\":\"2022-07-04T15:07:10+00:00\",\"dateModified\":\"2024-06-26T15:58:06+00:00\",\"description\":\"Organizziamo i tuoi eventi pi\u00f9 esclusivi in un ambiente accogliente, moderno e attrezzato. Scopri di pi\u00f9 su tutto ci\u00f2 che possiamo creare per te.\",\"breadcrumb\":{\"@id\":\"https:\/\/www.dtromemonti.com\/it\/hotel\/eventi-su-misura\/#breadcrumb\"},\"inLanguage\":\"it-IT\",\"potentialAction\":[{\"@type\":\"ReadAction\",\"target\":[\"https:\/\/www.dtromemonti.com\/it\/hotel\/eventi-su-misura\/\"]}]},{\"@type\":\"BreadcrumbList\",\"@id\":\"https:\/\/www.dtromemonti.com\/it\/hotel\/eventi-su-misura\/#breadcrumb\",\"itemListElement\":[{\"@type\":\"ListItem\",\"position\":1,\"name\":\"Home\",\"item\":\"https:\/\/www.dtromemonti.com\/it\/\"},{\"@type\":\"ListItem\",\"position\":2,\"name\":\"Hotel\",\"item\":\"https:\/\/www.dtromemonti.com\/it\/hotel\/\"},{\"@type\":\"ListItem\",\"position\":3,\"name\":\"Spazi per Eventi su Misura\"}]},{\"@type\":\"WebSite\",\"@id\":\"https:\/\/www.dtromemonti.com\/it\/#website\",\"url\":\"https:\/\/www.dtromemonti.com\/it\/\",\"name\":\"DoubleTree by Hilton Rome Monti\",\"description\":\"Just another ms.decms.eu site\",\"potentialAction\":[{\"@type\":\"SearchAction\",\"target\":{\"@type\":\"EntryPoint\",\"urlTemplate\":\"https:\/\/www.dtromemonti.com\/it\/?s={search_term_string}\"},\"query-input\":{\"@type\":\"PropertyValueSpecification\",\"valueRequired\":true,\"valueName\":\"search_term_string\"}}],\"inLanguage\":\"it-IT\"}]}<\/script>\n<!-- \/ Yoast SEO plugin. -->","yoast_head_json":{"title":"Spazi per Eventi su Misura a Roma | DT by Hilton Rome Monti","description":"Organizziamo i tuoi eventi pi\u00f9 esclusivi in un ambiente accogliente, moderno e attrezzato. Scopri di pi\u00f9 su tutto ci\u00f2 che possiamo creare per te.","robots":{"index":"index","follow":"follow","max-snippet":"max-snippet:-1","max-image-preview":"max-image-preview:large","max-video-preview":"max-video-preview:-1"},"canonical":"https:\/\/www.dtromemonti.com\/it\/hotel\/eventi-su-misura\/","og_locale":"it_IT","og_type":"article","og_title":"Spazi per Eventi su Misura a Roma | DT by Hilton Rome Monti","og_description":"Organizziamo i tuoi eventi pi\u00f9 esclusivi in un ambiente accogliente, moderno e attrezzato. Scopri di pi\u00f9 su tutto ci\u00f2 che possiamo creare per te.","og_url":"https:\/\/www.dtromemonti.com\/it\/hotel\/eventi-su-misura\/","og_site_name":"DoubleTree by Hilton Rome Monti","article_modified_time":"2024-06-26T15:58:06+00:00","twitter_card":"summary_large_image","twitter_misc":{"Tempo di lettura stimato":"1 minuto"},"schema":{"@context":"https:\/\/schema.org","@graph":[{"@type":"WebPage","@id":"https:\/\/www.dtromemonti.com\/it\/hotel\/eventi-su-misura\/","url":"https:\/\/www.dtromemonti.com\/it\/hotel\/eventi-su-misura\/","name":"Spazi per Eventi su Misura a Roma | DT by Hilton Rome Monti","isPartOf":{"@id":"https:\/\/www.dtromemonti.com\/it\/#website"},"datePublished":"2022-07-04T15:07:10+00:00","dateModified":"2024-06-26T15:58:06+00:00","description":"Organizziamo i tuoi eventi pi\u00f9 esclusivi in un ambiente accogliente, moderno e attrezzato. Scopri di pi\u00f9 su tutto ci\u00f2 che possiamo creare per te.","breadcrumb":{"@id":"https:\/\/www.dtromemonti.com\/it\/hotel\/eventi-su-misura\/#breadcrumb"},"inLanguage":"it-IT","potentialAction":[{"@type":"ReadAction","target":["https:\/\/www.dtromemonti.com\/it\/hotel\/eventi-su-misura\/"]}]},{"@type":"BreadcrumbList","@id":"https:\/\/www.dtromemonti.com\/it\/hotel\/eventi-su-misura\/#breadcrumb","itemListElement":[{"@type":"ListItem","position":1,"name":"Home","item":"https:\/\/www.dtromemonti.com\/it\/"},{"@type":"ListItem","position":2,"name":"Hotel","item":"https:\/\/www.dtromemonti.com\/it\/hotel\/"},{"@type":"ListItem","position":3,"name":"Spazi per Eventi su Misura"}]},{"@type":"WebSite","@id":"https:\/\/www.dtromemonti.com\/it\/#website","url":"https:\/\/www.dtromemonti.com\/it\/","name":"DoubleTree by Hilton Rome Monti","description":"Just another ms.decms.eu site","potentialAction":[{"@type":"SearchAction","target":{"@type":"EntryPoint","urlTemplate":"https:\/\/www.dtromemonti.com\/it\/?s={search_term_string}"},"query-input":{"@type":"PropertyValueSpecification","valueRequired":true,"valueName":"search_term_string"}}],"inLanguage":"it-IT"}]}},"acf":[],"_links":{"self":[{"href":"https:\/\/www.dtromemonti.com\/it\/wp-json\/wp\/v2\/pages\/69","targetHints":{"allow":["GET"]}}],"collection":[{"href":"https:\/\/www.dtromemonti.com\/it\/wp-json\/wp\/v2\/pages"}],"about":[{"href":"https:\/\/www.dtromemonti.com\/it\/wp-json\/wp\/v2\/types\/page"}],"author":[{"embeddable":true,"href":"https:\/\/www.dtromemonti.com\/it\/wp-json\/wp\/v2\/users\/6"}],"replies":[{"embeddable":true,"href":"https:\/\/www.dtromemonti.com\/it\/wp-json\/wp\/v2\/comments?post=69"}],"version-history":[{"count":0,"href":"https:\/\/www.dtromemonti.com\/it\/wp-json\/wp\/v2\/pages\/69\/revisions"}],"up":[{"embeddable":true,"href":"https:\/\/www.dtromemonti.com\/it\/wp-json\/wp\/v2\/pages\/239"}],"wp:attachment":[{"href":"https:\/\/www.dtromemonti.com\/it\/wp-json\/wp\/v2\/media?parent=69"}],"curies":[{"name":"wp","href":"https:\/\/api.w.org\/{rel}","templated":true}]}}