{"id":66,"date":"2022-07-04T15:05:50","date_gmt":"2022-07-04T15:05:50","guid":{"rendered":"https:\/\/hiltonrome.ms.decms.eu\/eat-drink\/partnership-lavazza\/"},"modified":"2023-07-20T13:48:16","modified_gmt":"2023-07-20T13:48:16","slug":"partnership-lavazza","status":"publish","type":"page","link":"https:\/\/www.dtromemonti.com\/it\/hotel\/partnership-lavazza\/","title":{"rendered":"Partnership Lavazza"},"content":{"rendered":"<p><b>DoubleTree by Hilton Rome Monti <\/b><span style=\"font-weight: 400\">\u00e8 <\/span><b>partner ufficiale <\/b><span style=\"font-weight: 400\">di<\/span><b> Lavazza<\/b><span style=\"font-weight: 400\">, la celebre azienda italiana che produce caff\u00e8 tostato dal 1895. Nei nostri bar e ristoranti, troverai sempre il caff\u00e8 Lavazza, che potrai degustare anche nell\u2019intimit\u00e0 della tua camera, grazie alla macchina del caff\u00e8 espresso Lavazza, presente nelle superior, deluxe, junior suite e suite.\u00a0<\/span><\/p>\n<p><span style=\"font-weight: 400\">Per DoubleTree by Hilton Rome Monti, Lavazza ha scelto solo <\/span><b>miscele di caff\u00e8 prodotte nel rispetto dell\u2019ambiente<\/b><span style=\"font-weight: 400\">. Lavazza infatti promuove Coffee defenders, il <\/span><b>progetto di sviluppo sostenibile<\/b><span style=\"font-weight: 400\"> che ha aiutato i contadini a riappropriarsi dei terreni e ad adottare le migliori tecniche di coltivazione utili a combattere i cambiamenti climatici. Lavazza inoltre opera per ridurre l\u2019emissione di CO2 attraverso una <\/span><b>campagna di riforestazione<\/b><span style=\"font-weight: 400\"> delle aree del Sudamerica e, con il programma \u00a1Tierra!, supporta lo sviluppo sociale ed economico di comunit\u00e0 locali di <\/span><b>coltivatori di caff\u00e8<\/b><span style=\"font-weight: 400\">, in 19 paesi del Mondo.\u00a0<\/span><\/p>\n<p><span style=\"font-weight: 400\">Il <\/span><b>MiT Food &amp; Coffee Brewery<\/b><span style=\"font-weight: 400\"> \u00e8 il <\/span><b>tempio del caff\u00e8<\/b><span style=\"font-weight: 400\"> al DoubleTree by Hilton Rome Monti. <\/span><b>\u00a0<\/b><span style=\"font-weight: 400\">\u00c8 qui che<\/span> <span style=\"font-weight: 400\">potrai prenotare una <\/span><b>coffee experience<\/b><span style=\"font-weight: 400\"> personalizzata, l\u2019esperienza di assaggio di caff\u00e8 provenienti da diversi paesi e prepararti secondo diverse tradizioni. Oltre al classico Espresso italiano, proverai il caff\u00e8 servito con la Moka, con la Cucumella napoletana, con la Chemex, e il French press caf\u00e8 e il Cold brew coffee. Scoprirai cos\u00ec le <\/span><b>infinite sfumature<\/b><span style=\"font-weight: 400\"> della bevanda pi\u00f9 amata in Italia e nel mondo.<\/span><\/p>\n<p><span style=\"font-weight: 400\">Prenota adesso la tua Lavazza Experience. Chiama il <a href=\"tel:+39 06 45774500\" target=\"_blank\" rel=\"noopener\">+39 06 45774500<\/a> o scrivi a <a href=\"mailto:info@enjoyromamonti.com\">info@enjoyromamonti.com<\/a><\/span><\/p>\n","protected":false},"excerpt":{"rendered":"<p>DoubleTree by Hilton Rome Monti \u00e8 partner ufficiale di Lavazza, la celebre azienda italiana che produce caff\u00e8 tostato dal 1895. Nei nostri bar e ristoranti, troverai sempre il caff\u00e8 Lavazza, che potrai degustare anche nell\u2019intimit\u00e0 della tua camera, grazie alla macchina del caff\u00e8 espresso Lavazza, presente nelle superior, deluxe, junior suite e suite.\u00a0 Per DoubleTree [&hellip;]<\/p>\n","protected":false},"author":6,"featured_media":0,"parent":239,"menu_order":14,"comment_status":"closed","ping_status":"closed","template":"template-single-restaurant.php","meta":{"footnotes":""},"class_list":["post-66","page","type-page","status-publish","hentry"],"yoast_head":"<!-- This site is optimized with the Yoast SEO plugin v26.9 - https:\/\/yoast.com\/product\/yoast-seo-wordpress\/ -->\n<title>Partnership caff\u00e8 Lavazza | DoubleTree by Hilton Rome Monti<\/title>\n<meta name=\"description\" content=\"DoubleTree by Hilton Rome Monti \u00e8 partner ufficiale Lavazza. Assapora il caff\u00e8 italiano comodamente in camera e partecipa agli eventi dedicati. Scopri i dettagli!\" \/>\n<meta name=\"robots\" content=\"index, follow, max-snippet:-1, max-image-preview:large, max-video-preview:-1\" \/>\n<link rel=\"canonical\" href=\"https:\/\/www.dtromemonti.com\/it\/hotel\/partnership-lavazza\/\" \/>\n<meta property=\"og:locale\" content=\"it_IT\" \/>\n<meta property=\"og:type\" content=\"article\" \/>\n<meta property=\"og:title\" content=\"Partnership caff\u00e8 Lavazza | DoubleTree by Hilton Rome Monti\" \/>\n<meta property=\"og:description\" content=\"DoubleTree by Hilton Rome Monti \u00e8 partner ufficiale Lavazza. Assapora il caff\u00e8 italiano comodamente in camera e partecipa agli eventi dedicati. Scopri i dettagli!\" \/>\n<meta property=\"og:url\" content=\"https:\/\/www.dtromemonti.com\/it\/hotel\/partnership-lavazza\/\" \/>\n<meta property=\"og:site_name\" content=\"DoubleTree by Hilton Rome Monti\" \/>\n<meta property=\"article:modified_time\" content=\"2023-07-20T13:48:16+00:00\" \/>\n<meta name=\"twitter:card\" content=\"summary_large_image\" \/>\n<meta name=\"twitter:label1\" content=\"Tempo di lettura stimato\" \/>\n\t<meta name=\"twitter:data1\" content=\"2 minuti\" \/>\n<script type=\"application\/ld+json\" class=\"yoast-schema-graph\">{\"@context\":\"https:\/\/schema.org\",\"@graph\":[{\"@type\":\"WebPage\",\"@id\":\"https:\/\/www.dtromemonti.com\/it\/hotel\/partnership-lavazza\/\",\"url\":\"https:\/\/www.dtromemonti.com\/it\/hotel\/partnership-lavazza\/\",\"name\":\"Partnership caff\u00e8 Lavazza | DoubleTree by Hilton Rome Monti\",\"isPartOf\":{\"@id\":\"https:\/\/www.dtromemonti.com\/it\/#website\"},\"datePublished\":\"2022-07-04T15:05:50+00:00\",\"dateModified\":\"2023-07-20T13:48:16+00:00\",\"description\":\"DoubleTree by Hilton Rome Monti \u00e8 partner ufficiale Lavazza. Assapora il caff\u00e8 italiano comodamente in camera e partecipa agli eventi dedicati. Scopri i dettagli!\",\"breadcrumb\":{\"@id\":\"https:\/\/www.dtromemonti.com\/it\/hotel\/partnership-lavazza\/#breadcrumb\"},\"inLanguage\":\"it-IT\",\"potentialAction\":[{\"@type\":\"ReadAction\",\"target\":[\"https:\/\/www.dtromemonti.com\/it\/hotel\/partnership-lavazza\/\"]}]},{\"@type\":\"BreadcrumbList\",\"@id\":\"https:\/\/www.dtromemonti.com\/it\/hotel\/partnership-lavazza\/#breadcrumb\",\"itemListElement\":[{\"@type\":\"ListItem\",\"position\":1,\"name\":\"Home\",\"item\":\"https:\/\/www.dtromemonti.com\/it\/\"},{\"@type\":\"ListItem\",\"position\":2,\"name\":\"Hotel\",\"item\":\"https:\/\/www.dtromemonti.com\/it\/hotel\/\"},{\"@type\":\"ListItem\",\"position\":3,\"name\":\"Partnership Lavazza\"}]},{\"@type\":\"WebSite\",\"@id\":\"https:\/\/www.dtromemonti.com\/it\/#website\",\"url\":\"https:\/\/www.dtromemonti.com\/it\/\",\"name\":\"DoubleTree by Hilton Rome Monti\",\"description\":\"Just another ms.decms.eu site\",\"potentialAction\":[{\"@type\":\"SearchAction\",\"target\":{\"@type\":\"EntryPoint\",\"urlTemplate\":\"https:\/\/www.dtromemonti.com\/it\/?s={search_term_string}\"},\"query-input\":{\"@type\":\"PropertyValueSpecification\",\"valueRequired\":true,\"valueName\":\"search_term_string\"}}],\"inLanguage\":\"it-IT\"}]}<\/script>\n<!-- \/ Yoast SEO plugin. -->","yoast_head_json":{"title":"Partnership caff\u00e8 Lavazza | DoubleTree by Hilton Rome Monti","description":"DoubleTree by Hilton Rome Monti \u00e8 partner ufficiale Lavazza. Assapora il caff\u00e8 italiano comodamente in camera e partecipa agli eventi dedicati. Scopri i dettagli!","robots":{"index":"index","follow":"follow","max-snippet":"max-snippet:-1","max-image-preview":"max-image-preview:large","max-video-preview":"max-video-preview:-1"},"canonical":"https:\/\/www.dtromemonti.com\/it\/hotel\/partnership-lavazza\/","og_locale":"it_IT","og_type":"article","og_title":"Partnership caff\u00e8 Lavazza | DoubleTree by Hilton Rome Monti","og_description":"DoubleTree by Hilton Rome Monti \u00e8 partner ufficiale Lavazza. Assapora il caff\u00e8 italiano comodamente in camera e partecipa agli eventi dedicati. Scopri i dettagli!","og_url":"https:\/\/www.dtromemonti.com\/it\/hotel\/partnership-lavazza\/","og_site_name":"DoubleTree by Hilton Rome Monti","article_modified_time":"2023-07-20T13:48:16+00:00","twitter_card":"summary_large_image","twitter_misc":{"Tempo di lettura stimato":"2 minuti"},"schema":{"@context":"https:\/\/schema.org","@graph":[{"@type":"WebPage","@id":"https:\/\/www.dtromemonti.com\/it\/hotel\/partnership-lavazza\/","url":"https:\/\/www.dtromemonti.com\/it\/hotel\/partnership-lavazza\/","name":"Partnership caff\u00e8 Lavazza | DoubleTree by Hilton Rome Monti","isPartOf":{"@id":"https:\/\/www.dtromemonti.com\/it\/#website"},"datePublished":"2022-07-04T15:05:50+00:00","dateModified":"2023-07-20T13:48:16+00:00","description":"DoubleTree by Hilton Rome Monti \u00e8 partner ufficiale Lavazza. Assapora il caff\u00e8 italiano comodamente in camera e partecipa agli eventi dedicati. Scopri i dettagli!","breadcrumb":{"@id":"https:\/\/www.dtromemonti.com\/it\/hotel\/partnership-lavazza\/#breadcrumb"},"inLanguage":"it-IT","potentialAction":[{"@type":"ReadAction","target":["https:\/\/www.dtromemonti.com\/it\/hotel\/partnership-lavazza\/"]}]},{"@type":"BreadcrumbList","@id":"https:\/\/www.dtromemonti.com\/it\/hotel\/partnership-lavazza\/#breadcrumb","itemListElement":[{"@type":"ListItem","position":1,"name":"Home","item":"https:\/\/www.dtromemonti.com\/it\/"},{"@type":"ListItem","position":2,"name":"Hotel","item":"https:\/\/www.dtromemonti.com\/it\/hotel\/"},{"@type":"ListItem","position":3,"name":"Partnership Lavazza"}]},{"@type":"WebSite","@id":"https:\/\/www.dtromemonti.com\/it\/#website","url":"https:\/\/www.dtromemonti.com\/it\/","name":"DoubleTree by Hilton Rome Monti","description":"Just another ms.decms.eu site","potentialAction":[{"@type":"SearchAction","target":{"@type":"EntryPoint","urlTemplate":"https:\/\/www.dtromemonti.com\/it\/?s={search_term_string}"},"query-input":{"@type":"PropertyValueSpecification","valueRequired":true,"valueName":"search_term_string"}}],"inLanguage":"it-IT"}]}},"acf":[],"_links":{"self":[{"href":"https:\/\/www.dtromemonti.com\/it\/wp-json\/wp\/v2\/pages\/66","targetHints":{"allow":["GET"]}}],"collection":[{"href":"https:\/\/www.dtromemonti.com\/it\/wp-json\/wp\/v2\/pages"}],"about":[{"href":"https:\/\/www.dtromemonti.com\/it\/wp-json\/wp\/v2\/types\/page"}],"author":[{"embeddable":true,"href":"https:\/\/www.dtromemonti.com\/it\/wp-json\/wp\/v2\/users\/6"}],"replies":[{"embeddable":true,"href":"https:\/\/www.dtromemonti.com\/it\/wp-json\/wp\/v2\/comments?post=66"}],"version-history":[{"count":0,"href":"https:\/\/www.dtromemonti.com\/it\/wp-json\/wp\/v2\/pages\/66\/revisions"}],"up":[{"embeddable":true,"href":"https:\/\/www.dtromemonti.com\/it\/wp-json\/wp\/v2\/pages\/239"}],"wp:attachment":[{"href":"https:\/\/www.dtromemonti.com\/it\/wp-json\/wp\/v2\/media?parent=66"}],"curies":[{"name":"wp","href":"https:\/\/api.w.org\/{rel}","templated":true}]}}