{"id":52,"date":"2022-07-04T14:56:41","date_gmt":"2022-07-04T14:56:41","guid":{"rendered":"https:\/\/hiltonrome.ms.decms.eu\/eat-drink\/"},"modified":"2025-08-28T14:24:56","modified_gmt":"2025-08-28T14:24:56","slug":"eat-e-drink","status":"publish","type":"page","link":"https:\/\/www.dtromemonti.com\/it\/eat-e-drink\/","title":{"rendered":"Eat &amp; Drink"},"content":{"rendered":"<p style=\"text-align: center\">Enjoy Roma Monti \u00e8 un invito a godere dei nostri spazi in piena libert\u00e0, lungo tutto l\u2019arco della giornata, scoprendo <strong>MiT<\/strong>, <strong>Mamalia<\/strong> e <strong>M\u00f9n<\/strong>: caffetteria, ristorante e skybar di DoubleTree by Hilton Rome Monti.<\/p>\n<p style=\"text-align: center\">Cominciate la giornata al <strong>MiT<\/strong>, con una colazione dolce o salata o una semplice pausa caff\u00e8, assaporando la selezione di miscele pregiate e sostenibili di caff\u00e8 firmata Lavazza. Grazie alla sua atmosfera informale e smart, MiT \u00e8 anche il luogo perfetto per gustare pranzi veloci, con un men\u00f9 a base di piatti della tradizione, insalatone e panini gourmet, o per un pomeriggio di smartworking.<\/p>\n<p style=\"text-align: center\">Per cena, il <strong>Mamalia<\/strong> offre un\u2019interpretazione culinaria moderna delle ricette della tradizione grazie alla visione dello Chef e della sua brigata, da accompagnare a una ricca carta dei vini internazionale. Ma non solo, ogni mattina, il nostro ristorante diventa anche il punto riferimento degli ospiti dell\u2019hotel per gustare una ricca colazione a buffet, a base di ingredienti tipici del territorio.<\/p>\n<p style=\"text-align: center\">Per chi cerca un finale spettacolare, <strong>M\u00f9n<\/strong>, il nostro Rooftop Cocktail Bar panoramico \u00e8 il posto giusto per scoprire le ultime tendenze della mixology, da accompagnare con men\u00f9 tapas studiato ad hoc dai nostri chef e un\u2019incredibile vista su Roma.<\/p>\n<p style=\"text-align: center\">Tre ambienti diversi, nel cuore della citt\u00e0 eterna, aperti a tutti, dove vivere esperienze culinarie ed eventi gourmet con professionisti del mondo F&amp;B e chef stellati.<\/p>\n<p style=\"text-align: center\">Scegli la tua esperienza di gusto al <strong>DoubleTree by Hilton Rome Monti<\/strong>.<\/p>\n","protected":false},"excerpt":{"rendered":"<p>Enjoy Roma Monti \u00e8 un invito a godere dei nostri spazi in piena libert\u00e0, lungo tutto l\u2019arco della giornata, scoprendo MiT, Mamalia e M\u00f9n: caffetteria, ristorante e skybar di DoubleTree by Hilton Rome Monti. Cominciate la giornata al MiT, con una colazione dolce o salata o una semplice pausa caff\u00e8, assaporando la selezione di miscele [&hellip;]<\/p>\n","protected":false},"author":6,"featured_media":1257,"parent":0,"menu_order":30,"comment_status":"closed","ping_status":"closed","template":"template-default-5.php","meta":{"footnotes":""},"class_list":["post-52","page","type-page","status-publish","has-post-thumbnail","hentry"],"yoast_head":"<!-- This site is optimized with the Yoast SEO plugin v26.9 - https:\/\/yoast.com\/product\/yoast-seo-wordpress\/ -->\n<title>Eat &amp; Drink: Bar e ristoranti | DoubleTree by Hilton Rome Monti<\/title>\n<meta name=\"description\" content=\"Scopri la proposta Enjoy Roma Monti: Bar MiT, Ristorante Mamalia e M\u00f9n Rooftop Bar. Un&#039;esperienza culinaria per un soggiorno da sogno!\" \/>\n<meta name=\"robots\" content=\"index, follow, max-snippet:-1, max-image-preview:large, max-video-preview:-1\" \/>\n<link rel=\"canonical\" href=\"https:\/\/www.dtromemonti.com\/it\/eat-e-drink\/\" \/>\n<meta property=\"og:locale\" content=\"it_IT\" \/>\n<meta property=\"og:type\" content=\"article\" \/>\n<meta property=\"og:title\" content=\"Eat &amp; Drink: Bar e ristoranti | DoubleTree by Hilton Rome Monti\" \/>\n<meta property=\"og:description\" content=\"Scopri la proposta Enjoy Roma Monti: Bar MiT, Ristorante Mamalia e M\u00f9n Rooftop Bar. Un&#039;esperienza culinaria per un soggiorno da sogno!\" \/>\n<meta property=\"og:url\" content=\"https:\/\/www.dtromemonti.com\/it\/eat-e-drink\/\" \/>\n<meta property=\"og:site_name\" content=\"DoubleTree by Hilton Rome Monti\" \/>\n<meta property=\"article:modified_time\" content=\"2025-08-28T14:24:56+00:00\" \/>\n<meta property=\"og:image\" content=\"https:\/\/www.dtromemonti.com\/wp-content\/uploads\/sites\/327\/2023\/11\/ChefsottoleStelle-24Ottobre_HaizeaMaritiPh_030-Mejorado-NR.jpg\" \/>\n\t<meta property=\"og:image:width\" content=\"1024\" \/>\n\t<meta property=\"og:image:height\" content=\"683\" \/>\n\t<meta property=\"og:image:type\" content=\"image\/jpeg\" \/>\n<meta name=\"twitter:card\" content=\"summary_large_image\" \/>\n<meta name=\"twitter:label1\" content=\"Tempo di lettura stimato\" \/>\n\t<meta name=\"twitter:data1\" content=\"2 minuti\" \/>\n<script type=\"application\/ld+json\" class=\"yoast-schema-graph\">{\"@context\":\"https:\/\/schema.org\",\"@graph\":[{\"@type\":\"WebPage\",\"@id\":\"https:\/\/www.dtromemonti.com\/it\/eat-e-drink\/\",\"url\":\"https:\/\/www.dtromemonti.com\/it\/eat-e-drink\/\",\"name\":\"Eat & Drink: Bar e ristoranti | DoubleTree by Hilton Rome Monti\",\"isPartOf\":{\"@id\":\"https:\/\/www.dtromemonti.com\/it\/#website\"},\"primaryImageOfPage\":{\"@id\":\"https:\/\/www.dtromemonti.com\/it\/eat-e-drink\/#primaryimage\"},\"image\":{\"@id\":\"https:\/\/www.dtromemonti.com\/it\/eat-e-drink\/#primaryimage\"},\"thumbnailUrl\":\"https:\/\/www.dtromemonti.com\/wp-content\/uploads\/sites\/327\/2023\/11\/ChefsottoleStelle-24Ottobre_HaizeaMaritiPh_030-Mejorado-NR.jpg\",\"datePublished\":\"2022-07-04T14:56:41+00:00\",\"dateModified\":\"2025-08-28T14:24:56+00:00\",\"description\":\"Scopri la proposta Enjoy Roma Monti: Bar MiT, Ristorante Mamalia e M\u00f9n Rooftop Bar. Un'esperienza culinaria per un soggiorno da sogno!\",\"breadcrumb\":{\"@id\":\"https:\/\/www.dtromemonti.com\/it\/eat-e-drink\/#breadcrumb\"},\"inLanguage\":\"it-IT\",\"potentialAction\":[{\"@type\":\"ReadAction\",\"target\":[\"https:\/\/www.dtromemonti.com\/it\/eat-e-drink\/\"]}]},{\"@type\":\"ImageObject\",\"inLanguage\":\"it-IT\",\"@id\":\"https:\/\/www.dtromemonti.com\/it\/eat-e-drink\/#primaryimage\",\"url\":\"https:\/\/www.dtromemonti.com\/wp-content\/uploads\/sites\/327\/2023\/11\/ChefsottoleStelle-24Ottobre_HaizeaMaritiPh_030-Mejorado-NR.jpg\",\"contentUrl\":\"https:\/\/www.dtromemonti.com\/wp-content\/uploads\/sites\/327\/2023\/11\/ChefsottoleStelle-24Ottobre_HaizeaMaritiPh_030-Mejorado-NR.jpg\",\"width\":1024,\"height\":683,\"caption\":\"mamalia-restaurant-doubletyree-byhilton-romemonti\"},{\"@type\":\"BreadcrumbList\",\"@id\":\"https:\/\/www.dtromemonti.com\/it\/eat-e-drink\/#breadcrumb\",\"itemListElement\":[{\"@type\":\"ListItem\",\"position\":1,\"name\":\"Home\",\"item\":\"https:\/\/www.dtromemonti.com\/it\/\"},{\"@type\":\"ListItem\",\"position\":2,\"name\":\"Eat &amp; Drink\"}]},{\"@type\":\"WebSite\",\"@id\":\"https:\/\/www.dtromemonti.com\/it\/#website\",\"url\":\"https:\/\/www.dtromemonti.com\/it\/\",\"name\":\"DoubleTree by Hilton Rome Monti\",\"description\":\"Just another ms.decms.eu site\",\"potentialAction\":[{\"@type\":\"SearchAction\",\"target\":{\"@type\":\"EntryPoint\",\"urlTemplate\":\"https:\/\/www.dtromemonti.com\/it\/?s={search_term_string}\"},\"query-input\":{\"@type\":\"PropertyValueSpecification\",\"valueRequired\":true,\"valueName\":\"search_term_string\"}}],\"inLanguage\":\"it-IT\"}]}<\/script>\n<!-- \/ Yoast SEO plugin. -->","yoast_head_json":{"title":"Eat & Drink: Bar e ristoranti | DoubleTree by Hilton Rome Monti","description":"Scopri la proposta Enjoy Roma Monti: Bar MiT, Ristorante Mamalia e M\u00f9n Rooftop Bar. Un'esperienza culinaria per un soggiorno da sogno!","robots":{"index":"index","follow":"follow","max-snippet":"max-snippet:-1","max-image-preview":"max-image-preview:large","max-video-preview":"max-video-preview:-1"},"canonical":"https:\/\/www.dtromemonti.com\/it\/eat-e-drink\/","og_locale":"it_IT","og_type":"article","og_title":"Eat & Drink: Bar e ristoranti | DoubleTree by Hilton Rome Monti","og_description":"Scopri la proposta Enjoy Roma Monti: Bar MiT, Ristorante Mamalia e M\u00f9n Rooftop Bar. Un'esperienza culinaria per un soggiorno da sogno!","og_url":"https:\/\/www.dtromemonti.com\/it\/eat-e-drink\/","og_site_name":"DoubleTree by Hilton Rome Monti","article_modified_time":"2025-08-28T14:24:56+00:00","og_image":[{"width":1024,"height":683,"url":"https:\/\/www.dtromemonti.com\/wp-content\/uploads\/sites\/327\/2023\/11\/ChefsottoleStelle-24Ottobre_HaizeaMaritiPh_030-Mejorado-NR.jpg","type":"image\/jpeg"}],"twitter_card":"summary_large_image","twitter_misc":{"Tempo di lettura stimato":"2 minuti"},"schema":{"@context":"https:\/\/schema.org","@graph":[{"@type":"WebPage","@id":"https:\/\/www.dtromemonti.com\/it\/eat-e-drink\/","url":"https:\/\/www.dtromemonti.com\/it\/eat-e-drink\/","name":"Eat & Drink: Bar e ristoranti | DoubleTree by Hilton Rome Monti","isPartOf":{"@id":"https:\/\/www.dtromemonti.com\/it\/#website"},"primaryImageOfPage":{"@id":"https:\/\/www.dtromemonti.com\/it\/eat-e-drink\/#primaryimage"},"image":{"@id":"https:\/\/www.dtromemonti.com\/it\/eat-e-drink\/#primaryimage"},"thumbnailUrl":"https:\/\/www.dtromemonti.com\/wp-content\/uploads\/sites\/327\/2023\/11\/ChefsottoleStelle-24Ottobre_HaizeaMaritiPh_030-Mejorado-NR.jpg","datePublished":"2022-07-04T14:56:41+00:00","dateModified":"2025-08-28T14:24:56+00:00","description":"Scopri la proposta Enjoy Roma Monti: Bar MiT, Ristorante Mamalia e M\u00f9n Rooftop Bar. Un'esperienza culinaria per un soggiorno da sogno!","breadcrumb":{"@id":"https:\/\/www.dtromemonti.com\/it\/eat-e-drink\/#breadcrumb"},"inLanguage":"it-IT","potentialAction":[{"@type":"ReadAction","target":["https:\/\/www.dtromemonti.com\/it\/eat-e-drink\/"]}]},{"@type":"ImageObject","inLanguage":"it-IT","@id":"https:\/\/www.dtromemonti.com\/it\/eat-e-drink\/#primaryimage","url":"https:\/\/www.dtromemonti.com\/wp-content\/uploads\/sites\/327\/2023\/11\/ChefsottoleStelle-24Ottobre_HaizeaMaritiPh_030-Mejorado-NR.jpg","contentUrl":"https:\/\/www.dtromemonti.com\/wp-content\/uploads\/sites\/327\/2023\/11\/ChefsottoleStelle-24Ottobre_HaizeaMaritiPh_030-Mejorado-NR.jpg","width":1024,"height":683,"caption":"mamalia-restaurant-doubletyree-byhilton-romemonti"},{"@type":"BreadcrumbList","@id":"https:\/\/www.dtromemonti.com\/it\/eat-e-drink\/#breadcrumb","itemListElement":[{"@type":"ListItem","position":1,"name":"Home","item":"https:\/\/www.dtromemonti.com\/it\/"},{"@type":"ListItem","position":2,"name":"Eat &amp; Drink"}]},{"@type":"WebSite","@id":"https:\/\/www.dtromemonti.com\/it\/#website","url":"https:\/\/www.dtromemonti.com\/it\/","name":"DoubleTree by Hilton Rome Monti","description":"Just another ms.decms.eu site","potentialAction":[{"@type":"SearchAction","target":{"@type":"EntryPoint","urlTemplate":"https:\/\/www.dtromemonti.com\/it\/?s={search_term_string}"},"query-input":{"@type":"PropertyValueSpecification","valueRequired":true,"valueName":"search_term_string"}}],"inLanguage":"it-IT"}]}},"acf":[],"_links":{"self":[{"href":"https:\/\/www.dtromemonti.com\/it\/wp-json\/wp\/v2\/pages\/52","targetHints":{"allow":["GET"]}}],"collection":[{"href":"https:\/\/www.dtromemonti.com\/it\/wp-json\/wp\/v2\/pages"}],"about":[{"href":"https:\/\/www.dtromemonti.com\/it\/wp-json\/wp\/v2\/types\/page"}],"author":[{"embeddable":true,"href":"https:\/\/www.dtromemonti.com\/it\/wp-json\/wp\/v2\/users\/6"}],"replies":[{"embeddable":true,"href":"https:\/\/www.dtromemonti.com\/it\/wp-json\/wp\/v2\/comments?post=52"}],"version-history":[{"count":0,"href":"https:\/\/www.dtromemonti.com\/it\/wp-json\/wp\/v2\/pages\/52\/revisions"}],"wp:featuredmedia":[{"embeddable":true,"href":"https:\/\/www.dtromemonti.com\/it\/wp-json\/wp\/v2\/media\/1257"}],"wp:attachment":[{"href":"https:\/\/www.dtromemonti.com\/it\/wp-json\/wp\/v2\/media?parent=52"}],"curies":[{"name":"wp","href":"https:\/\/api.w.org\/{rel}","templated":true}]}}