{"id":516,"date":"2022-12-22T16:58:04","date_gmt":"2022-12-22T16:58:04","guid":{"rendered":"https:\/\/hiltonrome.ms.decms.eu\/what-to-see\/neighbourhoods\/"},"modified":"2023-02-20T20:32:36","modified_gmt":"2023-02-20T20:32:36","slug":"quartieri","status":"publish","type":"page","link":"https:\/\/www.dtromemonti.com\/it\/cosa-vedere\/quartieri\/","title":{"rendered":"Quartieri"},"content":{"rendered":"<p><span style=\"font-weight: 400;\">Ti consigliamo di <\/span><b>passeggiare tra i quartieri<\/b><span style=\"font-weight: 400;\"> e i rioni di Roma nella sua quotidianit\u00e0, tra le zone residenziali fatte di palazzi storici che si alternato a sorprendenti edifici liberty e contemporanei, tra mercati rionali e trattorie dove il tempo sembra essersi fermato: scoprirai cos\u00ec la <\/span><b>vera anima della Citt\u00e0 Eterna<\/b><span style=\"font-weight: 400;\">.<\/span><\/p>\n","protected":false},"excerpt":{"rendered":"<p>Ti consigliamo di passeggiare tra i quartieri e i rioni di Roma nella sua quotidianit\u00e0, tra le zone residenziali fatte di palazzi storici che si alternato a sorprendenti edifici liberty e contemporanei, tra mercati rionali e trattorie dove il tempo sembra essersi fermato: scoprirai cos\u00ec la vera anima della Citt\u00e0 Eterna.<\/p>\n","protected":false},"author":6,"featured_media":0,"parent":498,"menu_order":76,"comment_status":"closed","ping_status":"closed","template":"","meta":{"footnotes":""},"class_list":["post-516","page","type-page","status-publish","hentry"],"yoast_head":"<!-- This site is optimized with the Yoast SEO plugin v26.9 - https:\/\/yoast.com\/product\/yoast-seo-wordpress\/ -->\n<title>Quartieri Roma: Prati, Parioli, Trastevere | Hilton Roma<\/title>\n<meta name=\"description\" content=\"Vuoi scoprire i quartieri pi\u00f9 belli di Roma? Consulta la guida di DoubleTree by Hilton Rome Monti e visita i quartieri pi\u00f9 iconici della citt\u00e0 eterna.\" \/>\n<meta name=\"robots\" content=\"index, follow, max-snippet:-1, max-image-preview:large, max-video-preview:-1\" \/>\n<link rel=\"canonical\" href=\"https:\/\/www.dtromemonti.com\/it\/cosa-vedere\/quartieri\/\" \/>\n<meta property=\"og:locale\" content=\"it_IT\" \/>\n<meta property=\"og:type\" content=\"article\" \/>\n<meta property=\"og:title\" content=\"Quartieri Roma: Prati, Parioli, Trastevere | Hilton Roma\" \/>\n<meta property=\"og:description\" content=\"Vuoi scoprire i quartieri pi\u00f9 belli di Roma? Consulta la guida di DoubleTree by Hilton Rome Monti e visita i quartieri pi\u00f9 iconici della citt\u00e0 eterna.\" \/>\n<meta property=\"og:url\" content=\"https:\/\/www.dtromemonti.com\/it\/cosa-vedere\/quartieri\/\" \/>\n<meta property=\"og:site_name\" content=\"DoubleTree by Hilton Rome Monti\" \/>\n<meta property=\"article:modified_time\" content=\"2023-02-20T20:32:36+00:00\" \/>\n<meta name=\"twitter:card\" content=\"summary_large_image\" \/>\n<meta name=\"twitter:label1\" content=\"Tempo di lettura stimato\" \/>\n\t<meta name=\"twitter:data1\" content=\"1 minuto\" \/>\n<script type=\"application\/ld+json\" class=\"yoast-schema-graph\">{\"@context\":\"https:\/\/schema.org\",\"@graph\":[{\"@type\":\"WebPage\",\"@id\":\"https:\/\/www.dtromemonti.com\/it\/cosa-vedere\/quartieri\/\",\"url\":\"https:\/\/www.dtromemonti.com\/it\/cosa-vedere\/quartieri\/\",\"name\":\"Quartieri Roma: Prati, Parioli, Trastevere | Hilton Roma\",\"isPartOf\":{\"@id\":\"https:\/\/www.dtromemonti.com\/it\/#website\"},\"datePublished\":\"2022-12-22T16:58:04+00:00\",\"dateModified\":\"2023-02-20T20:32:36+00:00\",\"description\":\"Vuoi scoprire i quartieri pi\u00f9 belli di Roma? Consulta la guida di DoubleTree by Hilton Rome Monti e visita i quartieri pi\u00f9 iconici della citt\u00e0 eterna.\",\"breadcrumb\":{\"@id\":\"https:\/\/www.dtromemonti.com\/it\/cosa-vedere\/quartieri\/#breadcrumb\"},\"inLanguage\":\"it-IT\",\"potentialAction\":[{\"@type\":\"ReadAction\",\"target\":[\"https:\/\/www.dtromemonti.com\/it\/cosa-vedere\/quartieri\/\"]}]},{\"@type\":\"BreadcrumbList\",\"@id\":\"https:\/\/www.dtromemonti.com\/it\/cosa-vedere\/quartieri\/#breadcrumb\",\"itemListElement\":[{\"@type\":\"ListItem\",\"position\":1,\"name\":\"Home\",\"item\":\"https:\/\/www.dtromemonti.com\/it\/\"},{\"@type\":\"ListItem\",\"position\":2,\"name\":\"Cosa vedere\",\"item\":\"https:\/\/www.dtromemonti.com\/it\/cosa-vedere\/\"},{\"@type\":\"ListItem\",\"position\":3,\"name\":\"Quartieri\"}]},{\"@type\":\"WebSite\",\"@id\":\"https:\/\/www.dtromemonti.com\/it\/#website\",\"url\":\"https:\/\/www.dtromemonti.com\/it\/\",\"name\":\"DoubleTree by Hilton Rome Monti\",\"description\":\"Just another ms.decms.eu site\",\"potentialAction\":[{\"@type\":\"SearchAction\",\"target\":{\"@type\":\"EntryPoint\",\"urlTemplate\":\"https:\/\/www.dtromemonti.com\/it\/?s={search_term_string}\"},\"query-input\":{\"@type\":\"PropertyValueSpecification\",\"valueRequired\":true,\"valueName\":\"search_term_string\"}}],\"inLanguage\":\"it-IT\"}]}<\/script>\n<!-- \/ Yoast SEO plugin. -->","yoast_head_json":{"title":"Quartieri Roma: Prati, Parioli, Trastevere | Hilton Roma","description":"Vuoi scoprire i quartieri pi\u00f9 belli di Roma? Consulta la guida di DoubleTree by Hilton Rome Monti e visita i quartieri pi\u00f9 iconici della citt\u00e0 eterna.","robots":{"index":"index","follow":"follow","max-snippet":"max-snippet:-1","max-image-preview":"max-image-preview:large","max-video-preview":"max-video-preview:-1"},"canonical":"https:\/\/www.dtromemonti.com\/it\/cosa-vedere\/quartieri\/","og_locale":"it_IT","og_type":"article","og_title":"Quartieri Roma: Prati, Parioli, Trastevere | Hilton Roma","og_description":"Vuoi scoprire i quartieri pi\u00f9 belli di Roma? Consulta la guida di DoubleTree by Hilton Rome Monti e visita i quartieri pi\u00f9 iconici della citt\u00e0 eterna.","og_url":"https:\/\/www.dtromemonti.com\/it\/cosa-vedere\/quartieri\/","og_site_name":"DoubleTree by Hilton Rome Monti","article_modified_time":"2023-02-20T20:32:36+00:00","twitter_card":"summary_large_image","twitter_misc":{"Tempo di lettura stimato":"1 minuto"},"schema":{"@context":"https:\/\/schema.org","@graph":[{"@type":"WebPage","@id":"https:\/\/www.dtromemonti.com\/it\/cosa-vedere\/quartieri\/","url":"https:\/\/www.dtromemonti.com\/it\/cosa-vedere\/quartieri\/","name":"Quartieri Roma: Prati, Parioli, Trastevere | Hilton Roma","isPartOf":{"@id":"https:\/\/www.dtromemonti.com\/it\/#website"},"datePublished":"2022-12-22T16:58:04+00:00","dateModified":"2023-02-20T20:32:36+00:00","description":"Vuoi scoprire i quartieri pi\u00f9 belli di Roma? Consulta la guida di DoubleTree by Hilton Rome Monti e visita i quartieri pi\u00f9 iconici della citt\u00e0 eterna.","breadcrumb":{"@id":"https:\/\/www.dtromemonti.com\/it\/cosa-vedere\/quartieri\/#breadcrumb"},"inLanguage":"it-IT","potentialAction":[{"@type":"ReadAction","target":["https:\/\/www.dtromemonti.com\/it\/cosa-vedere\/quartieri\/"]}]},{"@type":"BreadcrumbList","@id":"https:\/\/www.dtromemonti.com\/it\/cosa-vedere\/quartieri\/#breadcrumb","itemListElement":[{"@type":"ListItem","position":1,"name":"Home","item":"https:\/\/www.dtromemonti.com\/it\/"},{"@type":"ListItem","position":2,"name":"Cosa vedere","item":"https:\/\/www.dtromemonti.com\/it\/cosa-vedere\/"},{"@type":"ListItem","position":3,"name":"Quartieri"}]},{"@type":"WebSite","@id":"https:\/\/www.dtromemonti.com\/it\/#website","url":"https:\/\/www.dtromemonti.com\/it\/","name":"DoubleTree by Hilton Rome Monti","description":"Just another ms.decms.eu site","potentialAction":[{"@type":"SearchAction","target":{"@type":"EntryPoint","urlTemplate":"https:\/\/www.dtromemonti.com\/it\/?s={search_term_string}"},"query-input":{"@type":"PropertyValueSpecification","valueRequired":true,"valueName":"search_term_string"}}],"inLanguage":"it-IT"}]}},"acf":[],"_links":{"self":[{"href":"https:\/\/www.dtromemonti.com\/it\/wp-json\/wp\/v2\/pages\/516","targetHints":{"allow":["GET"]}}],"collection":[{"href":"https:\/\/www.dtromemonti.com\/it\/wp-json\/wp\/v2\/pages"}],"about":[{"href":"https:\/\/www.dtromemonti.com\/it\/wp-json\/wp\/v2\/types\/page"}],"author":[{"embeddable":true,"href":"https:\/\/www.dtromemonti.com\/it\/wp-json\/wp\/v2\/users\/6"}],"replies":[{"embeddable":true,"href":"https:\/\/www.dtromemonti.com\/it\/wp-json\/wp\/v2\/comments?post=516"}],"version-history":[{"count":0,"href":"https:\/\/www.dtromemonti.com\/it\/wp-json\/wp\/v2\/pages\/516\/revisions"}],"up":[{"embeddable":true,"href":"https:\/\/www.dtromemonti.com\/it\/wp-json\/wp\/v2\/pages\/498"}],"wp:attachment":[{"href":"https:\/\/www.dtromemonti.com\/it\/wp-json\/wp\/v2\/media?parent=516"}],"curies":[{"name":"wp","href":"https:\/\/api.w.org\/{rel}","templated":true}]}}