{"id":513,"date":"2022-12-22T16:56:25","date_gmt":"2022-12-22T16:56:25","guid":{"rendered":"https:\/\/hiltonrome.ms.decms.eu\/piazze\/"},"modified":"2023-02-20T20:32:21","modified_gmt":"2023-02-20T20:32:21","slug":"piazze","status":"publish","type":"page","link":"https:\/\/www.dtromemonti.com\/it\/cosa-vedere\/piazze\/","title":{"rendered":"Piazze"},"content":{"rendered":"<p><span style=\"font-weight: 400;\">Per capire quanto gli Italiani e in particolare i <\/span><b>Romani<\/b><span style=\"font-weight: 400;\"> amino le <\/span><b>piazze<\/b><span style=\"font-weight: 400;\"> quali luoghi privilegiati di attivit\u00e0 e convivialit\u00e0, basta passeggiare in centro citt\u00e0, dove si aprono incorniciate da magnifici palazzi, con l\u2019immancabile <\/span><b>chiesa<\/b><span style=\"font-weight: 400;\">, tutte impreziosite dallo zampillo di un\u2019incantevole <\/span><b>fontana<\/b><span style=\"font-weight: 400;\">: sono tutte splendide le <\/span><b>piazze di Roma<\/b><span style=\"font-weight: 400;\">. Ecco la nostra selezione.<\/span><\/p>\n","protected":false},"excerpt":{"rendered":"<p>Per capire quanto gli Italiani e in particolare i Romani amino le piazze quali luoghi privilegiati di attivit\u00e0 e convivialit\u00e0, basta passeggiare in centro citt\u00e0, dove si aprono incorniciate da magnifici palazzi, con l\u2019immancabile chiesa, tutte impreziosite dallo zampillo di un\u2019incantevole fontana: sono tutte splendide le piazze di Roma. Ecco la nostra selezione.<\/p>\n","protected":false},"author":6,"featured_media":0,"parent":498,"menu_order":75,"comment_status":"closed","ping_status":"closed","template":"","meta":{"footnotes":""},"class_list":["post-513","page","type-page","status-publish","hentry"],"yoast_head":"<!-- This site is optimized with the Yoast SEO plugin v26.9 - https:\/\/yoast.com\/product\/yoast-seo-wordpress\/ -->\n<title>Piazze Roma: Spagna, Navona, Rotonda, Popolo | Hilton Roma<\/title>\n<meta name=\"description\" content=\"Scopri le piazze di Roma: Spagna, Navona, Rotonda e tante altre. Consulta la guida di Hilton Rome Monti e scopri le piazze pi\u00f9 suggestive da visitare.\" \/>\n<meta name=\"robots\" content=\"index, follow, max-snippet:-1, max-image-preview:large, max-video-preview:-1\" \/>\n<link rel=\"canonical\" href=\"https:\/\/www.dtromemonti.com\/it\/cosa-vedere\/piazze\/\" \/>\n<meta property=\"og:locale\" content=\"it_IT\" \/>\n<meta property=\"og:type\" content=\"article\" \/>\n<meta property=\"og:title\" content=\"Piazze Roma: Spagna, Navona, Rotonda, Popolo | Hilton Roma\" \/>\n<meta property=\"og:description\" content=\"Scopri le piazze di Roma: Spagna, Navona, Rotonda e tante altre. Consulta la guida di Hilton Rome Monti e scopri le piazze pi\u00f9 suggestive da visitare.\" \/>\n<meta property=\"og:url\" content=\"https:\/\/www.dtromemonti.com\/it\/cosa-vedere\/piazze\/\" \/>\n<meta property=\"og:site_name\" content=\"DoubleTree by Hilton Rome Monti\" \/>\n<meta property=\"article:modified_time\" content=\"2023-02-20T20:32:21+00:00\" \/>\n<meta name=\"twitter:card\" content=\"summary_large_image\" \/>\n<meta name=\"twitter:label1\" content=\"Tempo di lettura stimato\" \/>\n\t<meta name=\"twitter:data1\" content=\"1 minuto\" \/>\n<script type=\"application\/ld+json\" class=\"yoast-schema-graph\">{\"@context\":\"https:\/\/schema.org\",\"@graph\":[{\"@type\":\"WebPage\",\"@id\":\"https:\/\/www.dtromemonti.com\/it\/cosa-vedere\/piazze\/\",\"url\":\"https:\/\/www.dtromemonti.com\/it\/cosa-vedere\/piazze\/\",\"name\":\"Piazze Roma: Spagna, Navona, Rotonda, Popolo | Hilton Roma\",\"isPartOf\":{\"@id\":\"https:\/\/www.dtromemonti.com\/it\/#website\"},\"datePublished\":\"2022-12-22T16:56:25+00:00\",\"dateModified\":\"2023-02-20T20:32:21+00:00\",\"description\":\"Scopri le piazze di Roma: Spagna, Navona, Rotonda e tante altre. Consulta la guida di Hilton Rome Monti e scopri le piazze pi\u00f9 suggestive da visitare.\",\"breadcrumb\":{\"@id\":\"https:\/\/www.dtromemonti.com\/it\/cosa-vedere\/piazze\/#breadcrumb\"},\"inLanguage\":\"it-IT\",\"potentialAction\":[{\"@type\":\"ReadAction\",\"target\":[\"https:\/\/www.dtromemonti.com\/it\/cosa-vedere\/piazze\/\"]}]},{\"@type\":\"BreadcrumbList\",\"@id\":\"https:\/\/www.dtromemonti.com\/it\/cosa-vedere\/piazze\/#breadcrumb\",\"itemListElement\":[{\"@type\":\"ListItem\",\"position\":1,\"name\":\"Home\",\"item\":\"https:\/\/www.dtromemonti.com\/it\/\"},{\"@type\":\"ListItem\",\"position\":2,\"name\":\"Cosa vedere\",\"item\":\"https:\/\/www.dtromemonti.com\/it\/cosa-vedere\/\"},{\"@type\":\"ListItem\",\"position\":3,\"name\":\"Piazze\"}]},{\"@type\":\"WebSite\",\"@id\":\"https:\/\/www.dtromemonti.com\/it\/#website\",\"url\":\"https:\/\/www.dtromemonti.com\/it\/\",\"name\":\"DoubleTree by Hilton Rome Monti\",\"description\":\"Just another ms.decms.eu site\",\"potentialAction\":[{\"@type\":\"SearchAction\",\"target\":{\"@type\":\"EntryPoint\",\"urlTemplate\":\"https:\/\/www.dtromemonti.com\/it\/?s={search_term_string}\"},\"query-input\":{\"@type\":\"PropertyValueSpecification\",\"valueRequired\":true,\"valueName\":\"search_term_string\"}}],\"inLanguage\":\"it-IT\"}]}<\/script>\n<!-- \/ Yoast SEO plugin. -->","yoast_head_json":{"title":"Piazze Roma: Spagna, Navona, Rotonda, Popolo | Hilton Roma","description":"Scopri le piazze di Roma: Spagna, Navona, Rotonda e tante altre. Consulta la guida di Hilton Rome Monti e scopri le piazze pi\u00f9 suggestive da visitare.","robots":{"index":"index","follow":"follow","max-snippet":"max-snippet:-1","max-image-preview":"max-image-preview:large","max-video-preview":"max-video-preview:-1"},"canonical":"https:\/\/www.dtromemonti.com\/it\/cosa-vedere\/piazze\/","og_locale":"it_IT","og_type":"article","og_title":"Piazze Roma: Spagna, Navona, Rotonda, Popolo | Hilton Roma","og_description":"Scopri le piazze di Roma: Spagna, Navona, Rotonda e tante altre. Consulta la guida di Hilton Rome Monti e scopri le piazze pi\u00f9 suggestive da visitare.","og_url":"https:\/\/www.dtromemonti.com\/it\/cosa-vedere\/piazze\/","og_site_name":"DoubleTree by Hilton Rome Monti","article_modified_time":"2023-02-20T20:32:21+00:00","twitter_card":"summary_large_image","twitter_misc":{"Tempo di lettura stimato":"1 minuto"},"schema":{"@context":"https:\/\/schema.org","@graph":[{"@type":"WebPage","@id":"https:\/\/www.dtromemonti.com\/it\/cosa-vedere\/piazze\/","url":"https:\/\/www.dtromemonti.com\/it\/cosa-vedere\/piazze\/","name":"Piazze Roma: Spagna, Navona, Rotonda, Popolo | Hilton Roma","isPartOf":{"@id":"https:\/\/www.dtromemonti.com\/it\/#website"},"datePublished":"2022-12-22T16:56:25+00:00","dateModified":"2023-02-20T20:32:21+00:00","description":"Scopri le piazze di Roma: Spagna, Navona, Rotonda e tante altre. Consulta la guida di Hilton Rome Monti e scopri le piazze pi\u00f9 suggestive da visitare.","breadcrumb":{"@id":"https:\/\/www.dtromemonti.com\/it\/cosa-vedere\/piazze\/#breadcrumb"},"inLanguage":"it-IT","potentialAction":[{"@type":"ReadAction","target":["https:\/\/www.dtromemonti.com\/it\/cosa-vedere\/piazze\/"]}]},{"@type":"BreadcrumbList","@id":"https:\/\/www.dtromemonti.com\/it\/cosa-vedere\/piazze\/#breadcrumb","itemListElement":[{"@type":"ListItem","position":1,"name":"Home","item":"https:\/\/www.dtromemonti.com\/it\/"},{"@type":"ListItem","position":2,"name":"Cosa vedere","item":"https:\/\/www.dtromemonti.com\/it\/cosa-vedere\/"},{"@type":"ListItem","position":3,"name":"Piazze"}]},{"@type":"WebSite","@id":"https:\/\/www.dtromemonti.com\/it\/#website","url":"https:\/\/www.dtromemonti.com\/it\/","name":"DoubleTree by Hilton Rome Monti","description":"Just another ms.decms.eu site","potentialAction":[{"@type":"SearchAction","target":{"@type":"EntryPoint","urlTemplate":"https:\/\/www.dtromemonti.com\/it\/?s={search_term_string}"},"query-input":{"@type":"PropertyValueSpecification","valueRequired":true,"valueName":"search_term_string"}}],"inLanguage":"it-IT"}]}},"acf":[],"_links":{"self":[{"href":"https:\/\/www.dtromemonti.com\/it\/wp-json\/wp\/v2\/pages\/513","targetHints":{"allow":["GET"]}}],"collection":[{"href":"https:\/\/www.dtromemonti.com\/it\/wp-json\/wp\/v2\/pages"}],"about":[{"href":"https:\/\/www.dtromemonti.com\/it\/wp-json\/wp\/v2\/types\/page"}],"author":[{"embeddable":true,"href":"https:\/\/www.dtromemonti.com\/it\/wp-json\/wp\/v2\/users\/6"}],"replies":[{"embeddable":true,"href":"https:\/\/www.dtromemonti.com\/it\/wp-json\/wp\/v2\/comments?post=513"}],"version-history":[{"count":0,"href":"https:\/\/www.dtromemonti.com\/it\/wp-json\/wp\/v2\/pages\/513\/revisions"}],"up":[{"embeddable":true,"href":"https:\/\/www.dtromemonti.com\/it\/wp-json\/wp\/v2\/pages\/498"}],"wp:attachment":[{"href":"https:\/\/www.dtromemonti.com\/it\/wp-json\/wp\/v2\/media?parent=513"}],"curies":[{"name":"wp","href":"https:\/\/api.w.org\/{rel}","templated":true}]}}