{"id":43,"date":"2022-07-04T14:27:51","date_gmt":"2022-07-04T14:27:51","guid":{"rendered":"https:\/\/hiltonrome.ms.decms.eu\/camere-e-suite\/king-one-bedroom-suite-with-terrace\/"},"modified":"2025-12-09T11:32:32","modified_gmt":"2025-12-09T11:32:32","slug":"king-one-bedroom-suite-with-terrace","status":"publish","type":"page","link":"https:\/\/www.dtromemonti.com\/it\/camere-e-suite\/king-one-bedroom-suite-with-terrace\/","title":{"rendered":"King One Bedroom Suite with Terrace"},"content":{"rendered":"<p><span style=\"font-weight: 400\">Una magnifica terrazza con vista \u00e8 il privilegio esclusivo della King One Bedroom Suite.\u00a0<\/span><\/p>\n<p><span style=\"font-weight: 400\">Splendida tutto l\u2019anno, diventa magica con la bella stagione: su richiesta, grazie al servizio in camera di DoubleTree by Hilton Rome Monti, la King One Bedroom Suite offre il piacere unico di godere della colazione circondati dalla bellezza di Roma. Un ampio living interno con salotto \u00e8 il piacevole spazio dedicato al relax o al lavoro impreziosito da TV HD, macchina per il caff\u00e8 espresso Lavazza, bollitore per t\u00e8 e caff\u00e8 e minibar.<\/span><span style=\"font-weight: 400\"><br \/>\n<\/span><span style=\"font-weight: 400\">Scegliere la King One Bedroom Suite con terrazza \u00e8 regalarsi un\u2019esperienza unica a Roma.<\/span><\/p>\n","protected":false},"excerpt":{"rendered":"<p>Una magnifica terrazza con vista \u00e8 il privilegio esclusivo della King One Bedroom Suite.\u00a0 Splendida tutto l\u2019anno, diventa magica con la bella stagione: su richiesta, grazie al servizio in camera di DoubleTree by Hilton Rome Monti, la King One Bedroom Suite offre il piacere unico di godere della colazione circondati dalla bellezza di Roma. Un [&hellip;]<\/p>\n","protected":false},"author":6,"featured_media":0,"parent":27,"menu_order":25,"comment_status":"closed","ping_status":"closed","template":"template-single-room.php","meta":{"footnotes":""},"class_list":["post-43","page","type-page","status-publish","hentry"],"yoast_head":"<!-- This site is optimized with the Yoast SEO plugin v26.9 - https:\/\/yoast.com\/product\/yoast-seo-wordpress\/ -->\n<title>King Suite con terrazza | DoubleTree by Hilton Rome Monti<\/title>\n<meta name=\"description\" content=\"Vivi le tue vacanze al massimo del relax nelle King Suite. Dotate di minibar, macchina Lavazza e terrazza privata con vista su Roma. Prenota ora la tua suite!\" \/>\n<meta name=\"robots\" content=\"index, follow, max-snippet:-1, max-image-preview:large, max-video-preview:-1\" \/>\n<link rel=\"canonical\" href=\"https:\/\/www.dtromemonti.com\/it\/camere-e-suite\/king-one-bedroom-suite-with-terrace\/\" \/>\n<meta property=\"og:locale\" content=\"it_IT\" \/>\n<meta property=\"og:type\" content=\"article\" \/>\n<meta property=\"og:title\" content=\"King Suite con terrazza | DoubleTree by Hilton Rome Monti\" \/>\n<meta property=\"og:description\" content=\"Vivi le tue vacanze al massimo del relax nelle King Suite. Dotate di minibar, macchina Lavazza e terrazza privata con vista su Roma. Prenota ora la tua suite!\" \/>\n<meta property=\"og:url\" content=\"https:\/\/www.dtromemonti.com\/it\/camere-e-suite\/king-one-bedroom-suite-with-terrace\/\" \/>\n<meta property=\"og:site_name\" content=\"DoubleTree by Hilton Rome Monti\" \/>\n<meta property=\"article:modified_time\" content=\"2025-12-09T11:32:32+00:00\" \/>\n<meta name=\"twitter:card\" content=\"summary_large_image\" \/>\n<meta name=\"twitter:label1\" content=\"Tempo di lettura stimato\" \/>\n\t<meta name=\"twitter:data1\" content=\"1 minuto\" \/>\n<script type=\"application\/ld+json\" class=\"yoast-schema-graph\">{\"@context\":\"https:\/\/schema.org\",\"@graph\":[{\"@type\":\"WebPage\",\"@id\":\"https:\/\/www.dtromemonti.com\/it\/camere-e-suite\/king-one-bedroom-suite-with-terrace\/\",\"url\":\"https:\/\/www.dtromemonti.com\/it\/camere-e-suite\/king-one-bedroom-suite-with-terrace\/\",\"name\":\"King Suite con terrazza | DoubleTree by Hilton Rome Monti\",\"isPartOf\":{\"@id\":\"https:\/\/www.dtromemonti.com\/it\/#website\"},\"datePublished\":\"2022-07-04T14:27:51+00:00\",\"dateModified\":\"2025-12-09T11:32:32+00:00\",\"description\":\"Vivi le tue vacanze al massimo del relax nelle King Suite. Dotate di minibar, macchina Lavazza e terrazza privata con vista su Roma. Prenota ora la tua suite!\",\"breadcrumb\":{\"@id\":\"https:\/\/www.dtromemonti.com\/it\/camere-e-suite\/king-one-bedroom-suite-with-terrace\/#breadcrumb\"},\"inLanguage\":\"it-IT\",\"potentialAction\":[{\"@type\":\"ReadAction\",\"target\":[\"https:\/\/www.dtromemonti.com\/it\/camere-e-suite\/king-one-bedroom-suite-with-terrace\/\"]}]},{\"@type\":\"BreadcrumbList\",\"@id\":\"https:\/\/www.dtromemonti.com\/it\/camere-e-suite\/king-one-bedroom-suite-with-terrace\/#breadcrumb\",\"itemListElement\":[{\"@type\":\"ListItem\",\"position\":1,\"name\":\"Home\",\"item\":\"https:\/\/www.dtromemonti.com\/it\/\"},{\"@type\":\"ListItem\",\"position\":2,\"name\":\"Camere e Suite\",\"item\":\"https:\/\/www.dtromemonti.com\/it\/camere-e-suite\/\"},{\"@type\":\"ListItem\",\"position\":3,\"name\":\"King One Bedroom Suite with Terrace\"}]},{\"@type\":\"WebSite\",\"@id\":\"https:\/\/www.dtromemonti.com\/it\/#website\",\"url\":\"https:\/\/www.dtromemonti.com\/it\/\",\"name\":\"DoubleTree by Hilton Rome Monti\",\"description\":\"Just another ms.decms.eu site\",\"potentialAction\":[{\"@type\":\"SearchAction\",\"target\":{\"@type\":\"EntryPoint\",\"urlTemplate\":\"https:\/\/www.dtromemonti.com\/it\/?s={search_term_string}\"},\"query-input\":{\"@type\":\"PropertyValueSpecification\",\"valueRequired\":true,\"valueName\":\"search_term_string\"}}],\"inLanguage\":\"it-IT\"}]}<\/script>\n<!-- \/ Yoast SEO plugin. -->","yoast_head_json":{"title":"King Suite con terrazza | DoubleTree by Hilton Rome Monti","description":"Vivi le tue vacanze al massimo del relax nelle King Suite. Dotate di minibar, macchina Lavazza e terrazza privata con vista su Roma. Prenota ora la tua suite!","robots":{"index":"index","follow":"follow","max-snippet":"max-snippet:-1","max-image-preview":"max-image-preview:large","max-video-preview":"max-video-preview:-1"},"canonical":"https:\/\/www.dtromemonti.com\/it\/camere-e-suite\/king-one-bedroom-suite-with-terrace\/","og_locale":"it_IT","og_type":"article","og_title":"King Suite con terrazza | DoubleTree by Hilton Rome Monti","og_description":"Vivi le tue vacanze al massimo del relax nelle King Suite. Dotate di minibar, macchina Lavazza e terrazza privata con vista su Roma. Prenota ora la tua suite!","og_url":"https:\/\/www.dtromemonti.com\/it\/camere-e-suite\/king-one-bedroom-suite-with-terrace\/","og_site_name":"DoubleTree by Hilton Rome Monti","article_modified_time":"2025-12-09T11:32:32+00:00","twitter_card":"summary_large_image","twitter_misc":{"Tempo di lettura stimato":"1 minuto"},"schema":{"@context":"https:\/\/schema.org","@graph":[{"@type":"WebPage","@id":"https:\/\/www.dtromemonti.com\/it\/camere-e-suite\/king-one-bedroom-suite-with-terrace\/","url":"https:\/\/www.dtromemonti.com\/it\/camere-e-suite\/king-one-bedroom-suite-with-terrace\/","name":"King Suite con terrazza | DoubleTree by Hilton Rome Monti","isPartOf":{"@id":"https:\/\/www.dtromemonti.com\/it\/#website"},"datePublished":"2022-07-04T14:27:51+00:00","dateModified":"2025-12-09T11:32:32+00:00","description":"Vivi le tue vacanze al massimo del relax nelle King Suite. Dotate di minibar, macchina Lavazza e terrazza privata con vista su Roma. Prenota ora la tua suite!","breadcrumb":{"@id":"https:\/\/www.dtromemonti.com\/it\/camere-e-suite\/king-one-bedroom-suite-with-terrace\/#breadcrumb"},"inLanguage":"it-IT","potentialAction":[{"@type":"ReadAction","target":["https:\/\/www.dtromemonti.com\/it\/camere-e-suite\/king-one-bedroom-suite-with-terrace\/"]}]},{"@type":"BreadcrumbList","@id":"https:\/\/www.dtromemonti.com\/it\/camere-e-suite\/king-one-bedroom-suite-with-terrace\/#breadcrumb","itemListElement":[{"@type":"ListItem","position":1,"name":"Home","item":"https:\/\/www.dtromemonti.com\/it\/"},{"@type":"ListItem","position":2,"name":"Camere e Suite","item":"https:\/\/www.dtromemonti.com\/it\/camere-e-suite\/"},{"@type":"ListItem","position":3,"name":"King One Bedroom Suite with Terrace"}]},{"@type":"WebSite","@id":"https:\/\/www.dtromemonti.com\/it\/#website","url":"https:\/\/www.dtromemonti.com\/it\/","name":"DoubleTree by Hilton Rome Monti","description":"Just another ms.decms.eu site","potentialAction":[{"@type":"SearchAction","target":{"@type":"EntryPoint","urlTemplate":"https:\/\/www.dtromemonti.com\/it\/?s={search_term_string}"},"query-input":{"@type":"PropertyValueSpecification","valueRequired":true,"valueName":"search_term_string"}}],"inLanguage":"it-IT"}]}},"acf":[],"_links":{"self":[{"href":"https:\/\/www.dtromemonti.com\/it\/wp-json\/wp\/v2\/pages\/43","targetHints":{"allow":["GET"]}}],"collection":[{"href":"https:\/\/www.dtromemonti.com\/it\/wp-json\/wp\/v2\/pages"}],"about":[{"href":"https:\/\/www.dtromemonti.com\/it\/wp-json\/wp\/v2\/types\/page"}],"author":[{"embeddable":true,"href":"https:\/\/www.dtromemonti.com\/it\/wp-json\/wp\/v2\/users\/6"}],"replies":[{"embeddable":true,"href":"https:\/\/www.dtromemonti.com\/it\/wp-json\/wp\/v2\/comments?post=43"}],"version-history":[{"count":0,"href":"https:\/\/www.dtromemonti.com\/it\/wp-json\/wp\/v2\/pages\/43\/revisions"}],"up":[{"embeddable":true,"href":"https:\/\/www.dtromemonti.com\/it\/wp-json\/wp\/v2\/pages\/27"}],"wp:attachment":[{"href":"https:\/\/www.dtromemonti.com\/it\/wp-json\/wp\/v2\/media?parent=43"}],"curies":[{"name":"wp","href":"https:\/\/api.w.org\/{rel}","templated":true}]}}