{"id":40,"date":"2022-07-04T14:24:33","date_gmt":"2022-07-04T14:24:33","guid":{"rendered":"https:\/\/hiltonrome.ms.decms.eu\/camere-e-suite\/junior-suite\/"},"modified":"2025-12-09T11:24:01","modified_gmt":"2025-12-09T11:24:01","slug":"junior-suite","status":"publish","type":"page","link":"https:\/\/www.dtromemonti.com\/it\/camere-e-suite\/junior-suite\/","title":{"rendered":"Junior Suite"},"content":{"rendered":"<p><span style=\"font-weight: 400\">Lo spazio ampio, con zona living per i momenti di relax o di lavoro, definisce e caratterizza lo stile della Junior Suite. Una soluzione ricercata per spazi, personalit\u00e0 e comfort, che regala al soggiorno in hotel a Roma comodit\u00e0 e servizi personalizzati. Macchina del caff\u00e8 Lavazza per gustare un espresso in qualsiasi momento, bollitore con selezione di t\u00e8 e tisane, accappatoi e pantofole, letto king-size con luci da lettura, sono solo alcuni dei dettagli offerti dalla Junior Suite, che impreziosiscono l\u2019esperienza al DoubleTree by Hilton Rome Monti.\u00a0<\/span><\/p>\n<p><span style=\"font-weight: 400\">Su richiesta, \u00e8 possibile prenotare l\u2019esclusiva e luminosa Junior Suite con terrazza con vista, per godere appieno della magica atmosfera romana.<\/span><\/p>\n","protected":false},"excerpt":{"rendered":"<p>Lo spazio ampio, con zona living per i momenti di relax o di lavoro, definisce e caratterizza lo stile della Junior Suite. Una soluzione ricercata per spazi, personalit\u00e0 e comfort, che regala al soggiorno in hotel a Roma comodit\u00e0 e servizi personalizzati. Macchina del caff\u00e8 Lavazza per gustare un espresso in qualsiasi momento, bollitore con [&hellip;]<\/p>\n","protected":false},"author":6,"featured_media":0,"parent":27,"menu_order":24,"comment_status":"closed","ping_status":"closed","template":"template-single-room.php","meta":{"footnotes":""},"class_list":["post-40","page","type-page","status-publish","hentry"],"yoast_head":"<!-- This site is optimized with the Yoast SEO plugin v26.9 - https:\/\/yoast.com\/product\/yoast-seo-wordpress\/ -->\n<title>Junior Suite con area lounge | DoubleTree by Hilton Rome Monti<\/title>\n<meta name=\"description\" content=\"Trascorri le vacanze all&#039;insegna del relax con le Junior Suite. Spazi ampi dotati di area lounge, minibar, macchina Lavazza e terrazza privata con vista su Roma.\" \/>\n<meta name=\"robots\" content=\"index, follow, max-snippet:-1, max-image-preview:large, max-video-preview:-1\" \/>\n<link rel=\"canonical\" href=\"https:\/\/www.dtromemonti.com\/it\/camere-e-suite\/junior-suite\/\" \/>\n<meta property=\"og:locale\" content=\"it_IT\" \/>\n<meta property=\"og:type\" content=\"article\" \/>\n<meta property=\"og:title\" content=\"Junior Suite con area lounge | DoubleTree by Hilton Rome Monti\" \/>\n<meta property=\"og:description\" content=\"Trascorri le vacanze all&#039;insegna del relax con le Junior Suite. Spazi ampi dotati di area lounge, minibar, macchina Lavazza e terrazza privata con vista su Roma.\" \/>\n<meta property=\"og:url\" content=\"https:\/\/www.dtromemonti.com\/it\/camere-e-suite\/junior-suite\/\" \/>\n<meta property=\"og:site_name\" content=\"DoubleTree by Hilton Rome Monti\" \/>\n<meta property=\"article:modified_time\" content=\"2025-12-09T11:24:01+00:00\" \/>\n<meta name=\"twitter:card\" content=\"summary_large_image\" \/>\n<meta name=\"twitter:label1\" content=\"Tempo di lettura stimato\" \/>\n\t<meta name=\"twitter:data1\" content=\"1 minuto\" \/>\n<script type=\"application\/ld+json\" class=\"yoast-schema-graph\">{\"@context\":\"https:\/\/schema.org\",\"@graph\":[{\"@type\":\"WebPage\",\"@id\":\"https:\/\/www.dtromemonti.com\/it\/camere-e-suite\/junior-suite\/\",\"url\":\"https:\/\/www.dtromemonti.com\/it\/camere-e-suite\/junior-suite\/\",\"name\":\"Junior Suite con area lounge | DoubleTree by Hilton Rome Monti\",\"isPartOf\":{\"@id\":\"https:\/\/www.dtromemonti.com\/it\/#website\"},\"datePublished\":\"2022-07-04T14:24:33+00:00\",\"dateModified\":\"2025-12-09T11:24:01+00:00\",\"description\":\"Trascorri le vacanze all'insegna del relax con le Junior Suite. Spazi ampi dotati di area lounge, minibar, macchina Lavazza e terrazza privata con vista su Roma.\",\"breadcrumb\":{\"@id\":\"https:\/\/www.dtromemonti.com\/it\/camere-e-suite\/junior-suite\/#breadcrumb\"},\"inLanguage\":\"it-IT\",\"potentialAction\":[{\"@type\":\"ReadAction\",\"target\":[\"https:\/\/www.dtromemonti.com\/it\/camere-e-suite\/junior-suite\/\"]}]},{\"@type\":\"BreadcrumbList\",\"@id\":\"https:\/\/www.dtromemonti.com\/it\/camere-e-suite\/junior-suite\/#breadcrumb\",\"itemListElement\":[{\"@type\":\"ListItem\",\"position\":1,\"name\":\"Home\",\"item\":\"https:\/\/www.dtromemonti.com\/it\/\"},{\"@type\":\"ListItem\",\"position\":2,\"name\":\"Camere e Suite\",\"item\":\"https:\/\/www.dtromemonti.com\/it\/camere-e-suite\/\"},{\"@type\":\"ListItem\",\"position\":3,\"name\":\"Junior Suite\"}]},{\"@type\":\"WebSite\",\"@id\":\"https:\/\/www.dtromemonti.com\/it\/#website\",\"url\":\"https:\/\/www.dtromemonti.com\/it\/\",\"name\":\"DoubleTree by Hilton Rome Monti\",\"description\":\"Just another ms.decms.eu site\",\"potentialAction\":[{\"@type\":\"SearchAction\",\"target\":{\"@type\":\"EntryPoint\",\"urlTemplate\":\"https:\/\/www.dtromemonti.com\/it\/?s={search_term_string}\"},\"query-input\":{\"@type\":\"PropertyValueSpecification\",\"valueRequired\":true,\"valueName\":\"search_term_string\"}}],\"inLanguage\":\"it-IT\"}]}<\/script>\n<!-- \/ Yoast SEO plugin. -->","yoast_head_json":{"title":"Junior Suite con area lounge | DoubleTree by Hilton Rome Monti","description":"Trascorri le vacanze all'insegna del relax con le Junior Suite. Spazi ampi dotati di area lounge, minibar, macchina Lavazza e terrazza privata con vista su Roma.","robots":{"index":"index","follow":"follow","max-snippet":"max-snippet:-1","max-image-preview":"max-image-preview:large","max-video-preview":"max-video-preview:-1"},"canonical":"https:\/\/www.dtromemonti.com\/it\/camere-e-suite\/junior-suite\/","og_locale":"it_IT","og_type":"article","og_title":"Junior Suite con area lounge | DoubleTree by Hilton Rome Monti","og_description":"Trascorri le vacanze all'insegna del relax con le Junior Suite. Spazi ampi dotati di area lounge, minibar, macchina Lavazza e terrazza privata con vista su Roma.","og_url":"https:\/\/www.dtromemonti.com\/it\/camere-e-suite\/junior-suite\/","og_site_name":"DoubleTree by Hilton Rome Monti","article_modified_time":"2025-12-09T11:24:01+00:00","twitter_card":"summary_large_image","twitter_misc":{"Tempo di lettura stimato":"1 minuto"},"schema":{"@context":"https:\/\/schema.org","@graph":[{"@type":"WebPage","@id":"https:\/\/www.dtromemonti.com\/it\/camere-e-suite\/junior-suite\/","url":"https:\/\/www.dtromemonti.com\/it\/camere-e-suite\/junior-suite\/","name":"Junior Suite con area lounge | DoubleTree by Hilton Rome Monti","isPartOf":{"@id":"https:\/\/www.dtromemonti.com\/it\/#website"},"datePublished":"2022-07-04T14:24:33+00:00","dateModified":"2025-12-09T11:24:01+00:00","description":"Trascorri le vacanze all'insegna del relax con le Junior Suite. Spazi ampi dotati di area lounge, minibar, macchina Lavazza e terrazza privata con vista su Roma.","breadcrumb":{"@id":"https:\/\/www.dtromemonti.com\/it\/camere-e-suite\/junior-suite\/#breadcrumb"},"inLanguage":"it-IT","potentialAction":[{"@type":"ReadAction","target":["https:\/\/www.dtromemonti.com\/it\/camere-e-suite\/junior-suite\/"]}]},{"@type":"BreadcrumbList","@id":"https:\/\/www.dtromemonti.com\/it\/camere-e-suite\/junior-suite\/#breadcrumb","itemListElement":[{"@type":"ListItem","position":1,"name":"Home","item":"https:\/\/www.dtromemonti.com\/it\/"},{"@type":"ListItem","position":2,"name":"Camere e Suite","item":"https:\/\/www.dtromemonti.com\/it\/camere-e-suite\/"},{"@type":"ListItem","position":3,"name":"Junior Suite"}]},{"@type":"WebSite","@id":"https:\/\/www.dtromemonti.com\/it\/#website","url":"https:\/\/www.dtromemonti.com\/it\/","name":"DoubleTree by Hilton Rome Monti","description":"Just another ms.decms.eu site","potentialAction":[{"@type":"SearchAction","target":{"@type":"EntryPoint","urlTemplate":"https:\/\/www.dtromemonti.com\/it\/?s={search_term_string}"},"query-input":{"@type":"PropertyValueSpecification","valueRequired":true,"valueName":"search_term_string"}}],"inLanguage":"it-IT"}]}},"acf":[],"_links":{"self":[{"href":"https:\/\/www.dtromemonti.com\/it\/wp-json\/wp\/v2\/pages\/40","targetHints":{"allow":["GET"]}}],"collection":[{"href":"https:\/\/www.dtromemonti.com\/it\/wp-json\/wp\/v2\/pages"}],"about":[{"href":"https:\/\/www.dtromemonti.com\/it\/wp-json\/wp\/v2\/types\/page"}],"author":[{"embeddable":true,"href":"https:\/\/www.dtromemonti.com\/it\/wp-json\/wp\/v2\/users\/6"}],"replies":[{"embeddable":true,"href":"https:\/\/www.dtromemonti.com\/it\/wp-json\/wp\/v2\/comments?post=40"}],"version-history":[{"count":0,"href":"https:\/\/www.dtromemonti.com\/it\/wp-json\/wp\/v2\/pages\/40\/revisions"}],"up":[{"embeddable":true,"href":"https:\/\/www.dtromemonti.com\/it\/wp-json\/wp\/v2\/pages\/27"}],"wp:attachment":[{"href":"https:\/\/www.dtromemonti.com\/it\/wp-json\/wp\/v2\/media?parent=40"}],"curies":[{"name":"wp","href":"https:\/\/api.w.org\/{rel}","templated":true}]}}