{"id":37,"date":"2022-07-04T14:21:45","date_gmt":"2022-07-04T14:21:45","guid":{"rendered":"https:\/\/hiltonrome.ms.decms.eu\/camere-e-suite\/deluxe-room\/"},"modified":"2025-12-09T11:17:49","modified_gmt":"2025-12-09T11:17:49","slug":"deluxe-room","status":"publish","type":"page","link":"https:\/\/www.dtromemonti.com\/it\/camere-e-suite\/deluxe-room\/","title":{"rendered":"Deluxe Room"},"content":{"rendered":"<p><span style=\"font-weight: 400\">Rientrare dopo una giornata alla scoperta di Roma o trascorsa tra appuntamenti e riunioni di lavoro, ed essere accolti da un ambiente confortevole dall\u2019atmosfera di casa, dove muoversi liberamente, con tutto lo spazio per sistemare shopper e notebook. Stendersi un momento su un comodo e ampio letto king-size per poi indossare accappatoio e ciabattine. Prendere quindi un caff\u00e8 espresso corroborante, preparto con la macchina espresso \u201cLavazza\u201d, o una tisana distensiva, grazie a bollitore e selezione di t\u00e8 e tisane a disposizione. Il tempo per una serie o per il notiziario, un aggiornamento sui social con il wi-fi veloce e l\u2019ora di cena \u00e8 gi\u00e0 arrivata. Non resta che prenotare la cena al Mamalia Restaurant. Il tempo nella Deluxe Room \u00e8 un piacevole lusso da concedersi in un soggiorno in hotel a Roma.<\/span><\/p>\n","protected":false},"excerpt":{"rendered":"<p>Rientrare dopo una giornata alla scoperta di Roma o trascorsa tra appuntamenti e riunioni di lavoro, ed essere accolti da un ambiente confortevole dall\u2019atmosfera di casa, dove muoversi liberamente, con tutto lo spazio per sistemare shopper e notebook. Stendersi un momento su un comodo e ampio letto king-size per poi indossare accappatoio e ciabattine. Prendere [&hellip;]<\/p>\n","protected":false},"author":6,"featured_media":0,"parent":27,"menu_order":22,"comment_status":"closed","ping_status":"closed","template":"template-single-room.php","meta":{"footnotes":""},"class_list":["post-37","page","type-page","status-publish","hentry"],"yoast_head":"<!-- This site is optimized with the Yoast SEO plugin v26.9 - https:\/\/yoast.com\/product\/yoast-seo-wordpress\/ -->\n<title>Deluxe Room: letto King size | DoubleTree by Hilton Rome Monti<\/title>\n<meta name=\"description\" content=\"Le Deluxe Room sono camere ideali dove rilassarsi. Goditi la comodit\u00e0 del soggiorno con il letto King Size e un ambiente spazioso e illuminato. Prenota ora!\" \/>\n<meta name=\"robots\" content=\"index, follow, max-snippet:-1, max-image-preview:large, max-video-preview:-1\" \/>\n<link rel=\"canonical\" href=\"https:\/\/www.dtromemonti.com\/it\/camere-e-suite\/deluxe-room\/\" \/>\n<meta property=\"og:locale\" content=\"it_IT\" \/>\n<meta property=\"og:type\" content=\"article\" \/>\n<meta property=\"og:title\" content=\"Deluxe Room: letto King size | DoubleTree by Hilton Rome Monti\" \/>\n<meta property=\"og:description\" content=\"Le Deluxe Room sono camere ideali dove rilassarsi. Goditi la comodit\u00e0 del soggiorno con il letto King Size e un ambiente spazioso e illuminato. Prenota ora!\" \/>\n<meta property=\"og:url\" content=\"https:\/\/www.dtromemonti.com\/it\/camere-e-suite\/deluxe-room\/\" \/>\n<meta property=\"og:site_name\" content=\"DoubleTree by Hilton Rome Monti\" \/>\n<meta property=\"article:modified_time\" content=\"2025-12-09T11:17:49+00:00\" \/>\n<meta name=\"twitter:card\" content=\"summary_large_image\" \/>\n<meta name=\"twitter:label1\" content=\"Tempo di lettura stimato\" \/>\n\t<meta name=\"twitter:data1\" content=\"1 minuto\" \/>\n<script type=\"application\/ld+json\" class=\"yoast-schema-graph\">{\"@context\":\"https:\/\/schema.org\",\"@graph\":[{\"@type\":\"WebPage\",\"@id\":\"https:\/\/www.dtromemonti.com\/it\/camere-e-suite\/deluxe-room\/\",\"url\":\"https:\/\/www.dtromemonti.com\/it\/camere-e-suite\/deluxe-room\/\",\"name\":\"Deluxe Room: letto King size | DoubleTree by Hilton Rome Monti\",\"isPartOf\":{\"@id\":\"https:\/\/www.dtromemonti.com\/it\/#website\"},\"datePublished\":\"2022-07-04T14:21:45+00:00\",\"dateModified\":\"2025-12-09T11:17:49+00:00\",\"description\":\"Le Deluxe Room sono camere ideali dove rilassarsi. Goditi la comodit\u00e0 del soggiorno con il letto King Size e un ambiente spazioso e illuminato. Prenota ora!\",\"breadcrumb\":{\"@id\":\"https:\/\/www.dtromemonti.com\/it\/camere-e-suite\/deluxe-room\/#breadcrumb\"},\"inLanguage\":\"it-IT\",\"potentialAction\":[{\"@type\":\"ReadAction\",\"target\":[\"https:\/\/www.dtromemonti.com\/it\/camere-e-suite\/deluxe-room\/\"]}]},{\"@type\":\"BreadcrumbList\",\"@id\":\"https:\/\/www.dtromemonti.com\/it\/camere-e-suite\/deluxe-room\/#breadcrumb\",\"itemListElement\":[{\"@type\":\"ListItem\",\"position\":1,\"name\":\"Home\",\"item\":\"https:\/\/www.dtromemonti.com\/it\/\"},{\"@type\":\"ListItem\",\"position\":2,\"name\":\"Camere e Suite\",\"item\":\"https:\/\/www.dtromemonti.com\/it\/camere-e-suite\/\"},{\"@type\":\"ListItem\",\"position\":3,\"name\":\"Deluxe Room\"}]},{\"@type\":\"WebSite\",\"@id\":\"https:\/\/www.dtromemonti.com\/it\/#website\",\"url\":\"https:\/\/www.dtromemonti.com\/it\/\",\"name\":\"DoubleTree by Hilton Rome Monti\",\"description\":\"Just another ms.decms.eu site\",\"potentialAction\":[{\"@type\":\"SearchAction\",\"target\":{\"@type\":\"EntryPoint\",\"urlTemplate\":\"https:\/\/www.dtromemonti.com\/it\/?s={search_term_string}\"},\"query-input\":{\"@type\":\"PropertyValueSpecification\",\"valueRequired\":true,\"valueName\":\"search_term_string\"}}],\"inLanguage\":\"it-IT\"}]}<\/script>\n<!-- \/ Yoast SEO plugin. -->","yoast_head_json":{"title":"Deluxe Room: letto King size | DoubleTree by Hilton Rome Monti","description":"Le Deluxe Room sono camere ideali dove rilassarsi. Goditi la comodit\u00e0 del soggiorno con il letto King Size e un ambiente spazioso e illuminato. Prenota ora!","robots":{"index":"index","follow":"follow","max-snippet":"max-snippet:-1","max-image-preview":"max-image-preview:large","max-video-preview":"max-video-preview:-1"},"canonical":"https:\/\/www.dtromemonti.com\/it\/camere-e-suite\/deluxe-room\/","og_locale":"it_IT","og_type":"article","og_title":"Deluxe Room: letto King size | DoubleTree by Hilton Rome Monti","og_description":"Le Deluxe Room sono camere ideali dove rilassarsi. Goditi la comodit\u00e0 del soggiorno con il letto King Size e un ambiente spazioso e illuminato. Prenota ora!","og_url":"https:\/\/www.dtromemonti.com\/it\/camere-e-suite\/deluxe-room\/","og_site_name":"DoubleTree by Hilton Rome Monti","article_modified_time":"2025-12-09T11:17:49+00:00","twitter_card":"summary_large_image","twitter_misc":{"Tempo di lettura stimato":"1 minuto"},"schema":{"@context":"https:\/\/schema.org","@graph":[{"@type":"WebPage","@id":"https:\/\/www.dtromemonti.com\/it\/camere-e-suite\/deluxe-room\/","url":"https:\/\/www.dtromemonti.com\/it\/camere-e-suite\/deluxe-room\/","name":"Deluxe Room: letto King size | DoubleTree by Hilton Rome Monti","isPartOf":{"@id":"https:\/\/www.dtromemonti.com\/it\/#website"},"datePublished":"2022-07-04T14:21:45+00:00","dateModified":"2025-12-09T11:17:49+00:00","description":"Le Deluxe Room sono camere ideali dove rilassarsi. Goditi la comodit\u00e0 del soggiorno con il letto King Size e un ambiente spazioso e illuminato. Prenota ora!","breadcrumb":{"@id":"https:\/\/www.dtromemonti.com\/it\/camere-e-suite\/deluxe-room\/#breadcrumb"},"inLanguage":"it-IT","potentialAction":[{"@type":"ReadAction","target":["https:\/\/www.dtromemonti.com\/it\/camere-e-suite\/deluxe-room\/"]}]},{"@type":"BreadcrumbList","@id":"https:\/\/www.dtromemonti.com\/it\/camere-e-suite\/deluxe-room\/#breadcrumb","itemListElement":[{"@type":"ListItem","position":1,"name":"Home","item":"https:\/\/www.dtromemonti.com\/it\/"},{"@type":"ListItem","position":2,"name":"Camere e Suite","item":"https:\/\/www.dtromemonti.com\/it\/camere-e-suite\/"},{"@type":"ListItem","position":3,"name":"Deluxe Room"}]},{"@type":"WebSite","@id":"https:\/\/www.dtromemonti.com\/it\/#website","url":"https:\/\/www.dtromemonti.com\/it\/","name":"DoubleTree by Hilton Rome Monti","description":"Just another ms.decms.eu site","potentialAction":[{"@type":"SearchAction","target":{"@type":"EntryPoint","urlTemplate":"https:\/\/www.dtromemonti.com\/it\/?s={search_term_string}"},"query-input":{"@type":"PropertyValueSpecification","valueRequired":true,"valueName":"search_term_string"}}],"inLanguage":"it-IT"}]}},"acf":[],"_links":{"self":[{"href":"https:\/\/www.dtromemonti.com\/it\/wp-json\/wp\/v2\/pages\/37","targetHints":{"allow":["GET"]}}],"collection":[{"href":"https:\/\/www.dtromemonti.com\/it\/wp-json\/wp\/v2\/pages"}],"about":[{"href":"https:\/\/www.dtromemonti.com\/it\/wp-json\/wp\/v2\/types\/page"}],"author":[{"embeddable":true,"href":"https:\/\/www.dtromemonti.com\/it\/wp-json\/wp\/v2\/users\/6"}],"replies":[{"embeddable":true,"href":"https:\/\/www.dtromemonti.com\/it\/wp-json\/wp\/v2\/comments?post=37"}],"version-history":[{"count":0,"href":"https:\/\/www.dtromemonti.com\/it\/wp-json\/wp\/v2\/pages\/37\/revisions"}],"up":[{"embeddable":true,"href":"https:\/\/www.dtromemonti.com\/it\/wp-json\/wp\/v2\/pages\/27"}],"wp:attachment":[{"href":"https:\/\/www.dtromemonti.com\/it\/wp-json\/wp\/v2\/media?parent=37"}],"curies":[{"name":"wp","href":"https:\/\/api.w.org\/{rel}","templated":true}]}}