{"id":31,"date":"2022-07-04T14:15:01","date_gmt":"2022-07-04T14:15:01","guid":{"rendered":"https:\/\/hiltonrome.ms.decms.eu\/camere-e-suite\/guest-room\/"},"modified":"2024-12-20T09:54:56","modified_gmt":"2024-12-20T09:54:56","slug":"guest-room","status":"publish","type":"page","link":"https:\/\/www.dtromemonti.com\/it\/camere-e-suite\/guest-room\/","title":{"rendered":"Guest Room"},"content":{"rendered":"<p><span style=\"font-weight: 400\">Tutta l\u2019eleganza e i servizi DoubleTree by Hilton Rome Monti sono offerti nella Guest Room, soluzione confortevole per due persone, dove trascorrere in tutta comodit\u00e0 una vacanza o un soggiorno di lavoro nella Citt\u00e0 Eterna. Per i momenti di relax, a disposizione degli ospiti bollitore per t\u00e8 e caff\u00e8, con una selezione di t\u00e8, tisane e caff\u00e8 in omaggio, come le due bottiglie d\u2019acqua nel minibar. Una piccola scrivania completa l\u2019allestimento della Guest Room.<\/span><\/p>\n","protected":false},"excerpt":{"rendered":"<p>Tutta l\u2019eleganza e i servizi DoubleTree by Hilton Rome Monti sono offerti nella Guest Room, soluzione confortevole per due persone, dove trascorrere in tutta comodit\u00e0 una vacanza o un soggiorno di lavoro nella Citt\u00e0 Eterna. Per i momenti di relax, a disposizione degli ospiti bollitore per t\u00e8 e caff\u00e8, con una selezione di t\u00e8, tisane [&hellip;]<\/p>\n","protected":false},"author":6,"featured_media":0,"parent":27,"menu_order":21,"comment_status":"closed","ping_status":"closed","template":"template-single-room.php","meta":{"footnotes":""},"class_list":["post-31","page","type-page","status-publish","hentry"],"yoast_head":"<!-- This site is optimized with the Yoast SEO plugin v26.9 - https:\/\/yoast.com\/product\/yoast-seo-wordpress\/ -->\n<title>Guest Room accoglienti | DoubleTree by Hilton Rome Monti<\/title>\n<meta name=\"description\" content=\"Rilassati nelle nostre Guest Room accoglienti. Goditi tutti i servizi come il letto Queen size e il minibar. Ideali per un soggiorno sia di piacere che di lavoro.\" \/>\n<meta name=\"robots\" content=\"index, follow, max-snippet:-1, max-image-preview:large, max-video-preview:-1\" \/>\n<link rel=\"canonical\" href=\"https:\/\/www.dtromemonti.com\/it\/camere-e-suite\/guest-room\/\" \/>\n<meta property=\"og:locale\" content=\"it_IT\" \/>\n<meta property=\"og:type\" content=\"article\" \/>\n<meta property=\"og:title\" content=\"Guest Room accoglienti | DoubleTree by Hilton Rome Monti\" \/>\n<meta property=\"og:description\" content=\"Rilassati nelle nostre Guest Room accoglienti. Goditi tutti i servizi come il letto Queen size e il minibar. Ideali per un soggiorno sia di piacere che di lavoro.\" \/>\n<meta property=\"og:url\" content=\"https:\/\/www.dtromemonti.com\/it\/camere-e-suite\/guest-room\/\" \/>\n<meta property=\"og:site_name\" content=\"DoubleTree by Hilton Rome Monti\" \/>\n<meta property=\"article:modified_time\" content=\"2024-12-20T09:54:56+00:00\" \/>\n<meta name=\"twitter:card\" content=\"summary_large_image\" \/>\n<meta name=\"twitter:label1\" content=\"Tempo di lettura stimato\" \/>\n\t<meta name=\"twitter:data1\" content=\"1 minuto\" \/>\n<script type=\"application\/ld+json\" class=\"yoast-schema-graph\">{\"@context\":\"https:\/\/schema.org\",\"@graph\":[{\"@type\":\"WebPage\",\"@id\":\"https:\/\/www.dtromemonti.com\/it\/camere-e-suite\/guest-room\/\",\"url\":\"https:\/\/www.dtromemonti.com\/it\/camere-e-suite\/guest-room\/\",\"name\":\"Guest Room accoglienti | DoubleTree by Hilton Rome Monti\",\"isPartOf\":{\"@id\":\"https:\/\/www.dtromemonti.com\/it\/#website\"},\"datePublished\":\"2022-07-04T14:15:01+00:00\",\"dateModified\":\"2024-12-20T09:54:56+00:00\",\"description\":\"Rilassati nelle nostre Guest Room accoglienti. Goditi tutti i servizi come il letto Queen size e il minibar. Ideali per un soggiorno sia di piacere che di lavoro.\",\"breadcrumb\":{\"@id\":\"https:\/\/www.dtromemonti.com\/it\/camere-e-suite\/guest-room\/#breadcrumb\"},\"inLanguage\":\"it-IT\",\"potentialAction\":[{\"@type\":\"ReadAction\",\"target\":[\"https:\/\/www.dtromemonti.com\/it\/camere-e-suite\/guest-room\/\"]}]},{\"@type\":\"BreadcrumbList\",\"@id\":\"https:\/\/www.dtromemonti.com\/it\/camere-e-suite\/guest-room\/#breadcrumb\",\"itemListElement\":[{\"@type\":\"ListItem\",\"position\":1,\"name\":\"Home\",\"item\":\"https:\/\/www.dtromemonti.com\/it\/\"},{\"@type\":\"ListItem\",\"position\":2,\"name\":\"Camere e Suite\",\"item\":\"https:\/\/www.dtromemonti.com\/it\/camere-e-suite\/\"},{\"@type\":\"ListItem\",\"position\":3,\"name\":\"Guest Room\"}]},{\"@type\":\"WebSite\",\"@id\":\"https:\/\/www.dtromemonti.com\/it\/#website\",\"url\":\"https:\/\/www.dtromemonti.com\/it\/\",\"name\":\"DoubleTree by Hilton Rome Monti\",\"description\":\"Just another ms.decms.eu site\",\"potentialAction\":[{\"@type\":\"SearchAction\",\"target\":{\"@type\":\"EntryPoint\",\"urlTemplate\":\"https:\/\/www.dtromemonti.com\/it\/?s={search_term_string}\"},\"query-input\":{\"@type\":\"PropertyValueSpecification\",\"valueRequired\":true,\"valueName\":\"search_term_string\"}}],\"inLanguage\":\"it-IT\"}]}<\/script>\n<!-- \/ Yoast SEO plugin. -->","yoast_head_json":{"title":"Guest Room accoglienti | DoubleTree by Hilton Rome Monti","description":"Rilassati nelle nostre Guest Room accoglienti. Goditi tutti i servizi come il letto Queen size e il minibar. Ideali per un soggiorno sia di piacere che di lavoro.","robots":{"index":"index","follow":"follow","max-snippet":"max-snippet:-1","max-image-preview":"max-image-preview:large","max-video-preview":"max-video-preview:-1"},"canonical":"https:\/\/www.dtromemonti.com\/it\/camere-e-suite\/guest-room\/","og_locale":"it_IT","og_type":"article","og_title":"Guest Room accoglienti | DoubleTree by Hilton Rome Monti","og_description":"Rilassati nelle nostre Guest Room accoglienti. Goditi tutti i servizi come il letto Queen size e il minibar. Ideali per un soggiorno sia di piacere che di lavoro.","og_url":"https:\/\/www.dtromemonti.com\/it\/camere-e-suite\/guest-room\/","og_site_name":"DoubleTree by Hilton Rome Monti","article_modified_time":"2024-12-20T09:54:56+00:00","twitter_card":"summary_large_image","twitter_misc":{"Tempo di lettura stimato":"1 minuto"},"schema":{"@context":"https:\/\/schema.org","@graph":[{"@type":"WebPage","@id":"https:\/\/www.dtromemonti.com\/it\/camere-e-suite\/guest-room\/","url":"https:\/\/www.dtromemonti.com\/it\/camere-e-suite\/guest-room\/","name":"Guest Room accoglienti | DoubleTree by Hilton Rome Monti","isPartOf":{"@id":"https:\/\/www.dtromemonti.com\/it\/#website"},"datePublished":"2022-07-04T14:15:01+00:00","dateModified":"2024-12-20T09:54:56+00:00","description":"Rilassati nelle nostre Guest Room accoglienti. Goditi tutti i servizi come il letto Queen size e il minibar. Ideali per un soggiorno sia di piacere che di lavoro.","breadcrumb":{"@id":"https:\/\/www.dtromemonti.com\/it\/camere-e-suite\/guest-room\/#breadcrumb"},"inLanguage":"it-IT","potentialAction":[{"@type":"ReadAction","target":["https:\/\/www.dtromemonti.com\/it\/camere-e-suite\/guest-room\/"]}]},{"@type":"BreadcrumbList","@id":"https:\/\/www.dtromemonti.com\/it\/camere-e-suite\/guest-room\/#breadcrumb","itemListElement":[{"@type":"ListItem","position":1,"name":"Home","item":"https:\/\/www.dtromemonti.com\/it\/"},{"@type":"ListItem","position":2,"name":"Camere e Suite","item":"https:\/\/www.dtromemonti.com\/it\/camere-e-suite\/"},{"@type":"ListItem","position":3,"name":"Guest Room"}]},{"@type":"WebSite","@id":"https:\/\/www.dtromemonti.com\/it\/#website","url":"https:\/\/www.dtromemonti.com\/it\/","name":"DoubleTree by Hilton Rome Monti","description":"Just another ms.decms.eu site","potentialAction":[{"@type":"SearchAction","target":{"@type":"EntryPoint","urlTemplate":"https:\/\/www.dtromemonti.com\/it\/?s={search_term_string}"},"query-input":{"@type":"PropertyValueSpecification","valueRequired":true,"valueName":"search_term_string"}}],"inLanguage":"it-IT"}]}},"acf":[],"_links":{"self":[{"href":"https:\/\/www.dtromemonti.com\/it\/wp-json\/wp\/v2\/pages\/31","targetHints":{"allow":["GET"]}}],"collection":[{"href":"https:\/\/www.dtromemonti.com\/it\/wp-json\/wp\/v2\/pages"}],"about":[{"href":"https:\/\/www.dtromemonti.com\/it\/wp-json\/wp\/v2\/types\/page"}],"author":[{"embeddable":true,"href":"https:\/\/www.dtromemonti.com\/it\/wp-json\/wp\/v2\/users\/6"}],"replies":[{"embeddable":true,"href":"https:\/\/www.dtromemonti.com\/it\/wp-json\/wp\/v2\/comments?post=31"}],"version-history":[{"count":0,"href":"https:\/\/www.dtromemonti.com\/it\/wp-json\/wp\/v2\/pages\/31\/revisions"}],"up":[{"embeddable":true,"href":"https:\/\/www.dtromemonti.com\/it\/wp-json\/wp\/v2\/pages\/27"}],"wp:attachment":[{"href":"https:\/\/www.dtromemonti.com\/it\/wp-json\/wp\/v2\/media?parent=31"}],"curies":[{"name":"wp","href":"https:\/\/api.w.org\/{rel}","templated":true}]}}