{"id":18,"date":"2022-07-04T14:07:02","date_gmt":"2022-07-04T14:07:02","guid":{"rendered":"https:\/\/hiltonrome.ms.decms.eu\/comfort-e-design\/"},"modified":"2023-06-13T13:01:57","modified_gmt":"2023-06-13T13:01:57","slug":"comfort-e-design","status":"publish","type":"page","link":"https:\/\/www.dtromemonti.com\/it\/hotel\/comfort-e-design\/","title":{"rendered":"Comfort e Design"},"content":{"rendered":"<p><span style=\"font-weight: 400;\">Un <\/span><b>concept di ospitalit\u00e0<\/b><span style=\"font-weight: 400;\"> informale, fresca, green e <\/span><b>sostenibile<\/b><span style=\"font-weight: 400;\">, per accogliere viaggiatori di tutto il mondo nella Citt\u00e0 Eterna; uno <\/span><b>spazio sociale contemporaneo<\/b><span style=\"font-weight: 400;\">, concepito come un continuum tra interni ed esterni, tra luce e atmosfera romane, luogo dove condividere tempo, emozioni, progetti: DoubleTree by Hilton Rome Monti inaugura <\/span><b>un nuovo stile di hotel a Roma<\/b><span style=\"font-weight: 400;\">.\u00a0<\/span><\/p>\n<p><span style=\"font-weight: 400;\">DoubleTree by Hilton Rome Monti \u00e8 stato realizzato in collaborazione con lo studio di architettura <\/span><b>THDP Design<\/b><span style=\"font-weight: 400;\"> che per noi ha progettato una soluzione di accoglienza da vivere come un\u2019esperienza fluida, che abbraccia e coinvolge viaggiatori e cittadini dell\u2019urbe, che qui assaporano la bellezza, il ritmo, il carattere di Roma, cos\u00ec accogliente e internazionale.\u00a0<\/span><\/p>\n<p><span style=\"font-weight: 400;\">Al <\/span><b>DoubleTree by Hilton Rome Monti<\/b><span style=\"font-weight: 400;\"> tutti sono <\/span><b>ospiti di casa<\/b><span style=\"font-weight: 400;\">, sia chi sceglie l\u2019hotel per una vacanza o un soggiorno di lavoro sia chi sceglie gli ambienti comuni dell\u2019albergo per il coworking e lo smart working.\u00a0<\/span><\/p>\n<p><span style=\"font-weight: 400;\">Angoli riservati, salotti per la socialit\u00e0, elementi di design e decorazioni ispirate all\u2019antichit\u00e0, i luoghi della ristorazione MiT Food &amp; Coffee Brewery, Mamalia Restaurant e la terrazza romana all\u2019ottavo piano con il M\u00f9n Rooftop Cocktail Bar, sono un insieme di situazioni che rappresentano la <\/span><b>Roma contemporanea<\/b><span style=\"font-weight: 400;\"> in tutte le sue sfaccettature.\u00a0<\/span><\/p>\n<p><span style=\"font-weight: 400;\">Spazio, luminosit\u00e0, <\/span><b>design e comfort<\/b><span style=\"font-weight: 400;\"> sono al contempo le caratteristiche delle <\/span><b>camere<\/b><span style=\"font-weight: 400;\"> di DoubleTree by Hilton Rome Monti. Ciascuna \u00e8 un <\/span><b>abbraccio di luce e atmosfera<\/b><span style=\"font-weight: 400;\"> dove il <\/span><b>relax<\/b><span style=\"font-weight: 400;\"> dopo una giornata di lavoro o di visita alla citt\u00e0, \u00e8 la priorit\u00e0 assoluta. Per questo letti e cuscini di camere e suite offrono soluzioni ultra comode per il sonno, con materassi realizzati con tecnologie di ultima generazione, dotati di <\/span><b>topper<\/b><span style=\"font-weight: 400;\"> e <\/span><b>set di cuscini<\/b><span style=\"font-weight: 400;\"> tra cui scegliere il migliore per le proprie esigenze.<\/span><\/p>\n<p><span style=\"font-weight: 400;\">Vieni a scoprire il nuovo DoubleTree by Hilton Rome, <a href=\"https:\/\/hiltonrome.ms.decms.eu\/it\/camere-e-suite\/\" target=\"_blank\" rel=\"noopener\">scegli la tua camera.<\/a><\/span><\/p>\n","protected":false},"excerpt":{"rendered":"<p>Un concept di ospitalit\u00e0 informale, fresca, green e sostenibile, per accogliere viaggiatori di tutto il mondo nella Citt\u00e0 Eterna; uno spazio sociale contemporaneo, concepito come un continuum tra interni ed esterni, tra luce e atmosfera romane, luogo dove condividere tempo, emozioni, progetti: DoubleTree by Hilton Rome Monti inaugura un nuovo stile di hotel a Roma.\u00a0 [&hellip;]<\/p>\n","protected":false},"author":6,"featured_media":0,"parent":239,"menu_order":13,"comment_status":"closed","ping_status":"closed","template":"","meta":{"footnotes":""},"class_list":["post-18","page","type-page","status-publish","hentry"],"yoast_head":"<!-- This site is optimized with the Yoast SEO plugin v26.9 - https:\/\/yoast.com\/product\/yoast-seo-wordpress\/ -->\n<title>Comfort e design hotel Roma | DoubleTree by Hilton Rome Monti<\/title>\n<meta name=\"description\" content=\"Con DoubleTree by Hilton Rome Monti vivi un soggiorno di totale comfort grazie alla comodit\u00e0 degli spazi, dai letti ai cuscini, e agli ambienti dal design moderno.\" \/>\n<meta name=\"robots\" content=\"index, follow, max-snippet:-1, max-image-preview:large, max-video-preview:-1\" \/>\n<link rel=\"canonical\" href=\"https:\/\/www.dtromemonti.com\/it\/hotel\/comfort-e-design\/\" \/>\n<meta property=\"og:locale\" content=\"it_IT\" \/>\n<meta property=\"og:type\" content=\"article\" \/>\n<meta property=\"og:title\" content=\"Comfort e design hotel Roma | DoubleTree by Hilton Rome Monti\" \/>\n<meta property=\"og:description\" content=\"Con DoubleTree by Hilton Rome Monti vivi un soggiorno di totale comfort grazie alla comodit\u00e0 degli spazi, dai letti ai cuscini, e agli ambienti dal design moderno.\" \/>\n<meta property=\"og:url\" content=\"https:\/\/www.dtromemonti.com\/it\/hotel\/comfort-e-design\/\" \/>\n<meta property=\"og:site_name\" content=\"DoubleTree by Hilton Rome Monti\" \/>\n<meta property=\"article:modified_time\" content=\"2023-06-13T13:01:57+00:00\" \/>\n<meta name=\"twitter:card\" content=\"summary_large_image\" \/>\n<meta name=\"twitter:label1\" content=\"Tempo di lettura stimato\" \/>\n\t<meta name=\"twitter:data1\" content=\"2 minuti\" \/>\n<script type=\"application\/ld+json\" class=\"yoast-schema-graph\">{\"@context\":\"https:\/\/schema.org\",\"@graph\":[{\"@type\":\"WebPage\",\"@id\":\"https:\/\/www.dtromemonti.com\/it\/hotel\/comfort-e-design\/\",\"url\":\"https:\/\/www.dtromemonti.com\/it\/hotel\/comfort-e-design\/\",\"name\":\"Comfort e design hotel Roma | DoubleTree by Hilton Rome Monti\",\"isPartOf\":{\"@id\":\"https:\/\/www.dtromemonti.com\/it\/#website\"},\"datePublished\":\"2022-07-04T14:07:02+00:00\",\"dateModified\":\"2023-06-13T13:01:57+00:00\",\"description\":\"Con DoubleTree by Hilton Rome Monti vivi un soggiorno di totale comfort grazie alla comodit\u00e0 degli spazi, dai letti ai cuscini, e agli ambienti dal design moderno.\",\"breadcrumb\":{\"@id\":\"https:\/\/www.dtromemonti.com\/it\/hotel\/comfort-e-design\/#breadcrumb\"},\"inLanguage\":\"it-IT\",\"potentialAction\":[{\"@type\":\"ReadAction\",\"target\":[\"https:\/\/www.dtromemonti.com\/it\/hotel\/comfort-e-design\/\"]}]},{\"@type\":\"BreadcrumbList\",\"@id\":\"https:\/\/www.dtromemonti.com\/it\/hotel\/comfort-e-design\/#breadcrumb\",\"itemListElement\":[{\"@type\":\"ListItem\",\"position\":1,\"name\":\"Home\",\"item\":\"https:\/\/www.dtromemonti.com\/it\/\"},{\"@type\":\"ListItem\",\"position\":2,\"name\":\"Hotel\",\"item\":\"https:\/\/www.dtromemonti.com\/it\/hotel\/\"},{\"@type\":\"ListItem\",\"position\":3,\"name\":\"Comfort e Design\"}]},{\"@type\":\"WebSite\",\"@id\":\"https:\/\/www.dtromemonti.com\/it\/#website\",\"url\":\"https:\/\/www.dtromemonti.com\/it\/\",\"name\":\"DoubleTree by Hilton Rome Monti\",\"description\":\"Just another ms.decms.eu site\",\"potentialAction\":[{\"@type\":\"SearchAction\",\"target\":{\"@type\":\"EntryPoint\",\"urlTemplate\":\"https:\/\/www.dtromemonti.com\/it\/?s={search_term_string}\"},\"query-input\":{\"@type\":\"PropertyValueSpecification\",\"valueRequired\":true,\"valueName\":\"search_term_string\"}}],\"inLanguage\":\"it-IT\"}]}<\/script>\n<!-- \/ Yoast SEO plugin. -->","yoast_head_json":{"title":"Comfort e design hotel Roma | DoubleTree by Hilton Rome Monti","description":"Con DoubleTree by Hilton Rome Monti vivi un soggiorno di totale comfort grazie alla comodit\u00e0 degli spazi, dai letti ai cuscini, e agli ambienti dal design moderno.","robots":{"index":"index","follow":"follow","max-snippet":"max-snippet:-1","max-image-preview":"max-image-preview:large","max-video-preview":"max-video-preview:-1"},"canonical":"https:\/\/www.dtromemonti.com\/it\/hotel\/comfort-e-design\/","og_locale":"it_IT","og_type":"article","og_title":"Comfort e design hotel Roma | DoubleTree by Hilton Rome Monti","og_description":"Con DoubleTree by Hilton Rome Monti vivi un soggiorno di totale comfort grazie alla comodit\u00e0 degli spazi, dai letti ai cuscini, e agli ambienti dal design moderno.","og_url":"https:\/\/www.dtromemonti.com\/it\/hotel\/comfort-e-design\/","og_site_name":"DoubleTree by Hilton Rome Monti","article_modified_time":"2023-06-13T13:01:57+00:00","twitter_card":"summary_large_image","twitter_misc":{"Tempo di lettura stimato":"2 minuti"},"schema":{"@context":"https:\/\/schema.org","@graph":[{"@type":"WebPage","@id":"https:\/\/www.dtromemonti.com\/it\/hotel\/comfort-e-design\/","url":"https:\/\/www.dtromemonti.com\/it\/hotel\/comfort-e-design\/","name":"Comfort e design hotel Roma | DoubleTree by Hilton Rome Monti","isPartOf":{"@id":"https:\/\/www.dtromemonti.com\/it\/#website"},"datePublished":"2022-07-04T14:07:02+00:00","dateModified":"2023-06-13T13:01:57+00:00","description":"Con DoubleTree by Hilton Rome Monti vivi un soggiorno di totale comfort grazie alla comodit\u00e0 degli spazi, dai letti ai cuscini, e agli ambienti dal design moderno.","breadcrumb":{"@id":"https:\/\/www.dtromemonti.com\/it\/hotel\/comfort-e-design\/#breadcrumb"},"inLanguage":"it-IT","potentialAction":[{"@type":"ReadAction","target":["https:\/\/www.dtromemonti.com\/it\/hotel\/comfort-e-design\/"]}]},{"@type":"BreadcrumbList","@id":"https:\/\/www.dtromemonti.com\/it\/hotel\/comfort-e-design\/#breadcrumb","itemListElement":[{"@type":"ListItem","position":1,"name":"Home","item":"https:\/\/www.dtromemonti.com\/it\/"},{"@type":"ListItem","position":2,"name":"Hotel","item":"https:\/\/www.dtromemonti.com\/it\/hotel\/"},{"@type":"ListItem","position":3,"name":"Comfort e Design"}]},{"@type":"WebSite","@id":"https:\/\/www.dtromemonti.com\/it\/#website","url":"https:\/\/www.dtromemonti.com\/it\/","name":"DoubleTree by Hilton Rome Monti","description":"Just another ms.decms.eu site","potentialAction":[{"@type":"SearchAction","target":{"@type":"EntryPoint","urlTemplate":"https:\/\/www.dtromemonti.com\/it\/?s={search_term_string}"},"query-input":{"@type":"PropertyValueSpecification","valueRequired":true,"valueName":"search_term_string"}}],"inLanguage":"it-IT"}]}},"acf":[],"_links":{"self":[{"href":"https:\/\/www.dtromemonti.com\/it\/wp-json\/wp\/v2\/pages\/18","targetHints":{"allow":["GET"]}}],"collection":[{"href":"https:\/\/www.dtromemonti.com\/it\/wp-json\/wp\/v2\/pages"}],"about":[{"href":"https:\/\/www.dtromemonti.com\/it\/wp-json\/wp\/v2\/types\/page"}],"author":[{"embeddable":true,"href":"https:\/\/www.dtromemonti.com\/it\/wp-json\/wp\/v2\/users\/6"}],"replies":[{"embeddable":true,"href":"https:\/\/www.dtromemonti.com\/it\/wp-json\/wp\/v2\/comments?post=18"}],"version-history":[{"count":0,"href":"https:\/\/www.dtromemonti.com\/it\/wp-json\/wp\/v2\/pages\/18\/revisions"}],"up":[{"embeddable":true,"href":"https:\/\/www.dtromemonti.com\/it\/wp-json\/wp\/v2\/pages\/239"}],"wp:attachment":[{"href":"https:\/\/www.dtromemonti.com\/it\/wp-json\/wp\/v2\/media?parent=18"}],"curies":[{"name":"wp","href":"https:\/\/api.w.org\/{rel}","templated":true}]}}