{"id":1386,"date":"2024-02-28T11:07:18","date_gmt":"2024-02-28T11:07:18","guid":{"rendered":"https:\/\/www.dtromemonti.com\/?page_id=1386"},"modified":"2024-03-28T09:00:51","modified_gmt":"2024-03-28T09:00:51","slug":"csr-sostenibilita","status":"publish","type":"page","link":"https:\/\/www.dtromemonti.com\/it\/hotel\/csr-sostenibilita\/","title":{"rendered":"CSR e Sostenibilit\u00e0"},"content":{"rendered":"<p>La <strong>sostenibilit\u00e0 ambientale<\/strong> e la <strong>responsabilit\u00e0 sociale<\/strong> sono valori imprescindibili di DoubleTree by Hilton Rome Monti.<\/p>\n<p>Questi valori non solo rappresentano il cuore pulsante della nostra filosofia aziendale, ma permeano ogni aspetto delle nostre operazioni e guida le nostre decisioni quotidiane. La consapevolezza dell&#8217;importanza di preservare il nostro ambiente e contribuire positivamente alla comunit\u00e0 locale \u00e8 ci\u00f2 che alimenta la nostra dedizione continua a un approccio aziendale etico, sostenibile e socialmente responsabile.<\/p>\n","protected":false},"excerpt":{"rendered":"<p>La sostenibilit\u00e0 ambientale e la responsabilit\u00e0 sociale sono valori imprescindibili di DoubleTree by Hilton Rome Monti. Questi valori non solo rappresentano il cuore pulsante della nostra filosofia aziendale, ma permeano ogni aspetto delle nostre operazioni e guida le nostre decisioni quotidiane. La consapevolezza dell&#8217;importanza di preservare il nostro ambiente e contribuire positivamente alla comunit\u00e0 locale [&hellip;]<\/p>\n","protected":false},"author":648,"featured_media":805,"parent":239,"menu_order":0,"comment_status":"closed","ping_status":"closed","template":"","meta":{"footnotes":""},"class_list":["post-1386","page","type-page","status-publish","has-post-thumbnail","hentry"],"yoast_head":"<!-- This site is optimized with the Yoast SEO plugin v26.9 - https:\/\/yoast.com\/product\/yoast-seo-wordpress\/ -->\n<title>Hotel Sostenibile e Green | DoubleTree by Hilton Rome Monti<\/title>\n<meta name=\"description\" content=\"Scopri il nostro impegno per la sostenibilit\u00e0 ambientale e sociale: certificazione Green Key, collaborazione con Treedom e adesione ai programmi Hilton.\" \/>\n<meta name=\"robots\" content=\"index, follow, max-snippet:-1, max-image-preview:large, max-video-preview:-1\" \/>\n<link rel=\"canonical\" href=\"https:\/\/www.dtromemonti.com\/it\/hotel\/csr-sostenibilita\/\" \/>\n<meta property=\"og:locale\" content=\"it_IT\" \/>\n<meta property=\"og:type\" content=\"article\" \/>\n<meta property=\"og:title\" content=\"Hotel Sostenibile e Green | DoubleTree by Hilton Rome Monti\" \/>\n<meta property=\"og:description\" content=\"Scopri il nostro impegno per la sostenibilit\u00e0 ambientale e sociale: certificazione Green Key, collaborazione con Treedom e adesione ai programmi Hilton.\" \/>\n<meta property=\"og:url\" content=\"https:\/\/www.dtromemonti.com\/it\/hotel\/csr-sostenibilita\/\" \/>\n<meta property=\"og:site_name\" content=\"DoubleTree by Hilton Rome Monti\" \/>\n<meta property=\"article:modified_time\" content=\"2024-03-28T09:00:51+00:00\" \/>\n<meta property=\"og:image\" content=\"https:\/\/www.dtromemonti.com\/wp-content\/uploads\/sites\/327\/2022\/12\/Lobby-DoubleTree-by-Hilton-Rome-Monti-05.jpg\" \/>\n\t<meta property=\"og:image:width\" content=\"1800\" \/>\n\t<meta property=\"og:image:height\" content=\"1200\" \/>\n\t<meta property=\"og:image:type\" content=\"image\/jpeg\" \/>\n<meta name=\"twitter:card\" content=\"summary_large_image\" \/>\n<meta name=\"twitter:label1\" content=\"Tempo di lettura stimato\" \/>\n\t<meta name=\"twitter:data1\" content=\"1 minuto\" \/>\n<script type=\"application\/ld+json\" class=\"yoast-schema-graph\">{\"@context\":\"https:\/\/schema.org\",\"@graph\":[{\"@type\":\"WebPage\",\"@id\":\"https:\/\/www.dtromemonti.com\/it\/hotel\/csr-sostenibilita\/\",\"url\":\"https:\/\/www.dtromemonti.com\/it\/hotel\/csr-sostenibilita\/\",\"name\":\"Hotel Sostenibile e Green | DoubleTree by Hilton Rome Monti\",\"isPartOf\":{\"@id\":\"https:\/\/www.dtromemonti.com\/it\/#website\"},\"primaryImageOfPage\":{\"@id\":\"https:\/\/www.dtromemonti.com\/it\/hotel\/csr-sostenibilita\/#primaryimage\"},\"image\":{\"@id\":\"https:\/\/www.dtromemonti.com\/it\/hotel\/csr-sostenibilita\/#primaryimage\"},\"thumbnailUrl\":\"https:\/\/www.dtromemonti.com\/wp-content\/uploads\/sites\/327\/2022\/12\/Lobby-DoubleTree-by-Hilton-Rome-Monti-05.jpg\",\"datePublished\":\"2024-02-28T11:07:18+00:00\",\"dateModified\":\"2024-03-28T09:00:51+00:00\",\"description\":\"Scopri il nostro impegno per la sostenibilit\u00e0 ambientale e sociale: certificazione Green Key, collaborazione con Treedom e adesione ai programmi Hilton.\",\"breadcrumb\":{\"@id\":\"https:\/\/www.dtromemonti.com\/it\/hotel\/csr-sostenibilita\/#breadcrumb\"},\"inLanguage\":\"it-IT\",\"potentialAction\":[{\"@type\":\"ReadAction\",\"target\":[\"https:\/\/www.dtromemonti.com\/it\/hotel\/csr-sostenibilita\/\"]}]},{\"@type\":\"ImageObject\",\"inLanguage\":\"it-IT\",\"@id\":\"https:\/\/www.dtromemonti.com\/it\/hotel\/csr-sostenibilita\/#primaryimage\",\"url\":\"https:\/\/www.dtromemonti.com\/wp-content\/uploads\/sites\/327\/2022\/12\/Lobby-DoubleTree-by-Hilton-Rome-Monti-05.jpg\",\"contentUrl\":\"https:\/\/www.dtromemonti.com\/wp-content\/uploads\/sites\/327\/2022\/12\/Lobby-DoubleTree-by-Hilton-Rome-Monti-05.jpg\",\"width\":1800,\"height\":1200,\"caption\":\"Lobby - DoubleTree by Hilton Rome Monti\"},{\"@type\":\"BreadcrumbList\",\"@id\":\"https:\/\/www.dtromemonti.com\/it\/hotel\/csr-sostenibilita\/#breadcrumb\",\"itemListElement\":[{\"@type\":\"ListItem\",\"position\":1,\"name\":\"Home\",\"item\":\"https:\/\/www.dtromemonti.com\/it\/\"},{\"@type\":\"ListItem\",\"position\":2,\"name\":\"Hotel\",\"item\":\"https:\/\/www.dtromemonti.com\/it\/hotel\/\"},{\"@type\":\"ListItem\",\"position\":3,\"name\":\"CSR e Sostenibilit\u00e0\"}]},{\"@type\":\"WebSite\",\"@id\":\"https:\/\/www.dtromemonti.com\/it\/#website\",\"url\":\"https:\/\/www.dtromemonti.com\/it\/\",\"name\":\"DoubleTree by Hilton Rome Monti\",\"description\":\"Just another ms.decms.eu site\",\"potentialAction\":[{\"@type\":\"SearchAction\",\"target\":{\"@type\":\"EntryPoint\",\"urlTemplate\":\"https:\/\/www.dtromemonti.com\/it\/?s={search_term_string}\"},\"query-input\":{\"@type\":\"PropertyValueSpecification\",\"valueRequired\":true,\"valueName\":\"search_term_string\"}}],\"inLanguage\":\"it-IT\"}]}<\/script>\n<!-- \/ Yoast SEO plugin. -->","yoast_head_json":{"title":"Hotel Sostenibile e Green | DoubleTree by Hilton Rome Monti","description":"Scopri il nostro impegno per la sostenibilit\u00e0 ambientale e sociale: certificazione Green Key, collaborazione con Treedom e adesione ai programmi Hilton.","robots":{"index":"index","follow":"follow","max-snippet":"max-snippet:-1","max-image-preview":"max-image-preview:large","max-video-preview":"max-video-preview:-1"},"canonical":"https:\/\/www.dtromemonti.com\/it\/hotel\/csr-sostenibilita\/","og_locale":"it_IT","og_type":"article","og_title":"Hotel Sostenibile e Green | DoubleTree by Hilton Rome Monti","og_description":"Scopri il nostro impegno per la sostenibilit\u00e0 ambientale e sociale: certificazione Green Key, collaborazione con Treedom e adesione ai programmi Hilton.","og_url":"https:\/\/www.dtromemonti.com\/it\/hotel\/csr-sostenibilita\/","og_site_name":"DoubleTree by Hilton Rome Monti","article_modified_time":"2024-03-28T09:00:51+00:00","og_image":[{"width":1800,"height":1200,"url":"https:\/\/www.dtromemonti.com\/wp-content\/uploads\/sites\/327\/2022\/12\/Lobby-DoubleTree-by-Hilton-Rome-Monti-05.jpg","type":"image\/jpeg"}],"twitter_card":"summary_large_image","twitter_misc":{"Tempo di lettura stimato":"1 minuto"},"schema":{"@context":"https:\/\/schema.org","@graph":[{"@type":"WebPage","@id":"https:\/\/www.dtromemonti.com\/it\/hotel\/csr-sostenibilita\/","url":"https:\/\/www.dtromemonti.com\/it\/hotel\/csr-sostenibilita\/","name":"Hotel Sostenibile e Green | DoubleTree by Hilton Rome Monti","isPartOf":{"@id":"https:\/\/www.dtromemonti.com\/it\/#website"},"primaryImageOfPage":{"@id":"https:\/\/www.dtromemonti.com\/it\/hotel\/csr-sostenibilita\/#primaryimage"},"image":{"@id":"https:\/\/www.dtromemonti.com\/it\/hotel\/csr-sostenibilita\/#primaryimage"},"thumbnailUrl":"https:\/\/www.dtromemonti.com\/wp-content\/uploads\/sites\/327\/2022\/12\/Lobby-DoubleTree-by-Hilton-Rome-Monti-05.jpg","datePublished":"2024-02-28T11:07:18+00:00","dateModified":"2024-03-28T09:00:51+00:00","description":"Scopri il nostro impegno per la sostenibilit\u00e0 ambientale e sociale: certificazione Green Key, collaborazione con Treedom e adesione ai programmi Hilton.","breadcrumb":{"@id":"https:\/\/www.dtromemonti.com\/it\/hotel\/csr-sostenibilita\/#breadcrumb"},"inLanguage":"it-IT","potentialAction":[{"@type":"ReadAction","target":["https:\/\/www.dtromemonti.com\/it\/hotel\/csr-sostenibilita\/"]}]},{"@type":"ImageObject","inLanguage":"it-IT","@id":"https:\/\/www.dtromemonti.com\/it\/hotel\/csr-sostenibilita\/#primaryimage","url":"https:\/\/www.dtromemonti.com\/wp-content\/uploads\/sites\/327\/2022\/12\/Lobby-DoubleTree-by-Hilton-Rome-Monti-05.jpg","contentUrl":"https:\/\/www.dtromemonti.com\/wp-content\/uploads\/sites\/327\/2022\/12\/Lobby-DoubleTree-by-Hilton-Rome-Monti-05.jpg","width":1800,"height":1200,"caption":"Lobby - DoubleTree by Hilton Rome Monti"},{"@type":"BreadcrumbList","@id":"https:\/\/www.dtromemonti.com\/it\/hotel\/csr-sostenibilita\/#breadcrumb","itemListElement":[{"@type":"ListItem","position":1,"name":"Home","item":"https:\/\/www.dtromemonti.com\/it\/"},{"@type":"ListItem","position":2,"name":"Hotel","item":"https:\/\/www.dtromemonti.com\/it\/hotel\/"},{"@type":"ListItem","position":3,"name":"CSR e Sostenibilit\u00e0"}]},{"@type":"WebSite","@id":"https:\/\/www.dtromemonti.com\/it\/#website","url":"https:\/\/www.dtromemonti.com\/it\/","name":"DoubleTree by Hilton Rome Monti","description":"Just another ms.decms.eu site","potentialAction":[{"@type":"SearchAction","target":{"@type":"EntryPoint","urlTemplate":"https:\/\/www.dtromemonti.com\/it\/?s={search_term_string}"},"query-input":{"@type":"PropertyValueSpecification","valueRequired":true,"valueName":"search_term_string"}}],"inLanguage":"it-IT"}]}},"acf":[],"_links":{"self":[{"href":"https:\/\/www.dtromemonti.com\/it\/wp-json\/wp\/v2\/pages\/1386","targetHints":{"allow":["GET"]}}],"collection":[{"href":"https:\/\/www.dtromemonti.com\/it\/wp-json\/wp\/v2\/pages"}],"about":[{"href":"https:\/\/www.dtromemonti.com\/it\/wp-json\/wp\/v2\/types\/page"}],"author":[{"embeddable":true,"href":"https:\/\/www.dtromemonti.com\/it\/wp-json\/wp\/v2\/users\/648"}],"replies":[{"embeddable":true,"href":"https:\/\/www.dtromemonti.com\/it\/wp-json\/wp\/v2\/comments?post=1386"}],"version-history":[{"count":0,"href":"https:\/\/www.dtromemonti.com\/it\/wp-json\/wp\/v2\/pages\/1386\/revisions"}],"up":[{"embeddable":true,"href":"https:\/\/www.dtromemonti.com\/it\/wp-json\/wp\/v2\/pages\/239"}],"wp:featuredmedia":[{"embeddable":true,"href":"https:\/\/www.dtromemonti.com\/it\/wp-json\/wp\/v2\/media\/805"}],"wp:attachment":[{"href":"https:\/\/www.dtromemonti.com\/it\/wp-json\/wp\/v2\/media?parent=1386"}],"curies":[{"name":"wp","href":"https:\/\/api.w.org\/{rel}","templated":true}]}}