{"id":633,"date":"2022-12-22T16:58:04","date_gmt":"2022-12-22T16:58:04","guid":{"rendered":"https:\/\/hiltonrome.ms.decms.eu\/neighbourhoods\/"},"modified":"2023-02-22T08:38:07","modified_gmt":"2023-02-22T08:38:07","slug":"les-quartiers","status":"publish","type":"page","link":"https:\/\/www.dtromemonti.com\/fr\/ce-quil-faut-voir\/les-quartiers\/","title":{"rendered":"Les Quartiers"},"content":{"rendered":"<p><span style=\"font-weight: 400;\">Nous vous conseillons de <\/span><b>vous promener dans les quartiers<\/b><span style=\"font-weight: 400;\"> de la Rome des Romains, parmi les zones r\u00e9sidentielles compos\u00e9es de b\u00e2timents historiques o\u00f9 s\u2019alternent de surprenants \u00e9difices Art nouveau et des constructions contemporaines, sur les march\u00e9s de quartier et dans les trattorias o\u00f9 le temps semble s&rsquo;\u00eatre arr\u00eat\u00e9 : vous y d\u00e9couvrirez l\u2019<\/span><b>\u00e2me authentique de la Ville \u00e9ternelle<\/b><span style=\"font-weight: 400;\">.<\/span><\/p>\n","protected":false},"excerpt":{"rendered":"<p>Nous vous conseillons de vous promener dans les quartiers de la Rome des Romains, parmi les zones r\u00e9sidentielles compos\u00e9es de b\u00e2timents historiques o\u00f9 s\u2019alternent de surprenants \u00e9difices Art nouveau et des constructions contemporaines, sur les march\u00e9s de quartier et dans les trattorias o\u00f9 le temps semble s&rsquo;\u00eatre arr\u00eat\u00e9 : vous y d\u00e9couvrirez l\u2019\u00e2me authentique de [&hellip;]<\/p>\n","protected":false},"author":6,"featured_media":0,"parent":641,"menu_order":76,"comment_status":"closed","ping_status":"closed","template":"","meta":{"footnotes":""},"class_list":["post-633","page","type-page","status-publish","hentry"],"yoast_head":"<!-- This site is optimized with the Yoast SEO plugin v26.9 - https:\/\/yoast.com\/product\/yoast-seo-wordpress\/ -->\n<title>Quartiers de Rome: Prati, Parioli, Trastevere | Hilton Rome<\/title>\n<meta name=\"description\" content=\"Vous souhaitez d\u00e9couvrir les plus beaux quartiers de Rome ? Consultez le guide du DoubleTree by Hilton Rome Monti et visitez les quartiers iconiques de Rome.\" \/>\n<meta name=\"robots\" content=\"index, follow, max-snippet:-1, max-image-preview:large, max-video-preview:-1\" \/>\n<link rel=\"canonical\" href=\"https:\/\/www.dtromemonti.com\/fr\/ce-quil-faut-voir\/les-quartiers\/\" \/>\n<meta property=\"og:locale\" content=\"fr_FR\" \/>\n<meta property=\"og:type\" content=\"article\" \/>\n<meta property=\"og:title\" content=\"Quartiers de Rome: Prati, Parioli, Trastevere | Hilton Rome\" \/>\n<meta property=\"og:description\" content=\"Vous souhaitez d\u00e9couvrir les plus beaux quartiers de Rome ? Consultez le guide du DoubleTree by Hilton Rome Monti et visitez les quartiers iconiques de Rome.\" \/>\n<meta property=\"og:url\" content=\"https:\/\/www.dtromemonti.com\/fr\/ce-quil-faut-voir\/les-quartiers\/\" \/>\n<meta property=\"og:site_name\" content=\"DoubleTree by Hilton Rome Monti\" \/>\n<meta property=\"article:modified_time\" content=\"2023-02-22T08:38:07+00:00\" \/>\n<meta name=\"twitter:card\" content=\"summary_large_image\" \/>\n<meta name=\"twitter:label1\" content=\"Dur\u00e9e de lecture estim\u00e9e\" \/>\n\t<meta name=\"twitter:data1\" content=\"1 minute\" \/>\n<script type=\"application\/ld+json\" class=\"yoast-schema-graph\">{\"@context\":\"https:\/\/schema.org\",\"@graph\":[{\"@type\":\"WebPage\",\"@id\":\"https:\/\/www.dtromemonti.com\/fr\/ce-quil-faut-voir\/les-quartiers\/\",\"url\":\"https:\/\/www.dtromemonti.com\/fr\/ce-quil-faut-voir\/les-quartiers\/\",\"name\":\"Quartiers de Rome: Prati, Parioli, Trastevere | Hilton Rome\",\"isPartOf\":{\"@id\":\"https:\/\/www.dtromemonti.com\/fr\/#website\"},\"datePublished\":\"2022-12-22T16:58:04+00:00\",\"dateModified\":\"2023-02-22T08:38:07+00:00\",\"description\":\"Vous souhaitez d\u00e9couvrir les plus beaux quartiers de Rome ? Consultez le guide du DoubleTree by Hilton Rome Monti et visitez les quartiers iconiques de Rome.\",\"breadcrumb\":{\"@id\":\"https:\/\/www.dtromemonti.com\/fr\/ce-quil-faut-voir\/les-quartiers\/#breadcrumb\"},\"inLanguage\":\"fr-FR\",\"potentialAction\":[{\"@type\":\"ReadAction\",\"target\":[\"https:\/\/www.dtromemonti.com\/fr\/ce-quil-faut-voir\/les-quartiers\/\"]}]},{\"@type\":\"BreadcrumbList\",\"@id\":\"https:\/\/www.dtromemonti.com\/fr\/ce-quil-faut-voir\/les-quartiers\/#breadcrumb\",\"itemListElement\":[{\"@type\":\"ListItem\",\"position\":1,\"name\":\"Home\",\"item\":\"https:\/\/www.dtromemonti.com\/fr\/\"},{\"@type\":\"ListItem\",\"position\":2,\"name\":\"Ce qu&rsquo;il faut voir\",\"item\":\"https:\/\/www.dtromemonti.com\/fr\/ce-quil-faut-voir\/\"},{\"@type\":\"ListItem\",\"position\":3,\"name\":\"Les Quartiers\"}]},{\"@type\":\"WebSite\",\"@id\":\"https:\/\/www.dtromemonti.com\/fr\/#website\",\"url\":\"https:\/\/www.dtromemonti.com\/fr\/\",\"name\":\"DoubleTree by Hilton Rome Monti\",\"description\":\"Just another ms.decms.eu site\",\"potentialAction\":[{\"@type\":\"SearchAction\",\"target\":{\"@type\":\"EntryPoint\",\"urlTemplate\":\"https:\/\/www.dtromemonti.com\/fr\/?s={search_term_string}\"},\"query-input\":{\"@type\":\"PropertyValueSpecification\",\"valueRequired\":true,\"valueName\":\"search_term_string\"}}],\"inLanguage\":\"fr-FR\"}]}<\/script>\n<!-- \/ Yoast SEO plugin. -->","yoast_head_json":{"title":"Quartiers de Rome: Prati, Parioli, Trastevere | Hilton Rome","description":"Vous souhaitez d\u00e9couvrir les plus beaux quartiers de Rome ? Consultez le guide du DoubleTree by Hilton Rome Monti et visitez les quartiers iconiques de Rome.","robots":{"index":"index","follow":"follow","max-snippet":"max-snippet:-1","max-image-preview":"max-image-preview:large","max-video-preview":"max-video-preview:-1"},"canonical":"https:\/\/www.dtromemonti.com\/fr\/ce-quil-faut-voir\/les-quartiers\/","og_locale":"fr_FR","og_type":"article","og_title":"Quartiers de Rome: Prati, Parioli, Trastevere | Hilton Rome","og_description":"Vous souhaitez d\u00e9couvrir les plus beaux quartiers de Rome ? Consultez le guide du DoubleTree by Hilton Rome Monti et visitez les quartiers iconiques de Rome.","og_url":"https:\/\/www.dtromemonti.com\/fr\/ce-quil-faut-voir\/les-quartiers\/","og_site_name":"DoubleTree by Hilton Rome Monti","article_modified_time":"2023-02-22T08:38:07+00:00","twitter_card":"summary_large_image","twitter_misc":{"Dur\u00e9e de lecture estim\u00e9e":"1 minute"},"schema":{"@context":"https:\/\/schema.org","@graph":[{"@type":"WebPage","@id":"https:\/\/www.dtromemonti.com\/fr\/ce-quil-faut-voir\/les-quartiers\/","url":"https:\/\/www.dtromemonti.com\/fr\/ce-quil-faut-voir\/les-quartiers\/","name":"Quartiers de Rome: Prati, Parioli, Trastevere | Hilton Rome","isPartOf":{"@id":"https:\/\/www.dtromemonti.com\/fr\/#website"},"datePublished":"2022-12-22T16:58:04+00:00","dateModified":"2023-02-22T08:38:07+00:00","description":"Vous souhaitez d\u00e9couvrir les plus beaux quartiers de Rome ? Consultez le guide du DoubleTree by Hilton Rome Monti et visitez les quartiers iconiques de Rome.","breadcrumb":{"@id":"https:\/\/www.dtromemonti.com\/fr\/ce-quil-faut-voir\/les-quartiers\/#breadcrumb"},"inLanguage":"fr-FR","potentialAction":[{"@type":"ReadAction","target":["https:\/\/www.dtromemonti.com\/fr\/ce-quil-faut-voir\/les-quartiers\/"]}]},{"@type":"BreadcrumbList","@id":"https:\/\/www.dtromemonti.com\/fr\/ce-quil-faut-voir\/les-quartiers\/#breadcrumb","itemListElement":[{"@type":"ListItem","position":1,"name":"Home","item":"https:\/\/www.dtromemonti.com\/fr\/"},{"@type":"ListItem","position":2,"name":"Ce qu&rsquo;il faut voir","item":"https:\/\/www.dtromemonti.com\/fr\/ce-quil-faut-voir\/"},{"@type":"ListItem","position":3,"name":"Les Quartiers"}]},{"@type":"WebSite","@id":"https:\/\/www.dtromemonti.com\/fr\/#website","url":"https:\/\/www.dtromemonti.com\/fr\/","name":"DoubleTree by Hilton Rome Monti","description":"Just another ms.decms.eu site","potentialAction":[{"@type":"SearchAction","target":{"@type":"EntryPoint","urlTemplate":"https:\/\/www.dtromemonti.com\/fr\/?s={search_term_string}"},"query-input":{"@type":"PropertyValueSpecification","valueRequired":true,"valueName":"search_term_string"}}],"inLanguage":"fr-FR"}]}},"acf":[],"_links":{"self":[{"href":"https:\/\/www.dtromemonti.com\/fr\/wp-json\/wp\/v2\/pages\/633","targetHints":{"allow":["GET"]}}],"collection":[{"href":"https:\/\/www.dtromemonti.com\/fr\/wp-json\/wp\/v2\/pages"}],"about":[{"href":"https:\/\/www.dtromemonti.com\/fr\/wp-json\/wp\/v2\/types\/page"}],"author":[{"embeddable":true,"href":"https:\/\/www.dtromemonti.com\/fr\/wp-json\/wp\/v2\/users\/6"}],"replies":[{"embeddable":true,"href":"https:\/\/www.dtromemonti.com\/fr\/wp-json\/wp\/v2\/comments?post=633"}],"version-history":[{"count":0,"href":"https:\/\/www.dtromemonti.com\/fr\/wp-json\/wp\/v2\/pages\/633\/revisions"}],"up":[{"embeddable":true,"href":"https:\/\/www.dtromemonti.com\/fr\/wp-json\/wp\/v2\/pages\/641"}],"wp:attachment":[{"href":"https:\/\/www.dtromemonti.com\/fr\/wp-json\/wp\/v2\/media?parent=633"}],"curies":[{"name":"wp","href":"https:\/\/api.w.org\/{rel}","templated":true}]}}