{"id":632,"date":"2022-12-22T16:56:25","date_gmt":"2022-12-22T16:56:25","guid":{"rendered":"https:\/\/hiltonrome.ms.decms.eu\/piazze\/"},"modified":"2023-02-22T08:37:54","modified_gmt":"2023-02-22T08:37:54","slug":"les-places","status":"publish","type":"page","link":"https:\/\/www.dtromemonti.com\/fr\/ce-quil-faut-voir\/les-places\/","title":{"rendered":"Les Places"},"content":{"rendered":"<p><span style=\"font-weight: 400;\">Pour comprendre \u00e0 quel point les Italiens, et notamment les <\/span><b>Romains<\/b><span style=\"font-weight: 400;\">, aiment les <\/span><b>places<\/b><span style=\"font-weight: 400;\"> comme lieux privil\u00e9gi\u00e9s d&rsquo;activit\u00e9s et de convivialit\u00e9, promenez-vous au centre-ville, vous d\u00e9couvrirez des places domin\u00e9es par de magnifiques palais, avec une <\/span><b>\u00e9glise<\/b><span style=\"font-weight: 400;\"> omnipr\u00e9sente, agr\u00e9ment\u00e9es par le charme et la fra\u00eecheur d&rsquo;une <\/span><b>fontaine<\/b><span style=\"font-weight: 400;\"> : toutes les <\/span><b>places de Rome<\/b><span style=\"font-weight: 400;\"> sont splendides. Voici notre s\u00e9lection.<\/span><\/p>\n","protected":false},"excerpt":{"rendered":"<p>Pour comprendre \u00e0 quel point les Italiens, et notamment les Romains, aiment les places comme lieux privil\u00e9gi\u00e9s d&rsquo;activit\u00e9s et de convivialit\u00e9, promenez-vous au centre-ville, vous d\u00e9couvrirez des places domin\u00e9es par de magnifiques palais, avec une \u00e9glise omnipr\u00e9sente, agr\u00e9ment\u00e9es par le charme et la fra\u00eecheur d&rsquo;une fontaine : toutes les places de Rome sont splendides. Voici [&hellip;]<\/p>\n","protected":false},"author":6,"featured_media":0,"parent":641,"menu_order":75,"comment_status":"closed","ping_status":"closed","template":"","meta":{"footnotes":""},"class_list":["post-632","page","type-page","status-publish","hentry"],"yoast_head":"<!-- This site is optimized with the Yoast SEO plugin v26.9 - https:\/\/yoast.com\/product\/yoast-seo-wordpress\/ -->\n<title>Places de Rome: Spagna, Navona, Popolo | Hilton Rome<\/title>\n<meta name=\"description\" content=\"D\u00e9couvrez les places de Rome : Spagna, Navona, Rotonda etc. Consultez le guide de l\u2019Hilton Rome Monti et d\u00e9couvrez les places les plus suggestives \u00e0 visiter.\" \/>\n<meta name=\"robots\" content=\"index, follow, max-snippet:-1, max-image-preview:large, max-video-preview:-1\" \/>\n<link rel=\"canonical\" href=\"https:\/\/www.dtromemonti.com\/fr\/ce-quil-faut-voir\/les-places\/\" \/>\n<meta property=\"og:locale\" content=\"fr_FR\" \/>\n<meta property=\"og:type\" content=\"article\" \/>\n<meta property=\"og:title\" content=\"Places de Rome: Spagna, Navona, Popolo | Hilton Rome\" \/>\n<meta property=\"og:description\" content=\"D\u00e9couvrez les places de Rome : Spagna, Navona, Rotonda etc. Consultez le guide de l\u2019Hilton Rome Monti et d\u00e9couvrez les places les plus suggestives \u00e0 visiter.\" \/>\n<meta property=\"og:url\" content=\"https:\/\/www.dtromemonti.com\/fr\/ce-quil-faut-voir\/les-places\/\" \/>\n<meta property=\"og:site_name\" content=\"DoubleTree by Hilton Rome Monti\" \/>\n<meta property=\"article:modified_time\" content=\"2023-02-22T08:37:54+00:00\" \/>\n<meta name=\"twitter:card\" content=\"summary_large_image\" \/>\n<meta name=\"twitter:label1\" content=\"Dur\u00e9e de lecture estim\u00e9e\" \/>\n\t<meta name=\"twitter:data1\" content=\"1 minute\" \/>\n<script type=\"application\/ld+json\" class=\"yoast-schema-graph\">{\"@context\":\"https:\/\/schema.org\",\"@graph\":[{\"@type\":\"WebPage\",\"@id\":\"https:\/\/www.dtromemonti.com\/fr\/ce-quil-faut-voir\/les-places\/\",\"url\":\"https:\/\/www.dtromemonti.com\/fr\/ce-quil-faut-voir\/les-places\/\",\"name\":\"Places de Rome: Spagna, Navona, Popolo | Hilton Rome\",\"isPartOf\":{\"@id\":\"https:\/\/www.dtromemonti.com\/fr\/#website\"},\"datePublished\":\"2022-12-22T16:56:25+00:00\",\"dateModified\":\"2023-02-22T08:37:54+00:00\",\"description\":\"D\u00e9couvrez les places de Rome : Spagna, Navona, Rotonda etc. Consultez le guide de l\u2019Hilton Rome Monti et d\u00e9couvrez les places les plus suggestives \u00e0 visiter.\",\"breadcrumb\":{\"@id\":\"https:\/\/www.dtromemonti.com\/fr\/ce-quil-faut-voir\/les-places\/#breadcrumb\"},\"inLanguage\":\"fr-FR\",\"potentialAction\":[{\"@type\":\"ReadAction\",\"target\":[\"https:\/\/www.dtromemonti.com\/fr\/ce-quil-faut-voir\/les-places\/\"]}]},{\"@type\":\"BreadcrumbList\",\"@id\":\"https:\/\/www.dtromemonti.com\/fr\/ce-quil-faut-voir\/les-places\/#breadcrumb\",\"itemListElement\":[{\"@type\":\"ListItem\",\"position\":1,\"name\":\"Home\",\"item\":\"https:\/\/www.dtromemonti.com\/fr\/\"},{\"@type\":\"ListItem\",\"position\":2,\"name\":\"Ce qu&rsquo;il faut voir\",\"item\":\"https:\/\/www.dtromemonti.com\/fr\/ce-quil-faut-voir\/\"},{\"@type\":\"ListItem\",\"position\":3,\"name\":\"Les Places\"}]},{\"@type\":\"WebSite\",\"@id\":\"https:\/\/www.dtromemonti.com\/fr\/#website\",\"url\":\"https:\/\/www.dtromemonti.com\/fr\/\",\"name\":\"DoubleTree by Hilton Rome Monti\",\"description\":\"Just another ms.decms.eu site\",\"potentialAction\":[{\"@type\":\"SearchAction\",\"target\":{\"@type\":\"EntryPoint\",\"urlTemplate\":\"https:\/\/www.dtromemonti.com\/fr\/?s={search_term_string}\"},\"query-input\":{\"@type\":\"PropertyValueSpecification\",\"valueRequired\":true,\"valueName\":\"search_term_string\"}}],\"inLanguage\":\"fr-FR\"}]}<\/script>\n<!-- \/ Yoast SEO plugin. -->","yoast_head_json":{"title":"Places de Rome: Spagna, Navona, Popolo | Hilton Rome","description":"D\u00e9couvrez les places de Rome : Spagna, Navona, Rotonda etc. Consultez le guide de l\u2019Hilton Rome Monti et d\u00e9couvrez les places les plus suggestives \u00e0 visiter.","robots":{"index":"index","follow":"follow","max-snippet":"max-snippet:-1","max-image-preview":"max-image-preview:large","max-video-preview":"max-video-preview:-1"},"canonical":"https:\/\/www.dtromemonti.com\/fr\/ce-quil-faut-voir\/les-places\/","og_locale":"fr_FR","og_type":"article","og_title":"Places de Rome: Spagna, Navona, Popolo | Hilton Rome","og_description":"D\u00e9couvrez les places de Rome : Spagna, Navona, Rotonda etc. Consultez le guide de l\u2019Hilton Rome Monti et d\u00e9couvrez les places les plus suggestives \u00e0 visiter.","og_url":"https:\/\/www.dtromemonti.com\/fr\/ce-quil-faut-voir\/les-places\/","og_site_name":"DoubleTree by Hilton Rome Monti","article_modified_time":"2023-02-22T08:37:54+00:00","twitter_card":"summary_large_image","twitter_misc":{"Dur\u00e9e de lecture estim\u00e9e":"1 minute"},"schema":{"@context":"https:\/\/schema.org","@graph":[{"@type":"WebPage","@id":"https:\/\/www.dtromemonti.com\/fr\/ce-quil-faut-voir\/les-places\/","url":"https:\/\/www.dtromemonti.com\/fr\/ce-quil-faut-voir\/les-places\/","name":"Places de Rome: Spagna, Navona, Popolo | Hilton Rome","isPartOf":{"@id":"https:\/\/www.dtromemonti.com\/fr\/#website"},"datePublished":"2022-12-22T16:56:25+00:00","dateModified":"2023-02-22T08:37:54+00:00","description":"D\u00e9couvrez les places de Rome : Spagna, Navona, Rotonda etc. Consultez le guide de l\u2019Hilton Rome Monti et d\u00e9couvrez les places les plus suggestives \u00e0 visiter.","breadcrumb":{"@id":"https:\/\/www.dtromemonti.com\/fr\/ce-quil-faut-voir\/les-places\/#breadcrumb"},"inLanguage":"fr-FR","potentialAction":[{"@type":"ReadAction","target":["https:\/\/www.dtromemonti.com\/fr\/ce-quil-faut-voir\/les-places\/"]}]},{"@type":"BreadcrumbList","@id":"https:\/\/www.dtromemonti.com\/fr\/ce-quil-faut-voir\/les-places\/#breadcrumb","itemListElement":[{"@type":"ListItem","position":1,"name":"Home","item":"https:\/\/www.dtromemonti.com\/fr\/"},{"@type":"ListItem","position":2,"name":"Ce qu&rsquo;il faut voir","item":"https:\/\/www.dtromemonti.com\/fr\/ce-quil-faut-voir\/"},{"@type":"ListItem","position":3,"name":"Les Places"}]},{"@type":"WebSite","@id":"https:\/\/www.dtromemonti.com\/fr\/#website","url":"https:\/\/www.dtromemonti.com\/fr\/","name":"DoubleTree by Hilton Rome Monti","description":"Just another ms.decms.eu site","potentialAction":[{"@type":"SearchAction","target":{"@type":"EntryPoint","urlTemplate":"https:\/\/www.dtromemonti.com\/fr\/?s={search_term_string}"},"query-input":{"@type":"PropertyValueSpecification","valueRequired":true,"valueName":"search_term_string"}}],"inLanguage":"fr-FR"}]}},"acf":[],"_links":{"self":[{"href":"https:\/\/www.dtromemonti.com\/fr\/wp-json\/wp\/v2\/pages\/632","targetHints":{"allow":["GET"]}}],"collection":[{"href":"https:\/\/www.dtromemonti.com\/fr\/wp-json\/wp\/v2\/pages"}],"about":[{"href":"https:\/\/www.dtromemonti.com\/fr\/wp-json\/wp\/v2\/types\/page"}],"author":[{"embeddable":true,"href":"https:\/\/www.dtromemonti.com\/fr\/wp-json\/wp\/v2\/users\/6"}],"replies":[{"embeddable":true,"href":"https:\/\/www.dtromemonti.com\/fr\/wp-json\/wp\/v2\/comments?post=632"}],"version-history":[{"count":0,"href":"https:\/\/www.dtromemonti.com\/fr\/wp-json\/wp\/v2\/pages\/632\/revisions"}],"up":[{"embeddable":true,"href":"https:\/\/www.dtromemonti.com\/fr\/wp-json\/wp\/v2\/pages\/641"}],"wp:attachment":[{"href":"https:\/\/www.dtromemonti.com\/fr\/wp-json\/wp\/v2\/media?parent=632"}],"curies":[{"name":"wp","href":"https:\/\/api.w.org\/{rel}","templated":true}]}}