{"id":631,"date":"2022-12-22T16:54:47","date_gmt":"2022-12-22T16:54:47","guid":{"rendered":"https:\/\/hiltonrome.ms.decms.eu\/churches\/"},"modified":"2023-02-22T08:37:38","modified_gmt":"2023-02-22T08:37:38","slug":"les-eglises","status":"publish","type":"page","link":"https:\/\/www.dtromemonti.com\/fr\/ce-quil-faut-voir\/les-eglises\/","title":{"rendered":"Les \u00c9glises"},"content":{"rendered":"<p><b>Plus de 900 \u00e9glises<\/b><span style=\"font-weight: 400;\"> c\u00e9l\u00e8brent la vocation chr\u00e9tienne de Rome. Nombre d&rsquo;entre elles sont d&rsquo;<\/span><b>authentiques joyaux artistiques<\/b><span style=\"font-weight: 400;\"> et architecturaux qui renferment des peintures et des sculptures parmi les plus grands <\/span><b>chefs-d&rsquo;\u0153uvre de<\/b><span style=\"font-weight: 400;\"> tous les temps. <\/span><b>Lesquelles visiter <\/b><span style=\"font-weight: 400;\">? En plus de 2000 ans d&rsquo;histoire chr\u00e9tienne, chaque \u00e9poque a exprim\u00e9 des \u0153uvres merveilleuses : nous vous sugg\u00e9rons celles-ci pour commencer. <\/span><\/p>\n","protected":false},"excerpt":{"rendered":"<p>Plus de 900 \u00e9glises c\u00e9l\u00e8brent la vocation chr\u00e9tienne de Rome. Nombre d&rsquo;entre elles sont d&rsquo;authentiques joyaux artistiques et architecturaux qui renferment des peintures et des sculptures parmi les plus grands chefs-d&rsquo;\u0153uvre de tous les temps. Lesquelles visiter ? En plus de 2000 ans d&rsquo;histoire chr\u00e9tienne, chaque \u00e9poque a exprim\u00e9 des \u0153uvres merveilleuses : nous vous [&hellip;]<\/p>\n","protected":false},"author":6,"featured_media":0,"parent":641,"menu_order":74,"comment_status":"closed","ping_status":"closed","template":"","meta":{"footnotes":""},"class_list":["post-631","page","type-page","status-publish","hentry"],"yoast_head":"<!-- This site is optimized with the Yoast SEO plugin v26.9 - https:\/\/yoast.com\/product\/yoast-seo-wordpress\/ -->\n<title>\u00c9glises de Rome: San Giovanni, Santa Maria | Hilton Rome<\/title>\n<meta name=\"description\" content=\"D\u00e9couvrez les plus c\u00e9l\u00e8bres \u00e9glises de Rome : San Giovanni, Santa Maria etc. Suivez les conseils de l\u2019Hilton Rome Monti et d\u00e9couvrez les plus suggestives.\" \/>\n<meta name=\"robots\" content=\"index, follow, max-snippet:-1, max-image-preview:large, max-video-preview:-1\" \/>\n<link rel=\"canonical\" href=\"https:\/\/www.dtromemonti.com\/fr\/ce-quil-faut-voir\/les-eglises\/\" \/>\n<meta property=\"og:locale\" content=\"fr_FR\" \/>\n<meta property=\"og:type\" content=\"article\" \/>\n<meta property=\"og:title\" content=\"\u00c9glises de Rome: San Giovanni, Santa Maria | Hilton Rome\" \/>\n<meta property=\"og:description\" content=\"D\u00e9couvrez les plus c\u00e9l\u00e8bres \u00e9glises de Rome : San Giovanni, Santa Maria etc. Suivez les conseils de l\u2019Hilton Rome Monti et d\u00e9couvrez les plus suggestives.\" \/>\n<meta property=\"og:url\" content=\"https:\/\/www.dtromemonti.com\/fr\/ce-quil-faut-voir\/les-eglises\/\" \/>\n<meta property=\"og:site_name\" content=\"DoubleTree by Hilton Rome Monti\" \/>\n<meta property=\"article:modified_time\" content=\"2023-02-22T08:37:38+00:00\" \/>\n<meta name=\"twitter:card\" content=\"summary_large_image\" \/>\n<meta name=\"twitter:label1\" content=\"Dur\u00e9e de lecture estim\u00e9e\" \/>\n\t<meta name=\"twitter:data1\" content=\"1 minute\" \/>\n<script type=\"application\/ld+json\" class=\"yoast-schema-graph\">{\"@context\":\"https:\/\/schema.org\",\"@graph\":[{\"@type\":\"WebPage\",\"@id\":\"https:\/\/www.dtromemonti.com\/fr\/ce-quil-faut-voir\/les-eglises\/\",\"url\":\"https:\/\/www.dtromemonti.com\/fr\/ce-quil-faut-voir\/les-eglises\/\",\"name\":\"\u00c9glises de Rome: San Giovanni, Santa Maria | Hilton Rome\",\"isPartOf\":{\"@id\":\"https:\/\/www.dtromemonti.com\/fr\/#website\"},\"datePublished\":\"2022-12-22T16:54:47+00:00\",\"dateModified\":\"2023-02-22T08:37:38+00:00\",\"description\":\"D\u00e9couvrez les plus c\u00e9l\u00e8bres \u00e9glises de Rome : San Giovanni, Santa Maria etc. Suivez les conseils de l\u2019Hilton Rome Monti et d\u00e9couvrez les plus suggestives.\",\"breadcrumb\":{\"@id\":\"https:\/\/www.dtromemonti.com\/fr\/ce-quil-faut-voir\/les-eglises\/#breadcrumb\"},\"inLanguage\":\"fr-FR\",\"potentialAction\":[{\"@type\":\"ReadAction\",\"target\":[\"https:\/\/www.dtromemonti.com\/fr\/ce-quil-faut-voir\/les-eglises\/\"]}]},{\"@type\":\"BreadcrumbList\",\"@id\":\"https:\/\/www.dtromemonti.com\/fr\/ce-quil-faut-voir\/les-eglises\/#breadcrumb\",\"itemListElement\":[{\"@type\":\"ListItem\",\"position\":1,\"name\":\"Home\",\"item\":\"https:\/\/www.dtromemonti.com\/fr\/\"},{\"@type\":\"ListItem\",\"position\":2,\"name\":\"Ce qu&rsquo;il faut voir\",\"item\":\"https:\/\/www.dtromemonti.com\/fr\/ce-quil-faut-voir\/\"},{\"@type\":\"ListItem\",\"position\":3,\"name\":\"Les \u00c9glises\"}]},{\"@type\":\"WebSite\",\"@id\":\"https:\/\/www.dtromemonti.com\/fr\/#website\",\"url\":\"https:\/\/www.dtromemonti.com\/fr\/\",\"name\":\"DoubleTree by Hilton Rome Monti\",\"description\":\"Just another ms.decms.eu site\",\"potentialAction\":[{\"@type\":\"SearchAction\",\"target\":{\"@type\":\"EntryPoint\",\"urlTemplate\":\"https:\/\/www.dtromemonti.com\/fr\/?s={search_term_string}\"},\"query-input\":{\"@type\":\"PropertyValueSpecification\",\"valueRequired\":true,\"valueName\":\"search_term_string\"}}],\"inLanguage\":\"fr-FR\"}]}<\/script>\n<!-- \/ Yoast SEO plugin. -->","yoast_head_json":{"title":"\u00c9glises de Rome: San Giovanni, Santa Maria | Hilton Rome","description":"D\u00e9couvrez les plus c\u00e9l\u00e8bres \u00e9glises de Rome : San Giovanni, Santa Maria etc. Suivez les conseils de l\u2019Hilton Rome Monti et d\u00e9couvrez les plus suggestives.","robots":{"index":"index","follow":"follow","max-snippet":"max-snippet:-1","max-image-preview":"max-image-preview:large","max-video-preview":"max-video-preview:-1"},"canonical":"https:\/\/www.dtromemonti.com\/fr\/ce-quil-faut-voir\/les-eglises\/","og_locale":"fr_FR","og_type":"article","og_title":"\u00c9glises de Rome: San Giovanni, Santa Maria | Hilton Rome","og_description":"D\u00e9couvrez les plus c\u00e9l\u00e8bres \u00e9glises de Rome : San Giovanni, Santa Maria etc. Suivez les conseils de l\u2019Hilton Rome Monti et d\u00e9couvrez les plus suggestives.","og_url":"https:\/\/www.dtromemonti.com\/fr\/ce-quil-faut-voir\/les-eglises\/","og_site_name":"DoubleTree by Hilton Rome Monti","article_modified_time":"2023-02-22T08:37:38+00:00","twitter_card":"summary_large_image","twitter_misc":{"Dur\u00e9e de lecture estim\u00e9e":"1 minute"},"schema":{"@context":"https:\/\/schema.org","@graph":[{"@type":"WebPage","@id":"https:\/\/www.dtromemonti.com\/fr\/ce-quil-faut-voir\/les-eglises\/","url":"https:\/\/www.dtromemonti.com\/fr\/ce-quil-faut-voir\/les-eglises\/","name":"\u00c9glises de Rome: San Giovanni, Santa Maria | Hilton Rome","isPartOf":{"@id":"https:\/\/www.dtromemonti.com\/fr\/#website"},"datePublished":"2022-12-22T16:54:47+00:00","dateModified":"2023-02-22T08:37:38+00:00","description":"D\u00e9couvrez les plus c\u00e9l\u00e8bres \u00e9glises de Rome : San Giovanni, Santa Maria etc. Suivez les conseils de l\u2019Hilton Rome Monti et d\u00e9couvrez les plus suggestives.","breadcrumb":{"@id":"https:\/\/www.dtromemonti.com\/fr\/ce-quil-faut-voir\/les-eglises\/#breadcrumb"},"inLanguage":"fr-FR","potentialAction":[{"@type":"ReadAction","target":["https:\/\/www.dtromemonti.com\/fr\/ce-quil-faut-voir\/les-eglises\/"]}]},{"@type":"BreadcrumbList","@id":"https:\/\/www.dtromemonti.com\/fr\/ce-quil-faut-voir\/les-eglises\/#breadcrumb","itemListElement":[{"@type":"ListItem","position":1,"name":"Home","item":"https:\/\/www.dtromemonti.com\/fr\/"},{"@type":"ListItem","position":2,"name":"Ce qu&rsquo;il faut voir","item":"https:\/\/www.dtromemonti.com\/fr\/ce-quil-faut-voir\/"},{"@type":"ListItem","position":3,"name":"Les \u00c9glises"}]},{"@type":"WebSite","@id":"https:\/\/www.dtromemonti.com\/fr\/#website","url":"https:\/\/www.dtromemonti.com\/fr\/","name":"DoubleTree by Hilton Rome Monti","description":"Just another ms.decms.eu site","potentialAction":[{"@type":"SearchAction","target":{"@type":"EntryPoint","urlTemplate":"https:\/\/www.dtromemonti.com\/fr\/?s={search_term_string}"},"query-input":{"@type":"PropertyValueSpecification","valueRequired":true,"valueName":"search_term_string"}}],"inLanguage":"fr-FR"}]}},"acf":[],"_links":{"self":[{"href":"https:\/\/www.dtromemonti.com\/fr\/wp-json\/wp\/v2\/pages\/631","targetHints":{"allow":["GET"]}}],"collection":[{"href":"https:\/\/www.dtromemonti.com\/fr\/wp-json\/wp\/v2\/pages"}],"about":[{"href":"https:\/\/www.dtromemonti.com\/fr\/wp-json\/wp\/v2\/types\/page"}],"author":[{"embeddable":true,"href":"https:\/\/www.dtromemonti.com\/fr\/wp-json\/wp\/v2\/users\/6"}],"replies":[{"embeddable":true,"href":"https:\/\/www.dtromemonti.com\/fr\/wp-json\/wp\/v2\/comments?post=631"}],"version-history":[{"count":0,"href":"https:\/\/www.dtromemonti.com\/fr\/wp-json\/wp\/v2\/pages\/631\/revisions"}],"up":[{"embeddable":true,"href":"https:\/\/www.dtromemonti.com\/fr\/wp-json\/wp\/v2\/pages\/641"}],"wp:attachment":[{"href":"https:\/\/www.dtromemonti.com\/fr\/wp-json\/wp\/v2\/media?parent=631"}],"curies":[{"name":"wp","href":"https:\/\/api.w.org\/{rel}","templated":true}]}}