{"id":630,"date":"2022-12-22T16:53:28","date_gmt":"2022-12-22T16:53:28","guid":{"rendered":"https:\/\/hiltonrome.ms.decms.eu\/vatican\/"},"modified":"2023-02-22T08:37:25","modified_gmt":"2023-02-22T08:37:25","slug":"le-vatican","status":"publish","type":"page","link":"https:\/\/www.dtromemonti.com\/fr\/ce-quil-faut-voir\/le-vatican\/","title":{"rendered":"Le Vatican"},"content":{"rendered":"<p><span style=\"font-weight: 400;\">Que voir au <\/span><b>Vatican<\/b><span style=\"font-weight: 400;\">? <\/span><b>Saint-Pierre<\/b><span style=\"font-weight: 400;\">, l&rsquo;Ob\u00e9lisque, la <\/span><b>Colonnade<\/b><span style=\"font-weight: 400;\">, le <\/span><b>D\u00f4me<\/b><span style=\"font-weight: 400;\">, les <\/span><b>Mus\u00e9es<\/b><span style=\"font-weight: 400;\">, les Jardins et ce n&rsquo;est pas tout. Il faudrait un s\u00e9jour exclusivement consacr\u00e9 \u00e0 la visite du petit \u00c9tat nich\u00e9 au c\u0153ur de la capitale italienne, <\/span><b>si\u00e8ge de la papaut\u00e9<\/b><span style=\"font-weight: 400;\"> et berceau du christianisme, qui renferme un riche patrimoine d&rsquo;\u0153uvres d&rsquo;art de toutes les \u00e9poques. La visite ne peut commencer que de la <\/span><b>place<\/b><span style=\"font-weight: 400;\"> la plus c\u00e9l\u00e8bre <\/span><b>du Vatican<\/b><span style=\"font-weight: 400;\">: <\/span><b>Place Saint-Pierre.<\/b><span style=\"font-weight: 400;\"> L&rsquo;\u00e9treinte de la Colonnade, l&rsquo;accueil de la Basilique, la grandeur du D\u00f4me font office de chaleureuse Bienvenue \u00e0 tous les p\u00e8lerins. <\/span><\/p>\n","protected":false},"excerpt":{"rendered":"<p>Que voir au Vatican? Saint-Pierre, l&rsquo;Ob\u00e9lisque, la Colonnade, le D\u00f4me, les Mus\u00e9es, les Jardins et ce n&rsquo;est pas tout. Il faudrait un s\u00e9jour exclusivement consacr\u00e9 \u00e0 la visite du petit \u00c9tat nich\u00e9 au c\u0153ur de la capitale italienne, si\u00e8ge de la papaut\u00e9 et berceau du christianisme, qui renferme un riche patrimoine d&rsquo;\u0153uvres d&rsquo;art de toutes [&hellip;]<\/p>\n","protected":false},"author":6,"featured_media":0,"parent":641,"menu_order":73,"comment_status":"closed","ping_status":"closed","template":"","meta":{"footnotes":""},"class_list":["post-630","page","type-page","status-publish","hentry"],"yoast_head":"<!-- This site is optimized with the Yoast SEO plugin v26.9 - https:\/\/yoast.com\/product\/yoast-seo-wordpress\/ -->\n<title>Que voir au Vatican : Saint-Pierre, Ob\u00e9lisque | Hilton Rome<\/title>\n<meta name=\"description\" content=\"Vous souhaitez explorer la Cit\u00e9 du Vatican ? Consultez le guide du DoubleTree by Hilton Rome Monti et d\u00e9couvrez les monuments incontournables \u00e0 visiter.\" \/>\n<meta name=\"robots\" content=\"index, follow, max-snippet:-1, max-image-preview:large, max-video-preview:-1\" \/>\n<link rel=\"canonical\" href=\"https:\/\/www.dtromemonti.com\/fr\/ce-quil-faut-voir\/le-vatican\/\" \/>\n<meta property=\"og:locale\" content=\"fr_FR\" \/>\n<meta property=\"og:type\" content=\"article\" \/>\n<meta property=\"og:title\" content=\"Que voir au Vatican : Saint-Pierre, Ob\u00e9lisque | Hilton Rome\" \/>\n<meta property=\"og:description\" content=\"Vous souhaitez explorer la Cit\u00e9 du Vatican ? Consultez le guide du DoubleTree by Hilton Rome Monti et d\u00e9couvrez les monuments incontournables \u00e0 visiter.\" \/>\n<meta property=\"og:url\" content=\"https:\/\/www.dtromemonti.com\/fr\/ce-quil-faut-voir\/le-vatican\/\" \/>\n<meta property=\"og:site_name\" content=\"DoubleTree by Hilton Rome Monti\" \/>\n<meta property=\"article:modified_time\" content=\"2023-02-22T08:37:25+00:00\" \/>\n<meta name=\"twitter:card\" content=\"summary_large_image\" \/>\n<meta name=\"twitter:label1\" content=\"Dur\u00e9e de lecture estim\u00e9e\" \/>\n\t<meta name=\"twitter:data1\" content=\"1 minute\" \/>\n<script type=\"application\/ld+json\" class=\"yoast-schema-graph\">{\"@context\":\"https:\/\/schema.org\",\"@graph\":[{\"@type\":\"WebPage\",\"@id\":\"https:\/\/www.dtromemonti.com\/fr\/ce-quil-faut-voir\/le-vatican\/\",\"url\":\"https:\/\/www.dtromemonti.com\/fr\/ce-quil-faut-voir\/le-vatican\/\",\"name\":\"Que voir au Vatican : Saint-Pierre, Ob\u00e9lisque | Hilton Rome\",\"isPartOf\":{\"@id\":\"https:\/\/www.dtromemonti.com\/fr\/#website\"},\"datePublished\":\"2022-12-22T16:53:28+00:00\",\"dateModified\":\"2023-02-22T08:37:25+00:00\",\"description\":\"Vous souhaitez explorer la Cit\u00e9 du Vatican ? Consultez le guide du DoubleTree by Hilton Rome Monti et d\u00e9couvrez les monuments incontournables \u00e0 visiter.\",\"breadcrumb\":{\"@id\":\"https:\/\/www.dtromemonti.com\/fr\/ce-quil-faut-voir\/le-vatican\/#breadcrumb\"},\"inLanguage\":\"fr-FR\",\"potentialAction\":[{\"@type\":\"ReadAction\",\"target\":[\"https:\/\/www.dtromemonti.com\/fr\/ce-quil-faut-voir\/le-vatican\/\"]}]},{\"@type\":\"BreadcrumbList\",\"@id\":\"https:\/\/www.dtromemonti.com\/fr\/ce-quil-faut-voir\/le-vatican\/#breadcrumb\",\"itemListElement\":[{\"@type\":\"ListItem\",\"position\":1,\"name\":\"Home\",\"item\":\"https:\/\/www.dtromemonti.com\/fr\/\"},{\"@type\":\"ListItem\",\"position\":2,\"name\":\"Ce qu&rsquo;il faut voir\",\"item\":\"https:\/\/www.dtromemonti.com\/fr\/ce-quil-faut-voir\/\"},{\"@type\":\"ListItem\",\"position\":3,\"name\":\"Le Vatican\"}]},{\"@type\":\"WebSite\",\"@id\":\"https:\/\/www.dtromemonti.com\/fr\/#website\",\"url\":\"https:\/\/www.dtromemonti.com\/fr\/\",\"name\":\"DoubleTree by Hilton Rome Monti\",\"description\":\"Just another ms.decms.eu site\",\"potentialAction\":[{\"@type\":\"SearchAction\",\"target\":{\"@type\":\"EntryPoint\",\"urlTemplate\":\"https:\/\/www.dtromemonti.com\/fr\/?s={search_term_string}\"},\"query-input\":{\"@type\":\"PropertyValueSpecification\",\"valueRequired\":true,\"valueName\":\"search_term_string\"}}],\"inLanguage\":\"fr-FR\"}]}<\/script>\n<!-- \/ Yoast SEO plugin. -->","yoast_head_json":{"title":"Que voir au Vatican : Saint-Pierre, Ob\u00e9lisque | Hilton Rome","description":"Vous souhaitez explorer la Cit\u00e9 du Vatican ? Consultez le guide du DoubleTree by Hilton Rome Monti et d\u00e9couvrez les monuments incontournables \u00e0 visiter.","robots":{"index":"index","follow":"follow","max-snippet":"max-snippet:-1","max-image-preview":"max-image-preview:large","max-video-preview":"max-video-preview:-1"},"canonical":"https:\/\/www.dtromemonti.com\/fr\/ce-quil-faut-voir\/le-vatican\/","og_locale":"fr_FR","og_type":"article","og_title":"Que voir au Vatican : Saint-Pierre, Ob\u00e9lisque | Hilton Rome","og_description":"Vous souhaitez explorer la Cit\u00e9 du Vatican ? Consultez le guide du DoubleTree by Hilton Rome Monti et d\u00e9couvrez les monuments incontournables \u00e0 visiter.","og_url":"https:\/\/www.dtromemonti.com\/fr\/ce-quil-faut-voir\/le-vatican\/","og_site_name":"DoubleTree by Hilton Rome Monti","article_modified_time":"2023-02-22T08:37:25+00:00","twitter_card":"summary_large_image","twitter_misc":{"Dur\u00e9e de lecture estim\u00e9e":"1 minute"},"schema":{"@context":"https:\/\/schema.org","@graph":[{"@type":"WebPage","@id":"https:\/\/www.dtromemonti.com\/fr\/ce-quil-faut-voir\/le-vatican\/","url":"https:\/\/www.dtromemonti.com\/fr\/ce-quil-faut-voir\/le-vatican\/","name":"Que voir au Vatican : Saint-Pierre, Ob\u00e9lisque | Hilton Rome","isPartOf":{"@id":"https:\/\/www.dtromemonti.com\/fr\/#website"},"datePublished":"2022-12-22T16:53:28+00:00","dateModified":"2023-02-22T08:37:25+00:00","description":"Vous souhaitez explorer la Cit\u00e9 du Vatican ? Consultez le guide du DoubleTree by Hilton Rome Monti et d\u00e9couvrez les monuments incontournables \u00e0 visiter.","breadcrumb":{"@id":"https:\/\/www.dtromemonti.com\/fr\/ce-quil-faut-voir\/le-vatican\/#breadcrumb"},"inLanguage":"fr-FR","potentialAction":[{"@type":"ReadAction","target":["https:\/\/www.dtromemonti.com\/fr\/ce-quil-faut-voir\/le-vatican\/"]}]},{"@type":"BreadcrumbList","@id":"https:\/\/www.dtromemonti.com\/fr\/ce-quil-faut-voir\/le-vatican\/#breadcrumb","itemListElement":[{"@type":"ListItem","position":1,"name":"Home","item":"https:\/\/www.dtromemonti.com\/fr\/"},{"@type":"ListItem","position":2,"name":"Ce qu&rsquo;il faut voir","item":"https:\/\/www.dtromemonti.com\/fr\/ce-quil-faut-voir\/"},{"@type":"ListItem","position":3,"name":"Le Vatican"}]},{"@type":"WebSite","@id":"https:\/\/www.dtromemonti.com\/fr\/#website","url":"https:\/\/www.dtromemonti.com\/fr\/","name":"DoubleTree by Hilton Rome Monti","description":"Just another ms.decms.eu site","potentialAction":[{"@type":"SearchAction","target":{"@type":"EntryPoint","urlTemplate":"https:\/\/www.dtromemonti.com\/fr\/?s={search_term_string}"},"query-input":{"@type":"PropertyValueSpecification","valueRequired":true,"valueName":"search_term_string"}}],"inLanguage":"fr-FR"}]}},"acf":[],"_links":{"self":[{"href":"https:\/\/www.dtromemonti.com\/fr\/wp-json\/wp\/v2\/pages\/630","targetHints":{"allow":["GET"]}}],"collection":[{"href":"https:\/\/www.dtromemonti.com\/fr\/wp-json\/wp\/v2\/pages"}],"about":[{"href":"https:\/\/www.dtromemonti.com\/fr\/wp-json\/wp\/v2\/types\/page"}],"author":[{"embeddable":true,"href":"https:\/\/www.dtromemonti.com\/fr\/wp-json\/wp\/v2\/users\/6"}],"replies":[{"embeddable":true,"href":"https:\/\/www.dtromemonti.com\/fr\/wp-json\/wp\/v2\/comments?post=630"}],"version-history":[{"count":0,"href":"https:\/\/www.dtromemonti.com\/fr\/wp-json\/wp\/v2\/pages\/630\/revisions"}],"up":[{"embeddable":true,"href":"https:\/\/www.dtromemonti.com\/fr\/wp-json\/wp\/v2\/pages\/641"}],"wp:attachment":[{"href":"https:\/\/www.dtromemonti.com\/fr\/wp-json\/wp\/v2\/media?parent=630"}],"curies":[{"name":"wp","href":"https:\/\/api.w.org\/{rel}","templated":true}]}}