{"id":628,"date":"2022-12-22T16:48:27","date_gmt":"2022-12-22T16:48:27","guid":{"rendered":"https:\/\/hiltonrome.ms.decms.eu\/museums\/"},"modified":"2023-07-20T12:52:28","modified_gmt":"2023-07-20T12:52:28","slug":"musees","status":"publish","type":"page","link":"https:\/\/www.dtromemonti.com\/fr\/ce-quil-faut-voir\/musees\/","title":{"rendered":"Mus\u00e9es"},"content":{"rendered":"<p><span style=\"font-weight: 400\">De l&rsquo;<\/span><b>Ara Pacis <\/b><span style=\"font-weight: 400\">au <\/span><b>Maxxi<\/b><span style=\"font-weight: 400\">, des Musei Capitolini au Museo Archeologico de la Centrale Montemartini, de la Galerie Borgh\u00e8se au <\/span><b>Palais Barberini<\/b><span style=\"font-weight: 400\">: <\/span><b>les mus\u00e9es de Rome<\/b><span style=\"font-weight: 400\"> racontent l&rsquo;histoire et l&rsquo;art de la Ville \u00e9ternelle, \u00e0 travers un parcours qui t\u00e9moigne du savoir-faire, du g\u00e9nie, de la connaissance et de l&rsquo;amour pour la beaut\u00e9 des empereurs, des papes, des administrations et des personnes qui ont v\u00e9cu la ville au cours des si\u00e8cles. <\/span><b>Nos bons plans<\/b><span style=\"font-weight: 400\">. <\/span><\/p>\n","protected":false},"excerpt":{"rendered":"<p>De l&rsquo;Ara Pacis au Maxxi, des Musei Capitolini au Museo Archeologico de la Centrale Montemartini, de la Galerie Borgh\u00e8se au Palais Barberini: les mus\u00e9es de Rome racontent l&rsquo;histoire et l&rsquo;art de la Ville \u00e9ternelle, \u00e0 travers un parcours qui t\u00e9moigne du savoir-faire, du g\u00e9nie, de la connaissance et de l&rsquo;amour pour la beaut\u00e9 des empereurs, [&hellip;]<\/p>\n","protected":false},"author":6,"featured_media":0,"parent":641,"menu_order":71,"comment_status":"closed","ping_status":"closed","template":"","meta":{"footnotes":""},"class_list":["post-628","page","type-page","status-publish","hentry"],"yoast_head":"<!-- This site is optimized with the Yoast SEO plugin v26.9 - https:\/\/yoast.com\/product\/yoast-seo-wordpress\/ -->\n<title>Mus\u00e9es de Rome: Maxxi, Ara Pacis etc. | Hilton Rome<\/title>\n<meta name=\"description\" content=\"Visitez les c\u00e9l\u00e8bres mus\u00e9es de Rome : Maxxi, Ara Pacis, Explora etc. Consultez le guide Hilton Rome Monti et d\u00e9couvrez les plus beaux mus\u00e9es de la ville.\" \/>\n<meta name=\"robots\" content=\"index, follow, max-snippet:-1, max-image-preview:large, max-video-preview:-1\" \/>\n<link rel=\"canonical\" href=\"https:\/\/www.dtromemonti.com\/fr\/ce-quil-faut-voir\/musees\/\" \/>\n<meta property=\"og:locale\" content=\"fr_FR\" \/>\n<meta property=\"og:type\" content=\"article\" \/>\n<meta property=\"og:title\" content=\"Mus\u00e9es de Rome: Maxxi, Ara Pacis etc. | Hilton Rome\" \/>\n<meta property=\"og:description\" content=\"Visitez les c\u00e9l\u00e8bres mus\u00e9es de Rome : Maxxi, Ara Pacis, Explora etc. Consultez le guide Hilton Rome Monti et d\u00e9couvrez les plus beaux mus\u00e9es de la ville.\" \/>\n<meta property=\"og:url\" content=\"https:\/\/www.dtromemonti.com\/fr\/ce-quil-faut-voir\/musees\/\" \/>\n<meta property=\"og:site_name\" content=\"DoubleTree by Hilton Rome Monti\" \/>\n<meta property=\"article:modified_time\" content=\"2023-07-20T12:52:28+00:00\" \/>\n<meta name=\"twitter:card\" content=\"summary_large_image\" \/>\n<meta name=\"twitter:label1\" content=\"Dur\u00e9e de lecture estim\u00e9e\" \/>\n\t<meta name=\"twitter:data1\" content=\"1 minute\" \/>\n<script type=\"application\/ld+json\" class=\"yoast-schema-graph\">{\"@context\":\"https:\/\/schema.org\",\"@graph\":[{\"@type\":\"WebPage\",\"@id\":\"https:\/\/www.dtromemonti.com\/fr\/ce-quil-faut-voir\/musees\/\",\"url\":\"https:\/\/www.dtromemonti.com\/fr\/ce-quil-faut-voir\/musees\/\",\"name\":\"Mus\u00e9es de Rome: Maxxi, Ara Pacis etc. | Hilton Rome\",\"isPartOf\":{\"@id\":\"https:\/\/www.dtromemonti.com\/fr\/#website\"},\"datePublished\":\"2022-12-22T16:48:27+00:00\",\"dateModified\":\"2023-07-20T12:52:28+00:00\",\"description\":\"Visitez les c\u00e9l\u00e8bres mus\u00e9es de Rome : Maxxi, Ara Pacis, Explora etc. Consultez le guide Hilton Rome Monti et d\u00e9couvrez les plus beaux mus\u00e9es de la ville.\",\"breadcrumb\":{\"@id\":\"https:\/\/www.dtromemonti.com\/fr\/ce-quil-faut-voir\/musees\/#breadcrumb\"},\"inLanguage\":\"fr-FR\",\"potentialAction\":[{\"@type\":\"ReadAction\",\"target\":[\"https:\/\/www.dtromemonti.com\/fr\/ce-quil-faut-voir\/musees\/\"]}]},{\"@type\":\"BreadcrumbList\",\"@id\":\"https:\/\/www.dtromemonti.com\/fr\/ce-quil-faut-voir\/musees\/#breadcrumb\",\"itemListElement\":[{\"@type\":\"ListItem\",\"position\":1,\"name\":\"Home\",\"item\":\"https:\/\/www.dtromemonti.com\/fr\/\"},{\"@type\":\"ListItem\",\"position\":2,\"name\":\"Ce qu&rsquo;il faut voir\",\"item\":\"https:\/\/www.dtromemonti.com\/fr\/ce-quil-faut-voir\/\"},{\"@type\":\"ListItem\",\"position\":3,\"name\":\"Mus\u00e9es\"}]},{\"@type\":\"WebSite\",\"@id\":\"https:\/\/www.dtromemonti.com\/fr\/#website\",\"url\":\"https:\/\/www.dtromemonti.com\/fr\/\",\"name\":\"DoubleTree by Hilton Rome Monti\",\"description\":\"Just another ms.decms.eu site\",\"potentialAction\":[{\"@type\":\"SearchAction\",\"target\":{\"@type\":\"EntryPoint\",\"urlTemplate\":\"https:\/\/www.dtromemonti.com\/fr\/?s={search_term_string}\"},\"query-input\":{\"@type\":\"PropertyValueSpecification\",\"valueRequired\":true,\"valueName\":\"search_term_string\"}}],\"inLanguage\":\"fr-FR\"}]}<\/script>\n<!-- \/ Yoast SEO plugin. -->","yoast_head_json":{"title":"Mus\u00e9es de Rome: Maxxi, Ara Pacis etc. | Hilton Rome","description":"Visitez les c\u00e9l\u00e8bres mus\u00e9es de Rome : Maxxi, Ara Pacis, Explora etc. Consultez le guide Hilton Rome Monti et d\u00e9couvrez les plus beaux mus\u00e9es de la ville.","robots":{"index":"index","follow":"follow","max-snippet":"max-snippet:-1","max-image-preview":"max-image-preview:large","max-video-preview":"max-video-preview:-1"},"canonical":"https:\/\/www.dtromemonti.com\/fr\/ce-quil-faut-voir\/musees\/","og_locale":"fr_FR","og_type":"article","og_title":"Mus\u00e9es de Rome: Maxxi, Ara Pacis etc. | Hilton Rome","og_description":"Visitez les c\u00e9l\u00e8bres mus\u00e9es de Rome : Maxxi, Ara Pacis, Explora etc. Consultez le guide Hilton Rome Monti et d\u00e9couvrez les plus beaux mus\u00e9es de la ville.","og_url":"https:\/\/www.dtromemonti.com\/fr\/ce-quil-faut-voir\/musees\/","og_site_name":"DoubleTree by Hilton Rome Monti","article_modified_time":"2023-07-20T12:52:28+00:00","twitter_card":"summary_large_image","twitter_misc":{"Dur\u00e9e de lecture estim\u00e9e":"1 minute"},"schema":{"@context":"https:\/\/schema.org","@graph":[{"@type":"WebPage","@id":"https:\/\/www.dtromemonti.com\/fr\/ce-quil-faut-voir\/musees\/","url":"https:\/\/www.dtromemonti.com\/fr\/ce-quil-faut-voir\/musees\/","name":"Mus\u00e9es de Rome: Maxxi, Ara Pacis etc. | Hilton Rome","isPartOf":{"@id":"https:\/\/www.dtromemonti.com\/fr\/#website"},"datePublished":"2022-12-22T16:48:27+00:00","dateModified":"2023-07-20T12:52:28+00:00","description":"Visitez les c\u00e9l\u00e8bres mus\u00e9es de Rome : Maxxi, Ara Pacis, Explora etc. Consultez le guide Hilton Rome Monti et d\u00e9couvrez les plus beaux mus\u00e9es de la ville.","breadcrumb":{"@id":"https:\/\/www.dtromemonti.com\/fr\/ce-quil-faut-voir\/musees\/#breadcrumb"},"inLanguage":"fr-FR","potentialAction":[{"@type":"ReadAction","target":["https:\/\/www.dtromemonti.com\/fr\/ce-quil-faut-voir\/musees\/"]}]},{"@type":"BreadcrumbList","@id":"https:\/\/www.dtromemonti.com\/fr\/ce-quil-faut-voir\/musees\/#breadcrumb","itemListElement":[{"@type":"ListItem","position":1,"name":"Home","item":"https:\/\/www.dtromemonti.com\/fr\/"},{"@type":"ListItem","position":2,"name":"Ce qu&rsquo;il faut voir","item":"https:\/\/www.dtromemonti.com\/fr\/ce-quil-faut-voir\/"},{"@type":"ListItem","position":3,"name":"Mus\u00e9es"}]},{"@type":"WebSite","@id":"https:\/\/www.dtromemonti.com\/fr\/#website","url":"https:\/\/www.dtromemonti.com\/fr\/","name":"DoubleTree by Hilton Rome Monti","description":"Just another ms.decms.eu site","potentialAction":[{"@type":"SearchAction","target":{"@type":"EntryPoint","urlTemplate":"https:\/\/www.dtromemonti.com\/fr\/?s={search_term_string}"},"query-input":{"@type":"PropertyValueSpecification","valueRequired":true,"valueName":"search_term_string"}}],"inLanguage":"fr-FR"}]}},"acf":[],"_links":{"self":[{"href":"https:\/\/www.dtromemonti.com\/fr\/wp-json\/wp\/v2\/pages\/628","targetHints":{"allow":["GET"]}}],"collection":[{"href":"https:\/\/www.dtromemonti.com\/fr\/wp-json\/wp\/v2\/pages"}],"about":[{"href":"https:\/\/www.dtromemonti.com\/fr\/wp-json\/wp\/v2\/types\/page"}],"author":[{"embeddable":true,"href":"https:\/\/www.dtromemonti.com\/fr\/wp-json\/wp\/v2\/users\/6"}],"replies":[{"embeddable":true,"href":"https:\/\/www.dtromemonti.com\/fr\/wp-json\/wp\/v2\/comments?post=628"}],"version-history":[{"count":0,"href":"https:\/\/www.dtromemonti.com\/fr\/wp-json\/wp\/v2\/pages\/628\/revisions"}],"up":[{"embeddable":true,"href":"https:\/\/www.dtromemonti.com\/fr\/wp-json\/wp\/v2\/pages\/641"}],"wp:attachment":[{"href":"https:\/\/www.dtromemonti.com\/fr\/wp-json\/wp\/v2\/media?parent=628"}],"curies":[{"name":"wp","href":"https:\/\/api.w.org\/{rel}","templated":true}]}}