{"id":617,"date":"2022-12-22T17:27:08","date_gmt":"2022-12-22T17:27:08","guid":{"rendered":"https:\/\/hiltonrome.ms.decms.eu\/offers-and-packages\/half-board\/"},"modified":"2023-06-22T13:48:55","modified_gmt":"2023-06-22T13:48:55","slug":"half-board","status":"publish","type":"page","link":"https:\/\/www.dtromemonti.com\/fr\/offres-et-formules\/half-board\/","title":{"rendered":"Half Board"},"content":{"rendered":"","protected":false},"excerpt":{"rendered":"","protected":false},"author":6,"featured_media":0,"parent":610,"menu_order":53,"comment_status":"closed","ping_status":"closed","template":"template-default-3.php","meta":{"footnotes":""},"class_list":["post-617","page","type-page","status-publish","hentry"],"yoast_head":"<!-- This site is optimized with the Yoast SEO plugin v26.9 - https:\/\/yoast.com\/product\/yoast-seo-wordpress\/ -->\n<title>D\u00eener &amp; petit-d\u00e9jeuner | DoubleTree by Hilton Rome Monti<\/title>\n<meta name=\"description\" content=\"Forfait d\u00eener et petit-d\u00e9jeuner pour votre s\u00e9jour \u00e0 Rome : vivez une exp\u00e9rience \u00e0 l\u2019enseigne des saveurs locales et raffin\u00e9es. Voir l\u2019offre en d\u00e9tail !\" \/>\n<meta name=\"robots\" content=\"index, follow, max-snippet:-1, max-image-preview:large, max-video-preview:-1\" \/>\n<link rel=\"canonical\" href=\"https:\/\/www.dtromemonti.com\/fr\/offres-et-formules\/half-board\/\" \/>\n<meta property=\"og:locale\" content=\"fr_FR\" \/>\n<meta property=\"og:type\" content=\"article\" \/>\n<meta property=\"og:title\" content=\"D\u00eener &amp; petit-d\u00e9jeuner | DoubleTree by Hilton Rome Monti\" \/>\n<meta property=\"og:description\" content=\"Forfait d\u00eener et petit-d\u00e9jeuner pour votre s\u00e9jour \u00e0 Rome : vivez une exp\u00e9rience \u00e0 l\u2019enseigne des saveurs locales et raffin\u00e9es. Voir l\u2019offre en d\u00e9tail !\" \/>\n<meta property=\"og:url\" content=\"https:\/\/www.dtromemonti.com\/fr\/offres-et-formules\/half-board\/\" \/>\n<meta property=\"og:site_name\" content=\"DoubleTree by Hilton Rome Monti\" \/>\n<meta property=\"article:modified_time\" content=\"2023-06-22T13:48:55+00:00\" \/>\n<meta name=\"twitter:card\" content=\"summary_large_image\" \/>\n<script type=\"application\/ld+json\" class=\"yoast-schema-graph\">{\"@context\":\"https:\/\/schema.org\",\"@graph\":[{\"@type\":\"WebPage\",\"@id\":\"https:\/\/www.dtromemonti.com\/fr\/offres-et-formules\/half-board\/\",\"url\":\"https:\/\/www.dtromemonti.com\/fr\/offres-et-formules\/half-board\/\",\"name\":\"D\u00eener & petit-d\u00e9jeuner | DoubleTree by Hilton Rome Monti\",\"isPartOf\":{\"@id\":\"https:\/\/www.dtromemonti.com\/fr\/#website\"},\"datePublished\":\"2022-12-22T17:27:08+00:00\",\"dateModified\":\"2023-06-22T13:48:55+00:00\",\"description\":\"Forfait d\u00eener et petit-d\u00e9jeuner pour votre s\u00e9jour \u00e0 Rome : vivez une exp\u00e9rience \u00e0 l\u2019enseigne des saveurs locales et raffin\u00e9es. Voir l\u2019offre en d\u00e9tail !\",\"breadcrumb\":{\"@id\":\"https:\/\/www.dtromemonti.com\/fr\/offres-et-formules\/half-board\/#breadcrumb\"},\"inLanguage\":\"fr-FR\",\"potentialAction\":[{\"@type\":\"ReadAction\",\"target\":[\"https:\/\/www.dtromemonti.com\/fr\/offres-et-formules\/half-board\/\"]}]},{\"@type\":\"BreadcrumbList\",\"@id\":\"https:\/\/www.dtromemonti.com\/fr\/offres-et-formules\/half-board\/#breadcrumb\",\"itemListElement\":[{\"@type\":\"ListItem\",\"position\":1,\"name\":\"Home\",\"item\":\"https:\/\/www.dtromemonti.com\/fr\/\"},{\"@type\":\"ListItem\",\"position\":2,\"name\":\"Offres et Formules\",\"item\":\"https:\/\/www.dtromemonti.com\/fr\/offres-et-formules\/\"},{\"@type\":\"ListItem\",\"position\":3,\"name\":\"Half Board\"}]},{\"@type\":\"WebSite\",\"@id\":\"https:\/\/www.dtromemonti.com\/fr\/#website\",\"url\":\"https:\/\/www.dtromemonti.com\/fr\/\",\"name\":\"DoubleTree by Hilton Rome Monti\",\"description\":\"Just another ms.decms.eu site\",\"potentialAction\":[{\"@type\":\"SearchAction\",\"target\":{\"@type\":\"EntryPoint\",\"urlTemplate\":\"https:\/\/www.dtromemonti.com\/fr\/?s={search_term_string}\"},\"query-input\":{\"@type\":\"PropertyValueSpecification\",\"valueRequired\":true,\"valueName\":\"search_term_string\"}}],\"inLanguage\":\"fr-FR\"}]}<\/script>\n<!-- \/ Yoast SEO plugin. -->","yoast_head_json":{"title":"D\u00eener & petit-d\u00e9jeuner | DoubleTree by Hilton Rome Monti","description":"Forfait d\u00eener et petit-d\u00e9jeuner pour votre s\u00e9jour \u00e0 Rome : vivez une exp\u00e9rience \u00e0 l\u2019enseigne des saveurs locales et raffin\u00e9es. Voir l\u2019offre en d\u00e9tail !","robots":{"index":"index","follow":"follow","max-snippet":"max-snippet:-1","max-image-preview":"max-image-preview:large","max-video-preview":"max-video-preview:-1"},"canonical":"https:\/\/www.dtromemonti.com\/fr\/offres-et-formules\/half-board\/","og_locale":"fr_FR","og_type":"article","og_title":"D\u00eener & petit-d\u00e9jeuner | DoubleTree by Hilton Rome Monti","og_description":"Forfait d\u00eener et petit-d\u00e9jeuner pour votre s\u00e9jour \u00e0 Rome : vivez une exp\u00e9rience \u00e0 l\u2019enseigne des saveurs locales et raffin\u00e9es. Voir l\u2019offre en d\u00e9tail !","og_url":"https:\/\/www.dtromemonti.com\/fr\/offres-et-formules\/half-board\/","og_site_name":"DoubleTree by Hilton Rome Monti","article_modified_time":"2023-06-22T13:48:55+00:00","twitter_card":"summary_large_image","schema":{"@context":"https:\/\/schema.org","@graph":[{"@type":"WebPage","@id":"https:\/\/www.dtromemonti.com\/fr\/offres-et-formules\/half-board\/","url":"https:\/\/www.dtromemonti.com\/fr\/offres-et-formules\/half-board\/","name":"D\u00eener & petit-d\u00e9jeuner | DoubleTree by Hilton Rome Monti","isPartOf":{"@id":"https:\/\/www.dtromemonti.com\/fr\/#website"},"datePublished":"2022-12-22T17:27:08+00:00","dateModified":"2023-06-22T13:48:55+00:00","description":"Forfait d\u00eener et petit-d\u00e9jeuner pour votre s\u00e9jour \u00e0 Rome : vivez une exp\u00e9rience \u00e0 l\u2019enseigne des saveurs locales et raffin\u00e9es. Voir l\u2019offre en d\u00e9tail !","breadcrumb":{"@id":"https:\/\/www.dtromemonti.com\/fr\/offres-et-formules\/half-board\/#breadcrumb"},"inLanguage":"fr-FR","potentialAction":[{"@type":"ReadAction","target":["https:\/\/www.dtromemonti.com\/fr\/offres-et-formules\/half-board\/"]}]},{"@type":"BreadcrumbList","@id":"https:\/\/www.dtromemonti.com\/fr\/offres-et-formules\/half-board\/#breadcrumb","itemListElement":[{"@type":"ListItem","position":1,"name":"Home","item":"https:\/\/www.dtromemonti.com\/fr\/"},{"@type":"ListItem","position":2,"name":"Offres et Formules","item":"https:\/\/www.dtromemonti.com\/fr\/offres-et-formules\/"},{"@type":"ListItem","position":3,"name":"Half Board"}]},{"@type":"WebSite","@id":"https:\/\/www.dtromemonti.com\/fr\/#website","url":"https:\/\/www.dtromemonti.com\/fr\/","name":"DoubleTree by Hilton Rome Monti","description":"Just another ms.decms.eu site","potentialAction":[{"@type":"SearchAction","target":{"@type":"EntryPoint","urlTemplate":"https:\/\/www.dtromemonti.com\/fr\/?s={search_term_string}"},"query-input":{"@type":"PropertyValueSpecification","valueRequired":true,"valueName":"search_term_string"}}],"inLanguage":"fr-FR"}]}},"acf":[],"_links":{"self":[{"href":"https:\/\/www.dtromemonti.com\/fr\/wp-json\/wp\/v2\/pages\/617","targetHints":{"allow":["GET"]}}],"collection":[{"href":"https:\/\/www.dtromemonti.com\/fr\/wp-json\/wp\/v2\/pages"}],"about":[{"href":"https:\/\/www.dtromemonti.com\/fr\/wp-json\/wp\/v2\/types\/page"}],"author":[{"embeddable":true,"href":"https:\/\/www.dtromemonti.com\/fr\/wp-json\/wp\/v2\/users\/6"}],"replies":[{"embeddable":true,"href":"https:\/\/www.dtromemonti.com\/fr\/wp-json\/wp\/v2\/comments?post=617"}],"version-history":[{"count":0,"href":"https:\/\/www.dtromemonti.com\/fr\/wp-json\/wp\/v2\/pages\/617\/revisions"}],"up":[{"embeddable":true,"href":"https:\/\/www.dtromemonti.com\/fr\/wp-json\/wp\/v2\/pages\/610"}],"wp:attachment":[{"href":"https:\/\/www.dtromemonti.com\/fr\/wp-json\/wp\/v2\/media?parent=617"}],"curies":[{"name":"wp","href":"https:\/\/api.w.org\/{rel}","templated":true}]}}