{"id":610,"date":"2022-12-22T16:41:30","date_gmt":"2022-12-22T16:41:30","guid":{"rendered":"https:\/\/hiltonrome.ms.decms.eu\/offers-and-packages\/"},"modified":"2023-02-22T08:33:12","modified_gmt":"2023-02-22T08:33:12","slug":"offres-et-formules","status":"publish","type":"page","link":"https:\/\/www.dtromemonti.com\/fr\/offres-et-formules\/","title":{"rendered":"Offres et Formules"},"content":{"rendered":"<p><b>\u00ab\u00a0Rome ne s&rsquo;est pas faite en un jour\u00a0\u00bb<\/b><span style=\"font-weight: 400;\"> et une seule journ\u00e9e ne saurait suffire pour savourer son atmosph\u00e8re, son histoire, son patrimoine artistique et sa Dolce Vita !<\/span><\/p>\n<p><span style=\"font-weight: 400;\">Le DoubleTree by Hilton Rome Monti a \u00e9labor\u00e9 des <\/span><b>offres et des formules sp\u00e9ciales <\/b><span style=\"font-weight: 400;\">pour <\/span><b>offrir <\/b><span style=\"font-weight: 400;\">une <\/span><b>exp\u00e9rience <\/b><span style=\"font-weight: 400;\">unique <\/span><b>\u00e0 Rome <\/b><span style=\"font-weight: 400;\">\u00e0 tous les clients qui r\u00e9servent en ligne out au + 39 <\/span><span style=\"font-weight: 400;\">06 4577 4500<\/span><span style=\"font-weight: 400;\">.\u00a0<\/span><\/p>\n<p><span style=\"font-weight: 400;\">D\u00e9couvrez ici les <\/span><b>offres<\/b><span style=\"font-weight: 400;\"> et <\/span><b>formules<\/b><span style=\"font-weight: 400;\"> exclusives du DoubleTree by Hilton Rome Monti.\u00a0<\/span><\/p>\n","protected":false},"excerpt":{"rendered":"<p>\u00ab\u00a0Rome ne s&rsquo;est pas faite en un jour\u00a0\u00bb et une seule journ\u00e9e ne saurait suffire pour savourer son atmosph\u00e8re, son histoire, son patrimoine artistique et sa Dolce Vita ! Le DoubleTree by Hilton Rome Monti a \u00e9labor\u00e9 des offres et des formules sp\u00e9ciales pour offrir une exp\u00e9rience unique \u00e0 Rome \u00e0 tous les clients qui [&hellip;]<\/p>\n","protected":false},"author":6,"featured_media":0,"parent":0,"menu_order":50,"comment_status":"closed","ping_status":"closed","template":"template-offers.php","meta":{"footnotes":""},"class_list":["post-610","page","type-page","status-publish","hentry"],"yoast_head":"<!-- This site is optimized with the Yoast SEO plugin v26.9 - https:\/\/yoast.com\/product\/yoast-seo-wordpress\/ -->\n<title>Offres &amp; forfaits vacances | DoubleTree by Hilton Rome Monti<\/title>\n<meta name=\"description\" content=\"Un s\u00e9jour \u00e0 Rome encore plus magique avec offres et forfaits sp\u00e9cialement s\u00e9lectionn\u00e9s par le DoubleTree by Hilton Rome Monti. D\u00e9couvrir toutes les offres !\" \/>\n<meta name=\"robots\" content=\"index, follow, max-snippet:-1, max-image-preview:large, max-video-preview:-1\" \/>\n<link rel=\"canonical\" href=\"https:\/\/www.dtromemonti.com\/fr\/offres-et-formules\/\" \/>\n<meta property=\"og:locale\" content=\"fr_FR\" \/>\n<meta property=\"og:type\" content=\"article\" \/>\n<meta property=\"og:title\" content=\"Offres &amp; forfaits vacances | DoubleTree by Hilton Rome Monti\" \/>\n<meta property=\"og:description\" content=\"Un s\u00e9jour \u00e0 Rome encore plus magique avec offres et forfaits sp\u00e9cialement s\u00e9lectionn\u00e9s par le DoubleTree by Hilton Rome Monti. D\u00e9couvrir toutes les offres !\" \/>\n<meta property=\"og:url\" content=\"https:\/\/www.dtromemonti.com\/fr\/offres-et-formules\/\" \/>\n<meta property=\"og:site_name\" content=\"DoubleTree by Hilton Rome Monti\" \/>\n<meta property=\"article:modified_time\" content=\"2023-02-22T08:33:12+00:00\" \/>\n<meta name=\"twitter:card\" content=\"summary_large_image\" \/>\n<meta name=\"twitter:label1\" content=\"Dur\u00e9e de lecture estim\u00e9e\" \/>\n\t<meta name=\"twitter:data1\" content=\"1 minute\" \/>\n<script type=\"application\/ld+json\" class=\"yoast-schema-graph\">{\"@context\":\"https:\/\/schema.org\",\"@graph\":[{\"@type\":\"WebPage\",\"@id\":\"https:\/\/www.dtromemonti.com\/fr\/offres-et-formules\/\",\"url\":\"https:\/\/www.dtromemonti.com\/fr\/offres-et-formules\/\",\"name\":\"Offres & forfaits vacances | DoubleTree by Hilton Rome Monti\",\"isPartOf\":{\"@id\":\"https:\/\/www.dtromemonti.com\/fr\/#website\"},\"datePublished\":\"2022-12-22T16:41:30+00:00\",\"dateModified\":\"2023-02-22T08:33:12+00:00\",\"description\":\"Un s\u00e9jour \u00e0 Rome encore plus magique avec offres et forfaits sp\u00e9cialement s\u00e9lectionn\u00e9s par le DoubleTree by Hilton Rome Monti. D\u00e9couvrir toutes les offres !\",\"breadcrumb\":{\"@id\":\"https:\/\/www.dtromemonti.com\/fr\/offres-et-formules\/#breadcrumb\"},\"inLanguage\":\"fr-FR\",\"potentialAction\":[{\"@type\":\"ReadAction\",\"target\":[\"https:\/\/www.dtromemonti.com\/fr\/offres-et-formules\/\"]}]},{\"@type\":\"BreadcrumbList\",\"@id\":\"https:\/\/www.dtromemonti.com\/fr\/offres-et-formules\/#breadcrumb\",\"itemListElement\":[{\"@type\":\"ListItem\",\"position\":1,\"name\":\"Home\",\"item\":\"https:\/\/www.dtromemonti.com\/fr\/\"},{\"@type\":\"ListItem\",\"position\":2,\"name\":\"Offres et Formules\"}]},{\"@type\":\"WebSite\",\"@id\":\"https:\/\/www.dtromemonti.com\/fr\/#website\",\"url\":\"https:\/\/www.dtromemonti.com\/fr\/\",\"name\":\"DoubleTree by Hilton Rome Monti\",\"description\":\"Just another ms.decms.eu site\",\"potentialAction\":[{\"@type\":\"SearchAction\",\"target\":{\"@type\":\"EntryPoint\",\"urlTemplate\":\"https:\/\/www.dtromemonti.com\/fr\/?s={search_term_string}\"},\"query-input\":{\"@type\":\"PropertyValueSpecification\",\"valueRequired\":true,\"valueName\":\"search_term_string\"}}],\"inLanguage\":\"fr-FR\"}]}<\/script>\n<!-- \/ Yoast SEO plugin. -->","yoast_head_json":{"title":"Offres & forfaits vacances | DoubleTree by Hilton Rome Monti","description":"Un s\u00e9jour \u00e0 Rome encore plus magique avec offres et forfaits sp\u00e9cialement s\u00e9lectionn\u00e9s par le DoubleTree by Hilton Rome Monti. D\u00e9couvrir toutes les offres !","robots":{"index":"index","follow":"follow","max-snippet":"max-snippet:-1","max-image-preview":"max-image-preview:large","max-video-preview":"max-video-preview:-1"},"canonical":"https:\/\/www.dtromemonti.com\/fr\/offres-et-formules\/","og_locale":"fr_FR","og_type":"article","og_title":"Offres & forfaits vacances | DoubleTree by Hilton Rome Monti","og_description":"Un s\u00e9jour \u00e0 Rome encore plus magique avec offres et forfaits sp\u00e9cialement s\u00e9lectionn\u00e9s par le DoubleTree by Hilton Rome Monti. D\u00e9couvrir toutes les offres !","og_url":"https:\/\/www.dtromemonti.com\/fr\/offres-et-formules\/","og_site_name":"DoubleTree by Hilton Rome Monti","article_modified_time":"2023-02-22T08:33:12+00:00","twitter_card":"summary_large_image","twitter_misc":{"Dur\u00e9e de lecture estim\u00e9e":"1 minute"},"schema":{"@context":"https:\/\/schema.org","@graph":[{"@type":"WebPage","@id":"https:\/\/www.dtromemonti.com\/fr\/offres-et-formules\/","url":"https:\/\/www.dtromemonti.com\/fr\/offres-et-formules\/","name":"Offres & forfaits vacances | DoubleTree by Hilton Rome Monti","isPartOf":{"@id":"https:\/\/www.dtromemonti.com\/fr\/#website"},"datePublished":"2022-12-22T16:41:30+00:00","dateModified":"2023-02-22T08:33:12+00:00","description":"Un s\u00e9jour \u00e0 Rome encore plus magique avec offres et forfaits sp\u00e9cialement s\u00e9lectionn\u00e9s par le DoubleTree by Hilton Rome Monti. D\u00e9couvrir toutes les offres !","breadcrumb":{"@id":"https:\/\/www.dtromemonti.com\/fr\/offres-et-formules\/#breadcrumb"},"inLanguage":"fr-FR","potentialAction":[{"@type":"ReadAction","target":["https:\/\/www.dtromemonti.com\/fr\/offres-et-formules\/"]}]},{"@type":"BreadcrumbList","@id":"https:\/\/www.dtromemonti.com\/fr\/offres-et-formules\/#breadcrumb","itemListElement":[{"@type":"ListItem","position":1,"name":"Home","item":"https:\/\/www.dtromemonti.com\/fr\/"},{"@type":"ListItem","position":2,"name":"Offres et Formules"}]},{"@type":"WebSite","@id":"https:\/\/www.dtromemonti.com\/fr\/#website","url":"https:\/\/www.dtromemonti.com\/fr\/","name":"DoubleTree by Hilton Rome Monti","description":"Just another ms.decms.eu site","potentialAction":[{"@type":"SearchAction","target":{"@type":"EntryPoint","urlTemplate":"https:\/\/www.dtromemonti.com\/fr\/?s={search_term_string}"},"query-input":{"@type":"PropertyValueSpecification","valueRequired":true,"valueName":"search_term_string"}}],"inLanguage":"fr-FR"}]}},"acf":[],"_links":{"self":[{"href":"https:\/\/www.dtromemonti.com\/fr\/wp-json\/wp\/v2\/pages\/610","targetHints":{"allow":["GET"]}}],"collection":[{"href":"https:\/\/www.dtromemonti.com\/fr\/wp-json\/wp\/v2\/pages"}],"about":[{"href":"https:\/\/www.dtromemonti.com\/fr\/wp-json\/wp\/v2\/types\/page"}],"author":[{"embeddable":true,"href":"https:\/\/www.dtromemonti.com\/fr\/wp-json\/wp\/v2\/users\/6"}],"replies":[{"embeddable":true,"href":"https:\/\/www.dtromemonti.com\/fr\/wp-json\/wp\/v2\/comments?post=610"}],"version-history":[{"count":0,"href":"https:\/\/www.dtromemonti.com\/fr\/wp-json\/wp\/v2\/pages\/610\/revisions"}],"wp:attachment":[{"href":"https:\/\/www.dtromemonti.com\/fr\/wp-json\/wp\/v2\/media?parent=610"}],"curies":[{"name":"wp","href":"https:\/\/api.w.org\/{rel}","templated":true}]}}