{"id":609,"date":"2022-07-04T15:19:26","date_gmt":"2022-07-04T15:19:26","guid":{"rendered":"https:\/\/hiltonrome.ms.decms.eu\/where-to-find-us\/rione-monti-district\/"},"modified":"2023-02-22T08:17:35","modified_gmt":"2023-02-22T08:17:35","slug":"rione-monti","status":"publish","type":"page","link":"https:\/\/www.dtromemonti.com\/fr\/situation\/rione-monti\/","title":{"rendered":"Rione Monti"},"content":{"rendered":"<p><span style=\"font-weight: 400;\">Avec ses ruelles, ses petites places, ses anciens palais et son atmosph\u00e8re boh\u00e8me, le <\/span><b>Rione Monti<\/b><span style=\"font-weight: 400;\"> surprend par son charme et sa beaut\u00e9. Ici, antique et moderne se c\u00f4toient, une heureuse rencontre qui a transform\u00e9 le <\/span><b>plus vieux Rione de Rome<\/b><span style=\"font-weight: 400;\"> en quartier le <\/span><b>plus branch\u00e9<\/b><span style=\"font-weight: 400;\"> de la capitale. Parmi les ateliers d&rsquo;artisans et les trattorias, les boutiques de v\u00eatements et les galeries d&rsquo;art contemporain, les \u00e9tablissements chics et les nouveaux restaurants gastronomiques animent les soir\u00e9es romaines.<\/span><\/p>\n<p><span style=\"font-weight: 400;\">\u00c0 quelques pas du DoubleTree by Hilton Rome Monti, le c\u0153ur du Rione abrite de <\/span><b>splendides \u0153uvres d&rsquo;art<\/b><span style=\"font-weight: 400;\">, comme la mosa\u00efque pal\u00e9ochr\u00e9tienne de l&rsquo;\u00e9glise de Santa Pudenziana, le <\/span><b>Mo\u00efse de Michel-Ange<\/b><span style=\"font-weight: 400;\">, dans la basilique de San Pietro in Vincoli, et l\u2019autel de l&rsquo;\u00e9glise de Santi Domenico e Sisto, \u0153uvre du Bernin.<\/span><\/p>\n<p><span style=\"font-weight: 400;\">Durant l&rsquo;Antiquit\u00e9, le <\/span><b>Rione Monti <\/b><span style=\"font-weight: 400;\">faisait partie de la Suburra, les faubourgs romains, c\u2019est le premier et le plus ancien quartier de Rome. Les noms des rues et des places, baptis\u00e9es du nom de Serpents (Serpenti), Tziganes (Zingari), Bois (Boschetto), rappellent les origines p\u00e9riph\u00e9riques et populaires du quartier. Le nom Monti rend hommage \u00e0 trois des sept<\/span><b> collines de Rome<\/b><span style=\"font-weight: 400;\">, qui font partie du quartier : Esquilino, Viminale et Quirinale sont encore travers\u00e9s par <\/span><b>des rues<\/b> <b>qui montent et qui descendent<\/b><span style=\"font-weight: 400;\">, pav\u00e9es des c\u00e9l\u00e8bres sanpietrini qui vous accompagnent jusqu&rsquo;au <\/span><b>Colis\u00e9e<\/b><span style=\"font-weight: 400;\"> et au Forum romain.<\/span><\/p>\n<p><span style=\"font-weight: 400;\">Incontournables, la <\/span><b>Piazzetta della Madonna dei Monti<\/b><span style=\"font-weight: 400;\">, la Scala Santa, constitu\u00e9e des 28 marches de marbre gravies par J\u00e9sus pour rencontrer Ponce Pilate, et enfin la grandiose <\/span><b>basilique papale<\/b><span style=\"font-weight: 400;\"> de <\/span><b>Santa Maria Maggiore<\/b><span style=\"font-weight: 400;\">. La l\u00e9gende veut que la Vierge Marie soit apparue en r\u00eave au pape dans la nuit du 4 ao\u00fbt 358 apr\u00e8s J.-C. et lui ait demand\u00e9 de construire une \u00e9glise. Le lendemain, une <\/span><b>chute de neige inhabituelle<\/b><span style=\"font-weight: 400;\"> indiqua l&rsquo;endroit pr\u00e9cis o\u00f9 le temple devait \u00eatre construit : le sommet de la colline de l&rsquo;Esquilin. Depuis, chaque ann\u00e9e, le 5 ao\u00fbt, les Romains comm\u00e9morent le miracle en reconstituant l\u2019\u00e9v\u00e8nement : dans une atmosph\u00e8re tr\u00e8s suggestive, les fid\u00e8les et la foule de visiteurs assistent \u00e0 une spectaculaire chute de neige.<\/span><\/p>\n<p><span style=\"font-weight: 400;\">L\u2019imposante silhouette de la basilique de Santa Maria Maggiore domine la pittoresque <\/span><b>place Esquiline<\/b><span style=\"font-weight: 400;\">, o\u00f9, au num\u00e9ro 1, se dresse le <\/span><b>DoubleTree by Hilton Rome Monti<\/b><span style=\"font-weight: 400;\">.<\/span><\/p>\n<p><span style=\"font-weight: 400;\">Le soir, du huiti\u00e8me \u00e9tage, on peut profiter pleinement du<\/span><b>spectacle des d\u00f4mes illumin\u00e9s<\/b><span style=\"font-weight: 400;\"> en sirotant de savoureux cocktails et long drinks pr\u00e9par\u00e9s par les barmen du <\/span><b>M\u00f9n Rooftop Cocktail Bar<\/b><span style=\"font-weight: 400;\">.<\/span><\/p>\n","protected":false},"excerpt":{"rendered":"<p>Avec ses ruelles, ses petites places, ses anciens palais et son atmosph\u00e8re boh\u00e8me, le Rione Monti surprend par son charme et sa beaut\u00e9. Ici, antique et moderne se c\u00f4toient, une heureuse rencontre qui a transform\u00e9 le plus vieux Rione de Rome en quartier le plus branch\u00e9 de la capitale. Parmi les ateliers d&rsquo;artisans et les [&hellip;]<\/p>\n","protected":false},"author":6,"featured_media":0,"parent":607,"menu_order":92,"comment_status":"closed","ping_status":"closed","template":"","meta":{"footnotes":""},"class_list":["post-609","page","type-page","status-publish","hentry"],"yoast_head":"<!-- This site is optimized with the Yoast SEO plugin v26.9 - https:\/\/yoast.com\/product\/yoast-seo-wordpress\/ -->\n<title>Quartier Monti Rome | Hotel DoubleTree by Hilton Rome Monti<\/title>\n<meta name=\"description\" content=\"Le DoubleTree by Hilton Rome Monti est situ\u00e9 dans le quartier historique de Monti : pratique pour acc\u00e9der au centre et \u00e0 quelques pas de la gare Termini.\" \/>\n<meta name=\"robots\" content=\"index, follow, max-snippet:-1, max-image-preview:large, max-video-preview:-1\" \/>\n<link rel=\"canonical\" href=\"https:\/\/www.dtromemonti.com\/fr\/situation\/rione-monti\/\" \/>\n<meta property=\"og:locale\" content=\"fr_FR\" \/>\n<meta property=\"og:type\" content=\"article\" \/>\n<meta property=\"og:title\" content=\"Quartier Monti Rome | Hotel DoubleTree by Hilton Rome Monti\" \/>\n<meta property=\"og:description\" content=\"Le DoubleTree by Hilton Rome Monti est situ\u00e9 dans le quartier historique de Monti : pratique pour acc\u00e9der au centre et \u00e0 quelques pas de la gare Termini.\" \/>\n<meta property=\"og:url\" content=\"https:\/\/www.dtromemonti.com\/fr\/situation\/rione-monti\/\" \/>\n<meta property=\"og:site_name\" content=\"DoubleTree by Hilton Rome Monti\" \/>\n<meta property=\"article:modified_time\" content=\"2023-02-22T08:17:35+00:00\" \/>\n<meta name=\"twitter:card\" content=\"summary_large_image\" \/>\n<meta name=\"twitter:label1\" content=\"Dur\u00e9e de lecture estim\u00e9e\" \/>\n\t<meta name=\"twitter:data1\" content=\"2 minutes\" \/>\n<script type=\"application\/ld+json\" class=\"yoast-schema-graph\">{\"@context\":\"https:\/\/schema.org\",\"@graph\":[{\"@type\":\"WebPage\",\"@id\":\"https:\/\/www.dtromemonti.com\/fr\/situation\/rione-monti\/\",\"url\":\"https:\/\/www.dtromemonti.com\/fr\/situation\/rione-monti\/\",\"name\":\"Quartier Monti Rome | Hotel DoubleTree by Hilton Rome Monti\",\"isPartOf\":{\"@id\":\"https:\/\/www.dtromemonti.com\/fr\/#website\"},\"datePublished\":\"2022-07-04T15:19:26+00:00\",\"dateModified\":\"2023-02-22T08:17:35+00:00\",\"description\":\"Le DoubleTree by Hilton Rome Monti est situ\u00e9 dans le quartier historique de Monti : pratique pour acc\u00e9der au centre et \u00e0 quelques pas de la gare Termini.\",\"breadcrumb\":{\"@id\":\"https:\/\/www.dtromemonti.com\/fr\/situation\/rione-monti\/#breadcrumb\"},\"inLanguage\":\"fr-FR\",\"potentialAction\":[{\"@type\":\"ReadAction\",\"target\":[\"https:\/\/www.dtromemonti.com\/fr\/situation\/rione-monti\/\"]}]},{\"@type\":\"BreadcrumbList\",\"@id\":\"https:\/\/www.dtromemonti.com\/fr\/situation\/rione-monti\/#breadcrumb\",\"itemListElement\":[{\"@type\":\"ListItem\",\"position\":1,\"name\":\"Home\",\"item\":\"https:\/\/www.dtromemonti.com\/fr\/\"},{\"@type\":\"ListItem\",\"position\":2,\"name\":\"Situation\",\"item\":\"https:\/\/www.dtromemonti.com\/fr\/situation\/\"},{\"@type\":\"ListItem\",\"position\":3,\"name\":\"Rione Monti\"}]},{\"@type\":\"WebSite\",\"@id\":\"https:\/\/www.dtromemonti.com\/fr\/#website\",\"url\":\"https:\/\/www.dtromemonti.com\/fr\/\",\"name\":\"DoubleTree by Hilton Rome Monti\",\"description\":\"Just another ms.decms.eu site\",\"potentialAction\":[{\"@type\":\"SearchAction\",\"target\":{\"@type\":\"EntryPoint\",\"urlTemplate\":\"https:\/\/www.dtromemonti.com\/fr\/?s={search_term_string}\"},\"query-input\":{\"@type\":\"PropertyValueSpecification\",\"valueRequired\":true,\"valueName\":\"search_term_string\"}}],\"inLanguage\":\"fr-FR\"}]}<\/script>\n<!-- \/ Yoast SEO plugin. -->","yoast_head_json":{"title":"Quartier Monti Rome | Hotel DoubleTree by Hilton Rome Monti","description":"Le DoubleTree by Hilton Rome Monti est situ\u00e9 dans le quartier historique de Monti : pratique pour acc\u00e9der au centre et \u00e0 quelques pas de la gare Termini.","robots":{"index":"index","follow":"follow","max-snippet":"max-snippet:-1","max-image-preview":"max-image-preview:large","max-video-preview":"max-video-preview:-1"},"canonical":"https:\/\/www.dtromemonti.com\/fr\/situation\/rione-monti\/","og_locale":"fr_FR","og_type":"article","og_title":"Quartier Monti Rome | Hotel DoubleTree by Hilton Rome Monti","og_description":"Le DoubleTree by Hilton Rome Monti est situ\u00e9 dans le quartier historique de Monti : pratique pour acc\u00e9der au centre et \u00e0 quelques pas de la gare Termini.","og_url":"https:\/\/www.dtromemonti.com\/fr\/situation\/rione-monti\/","og_site_name":"DoubleTree by Hilton Rome Monti","article_modified_time":"2023-02-22T08:17:35+00:00","twitter_card":"summary_large_image","twitter_misc":{"Dur\u00e9e de lecture estim\u00e9e":"2 minutes"},"schema":{"@context":"https:\/\/schema.org","@graph":[{"@type":"WebPage","@id":"https:\/\/www.dtromemonti.com\/fr\/situation\/rione-monti\/","url":"https:\/\/www.dtromemonti.com\/fr\/situation\/rione-monti\/","name":"Quartier Monti Rome | Hotel DoubleTree by Hilton Rome Monti","isPartOf":{"@id":"https:\/\/www.dtromemonti.com\/fr\/#website"},"datePublished":"2022-07-04T15:19:26+00:00","dateModified":"2023-02-22T08:17:35+00:00","description":"Le DoubleTree by Hilton Rome Monti est situ\u00e9 dans le quartier historique de Monti : pratique pour acc\u00e9der au centre et \u00e0 quelques pas de la gare Termini.","breadcrumb":{"@id":"https:\/\/www.dtromemonti.com\/fr\/situation\/rione-monti\/#breadcrumb"},"inLanguage":"fr-FR","potentialAction":[{"@type":"ReadAction","target":["https:\/\/www.dtromemonti.com\/fr\/situation\/rione-monti\/"]}]},{"@type":"BreadcrumbList","@id":"https:\/\/www.dtromemonti.com\/fr\/situation\/rione-monti\/#breadcrumb","itemListElement":[{"@type":"ListItem","position":1,"name":"Home","item":"https:\/\/www.dtromemonti.com\/fr\/"},{"@type":"ListItem","position":2,"name":"Situation","item":"https:\/\/www.dtromemonti.com\/fr\/situation\/"},{"@type":"ListItem","position":3,"name":"Rione Monti"}]},{"@type":"WebSite","@id":"https:\/\/www.dtromemonti.com\/fr\/#website","url":"https:\/\/www.dtromemonti.com\/fr\/","name":"DoubleTree by Hilton Rome Monti","description":"Just another ms.decms.eu site","potentialAction":[{"@type":"SearchAction","target":{"@type":"EntryPoint","urlTemplate":"https:\/\/www.dtromemonti.com\/fr\/?s={search_term_string}"},"query-input":{"@type":"PropertyValueSpecification","valueRequired":true,"valueName":"search_term_string"}}],"inLanguage":"fr-FR"}]}},"acf":[],"_links":{"self":[{"href":"https:\/\/www.dtromemonti.com\/fr\/wp-json\/wp\/v2\/pages\/609","targetHints":{"allow":["GET"]}}],"collection":[{"href":"https:\/\/www.dtromemonti.com\/fr\/wp-json\/wp\/v2\/pages"}],"about":[{"href":"https:\/\/www.dtromemonti.com\/fr\/wp-json\/wp\/v2\/types\/page"}],"author":[{"embeddable":true,"href":"https:\/\/www.dtromemonti.com\/fr\/wp-json\/wp\/v2\/users\/6"}],"replies":[{"embeddable":true,"href":"https:\/\/www.dtromemonti.com\/fr\/wp-json\/wp\/v2\/comments?post=609"}],"version-history":[{"count":0,"href":"https:\/\/www.dtromemonti.com\/fr\/wp-json\/wp\/v2\/pages\/609\/revisions"}],"up":[{"embeddable":true,"href":"https:\/\/www.dtromemonti.com\/fr\/wp-json\/wp\/v2\/pages\/607"}],"wp:attachment":[{"href":"https:\/\/www.dtromemonti.com\/fr\/wp-json\/wp\/v2\/media?parent=609"}],"curies":[{"name":"wp","href":"https:\/\/api.w.org\/{rel}","templated":true}]}}