{"id":608,"date":"2022-07-04T15:16:58","date_gmt":"2022-07-04T15:16:58","guid":{"rendered":"https:\/\/hiltonrome.ms.decms.eu\/where-to-find-us\/how-to-reach-us\/"},"modified":"2023-02-22T08:17:19","modified_gmt":"2023-02-22T08:17:19","slug":"comment-nous-rejoindre","status":"publish","type":"page","link":"https:\/\/www.dtromemonti.com\/fr\/situation\/comment-nous-rejoindre\/","title":{"rendered":"Comment nous rejoindre"},"content":{"rendered":"<p><span style=\"font-weight: 400;\">Pour arriver au DoubleTree by Hilton Rome Monti, <\/span><b>rien de plus<\/b> <b>facile !<\/b><span style=\"font-weight: 400;\"><br \/>\n<\/span><span style=\"font-weight: 400;\">L&rsquo;h\u00f4tel est situ\u00e9 \u00e0 seulement 600 m de la <\/span><b>gare Termini<\/b><span style=\"font-weight: 400;\"> et du terminal des navettes provenant de l&rsquo;a\u00e9roport de Ciampino. De nombreux parkings sont \u00e9galement pr\u00e9sents \u00e0 proximit\u00e9, accessibles en quelques minutes de marche. <\/span><\/p>\n","protected":false},"excerpt":{"rendered":"<p>Pour arriver au DoubleTree by Hilton Rome Monti, rien de plus facile ! L&rsquo;h\u00f4tel est situ\u00e9 \u00e0 seulement 600 m de la gare Termini et du terminal des navettes provenant de l&rsquo;a\u00e9roport de Ciampino. De nombreux parkings sont \u00e9galement pr\u00e9sents \u00e0 proximit\u00e9, accessibles en quelques minutes de marche.<\/p>\n","protected":false},"author":6,"featured_media":0,"parent":607,"menu_order":91,"comment_status":"closed","ping_status":"closed","template":"","meta":{"footnotes":""},"class_list":["post-608","page","type-page","status-publish","hentry"],"yoast_head":"<!-- This site is optimized with the Yoast SEO plugin v26.9 - https:\/\/yoast.com\/product\/yoast-seo-wordpress\/ -->\n<title>Comment arriver | DoubleTree by Hilton Rome Monti<\/title>\n<meta name=\"description\" content=\"Suivez les indications pour rejoindre le DoubleTree by Hilton Rome Monti en toute simplicit\u00e9 ! L&#039;h\u00f4tel est situ\u00e9 \u00e0 10 minutes \u00e0 pied de la gare Termini.\" \/>\n<meta name=\"robots\" content=\"index, follow, max-snippet:-1, max-image-preview:large, max-video-preview:-1\" \/>\n<link rel=\"canonical\" href=\"https:\/\/www.dtromemonti.com\/fr\/situation\/comment-nous-rejoindre\/\" \/>\n<meta property=\"og:locale\" content=\"fr_FR\" \/>\n<meta property=\"og:type\" content=\"article\" \/>\n<meta property=\"og:title\" content=\"Comment arriver | DoubleTree by Hilton Rome Monti\" \/>\n<meta property=\"og:description\" content=\"Suivez les indications pour rejoindre le DoubleTree by Hilton Rome Monti en toute simplicit\u00e9 ! L&#039;h\u00f4tel est situ\u00e9 \u00e0 10 minutes \u00e0 pied de la gare Termini.\" \/>\n<meta property=\"og:url\" content=\"https:\/\/www.dtromemonti.com\/fr\/situation\/comment-nous-rejoindre\/\" \/>\n<meta property=\"og:site_name\" content=\"DoubleTree by Hilton Rome Monti\" \/>\n<meta property=\"article:modified_time\" content=\"2023-02-22T08:17:19+00:00\" \/>\n<meta name=\"twitter:card\" content=\"summary_large_image\" \/>\n<meta name=\"twitter:label1\" content=\"Dur\u00e9e de lecture estim\u00e9e\" \/>\n\t<meta name=\"twitter:data1\" content=\"1 minute\" \/>\n<script type=\"application\/ld+json\" class=\"yoast-schema-graph\">{\"@context\":\"https:\/\/schema.org\",\"@graph\":[{\"@type\":\"WebPage\",\"@id\":\"https:\/\/www.dtromemonti.com\/fr\/situation\/comment-nous-rejoindre\/\",\"url\":\"https:\/\/www.dtromemonti.com\/fr\/situation\/comment-nous-rejoindre\/\",\"name\":\"Comment arriver | DoubleTree by Hilton Rome Monti\",\"isPartOf\":{\"@id\":\"https:\/\/www.dtromemonti.com\/fr\/#website\"},\"datePublished\":\"2022-07-04T15:16:58+00:00\",\"dateModified\":\"2023-02-22T08:17:19+00:00\",\"description\":\"Suivez les indications pour rejoindre le DoubleTree by Hilton Rome Monti en toute simplicit\u00e9 ! L'h\u00f4tel est situ\u00e9 \u00e0 10 minutes \u00e0 pied de la gare Termini.\",\"breadcrumb\":{\"@id\":\"https:\/\/www.dtromemonti.com\/fr\/situation\/comment-nous-rejoindre\/#breadcrumb\"},\"inLanguage\":\"fr-FR\",\"potentialAction\":[{\"@type\":\"ReadAction\",\"target\":[\"https:\/\/www.dtromemonti.com\/fr\/situation\/comment-nous-rejoindre\/\"]}]},{\"@type\":\"BreadcrumbList\",\"@id\":\"https:\/\/www.dtromemonti.com\/fr\/situation\/comment-nous-rejoindre\/#breadcrumb\",\"itemListElement\":[{\"@type\":\"ListItem\",\"position\":1,\"name\":\"Home\",\"item\":\"https:\/\/www.dtromemonti.com\/fr\/\"},{\"@type\":\"ListItem\",\"position\":2,\"name\":\"Situation\",\"item\":\"https:\/\/www.dtromemonti.com\/fr\/situation\/\"},{\"@type\":\"ListItem\",\"position\":3,\"name\":\"Comment nous rejoindre\"}]},{\"@type\":\"WebSite\",\"@id\":\"https:\/\/www.dtromemonti.com\/fr\/#website\",\"url\":\"https:\/\/www.dtromemonti.com\/fr\/\",\"name\":\"DoubleTree by Hilton Rome Monti\",\"description\":\"Just another ms.decms.eu site\",\"potentialAction\":[{\"@type\":\"SearchAction\",\"target\":{\"@type\":\"EntryPoint\",\"urlTemplate\":\"https:\/\/www.dtromemonti.com\/fr\/?s={search_term_string}\"},\"query-input\":{\"@type\":\"PropertyValueSpecification\",\"valueRequired\":true,\"valueName\":\"search_term_string\"}}],\"inLanguage\":\"fr-FR\"}]}<\/script>\n<!-- \/ Yoast SEO plugin. -->","yoast_head_json":{"title":"Comment arriver | DoubleTree by Hilton Rome Monti","description":"Suivez les indications pour rejoindre le DoubleTree by Hilton Rome Monti en toute simplicit\u00e9 ! L'h\u00f4tel est situ\u00e9 \u00e0 10 minutes \u00e0 pied de la gare Termini.","robots":{"index":"index","follow":"follow","max-snippet":"max-snippet:-1","max-image-preview":"max-image-preview:large","max-video-preview":"max-video-preview:-1"},"canonical":"https:\/\/www.dtromemonti.com\/fr\/situation\/comment-nous-rejoindre\/","og_locale":"fr_FR","og_type":"article","og_title":"Comment arriver | DoubleTree by Hilton Rome Monti","og_description":"Suivez les indications pour rejoindre le DoubleTree by Hilton Rome Monti en toute simplicit\u00e9 ! L'h\u00f4tel est situ\u00e9 \u00e0 10 minutes \u00e0 pied de la gare Termini.","og_url":"https:\/\/www.dtromemonti.com\/fr\/situation\/comment-nous-rejoindre\/","og_site_name":"DoubleTree by Hilton Rome Monti","article_modified_time":"2023-02-22T08:17:19+00:00","twitter_card":"summary_large_image","twitter_misc":{"Dur\u00e9e de lecture estim\u00e9e":"1 minute"},"schema":{"@context":"https:\/\/schema.org","@graph":[{"@type":"WebPage","@id":"https:\/\/www.dtromemonti.com\/fr\/situation\/comment-nous-rejoindre\/","url":"https:\/\/www.dtromemonti.com\/fr\/situation\/comment-nous-rejoindre\/","name":"Comment arriver | DoubleTree by Hilton Rome Monti","isPartOf":{"@id":"https:\/\/www.dtromemonti.com\/fr\/#website"},"datePublished":"2022-07-04T15:16:58+00:00","dateModified":"2023-02-22T08:17:19+00:00","description":"Suivez les indications pour rejoindre le DoubleTree by Hilton Rome Monti en toute simplicit\u00e9 ! L'h\u00f4tel est situ\u00e9 \u00e0 10 minutes \u00e0 pied de la gare Termini.","breadcrumb":{"@id":"https:\/\/www.dtromemonti.com\/fr\/situation\/comment-nous-rejoindre\/#breadcrumb"},"inLanguage":"fr-FR","potentialAction":[{"@type":"ReadAction","target":["https:\/\/www.dtromemonti.com\/fr\/situation\/comment-nous-rejoindre\/"]}]},{"@type":"BreadcrumbList","@id":"https:\/\/www.dtromemonti.com\/fr\/situation\/comment-nous-rejoindre\/#breadcrumb","itemListElement":[{"@type":"ListItem","position":1,"name":"Home","item":"https:\/\/www.dtromemonti.com\/fr\/"},{"@type":"ListItem","position":2,"name":"Situation","item":"https:\/\/www.dtromemonti.com\/fr\/situation\/"},{"@type":"ListItem","position":3,"name":"Comment nous rejoindre"}]},{"@type":"WebSite","@id":"https:\/\/www.dtromemonti.com\/fr\/#website","url":"https:\/\/www.dtromemonti.com\/fr\/","name":"DoubleTree by Hilton Rome Monti","description":"Just another ms.decms.eu site","potentialAction":[{"@type":"SearchAction","target":{"@type":"EntryPoint","urlTemplate":"https:\/\/www.dtromemonti.com\/fr\/?s={search_term_string}"},"query-input":{"@type":"PropertyValueSpecification","valueRequired":true,"valueName":"search_term_string"}}],"inLanguage":"fr-FR"}]}},"acf":[],"_links":{"self":[{"href":"https:\/\/www.dtromemonti.com\/fr\/wp-json\/wp\/v2\/pages\/608","targetHints":{"allow":["GET"]}}],"collection":[{"href":"https:\/\/www.dtromemonti.com\/fr\/wp-json\/wp\/v2\/pages"}],"about":[{"href":"https:\/\/www.dtromemonti.com\/fr\/wp-json\/wp\/v2\/types\/page"}],"author":[{"embeddable":true,"href":"https:\/\/www.dtromemonti.com\/fr\/wp-json\/wp\/v2\/users\/6"}],"replies":[{"embeddable":true,"href":"https:\/\/www.dtromemonti.com\/fr\/wp-json\/wp\/v2\/comments?post=608"}],"version-history":[{"count":0,"href":"https:\/\/www.dtromemonti.com\/fr\/wp-json\/wp\/v2\/pages\/608\/revisions"}],"up":[{"embeddable":true,"href":"https:\/\/www.dtromemonti.com\/fr\/wp-json\/wp\/v2\/pages\/607"}],"wp:attachment":[{"href":"https:\/\/www.dtromemonti.com\/fr\/wp-json\/wp\/v2\/media?parent=608"}],"curies":[{"name":"wp","href":"https:\/\/api.w.org\/{rel}","templated":true}]}}