{"id":607,"date":"2022-07-04T15:14:48","date_gmt":"2022-07-04T15:14:48","guid":{"rendered":"https:\/\/hiltonrome.ms.decms.eu\/where-to-find-us\/"},"modified":"2023-02-22T08:17:07","modified_gmt":"2023-02-22T08:17:07","slug":"situation","status":"publish","type":"page","link":"https:\/\/www.dtromemonti.com\/fr\/situation\/","title":{"rendered":"Situation"},"content":{"rendered":"<p><span style=\"font-weight: 400;\">Le DoubleTree by Hilton Rome Monti b\u00e9n\u00e9ficie d&rsquo;une position<\/span><b> privil\u00e9gi\u00e9e<\/b><span style=\"font-weight: 400;\"> au c\u0153ur de Rome.\u00a0<\/span><\/p>\n<p><span style=\"font-weight: 400;\">Situ\u00e9 sur la Piazza dell&rsquo;Esquilino, \u00e0 600 m de la gare Termini, dans le <\/span><b>quartier pittoresque de Monti<\/b><span style=\"font-weight: 400;\">, l&rsquo;h\u00f4tel est le point de d\u00e9part id\u00e9al pour explorer la ville \u00e0 pied.\u00a0<\/span><\/p>\n<p><span style=\"font-weight: 400;\">Une agr\u00e9able promenade de 15 minutes \u00e0 travers les ruelles pittoresques du Rione Monti permet de rejoindre le c\u0153ur de la Rome antique, avec le <\/span><b>Colis\u00e9e<\/b><span style=\"font-weight: 400;\"> et le Forum romain, tandis que les c\u00e9l\u00e8bres \u00e9glises, palais et fontaines et chefs-d&rsquo;\u0153uvre de la Rome baroque sont situ\u00e9s \u00e0 seulement <\/span><b>600 m<\/b><span style=\"font-weight: 400;\"> du DoubleTree by Hilton Rome Monti.\u00a0<\/span><\/p>\n<p><span style=\"font-weight: 400;\">Le Teatro dell&rsquo;Opera, o\u00f9 se d\u00e9roule la prestigieuse saison d&rsquo;op\u00e9ra, ballets et repr\u00e9sentations th\u00e9\u00e2trales, est situ\u00e9 \u00e0 300 m.\u00a0<\/span><\/p>\n<p><span style=\"font-weight: 400;\">Les amateurs de Mode peuvent rejoindre la Via Nazionale, le centre du shopping romain, en seulement quatre minutes, tandis que les meilleures rues pour un shopping original et recherch\u00e9 se trouvent \u00e0 deux pas de l&rsquo;h\u00f4tel, dans le quartier Monti m\u00eame. Ici, les boutiques de v\u00eatements sur mesure et d&rsquo;accessoires artisanaux, les galeries d&rsquo;art, les ateliers d&rsquo;artisans et les boutiques de cadeaux vintage se m\u00ealent aux caf\u00e9s et aux trattorias dans une atmosph\u00e8re d&rsquo;autrefois qui fait du Rione l&rsquo;un des quartiers les plus authentiques et les plus caract\u00e9ristiques de Rome.\u00a0\u00a0<\/span><\/p>\n<p><span style=\"font-weight: 400;\">Pour rejoindre les <\/span><b>places c\u00e9l\u00e8bres <\/b><span style=\"font-weight: 400;\">comme Saint-Pierre, place Navone, Place d&rsquo;Espagne et les mus\u00e9es et monuments les plus importants de la ville, rien de plus pratique que le <\/span><b>m\u00e9tro<\/b><span style=\"font-weight: 400;\"> : l&rsquo;arr\u00eat Termini de la ligne A est situ\u00e9 \u00e0 400 m, tandis que la station Cavour de la ligne B est \u00e0 600 m de l&rsquo;h\u00f4tel. <\/span><\/p>\n","protected":false},"excerpt":{"rendered":"<p>Le DoubleTree by Hilton Rome Monti b\u00e9n\u00e9ficie d&rsquo;une position privil\u00e9gi\u00e9e au c\u0153ur de Rome.\u00a0 Situ\u00e9 sur la Piazza dell&rsquo;Esquilino, \u00e0 600 m de la gare Termini, dans le quartier pittoresque de Monti, l&rsquo;h\u00f4tel est le point de d\u00e9part id\u00e9al pour explorer la ville \u00e0 pied.\u00a0 Une agr\u00e9able promenade de 15 minutes \u00e0 travers les ruelles [&hellip;]<\/p>\n","protected":false},"author":6,"featured_media":0,"parent":0,"menu_order":90,"comment_status":"closed","ping_status":"closed","template":"template-location.php","meta":{"footnotes":""},"class_list":["post-607","page","type-page","status-publish","hentry"],"yoast_head":"<!-- This site is optimized with the Yoast SEO plugin v26.9 - https:\/\/yoast.com\/product\/yoast-seo-wordpress\/ -->\n<title>Position h\u00f4tel Rome centre | DoubleTree by Hilton Rome Monti<\/title>\n<meta name=\"description\" content=\"Comment arriver au DoubleTree by Hilton Rome Monti, situ\u00e9 \u00e0 proximit\u00e9 de la gare Termini et \u00e0 deux pas des principaux points d&#039;int\u00e9r\u00eat culturels et historiques.\" \/>\n<meta name=\"robots\" content=\"index, follow, max-snippet:-1, max-image-preview:large, max-video-preview:-1\" \/>\n<link rel=\"canonical\" href=\"https:\/\/www.dtromemonti.com\/fr\/situation\/\" \/>\n<meta property=\"og:locale\" content=\"fr_FR\" \/>\n<meta property=\"og:type\" content=\"article\" \/>\n<meta property=\"og:title\" content=\"Position h\u00f4tel Rome centre | DoubleTree by Hilton Rome Monti\" \/>\n<meta property=\"og:description\" content=\"Comment arriver au DoubleTree by Hilton Rome Monti, situ\u00e9 \u00e0 proximit\u00e9 de la gare Termini et \u00e0 deux pas des principaux points d&#039;int\u00e9r\u00eat culturels et historiques.\" \/>\n<meta property=\"og:url\" content=\"https:\/\/www.dtromemonti.com\/fr\/situation\/\" \/>\n<meta property=\"og:site_name\" content=\"DoubleTree by Hilton Rome Monti\" \/>\n<meta property=\"article:modified_time\" content=\"2023-02-22T08:17:07+00:00\" \/>\n<meta name=\"twitter:card\" content=\"summary_large_image\" \/>\n<meta name=\"twitter:label1\" content=\"Dur\u00e9e de lecture estim\u00e9e\" \/>\n\t<meta name=\"twitter:data1\" content=\"2 minutes\" \/>\n<script type=\"application\/ld+json\" class=\"yoast-schema-graph\">{\"@context\":\"https:\/\/schema.org\",\"@graph\":[{\"@type\":\"WebPage\",\"@id\":\"https:\/\/www.dtromemonti.com\/fr\/situation\/\",\"url\":\"https:\/\/www.dtromemonti.com\/fr\/situation\/\",\"name\":\"Position h\u00f4tel Rome centre | DoubleTree by Hilton Rome Monti\",\"isPartOf\":{\"@id\":\"https:\/\/www.dtromemonti.com\/fr\/#website\"},\"datePublished\":\"2022-07-04T15:14:48+00:00\",\"dateModified\":\"2023-02-22T08:17:07+00:00\",\"description\":\"Comment arriver au DoubleTree by Hilton Rome Monti, situ\u00e9 \u00e0 proximit\u00e9 de la gare Termini et \u00e0 deux pas des principaux points d'int\u00e9r\u00eat culturels et historiques.\",\"breadcrumb\":{\"@id\":\"https:\/\/www.dtromemonti.com\/fr\/situation\/#breadcrumb\"},\"inLanguage\":\"fr-FR\",\"potentialAction\":[{\"@type\":\"ReadAction\",\"target\":[\"https:\/\/www.dtromemonti.com\/fr\/situation\/\"]}]},{\"@type\":\"BreadcrumbList\",\"@id\":\"https:\/\/www.dtromemonti.com\/fr\/situation\/#breadcrumb\",\"itemListElement\":[{\"@type\":\"ListItem\",\"position\":1,\"name\":\"Home\",\"item\":\"https:\/\/www.dtromemonti.com\/fr\/\"},{\"@type\":\"ListItem\",\"position\":2,\"name\":\"Situation\"}]},{\"@type\":\"WebSite\",\"@id\":\"https:\/\/www.dtromemonti.com\/fr\/#website\",\"url\":\"https:\/\/www.dtromemonti.com\/fr\/\",\"name\":\"DoubleTree by Hilton Rome Monti\",\"description\":\"Just another ms.decms.eu site\",\"potentialAction\":[{\"@type\":\"SearchAction\",\"target\":{\"@type\":\"EntryPoint\",\"urlTemplate\":\"https:\/\/www.dtromemonti.com\/fr\/?s={search_term_string}\"},\"query-input\":{\"@type\":\"PropertyValueSpecification\",\"valueRequired\":true,\"valueName\":\"search_term_string\"}}],\"inLanguage\":\"fr-FR\"}]}<\/script>\n<!-- \/ Yoast SEO plugin. -->","yoast_head_json":{"title":"Position h\u00f4tel Rome centre | DoubleTree by Hilton Rome Monti","description":"Comment arriver au DoubleTree by Hilton Rome Monti, situ\u00e9 \u00e0 proximit\u00e9 de la gare Termini et \u00e0 deux pas des principaux points d'int\u00e9r\u00eat culturels et historiques.","robots":{"index":"index","follow":"follow","max-snippet":"max-snippet:-1","max-image-preview":"max-image-preview:large","max-video-preview":"max-video-preview:-1"},"canonical":"https:\/\/www.dtromemonti.com\/fr\/situation\/","og_locale":"fr_FR","og_type":"article","og_title":"Position h\u00f4tel Rome centre | DoubleTree by Hilton Rome Monti","og_description":"Comment arriver au DoubleTree by Hilton Rome Monti, situ\u00e9 \u00e0 proximit\u00e9 de la gare Termini et \u00e0 deux pas des principaux points d'int\u00e9r\u00eat culturels et historiques.","og_url":"https:\/\/www.dtromemonti.com\/fr\/situation\/","og_site_name":"DoubleTree by Hilton Rome Monti","article_modified_time":"2023-02-22T08:17:07+00:00","twitter_card":"summary_large_image","twitter_misc":{"Dur\u00e9e de lecture estim\u00e9e":"2 minutes"},"schema":{"@context":"https:\/\/schema.org","@graph":[{"@type":"WebPage","@id":"https:\/\/www.dtromemonti.com\/fr\/situation\/","url":"https:\/\/www.dtromemonti.com\/fr\/situation\/","name":"Position h\u00f4tel Rome centre | DoubleTree by Hilton Rome Monti","isPartOf":{"@id":"https:\/\/www.dtromemonti.com\/fr\/#website"},"datePublished":"2022-07-04T15:14:48+00:00","dateModified":"2023-02-22T08:17:07+00:00","description":"Comment arriver au DoubleTree by Hilton Rome Monti, situ\u00e9 \u00e0 proximit\u00e9 de la gare Termini et \u00e0 deux pas des principaux points d'int\u00e9r\u00eat culturels et historiques.","breadcrumb":{"@id":"https:\/\/www.dtromemonti.com\/fr\/situation\/#breadcrumb"},"inLanguage":"fr-FR","potentialAction":[{"@type":"ReadAction","target":["https:\/\/www.dtromemonti.com\/fr\/situation\/"]}]},{"@type":"BreadcrumbList","@id":"https:\/\/www.dtromemonti.com\/fr\/situation\/#breadcrumb","itemListElement":[{"@type":"ListItem","position":1,"name":"Home","item":"https:\/\/www.dtromemonti.com\/fr\/"},{"@type":"ListItem","position":2,"name":"Situation"}]},{"@type":"WebSite","@id":"https:\/\/www.dtromemonti.com\/fr\/#website","url":"https:\/\/www.dtromemonti.com\/fr\/","name":"DoubleTree by Hilton Rome Monti","description":"Just another ms.decms.eu site","potentialAction":[{"@type":"SearchAction","target":{"@type":"EntryPoint","urlTemplate":"https:\/\/www.dtromemonti.com\/fr\/?s={search_term_string}"},"query-input":{"@type":"PropertyValueSpecification","valueRequired":true,"valueName":"search_term_string"}}],"inLanguage":"fr-FR"}]}},"acf":[],"_links":{"self":[{"href":"https:\/\/www.dtromemonti.com\/fr\/wp-json\/wp\/v2\/pages\/607","targetHints":{"allow":["GET"]}}],"collection":[{"href":"https:\/\/www.dtromemonti.com\/fr\/wp-json\/wp\/v2\/pages"}],"about":[{"href":"https:\/\/www.dtromemonti.com\/fr\/wp-json\/wp\/v2\/types\/page"}],"author":[{"embeddable":true,"href":"https:\/\/www.dtromemonti.com\/fr\/wp-json\/wp\/v2\/users\/6"}],"replies":[{"embeddable":true,"href":"https:\/\/www.dtromemonti.com\/fr\/wp-json\/wp\/v2\/comments?post=607"}],"version-history":[{"count":0,"href":"https:\/\/www.dtromemonti.com\/fr\/wp-json\/wp\/v2\/pages\/607\/revisions"}],"wp:attachment":[{"href":"https:\/\/www.dtromemonti.com\/fr\/wp-json\/wp\/v2\/media?parent=607"}],"curies":[{"name":"wp","href":"https:\/\/api.w.org\/{rel}","templated":true}]}}