{"id":594,"date":"2022-07-04T15:13:40","date_gmt":"2022-07-04T15:13:40","guid":{"rendered":"https:\/\/hiltonrome.ms.decms.eu\/services\/extra-services\/"},"modified":"2024-12-19T10:31:59","modified_gmt":"2024-12-19T10:31:59","slug":"services-extra","status":"publish","type":"page","link":"https:\/\/www.dtromemonti.com\/fr\/services\/services-extra\/","title":{"rendered":"Services Extra"},"content":{"rendered":"<p><span style=\"font-weight: 400\">Au DoubleTree by Hilton Rome Monti, votre seul souci doit \u00eatre de profiter pleinement de votre s\u00e9jour \u00e0 l&rsquo;<\/span><b>h\u00f4tel dans le centre de Rome<\/b><span style=\"font-weight: 400\">, c&rsquo;est pourquoi nous nous engageons au quotidien pour vous offrir les meilleurs services possibles et vous faire vivre une exp\u00e9rience des plus agr\u00e9ables \u00e0 l\u2019enseigne de la d\u00e9tente.\u00a0<\/span><\/p>\n<p><span style=\"font-weight: 400\">D\u00e8s votre arriv\u00e9e : si vous arrivez \u00e0 Rome en voiture, vous disposez de notre parking priv\u00e9, et s&rsquo;il n&rsquo;y a pas de places disponibles, nous pourrons vous recommander un autre parking pratique (tous deux payants). Pour vous entra\u00eener tous les jours comme dans votre <\/span><b>salle de sport<\/b><span style=\"font-weight: 400\"> habituelle, profitez de notre salle de fitness, spacieuse, exclusivement r\u00e9serv\u00e9e aux clients de l&rsquo;h\u00f4tel, et \u00e9quip\u00e9es des appareils Technogym de derni\u00e8re g\u00e9n\u00e9ration.\u00a0<\/span><\/p>\n<p><span style=\"font-weight: 400\">Travailler \u00e0 distance sera un moment agr\u00e9able, gr\u00e2ce aux espaces de <\/span><b>coworking et de smart working <\/b><span style=\"font-weight: 400\">du lobby et des salles de r\u00e9union, ainsi qu\u2019\u00e0 la <\/span><b>connexion Wi-Fi gratuite<\/b><span style=\"font-weight: 400\"> disponible dans l\u2019ensemble de l&rsquo;h\u00f4tel. Le room service, toujours disponible, vous aidera \u00e0 rester toujours concentr\u00e9, ou \u00e0 vous d\u00e9tendre avec un snacking ou une collation quand vous le souhaitez.<\/span><\/p>\n<p><span style=\"font-weight: 400\">L&rsquo;<\/span><b>accessibilit\u00e9<\/b><span style=\"font-weight: 400\"> de l&rsquo;<\/span><b>h\u00f4tel<\/b><span style=\"font-weight: 400\"> DoubleTree by Hilton Rome Monti aux personnes \u00e0 mobilit\u00e9 r\u00e9duite est garantie par des services ad hoc qui leur permettent de profiter de leur s\u00e9jour en toute s\u00e9r\u00e9nit\u00e9. Des <a href=\"\/fr\/chambres-et-suites\/guest-room-accessible\/\">chambres accessibles<\/a> sont r\u00e9serv\u00e9es aux <\/span><b>personnes \u00e0 mobilit\u00e9 r\u00e9duite<\/b><span style=\"font-weight: 400\">, sp\u00e9cialement am\u00e9nag\u00e9es pour leur offrir un espace de man\u0153uvre ad\u00e9quat, des aides \u00e0 l&rsquo;entr\u00e9e et une salle de bains \u00e9quip\u00e9e d\u2019une douche \u00e0 l&rsquo;italienne.<\/span><\/p>\n<p>&nbsp;<\/p>\n","protected":false},"excerpt":{"rendered":"<p>Au DoubleTree by Hilton Rome Monti, votre seul souci doit \u00eatre de profiter pleinement de votre s\u00e9jour \u00e0 l&rsquo;h\u00f4tel dans le centre de Rome, c&rsquo;est pourquoi nous nous engageons au quotidien pour vous offrir les meilleurs services possibles et vous faire vivre une exp\u00e9rience des plus agr\u00e9ables \u00e0 l\u2019enseigne de la d\u00e9tente.\u00a0 D\u00e8s votre arriv\u00e9e [&hellip;]<\/p>\n","protected":false},"author":6,"featured_media":0,"parent":590,"menu_order":44,"comment_status":"closed","ping_status":"closed","template":"","meta":{"footnotes":""},"class_list":["post-594","page","type-page","status-publish","hentry"],"yoast_head":"<!-- This site is optimized with the Yoast SEO plugin v26.9 - https:\/\/yoast.com\/product\/yoast-seo-wordpress\/ -->\n<title>Services: fitness, parking | DoubleTree by Hilton Rome Monti<\/title>\n<meta name=\"description\" content=\"D\u00e9couvrez les services extra du DoubleTree by Hilton Rome Monti : chambres accessibles, parking et salle de fitness pour un s\u00e9jour relaxant au c\u0153ur de Rome.\" \/>\n<meta name=\"robots\" content=\"index, follow, max-snippet:-1, max-image-preview:large, max-video-preview:-1\" \/>\n<link rel=\"canonical\" href=\"https:\/\/www.dtromemonti.com\/fr\/services\/services-extra\/\" \/>\n<meta property=\"og:locale\" content=\"fr_FR\" \/>\n<meta property=\"og:type\" content=\"article\" \/>\n<meta property=\"og:title\" content=\"Services: fitness, parking | DoubleTree by Hilton Rome Monti\" \/>\n<meta property=\"og:description\" content=\"D\u00e9couvrez les services extra du DoubleTree by Hilton Rome Monti : chambres accessibles, parking et salle de fitness pour un s\u00e9jour relaxant au c\u0153ur de Rome.\" \/>\n<meta property=\"og:url\" content=\"https:\/\/www.dtromemonti.com\/fr\/services\/services-extra\/\" \/>\n<meta property=\"og:site_name\" content=\"DoubleTree by Hilton Rome Monti\" \/>\n<meta property=\"article:modified_time\" content=\"2024-12-19T10:31:59+00:00\" \/>\n<meta name=\"twitter:card\" content=\"summary_large_image\" \/>\n<meta name=\"twitter:label1\" content=\"Dur\u00e9e de lecture estim\u00e9e\" \/>\n\t<meta name=\"twitter:data1\" content=\"2 minutes\" \/>\n<script type=\"application\/ld+json\" class=\"yoast-schema-graph\">{\"@context\":\"https:\/\/schema.org\",\"@graph\":[{\"@type\":\"WebPage\",\"@id\":\"https:\/\/www.dtromemonti.com\/fr\/services\/services-extra\/\",\"url\":\"https:\/\/www.dtromemonti.com\/fr\/services\/services-extra\/\",\"name\":\"Services: fitness, parking | DoubleTree by Hilton Rome Monti\",\"isPartOf\":{\"@id\":\"https:\/\/www.dtromemonti.com\/fr\/#website\"},\"datePublished\":\"2022-07-04T15:13:40+00:00\",\"dateModified\":\"2024-12-19T10:31:59+00:00\",\"description\":\"D\u00e9couvrez les services extra du DoubleTree by Hilton Rome Monti : chambres accessibles, parking et salle de fitness pour un s\u00e9jour relaxant au c\u0153ur de Rome.\",\"breadcrumb\":{\"@id\":\"https:\/\/www.dtromemonti.com\/fr\/services\/services-extra\/#breadcrumb\"},\"inLanguage\":\"fr-FR\",\"potentialAction\":[{\"@type\":\"ReadAction\",\"target\":[\"https:\/\/www.dtromemonti.com\/fr\/services\/services-extra\/\"]}]},{\"@type\":\"BreadcrumbList\",\"@id\":\"https:\/\/www.dtromemonti.com\/fr\/services\/services-extra\/#breadcrumb\",\"itemListElement\":[{\"@type\":\"ListItem\",\"position\":1,\"name\":\"Home\",\"item\":\"https:\/\/www.dtromemonti.com\/fr\/\"},{\"@type\":\"ListItem\",\"position\":2,\"name\":\"Services\",\"item\":\"https:\/\/www.dtromemonti.com\/fr\/services\/\"},{\"@type\":\"ListItem\",\"position\":3,\"name\":\"Services Extra\"}]},{\"@type\":\"WebSite\",\"@id\":\"https:\/\/www.dtromemonti.com\/fr\/#website\",\"url\":\"https:\/\/www.dtromemonti.com\/fr\/\",\"name\":\"DoubleTree by Hilton Rome Monti\",\"description\":\"Just another ms.decms.eu site\",\"potentialAction\":[{\"@type\":\"SearchAction\",\"target\":{\"@type\":\"EntryPoint\",\"urlTemplate\":\"https:\/\/www.dtromemonti.com\/fr\/?s={search_term_string}\"},\"query-input\":{\"@type\":\"PropertyValueSpecification\",\"valueRequired\":true,\"valueName\":\"search_term_string\"}}],\"inLanguage\":\"fr-FR\"}]}<\/script>\n<!-- \/ Yoast SEO plugin. -->","yoast_head_json":{"title":"Services: fitness, parking | DoubleTree by Hilton Rome Monti","description":"D\u00e9couvrez les services extra du DoubleTree by Hilton Rome Monti : chambres accessibles, parking et salle de fitness pour un s\u00e9jour relaxant au c\u0153ur de Rome.","robots":{"index":"index","follow":"follow","max-snippet":"max-snippet:-1","max-image-preview":"max-image-preview:large","max-video-preview":"max-video-preview:-1"},"canonical":"https:\/\/www.dtromemonti.com\/fr\/services\/services-extra\/","og_locale":"fr_FR","og_type":"article","og_title":"Services: fitness, parking | DoubleTree by Hilton Rome Monti","og_description":"D\u00e9couvrez les services extra du DoubleTree by Hilton Rome Monti : chambres accessibles, parking et salle de fitness pour un s\u00e9jour relaxant au c\u0153ur de Rome.","og_url":"https:\/\/www.dtromemonti.com\/fr\/services\/services-extra\/","og_site_name":"DoubleTree by Hilton Rome Monti","article_modified_time":"2024-12-19T10:31:59+00:00","twitter_card":"summary_large_image","twitter_misc":{"Dur\u00e9e de lecture estim\u00e9e":"2 minutes"},"schema":{"@context":"https:\/\/schema.org","@graph":[{"@type":"WebPage","@id":"https:\/\/www.dtromemonti.com\/fr\/services\/services-extra\/","url":"https:\/\/www.dtromemonti.com\/fr\/services\/services-extra\/","name":"Services: fitness, parking | DoubleTree by Hilton Rome Monti","isPartOf":{"@id":"https:\/\/www.dtromemonti.com\/fr\/#website"},"datePublished":"2022-07-04T15:13:40+00:00","dateModified":"2024-12-19T10:31:59+00:00","description":"D\u00e9couvrez les services extra du DoubleTree by Hilton Rome Monti : chambres accessibles, parking et salle de fitness pour un s\u00e9jour relaxant au c\u0153ur de Rome.","breadcrumb":{"@id":"https:\/\/www.dtromemonti.com\/fr\/services\/services-extra\/#breadcrumb"},"inLanguage":"fr-FR","potentialAction":[{"@type":"ReadAction","target":["https:\/\/www.dtromemonti.com\/fr\/services\/services-extra\/"]}]},{"@type":"BreadcrumbList","@id":"https:\/\/www.dtromemonti.com\/fr\/services\/services-extra\/#breadcrumb","itemListElement":[{"@type":"ListItem","position":1,"name":"Home","item":"https:\/\/www.dtromemonti.com\/fr\/"},{"@type":"ListItem","position":2,"name":"Services","item":"https:\/\/www.dtromemonti.com\/fr\/services\/"},{"@type":"ListItem","position":3,"name":"Services Extra"}]},{"@type":"WebSite","@id":"https:\/\/www.dtromemonti.com\/fr\/#website","url":"https:\/\/www.dtromemonti.com\/fr\/","name":"DoubleTree by Hilton Rome Monti","description":"Just another ms.decms.eu site","potentialAction":[{"@type":"SearchAction","target":{"@type":"EntryPoint","urlTemplate":"https:\/\/www.dtromemonti.com\/fr\/?s={search_term_string}"},"query-input":{"@type":"PropertyValueSpecification","valueRequired":true,"valueName":"search_term_string"}}],"inLanguage":"fr-FR"}]}},"acf":[],"_links":{"self":[{"href":"https:\/\/www.dtromemonti.com\/fr\/wp-json\/wp\/v2\/pages\/594","targetHints":{"allow":["GET"]}}],"collection":[{"href":"https:\/\/www.dtromemonti.com\/fr\/wp-json\/wp\/v2\/pages"}],"about":[{"href":"https:\/\/www.dtromemonti.com\/fr\/wp-json\/wp\/v2\/types\/page"}],"author":[{"embeddable":true,"href":"https:\/\/www.dtromemonti.com\/fr\/wp-json\/wp\/v2\/users\/6"}],"replies":[{"embeddable":true,"href":"https:\/\/www.dtromemonti.com\/fr\/wp-json\/wp\/v2\/comments?post=594"}],"version-history":[{"count":0,"href":"https:\/\/www.dtromemonti.com\/fr\/wp-json\/wp\/v2\/pages\/594\/revisions"}],"up":[{"embeddable":true,"href":"https:\/\/www.dtromemonti.com\/fr\/wp-json\/wp\/v2\/pages\/590"}],"wp:attachment":[{"href":"https:\/\/www.dtromemonti.com\/fr\/wp-json\/wp\/v2\/media?parent=594"}],"curies":[{"name":"wp","href":"https:\/\/api.w.org\/{rel}","templated":true}]}}