{"id":593,"date":"2022-07-04T15:12:26","date_gmt":"2022-07-04T15:12:26","guid":{"rendered":"https:\/\/hiltonrome.ms.decms.eu\/services\/meeting-rooms\/"},"modified":"2025-12-12T11:31:56","modified_gmt":"2025-12-12T11:31:56","slug":"salles-de-reunion","status":"publish","type":"page","link":"https:\/\/www.dtromemonti.com\/fr\/services\/salles-de-reunion\/","title":{"rendered":"Salles de R\u00e9union"},"content":{"rendered":"<h3 style=\"text-align: center\" data-start=\"148\" data-end=\"201\"><strong data-start=\"157\" data-end=\"201\">L\u00e0 o\u00f9 les affaires se sentent chez elles<\/strong><\/h3>\n<p style=\"text-align: center\" data-start=\"203\" data-end=\"435\">Situ\u00e9 au c\u0153ur de Rome, \u00e0 quelques pas de la <strong data-start=\"247\" data-end=\"263\">gare Termini<\/strong> et \u00e0 distance de marche des principales attractions de la ville, le <strong data-start=\"332\" data-end=\"367\">DoubleTree by Hilton Rome Monti<\/strong> offre le cadre id\u00e9al pour votre prochain \u00e9v\u00e9nement professionnel.<\/p>\n<p style=\"text-align: center\" data-start=\"437\" data-end=\"844\">Trois <strong data-start=\"443\" data-end=\"475\">salles de r\u00e9union modulables<\/strong> baign\u00e9es de lumi\u00e8re naturelle peuvent accueillir jusqu\u2019\u00e0 50 personnes, offrant un espace \u00e9l\u00e9gant et flexible pour des r\u00e9unions d\u2019entreprise, des sessions de formation, des entretiens ou des rencontres priv\u00e9es. Chaque salle est \u00e9quip\u00e9e d\u2019une <strong data-start=\"717\" data-end=\"756\">technologie audiovisuelle de pointe<\/strong> et b\u00e9n\u00e9ficie d\u2019un service d\u00e9di\u00e9 pour garantir le bon d\u00e9roulement de chaque \u00e9v\u00e9nement.<\/p>\n<p style=\"text-align: center\" data-start=\"846\" data-end=\"1028\">Pendant les pauses, les participants peuvent se d\u00e9tendre dans l\u2019\u00e9l\u00e9gant espace lounge, o\u00f9 sont propos\u00e9s <strong data-start=\"950\" data-end=\"1004\">des pauses-caf\u00e9 personnalis\u00e9es et des encas l\u00e9gers<\/strong> pr\u00e9par\u00e9s sur demande.<\/p>\n<p style=\"text-align: center\" data-start=\"1030\" data-end=\"1364\">Pour une exp\u00e9rience vraiment inoubliable, organisez votre \u00e9v\u00e9nement au <strong data-start=\"1101\" data-end=\"1142\">M\u00f9n Rooftop Cocktail Bar &amp; Restaurant<\/strong>, une <strong data-start=\"1148\" data-end=\"1182\">terrasse panoramique exclusive<\/strong> offrant une vue imprenable sur les toits du quartier Monti \u2014 le lieu id\u00e9al pour <strong data-start=\"1263\" data-end=\"1336\">un d\u00eener priv\u00e9, un cocktail de r\u00e9seautage ou une soir\u00e9e apr\u00e8s r\u00e9union<\/strong> qui marquera vos invit\u00e9s.<\/p>\n<p style=\"text-align: center\" data-start=\"1366\" data-end=\"1709\">Avec <strong data-start=\"1371\" data-end=\"1402\">133 chambres contemporaines<\/strong>, une <strong data-start=\"1408\" data-end=\"1442\">situation centrale privil\u00e9gi\u00e9e<\/strong>, \u00e0 seulement quelques minutes de la gare Termini et des principaux sites touristiques, ainsi que <strong data-start=\"1540\" data-end=\"1586\">des installations modernes et performantes<\/strong>, le DoubleTree by Hilton Rome Monti est le <strong data-start=\"1630\" data-end=\"1706\">lieu id\u00e9al pour vos r\u00e9unions et \u00e9v\u00e9nements au c\u0153ur de la Ville \u00e9ternelle<\/strong>.<\/p>\n<p>&nbsp;<\/p>\n","protected":false},"excerpt":{"rendered":"<p>L\u00e0 o\u00f9 les affaires se sentent chez elles Situ\u00e9 au c\u0153ur de Rome, \u00e0 quelques pas de la gare Termini et \u00e0 distance de marche des principales attractions de la ville, le DoubleTree by Hilton Rome Monti offre le cadre id\u00e9al pour votre prochain \u00e9v\u00e9nement professionnel. Trois salles de r\u00e9union modulables baign\u00e9es de lumi\u00e8re naturelle [&hellip;]<\/p>\n","protected":false},"author":6,"featured_media":0,"parent":590,"menu_order":43,"comment_status":"closed","ping_status":"closed","template":"template-meeting.php","meta":{"footnotes":""},"class_list":["post-593","page","type-page","status-publish","hentry"],"yoast_head":"<!-- This site is optimized with the Yoast SEO plugin v26.9 - https:\/\/yoast.com\/product\/yoast-seo-wordpress\/ -->\n<title>Salles Meeting Rome | Hotel DoubleTree by Hilton Rome Monti<\/title>\n<meta name=\"description\" content=\"Centre de congr\u00e8s pr\u00e8s de la gare Termini, id\u00e9al pour \u00e9v\u00e9nements jusqu&#039;\u00e0 50 personnes. \u00c9quipements d\u00e9di\u00e9s et service haut de gamme. R\u00e9servez votre salle !\" \/>\n<meta name=\"robots\" content=\"index, follow, max-snippet:-1, max-image-preview:large, max-video-preview:-1\" \/>\n<link rel=\"canonical\" href=\"https:\/\/www.dtromemonti.com\/fr\/services\/salles-de-reunion\/\" \/>\n<meta property=\"og:locale\" content=\"fr_FR\" \/>\n<meta property=\"og:type\" content=\"article\" \/>\n<meta property=\"og:title\" content=\"Salles Meeting Rome | Hotel DoubleTree by Hilton Rome Monti\" \/>\n<meta property=\"og:description\" content=\"Centre de congr\u00e8s pr\u00e8s de la gare Termini, id\u00e9al pour \u00e9v\u00e9nements jusqu&#039;\u00e0 50 personnes. \u00c9quipements d\u00e9di\u00e9s et service haut de gamme. R\u00e9servez votre salle !\" \/>\n<meta property=\"og:url\" content=\"https:\/\/www.dtromemonti.com\/fr\/services\/salles-de-reunion\/\" \/>\n<meta property=\"og:site_name\" content=\"DoubleTree by Hilton Rome Monti\" \/>\n<meta property=\"article:modified_time\" content=\"2025-12-12T11:31:56+00:00\" \/>\n<meta name=\"twitter:card\" content=\"summary_large_image\" \/>\n<meta name=\"twitter:label1\" content=\"Dur\u00e9e de lecture estim\u00e9e\" \/>\n\t<meta name=\"twitter:data1\" content=\"1 minute\" \/>\n<script type=\"application\/ld+json\" class=\"yoast-schema-graph\">{\"@context\":\"https:\/\/schema.org\",\"@graph\":[{\"@type\":\"WebPage\",\"@id\":\"https:\/\/www.dtromemonti.com\/fr\/services\/salles-de-reunion\/\",\"url\":\"https:\/\/www.dtromemonti.com\/fr\/services\/salles-de-reunion\/\",\"name\":\"Salles Meeting Rome | Hotel DoubleTree by Hilton Rome Monti\",\"isPartOf\":{\"@id\":\"https:\/\/www.dtromemonti.com\/fr\/#website\"},\"datePublished\":\"2022-07-04T15:12:26+00:00\",\"dateModified\":\"2025-12-12T11:31:56+00:00\",\"description\":\"Centre de congr\u00e8s pr\u00e8s de la gare Termini, id\u00e9al pour \u00e9v\u00e9nements jusqu'\u00e0 50 personnes. \u00c9quipements d\u00e9di\u00e9s et service haut de gamme. R\u00e9servez votre salle !\",\"breadcrumb\":{\"@id\":\"https:\/\/www.dtromemonti.com\/fr\/services\/salles-de-reunion\/#breadcrumb\"},\"inLanguage\":\"fr-FR\",\"potentialAction\":[{\"@type\":\"ReadAction\",\"target\":[\"https:\/\/www.dtromemonti.com\/fr\/services\/salles-de-reunion\/\"]}]},{\"@type\":\"BreadcrumbList\",\"@id\":\"https:\/\/www.dtromemonti.com\/fr\/services\/salles-de-reunion\/#breadcrumb\",\"itemListElement\":[{\"@type\":\"ListItem\",\"position\":1,\"name\":\"Home\",\"item\":\"https:\/\/www.dtromemonti.com\/fr\/\"},{\"@type\":\"ListItem\",\"position\":2,\"name\":\"Services\",\"item\":\"https:\/\/www.dtromemonti.com\/fr\/services\/\"},{\"@type\":\"ListItem\",\"position\":3,\"name\":\"Salles de R\u00e9union\"}]},{\"@type\":\"WebSite\",\"@id\":\"https:\/\/www.dtromemonti.com\/fr\/#website\",\"url\":\"https:\/\/www.dtromemonti.com\/fr\/\",\"name\":\"DoubleTree by Hilton Rome Monti\",\"description\":\"Just another ms.decms.eu site\",\"potentialAction\":[{\"@type\":\"SearchAction\",\"target\":{\"@type\":\"EntryPoint\",\"urlTemplate\":\"https:\/\/www.dtromemonti.com\/fr\/?s={search_term_string}\"},\"query-input\":{\"@type\":\"PropertyValueSpecification\",\"valueRequired\":true,\"valueName\":\"search_term_string\"}}],\"inLanguage\":\"fr-FR\"}]}<\/script>\n<!-- \/ Yoast SEO plugin. -->","yoast_head_json":{"title":"Salles Meeting Rome | Hotel DoubleTree by Hilton Rome Monti","description":"Centre de congr\u00e8s pr\u00e8s de la gare Termini, id\u00e9al pour \u00e9v\u00e9nements jusqu'\u00e0 50 personnes. \u00c9quipements d\u00e9di\u00e9s et service haut de gamme. R\u00e9servez votre salle !","robots":{"index":"index","follow":"follow","max-snippet":"max-snippet:-1","max-image-preview":"max-image-preview:large","max-video-preview":"max-video-preview:-1"},"canonical":"https:\/\/www.dtromemonti.com\/fr\/services\/salles-de-reunion\/","og_locale":"fr_FR","og_type":"article","og_title":"Salles Meeting Rome | Hotel DoubleTree by Hilton Rome Monti","og_description":"Centre de congr\u00e8s pr\u00e8s de la gare Termini, id\u00e9al pour \u00e9v\u00e9nements jusqu'\u00e0 50 personnes. \u00c9quipements d\u00e9di\u00e9s et service haut de gamme. R\u00e9servez votre salle !","og_url":"https:\/\/www.dtromemonti.com\/fr\/services\/salles-de-reunion\/","og_site_name":"DoubleTree by Hilton Rome Monti","article_modified_time":"2025-12-12T11:31:56+00:00","twitter_card":"summary_large_image","twitter_misc":{"Dur\u00e9e de lecture estim\u00e9e":"1 minute"},"schema":{"@context":"https:\/\/schema.org","@graph":[{"@type":"WebPage","@id":"https:\/\/www.dtromemonti.com\/fr\/services\/salles-de-reunion\/","url":"https:\/\/www.dtromemonti.com\/fr\/services\/salles-de-reunion\/","name":"Salles Meeting Rome | Hotel DoubleTree by Hilton Rome Monti","isPartOf":{"@id":"https:\/\/www.dtromemonti.com\/fr\/#website"},"datePublished":"2022-07-04T15:12:26+00:00","dateModified":"2025-12-12T11:31:56+00:00","description":"Centre de congr\u00e8s pr\u00e8s de la gare Termini, id\u00e9al pour \u00e9v\u00e9nements jusqu'\u00e0 50 personnes. \u00c9quipements d\u00e9di\u00e9s et service haut de gamme. R\u00e9servez votre salle !","breadcrumb":{"@id":"https:\/\/www.dtromemonti.com\/fr\/services\/salles-de-reunion\/#breadcrumb"},"inLanguage":"fr-FR","potentialAction":[{"@type":"ReadAction","target":["https:\/\/www.dtromemonti.com\/fr\/services\/salles-de-reunion\/"]}]},{"@type":"BreadcrumbList","@id":"https:\/\/www.dtromemonti.com\/fr\/services\/salles-de-reunion\/#breadcrumb","itemListElement":[{"@type":"ListItem","position":1,"name":"Home","item":"https:\/\/www.dtromemonti.com\/fr\/"},{"@type":"ListItem","position":2,"name":"Services","item":"https:\/\/www.dtromemonti.com\/fr\/services\/"},{"@type":"ListItem","position":3,"name":"Salles de R\u00e9union"}]},{"@type":"WebSite","@id":"https:\/\/www.dtromemonti.com\/fr\/#website","url":"https:\/\/www.dtromemonti.com\/fr\/","name":"DoubleTree by Hilton Rome Monti","description":"Just another ms.decms.eu site","potentialAction":[{"@type":"SearchAction","target":{"@type":"EntryPoint","urlTemplate":"https:\/\/www.dtromemonti.com\/fr\/?s={search_term_string}"},"query-input":{"@type":"PropertyValueSpecification","valueRequired":true,"valueName":"search_term_string"}}],"inLanguage":"fr-FR"}]}},"acf":[],"_links":{"self":[{"href":"https:\/\/www.dtromemonti.com\/fr\/wp-json\/wp\/v2\/pages\/593","targetHints":{"allow":["GET"]}}],"collection":[{"href":"https:\/\/www.dtromemonti.com\/fr\/wp-json\/wp\/v2\/pages"}],"about":[{"href":"https:\/\/www.dtromemonti.com\/fr\/wp-json\/wp\/v2\/types\/page"}],"author":[{"embeddable":true,"href":"https:\/\/www.dtromemonti.com\/fr\/wp-json\/wp\/v2\/users\/6"}],"replies":[{"embeddable":true,"href":"https:\/\/www.dtromemonti.com\/fr\/wp-json\/wp\/v2\/comments?post=593"}],"version-history":[{"count":0,"href":"https:\/\/www.dtromemonti.com\/fr\/wp-json\/wp\/v2\/pages\/593\/revisions"}],"up":[{"embeddable":true,"href":"https:\/\/www.dtromemonti.com\/fr\/wp-json\/wp\/v2\/pages\/590"}],"wp:attachment":[{"href":"https:\/\/www.dtromemonti.com\/fr\/wp-json\/wp\/v2\/media?parent=593"}],"curies":[{"name":"wp","href":"https:\/\/api.w.org\/{rel}","templated":true}]}}