{"id":592,"date":"2022-07-04T15:11:14","date_gmt":"2022-07-04T15:11:14","guid":{"rendered":"https:\/\/hiltonrome.ms.decms.eu\/services\/family-services\/"},"modified":"2023-03-28T12:10:09","modified_gmt":"2023-03-28T12:10:09","slug":"family-services","status":"publish","type":"page","link":"https:\/\/www.dtromemonti.com\/fr\/services\/family-services\/","title":{"rendered":"Services Family"},"content":{"rendered":"<p><span style=\"font-weight: 400;\">Au DoubleTree by Hilton Rome Monti, les <\/span><b>familles<\/b><span style=\"font-weight: 400;\"> trouveront toujours un personnel aux petits soins et tous les services dont elles ont besoin pour un passer s\u00e9jour en toute s\u00e9r\u00e9nit\u00e9.<\/span><\/p>\n<p><span style=\"font-weight: 400;\">Pour les parents voyageant avec enfants, la <\/span><b>Family Connecting Superior Room <\/b><span style=\"font-weight: 400;\">est la solution pr\u00e9f\u00e9r\u00e9e des familles : avec deux chambres communicantes ou deux chambres ind\u00e9pendantes avec antichambre et acc\u00e8s exclusif, c\u2019est la solution id\u00e9ale pour profiter d&rsquo;un s\u00e9jour \u00e0 Rome en famille en toute tranquillit\u00e9 et <\/span><b>intimit\u00e9<\/b><span style=\"font-weight: 400;\">. Si votre enfant est encore en bas \u00e2ge, mais d\u00e9j\u00e0 ind\u00e9pendant, vous pouvez b\u00e9n\u00e9ficier d\u2019un <\/span><b>lit enfant, <\/b><span style=\"font-weight: 400;\">\u00e0 demander lors de la r\u00e9servation, en fonction de la disponibilit\u00e9.<\/span><\/p>\n<p><span style=\"font-weight: 400;\">Apr\u00e8s une journ\u00e9e de visites, ne pas avoir \u00e0 se casser la t\u00eate pour savoir o\u00f9 aller manger est un <\/span><b>avantage<\/b><span style=\"font-weight: 400;\"> particuli\u00e8rement appr\u00e9ci\u00e9 par nos h\u00f4tes : Le <\/span><a href=\"https:\/\/hiltonrome.ms.decms.eu\/fr\/eat-e-drink\/mit-food-coffee-brewery\/\" target=\"_blank\" rel=\"noopener\"><b>MiT <\/b><\/a><span style=\"font-weight: 400;\">Food &amp; Coffee Brewery du DoubleTree by Hilton Rome Monti vous accueille en famille pour le d\u00e9jeuner, un go\u00fbter ou un d\u00eener avec un menu qui saura satisfaire l\u2019app\u00e9tit des petits et des grands.<\/span><\/p>\n<p><span style=\"font-weight: 400;\">\u00c0 votre arriv\u00e9e, les plus petits recevront en cadeau des <\/span><b>gadgets amusants<\/b><span style=\"font-weight: 400;\"> et l\u2019Hilton Cookie, et la r\u00e9ception est \u00e0 votre disposition pour vous renseigner sur les exp\u00e9riences originales \u00e0 faire durant votre s\u00e9jour, comme le programme des <\/span><b>activit\u00e9s familiales<\/b><span style=\"font-weight: 400;\"> propos\u00e9es par les ateliers d\u2019artisans du Rione Monti. Vous pourrez apprendre \u00e0 cr\u00e9er une mosa\u00efque tout en vous amusant avec vos enfants !<\/span><\/p>\n<p><span style=\"font-weight: 400;\">D\u00e9couvrez d\u00e8s maintenant la <a href=\"\/fr\/chambres-et-suites\/family-connecting-superior-room\/\">Family Connecting Superior<\/a> Room du DoubleTree by Hilton Rome Monti : s\u00e9r\u00e9nit\u00e9 et intimit\u00e9 pour toute la famille !<\/span><\/p>\n","protected":false},"excerpt":{"rendered":"<p>Au DoubleTree by Hilton Rome Monti, les familles trouveront toujours un personnel aux petits soins et tous les services dont elles ont besoin pour un passer s\u00e9jour en toute s\u00e9r\u00e9nit\u00e9. Pour les parents voyageant avec enfants, la Family Connecting Superior Room est la solution pr\u00e9f\u00e9r\u00e9e des familles : avec deux chambres communicantes ou deux chambres [&hellip;]<\/p>\n","protected":false},"author":6,"featured_media":0,"parent":590,"menu_order":42,"comment_status":"closed","ping_status":"closed","template":"","meta":{"footnotes":""},"class_list":["post-592","page","type-page","status-publish","hentry"],"yoast_head":"<!-- This site is optimized with the Yoast SEO plugin v26.9 - https:\/\/yoast.com\/product\/yoast-seo-wordpress\/ -->\n<title>Services Familles | Hotel DoubleTree by Hilton Rome Monti<\/title>\n<meta name=\"description\" content=\"Profitez d&#039;un s\u00e9jour confort et relaxant en famille gr\u00e2ce aux gadgets et aux services d\u00e9di\u00e9s du DoubleTree by Hilton Rome Monti. D\u00e9couvrez tous les services !\" \/>\n<meta name=\"robots\" content=\"index, follow, max-snippet:-1, max-image-preview:large, max-video-preview:-1\" \/>\n<link rel=\"canonical\" href=\"https:\/\/www.dtromemonti.com\/fr\/services\/family-services\/\" \/>\n<meta property=\"og:locale\" content=\"fr_FR\" \/>\n<meta property=\"og:type\" content=\"article\" \/>\n<meta property=\"og:title\" content=\"Services Familles | Hotel DoubleTree by Hilton Rome Monti\" \/>\n<meta property=\"og:description\" content=\"Profitez d&#039;un s\u00e9jour confort et relaxant en famille gr\u00e2ce aux gadgets et aux services d\u00e9di\u00e9s du DoubleTree by Hilton Rome Monti. D\u00e9couvrez tous les services !\" \/>\n<meta property=\"og:url\" content=\"https:\/\/www.dtromemonti.com\/fr\/services\/family-services\/\" \/>\n<meta property=\"og:site_name\" content=\"DoubleTree by Hilton Rome Monti\" \/>\n<meta property=\"article:modified_time\" content=\"2023-03-28T12:10:09+00:00\" \/>\n<meta name=\"twitter:card\" content=\"summary_large_image\" \/>\n<meta name=\"twitter:label1\" content=\"Dur\u00e9e de lecture estim\u00e9e\" \/>\n\t<meta name=\"twitter:data1\" content=\"2 minutes\" \/>\n<script type=\"application\/ld+json\" class=\"yoast-schema-graph\">{\"@context\":\"https:\/\/schema.org\",\"@graph\":[{\"@type\":\"WebPage\",\"@id\":\"https:\/\/www.dtromemonti.com\/fr\/services\/family-services\/\",\"url\":\"https:\/\/www.dtromemonti.com\/fr\/services\/family-services\/\",\"name\":\"Services Familles | Hotel DoubleTree by Hilton Rome Monti\",\"isPartOf\":{\"@id\":\"https:\/\/www.dtromemonti.com\/fr\/#website\"},\"datePublished\":\"2022-07-04T15:11:14+00:00\",\"dateModified\":\"2023-03-28T12:10:09+00:00\",\"description\":\"Profitez d'un s\u00e9jour confort et relaxant en famille gr\u00e2ce aux gadgets et aux services d\u00e9di\u00e9s du DoubleTree by Hilton Rome Monti. D\u00e9couvrez tous les services !\",\"breadcrumb\":{\"@id\":\"https:\/\/www.dtromemonti.com\/fr\/services\/family-services\/#breadcrumb\"},\"inLanguage\":\"fr-FR\",\"potentialAction\":[{\"@type\":\"ReadAction\",\"target\":[\"https:\/\/www.dtromemonti.com\/fr\/services\/family-services\/\"]}]},{\"@type\":\"BreadcrumbList\",\"@id\":\"https:\/\/www.dtromemonti.com\/fr\/services\/family-services\/#breadcrumb\",\"itemListElement\":[{\"@type\":\"ListItem\",\"position\":1,\"name\":\"Home\",\"item\":\"https:\/\/www.dtromemonti.com\/fr\/\"},{\"@type\":\"ListItem\",\"position\":2,\"name\":\"Services\",\"item\":\"https:\/\/www.dtromemonti.com\/fr\/services\/\"},{\"@type\":\"ListItem\",\"position\":3,\"name\":\"Services Family\"}]},{\"@type\":\"WebSite\",\"@id\":\"https:\/\/www.dtromemonti.com\/fr\/#website\",\"url\":\"https:\/\/www.dtromemonti.com\/fr\/\",\"name\":\"DoubleTree by Hilton Rome Monti\",\"description\":\"Just another ms.decms.eu site\",\"potentialAction\":[{\"@type\":\"SearchAction\",\"target\":{\"@type\":\"EntryPoint\",\"urlTemplate\":\"https:\/\/www.dtromemonti.com\/fr\/?s={search_term_string}\"},\"query-input\":{\"@type\":\"PropertyValueSpecification\",\"valueRequired\":true,\"valueName\":\"search_term_string\"}}],\"inLanguage\":\"fr-FR\"}]}<\/script>\n<!-- \/ Yoast SEO plugin. -->","yoast_head_json":{"title":"Services Familles | Hotel DoubleTree by Hilton Rome Monti","description":"Profitez d'un s\u00e9jour confort et relaxant en famille gr\u00e2ce aux gadgets et aux services d\u00e9di\u00e9s du DoubleTree by Hilton Rome Monti. D\u00e9couvrez tous les services !","robots":{"index":"index","follow":"follow","max-snippet":"max-snippet:-1","max-image-preview":"max-image-preview:large","max-video-preview":"max-video-preview:-1"},"canonical":"https:\/\/www.dtromemonti.com\/fr\/services\/family-services\/","og_locale":"fr_FR","og_type":"article","og_title":"Services Familles | Hotel DoubleTree by Hilton Rome Monti","og_description":"Profitez d'un s\u00e9jour confort et relaxant en famille gr\u00e2ce aux gadgets et aux services d\u00e9di\u00e9s du DoubleTree by Hilton Rome Monti. D\u00e9couvrez tous les services !","og_url":"https:\/\/www.dtromemonti.com\/fr\/services\/family-services\/","og_site_name":"DoubleTree by Hilton Rome Monti","article_modified_time":"2023-03-28T12:10:09+00:00","twitter_card":"summary_large_image","twitter_misc":{"Dur\u00e9e de lecture estim\u00e9e":"2 minutes"},"schema":{"@context":"https:\/\/schema.org","@graph":[{"@type":"WebPage","@id":"https:\/\/www.dtromemonti.com\/fr\/services\/family-services\/","url":"https:\/\/www.dtromemonti.com\/fr\/services\/family-services\/","name":"Services Familles | Hotel DoubleTree by Hilton Rome Monti","isPartOf":{"@id":"https:\/\/www.dtromemonti.com\/fr\/#website"},"datePublished":"2022-07-04T15:11:14+00:00","dateModified":"2023-03-28T12:10:09+00:00","description":"Profitez d'un s\u00e9jour confort et relaxant en famille gr\u00e2ce aux gadgets et aux services d\u00e9di\u00e9s du DoubleTree by Hilton Rome Monti. D\u00e9couvrez tous les services !","breadcrumb":{"@id":"https:\/\/www.dtromemonti.com\/fr\/services\/family-services\/#breadcrumb"},"inLanguage":"fr-FR","potentialAction":[{"@type":"ReadAction","target":["https:\/\/www.dtromemonti.com\/fr\/services\/family-services\/"]}]},{"@type":"BreadcrumbList","@id":"https:\/\/www.dtromemonti.com\/fr\/services\/family-services\/#breadcrumb","itemListElement":[{"@type":"ListItem","position":1,"name":"Home","item":"https:\/\/www.dtromemonti.com\/fr\/"},{"@type":"ListItem","position":2,"name":"Services","item":"https:\/\/www.dtromemonti.com\/fr\/services\/"},{"@type":"ListItem","position":3,"name":"Services Family"}]},{"@type":"WebSite","@id":"https:\/\/www.dtromemonti.com\/fr\/#website","url":"https:\/\/www.dtromemonti.com\/fr\/","name":"DoubleTree by Hilton Rome Monti","description":"Just another ms.decms.eu site","potentialAction":[{"@type":"SearchAction","target":{"@type":"EntryPoint","urlTemplate":"https:\/\/www.dtromemonti.com\/fr\/?s={search_term_string}"},"query-input":{"@type":"PropertyValueSpecification","valueRequired":true,"valueName":"search_term_string"}}],"inLanguage":"fr-FR"}]}},"acf":[],"_links":{"self":[{"href":"https:\/\/www.dtromemonti.com\/fr\/wp-json\/wp\/v2\/pages\/592","targetHints":{"allow":["GET"]}}],"collection":[{"href":"https:\/\/www.dtromemonti.com\/fr\/wp-json\/wp\/v2\/pages"}],"about":[{"href":"https:\/\/www.dtromemonti.com\/fr\/wp-json\/wp\/v2\/types\/page"}],"author":[{"embeddable":true,"href":"https:\/\/www.dtromemonti.com\/fr\/wp-json\/wp\/v2\/users\/6"}],"replies":[{"embeddable":true,"href":"https:\/\/www.dtromemonti.com\/fr\/wp-json\/wp\/v2\/comments?post=592"}],"version-history":[{"count":0,"href":"https:\/\/www.dtromemonti.com\/fr\/wp-json\/wp\/v2\/pages\/592\/revisions"}],"up":[{"embeddable":true,"href":"https:\/\/www.dtromemonti.com\/fr\/wp-json\/wp\/v2\/pages\/590"}],"wp:attachment":[{"href":"https:\/\/www.dtromemonti.com\/fr\/wp-json\/wp\/v2\/media?parent=592"}],"curies":[{"name":"wp","href":"https:\/\/api.w.org\/{rel}","templated":true}]}}