{"id":591,"date":"2022-07-04T15:10:25","date_gmt":"2022-07-04T15:10:25","guid":{"rendered":"https:\/\/hiltonrome.ms.decms.eu\/services\/smart-workspaces\/"},"modified":"2025-10-06T14:03:29","modified_gmt":"2025-10-06T14:03:29","slug":"smart-workspaces","status":"publish","type":"page","link":"https:\/\/www.dtromemonti.com\/fr\/services\/smart-workspaces\/","title":{"rendered":"Smart Workspaces"},"content":{"rendered":"<p data-start=\"1243\" data-end=\"1361\"><strong>Lumineux, calmes et confortables<\/strong>, nos espaces de travail intelligents sont \u00e9quip\u00e9s <strong>d\u2019une connexion Wi-Fi haut d\u00e9bit.<\/strong><\/p>\n<p data-start=\"1363\" data-end=\"1564\">Ils offrent l\u2019environnement id\u00e9al pour rester concentr\u00e9, efficace et cr\u00e9atif \u2014 que ce soit pour recevoir des clients et des coll\u00e8gues ou pour participer \u00e0 des appels sans distraction ni interruption.<\/p>\n<p data-start=\"1566\" data-end=\"1953\">Les espaces de travail du <strong data-start=\"1592\" data-end=\"1627\">DoubleTree by Hilton Rome Monti<\/strong> ont \u00e9t\u00e9 con\u00e7us pour r\u00e9pondre au besoin croissant de solutions flexibles et bien \u00e9quip\u00e9es pour le t\u00e9l\u00e9travail. Nos <strong>salles de r\u00e9union<\/strong> offrent le confort et la fonctionnalit\u00e9 d\u2019un v\u00e9ritable bureau, tandis que <strong>les \u00e9l\u00e9gants salons du lobby<\/strong>, donnant sur la Piazza dell\u2019Esquilino, sont parfaits pour vos rendez-vous et entretiens.<\/p>\n<p data-start=\"1955\" data-end=\"2252\">Tout cela accompagn\u00e9 des services 4 \u00e9toiles de l\u2019h\u00f4tel : petit-d\u00e9jeuner, pauses-caf\u00e9, d\u00e9jeuners savoureux et happy hours au <strong data-start=\"2079\" data-end=\"2108\">MiT Food &amp; Coffee Brewery<\/strong>. Et pour terminer la journ\u00e9e en beaut\u00e9, rejoignez-nous au <strong data-start=\"2167\" data-end=\"2195\">M\u00f9n Rooftop Cocktail Bar<\/strong> pour un moment de d\u00e9tente bien m\u00e9rit\u00e9 avec vue sur Rome.<\/p>\n","protected":false},"excerpt":{"rendered":"<p>Lumineux, calmes et confortables, nos espaces de travail intelligents sont \u00e9quip\u00e9s d\u2019une connexion Wi-Fi haut d\u00e9bit. Ils offrent l\u2019environnement id\u00e9al pour rester concentr\u00e9, efficace et cr\u00e9atif \u2014 que ce soit pour recevoir des clients et des coll\u00e8gues ou pour participer \u00e0 des appels sans distraction ni interruption. Les espaces de travail du DoubleTree by Hilton [&hellip;]<\/p>\n","protected":false},"author":6,"featured_media":2144,"parent":590,"menu_order":41,"comment_status":"closed","ping_status":"closed","template":"","meta":{"footnotes":""},"class_list":["post-591","page","type-page","status-publish","has-post-thumbnail","hentry"],"yoast_head":"<!-- This site is optimized with the Yoast SEO plugin v26.9 - https:\/\/yoast.com\/product\/yoast-seo-wordpress\/ -->\n<title>Espaces de t\u00e9l\u00e9travail | DoubleTree by Hilton Rome Monti<\/title>\n<meta name=\"description\" content=\"Le DoubleTree by Hilton Rome Monti propose des espaces de travail modernes et comfortables, id\u00e9aux pour les professionnels en d\u00e9placement.\" \/>\n<meta name=\"robots\" content=\"index, follow, max-snippet:-1, max-image-preview:large, max-video-preview:-1\" \/>\n<link rel=\"canonical\" href=\"https:\/\/www.dtromemonti.com\/fr\/services\/smart-workspaces\/\" \/>\n<meta property=\"og:locale\" content=\"fr_FR\" \/>\n<meta property=\"og:type\" content=\"article\" \/>\n<meta property=\"og:title\" content=\"Espaces de t\u00e9l\u00e9travail | DoubleTree by Hilton Rome Monti\" \/>\n<meta property=\"og:description\" content=\"Le DoubleTree by Hilton Rome Monti propose des espaces de travail modernes et comfortables, id\u00e9aux pour les professionnels en d\u00e9placement.\" \/>\n<meta property=\"og:url\" content=\"https:\/\/www.dtromemonti.com\/fr\/services\/smart-workspaces\/\" \/>\n<meta property=\"og:site_name\" content=\"DoubleTree by Hilton Rome Monti\" \/>\n<meta property=\"article:modified_time\" content=\"2025-10-06T14:03:29+00:00\" \/>\n<meta property=\"og:image\" content=\"https:\/\/www.dtromemonti.com\/wp-content\/uploads\/sites\/327\/2025\/10\/Q1016355.jpg\" \/>\n\t<meta property=\"og:image:width\" content=\"801\" \/>\n\t<meta property=\"og:image:height\" content=\"1200\" \/>\n\t<meta property=\"og:image:type\" content=\"image\/jpeg\" \/>\n<meta name=\"twitter:card\" content=\"summary_large_image\" \/>\n<meta name=\"twitter:label1\" content=\"Dur\u00e9e de lecture estim\u00e9e\" \/>\n\t<meta name=\"twitter:data1\" content=\"1 minute\" \/>\n<script type=\"application\/ld+json\" class=\"yoast-schema-graph\">{\"@context\":\"https:\/\/schema.org\",\"@graph\":[{\"@type\":\"WebPage\",\"@id\":\"https:\/\/www.dtromemonti.com\/fr\/services\/smart-workspaces\/\",\"url\":\"https:\/\/www.dtromemonti.com\/fr\/services\/smart-workspaces\/\",\"name\":\"Espaces de t\u00e9l\u00e9travail | DoubleTree by Hilton Rome Monti\",\"isPartOf\":{\"@id\":\"https:\/\/www.dtromemonti.com\/fr\/#website\"},\"primaryImageOfPage\":{\"@id\":\"https:\/\/www.dtromemonti.com\/fr\/services\/smart-workspaces\/#primaryimage\"},\"image\":{\"@id\":\"https:\/\/www.dtromemonti.com\/fr\/services\/smart-workspaces\/#primaryimage\"},\"thumbnailUrl\":\"https:\/\/www.dtromemonti.com\/wp-content\/uploads\/sites\/327\/2025\/10\/Q1016355.jpg\",\"datePublished\":\"2022-07-04T15:10:25+00:00\",\"dateModified\":\"2025-10-06T14:03:29+00:00\",\"description\":\"Le DoubleTree by Hilton Rome Monti propose des espaces de travail modernes et comfortables, id\u00e9aux pour les professionnels en d\u00e9placement.\",\"breadcrumb\":{\"@id\":\"https:\/\/www.dtromemonti.com\/fr\/services\/smart-workspaces\/#breadcrumb\"},\"inLanguage\":\"fr-FR\",\"potentialAction\":[{\"@type\":\"ReadAction\",\"target\":[\"https:\/\/www.dtromemonti.com\/fr\/services\/smart-workspaces\/\"]}]},{\"@type\":\"ImageObject\",\"inLanguage\":\"fr-FR\",\"@id\":\"https:\/\/www.dtromemonti.com\/fr\/services\/smart-workspaces\/#primaryimage\",\"url\":\"https:\/\/www.dtromemonti.com\/wp-content\/uploads\/sites\/327\/2025\/10\/Q1016355.jpg\",\"contentUrl\":\"https:\/\/www.dtromemonti.com\/wp-content\/uploads\/sites\/327\/2025\/10\/Q1016355.jpg\",\"width\":801,\"height\":1200,\"caption\":\"smartworking-spaces-doubletree-byhilton-romemonti\"},{\"@type\":\"BreadcrumbList\",\"@id\":\"https:\/\/www.dtromemonti.com\/fr\/services\/smart-workspaces\/#breadcrumb\",\"itemListElement\":[{\"@type\":\"ListItem\",\"position\":1,\"name\":\"Home\",\"item\":\"https:\/\/www.dtromemonti.com\/fr\/\"},{\"@type\":\"ListItem\",\"position\":2,\"name\":\"Services\",\"item\":\"https:\/\/www.dtromemonti.com\/fr\/services\/\"},{\"@type\":\"ListItem\",\"position\":3,\"name\":\"Smart Workspaces\"}]},{\"@type\":\"WebSite\",\"@id\":\"https:\/\/www.dtromemonti.com\/fr\/#website\",\"url\":\"https:\/\/www.dtromemonti.com\/fr\/\",\"name\":\"DoubleTree by Hilton Rome Monti\",\"description\":\"Just another ms.decms.eu site\",\"potentialAction\":[{\"@type\":\"SearchAction\",\"target\":{\"@type\":\"EntryPoint\",\"urlTemplate\":\"https:\/\/www.dtromemonti.com\/fr\/?s={search_term_string}\"},\"query-input\":{\"@type\":\"PropertyValueSpecification\",\"valueRequired\":true,\"valueName\":\"search_term_string\"}}],\"inLanguage\":\"fr-FR\"}]}<\/script>\n<!-- \/ Yoast SEO plugin. -->","yoast_head_json":{"title":"Espaces de t\u00e9l\u00e9travail | DoubleTree by Hilton Rome Monti","description":"Le DoubleTree by Hilton Rome Monti propose des espaces de travail modernes et comfortables, id\u00e9aux pour les professionnels en d\u00e9placement.","robots":{"index":"index","follow":"follow","max-snippet":"max-snippet:-1","max-image-preview":"max-image-preview:large","max-video-preview":"max-video-preview:-1"},"canonical":"https:\/\/www.dtromemonti.com\/fr\/services\/smart-workspaces\/","og_locale":"fr_FR","og_type":"article","og_title":"Espaces de t\u00e9l\u00e9travail | DoubleTree by Hilton Rome Monti","og_description":"Le DoubleTree by Hilton Rome Monti propose des espaces de travail modernes et comfortables, id\u00e9aux pour les professionnels en d\u00e9placement.","og_url":"https:\/\/www.dtromemonti.com\/fr\/services\/smart-workspaces\/","og_site_name":"DoubleTree by Hilton Rome Monti","article_modified_time":"2025-10-06T14:03:29+00:00","og_image":[{"width":801,"height":1200,"url":"https:\/\/www.dtromemonti.com\/wp-content\/uploads\/sites\/327\/2025\/10\/Q1016355.jpg","type":"image\/jpeg"}],"twitter_card":"summary_large_image","twitter_misc":{"Dur\u00e9e de lecture estim\u00e9e":"1 minute"},"schema":{"@context":"https:\/\/schema.org","@graph":[{"@type":"WebPage","@id":"https:\/\/www.dtromemonti.com\/fr\/services\/smart-workspaces\/","url":"https:\/\/www.dtromemonti.com\/fr\/services\/smart-workspaces\/","name":"Espaces de t\u00e9l\u00e9travail | DoubleTree by Hilton Rome Monti","isPartOf":{"@id":"https:\/\/www.dtromemonti.com\/fr\/#website"},"primaryImageOfPage":{"@id":"https:\/\/www.dtromemonti.com\/fr\/services\/smart-workspaces\/#primaryimage"},"image":{"@id":"https:\/\/www.dtromemonti.com\/fr\/services\/smart-workspaces\/#primaryimage"},"thumbnailUrl":"https:\/\/www.dtromemonti.com\/wp-content\/uploads\/sites\/327\/2025\/10\/Q1016355.jpg","datePublished":"2022-07-04T15:10:25+00:00","dateModified":"2025-10-06T14:03:29+00:00","description":"Le DoubleTree by Hilton Rome Monti propose des espaces de travail modernes et comfortables, id\u00e9aux pour les professionnels en d\u00e9placement.","breadcrumb":{"@id":"https:\/\/www.dtromemonti.com\/fr\/services\/smart-workspaces\/#breadcrumb"},"inLanguage":"fr-FR","potentialAction":[{"@type":"ReadAction","target":["https:\/\/www.dtromemonti.com\/fr\/services\/smart-workspaces\/"]}]},{"@type":"ImageObject","inLanguage":"fr-FR","@id":"https:\/\/www.dtromemonti.com\/fr\/services\/smart-workspaces\/#primaryimage","url":"https:\/\/www.dtromemonti.com\/wp-content\/uploads\/sites\/327\/2025\/10\/Q1016355.jpg","contentUrl":"https:\/\/www.dtromemonti.com\/wp-content\/uploads\/sites\/327\/2025\/10\/Q1016355.jpg","width":801,"height":1200,"caption":"smartworking-spaces-doubletree-byhilton-romemonti"},{"@type":"BreadcrumbList","@id":"https:\/\/www.dtromemonti.com\/fr\/services\/smart-workspaces\/#breadcrumb","itemListElement":[{"@type":"ListItem","position":1,"name":"Home","item":"https:\/\/www.dtromemonti.com\/fr\/"},{"@type":"ListItem","position":2,"name":"Services","item":"https:\/\/www.dtromemonti.com\/fr\/services\/"},{"@type":"ListItem","position":3,"name":"Smart Workspaces"}]},{"@type":"WebSite","@id":"https:\/\/www.dtromemonti.com\/fr\/#website","url":"https:\/\/www.dtromemonti.com\/fr\/","name":"DoubleTree by Hilton Rome Monti","description":"Just another ms.decms.eu site","potentialAction":[{"@type":"SearchAction","target":{"@type":"EntryPoint","urlTemplate":"https:\/\/www.dtromemonti.com\/fr\/?s={search_term_string}"},"query-input":{"@type":"PropertyValueSpecification","valueRequired":true,"valueName":"search_term_string"}}],"inLanguage":"fr-FR"}]}},"acf":[],"_links":{"self":[{"href":"https:\/\/www.dtromemonti.com\/fr\/wp-json\/wp\/v2\/pages\/591","targetHints":{"allow":["GET"]}}],"collection":[{"href":"https:\/\/www.dtromemonti.com\/fr\/wp-json\/wp\/v2\/pages"}],"about":[{"href":"https:\/\/www.dtromemonti.com\/fr\/wp-json\/wp\/v2\/types\/page"}],"author":[{"embeddable":true,"href":"https:\/\/www.dtromemonti.com\/fr\/wp-json\/wp\/v2\/users\/6"}],"replies":[{"embeddable":true,"href":"https:\/\/www.dtromemonti.com\/fr\/wp-json\/wp\/v2\/comments?post=591"}],"version-history":[{"count":0,"href":"https:\/\/www.dtromemonti.com\/fr\/wp-json\/wp\/v2\/pages\/591\/revisions"}],"up":[{"embeddable":true,"href":"https:\/\/www.dtromemonti.com\/fr\/wp-json\/wp\/v2\/pages\/590"}],"wp:featuredmedia":[{"embeddable":true,"href":"https:\/\/www.dtromemonti.com\/fr\/wp-json\/wp\/v2\/media\/2144"}],"wp:attachment":[{"href":"https:\/\/www.dtromemonti.com\/fr\/wp-json\/wp\/v2\/media?parent=591"}],"curies":[{"name":"wp","href":"https:\/\/api.w.org\/{rel}","templated":true}]}}