{"id":590,"date":"2022-07-04T15:09:29","date_gmt":"2022-07-04T15:09:29","guid":{"rendered":"https:\/\/hiltonrome.ms.decms.eu\/services\/"},"modified":"2023-04-17T12:57:43","modified_gmt":"2023-04-17T12:57:43","slug":"services","status":"publish","type":"page","link":"https:\/\/www.dtromemonti.com\/fr\/services\/","title":{"rendered":"Services"},"content":{"rendered":"<p><span style=\"font-weight: 400\">Profiter pleinement de la beaut\u00e9 et du charme de la Ville \u00c9ternelle sera votre seule pr\u00e9occupation lorsque vous s\u00e9journerez dans votre <\/span><b>h\u00f4tel \u00e0 Rome,<\/b><span style=\"font-weight: 400\"> au DoubleTree by Hilton Rome Monti.\u00a0<\/span><\/p>\n<p><span style=\"font-weight: 400\">Voyage d\u2019affaires, visite en famille ou <\/span><b>week-end romantique<\/b><span style=\"font-weight: 400\">, quelle que soit la raison de votre pr\u00e9sence dans la capitale, le DoubleTree by Hilton Rome Monti vous propose tous les services pour vous faire passer un s\u00e9jour dans un <\/span><b>h\u00f4tel 4 \u00e9toiles \u00e0 Rome<\/b><span style=\"font-weight: 400\"> \u00e0 l\u2019enseigne de la s\u00e9r\u00e9nit\u00e9 et de la d\u00e9tente.<\/span><\/p>\n<p><span style=\"font-weight: 400\">D\u00e8s votre arriv\u00e9e, vous d\u00e9couvrirez des <\/span><b>espaces lumineux <\/b><span style=\"font-weight: 400\">o\u00f9 vous pourrez vous d\u00e9tendre, vous retrouver en famille ou entre amis, et vous ressourcer apr\u00e8s le travail ou une journ\u00e9e de visite.\u00a0<\/span><\/p>\n<p><span style=\"font-weight: 400\">Ici, gr\u00e2ce \u00e0 la <\/span><b>connexion Wi-Fi rapide gratuite <\/b><span style=\"font-weight: 400\">dans l\u2019ensemble de l&rsquo;h\u00f4tel, publier des photos et partager vos \u00e9motions de voyage sur les r\u00e9seaux sociaux ou communiquer avec votre \u00e9quipe de travail n\u2019aura jamais \u00e9t\u00e9 aussi facile. <\/span><span style=\"font-weight: 400\"><br \/>\n<\/span><span style=\"font-weight: 400\">Il vous sera tout aussi facile et agr\u00e9able d&rsquo;organiser vos r\u00e9unions d&rsquo;affaires gr\u00e2ce aux salles de r\u00e9union du <\/span><b>centre de conf\u00e9rences<\/b><span style=\"font-weight: 400\"> et aux espaces fonctionnels baign\u00e9s de lumi\u00e8re naturelle.\u00a0\u00a0<\/span><\/p>\n<p><img loading=\"lazy\" decoding=\"async\" class=\"wp-image-759  alignnone\" src=\"http:\/\/hiltonrome.ms.decms.eu\/wp-content\/uploads\/sites\/327\/2022\/12\/Smartworking-DoubleTree-by-Hilton-Rome-Monti-1.jpg\" alt=\"MiT Food &amp; Coffee Brewery Smart Working- DoubleTree by Hilton Rome Monti\" width=\"1011\" height=\"674\" srcset=\"https:\/\/www.dtromemonti.com\/wp-content\/uploads\/sites\/327\/2022\/12\/Smartworking-DoubleTree-by-Hilton-Rome-Monti-1.jpg 1200w, https:\/\/www.dtromemonti.com\/wp-content\/uploads\/sites\/327\/2022\/12\/Smartworking-DoubleTree-by-Hilton-Rome-Monti-1-300x200.jpg 300w, https:\/\/www.dtromemonti.com\/wp-content\/uploads\/sites\/327\/2022\/12\/Smartworking-DoubleTree-by-Hilton-Rome-Monti-1-1024x683.jpg 1024w, https:\/\/www.dtromemonti.com\/wp-content\/uploads\/sites\/327\/2022\/12\/Smartworking-DoubleTree-by-Hilton-Rome-Monti-1-768x512.jpg 768w, https:\/\/www.dtromemonti.com\/wp-content\/uploads\/sites\/327\/2022\/12\/Smartworking-DoubleTree-by-Hilton-Rome-Monti-1-200x133.jpg 200w, https:\/\/www.dtromemonti.com\/wp-content\/uploads\/sites\/327\/2022\/12\/Smartworking-DoubleTree-by-Hilton-Rome-Monti-1-600x400.jpg 600w, https:\/\/www.dtromemonti.com\/wp-content\/uploads\/sites\/327\/2022\/12\/Smartworking-DoubleTree-by-Hilton-Rome-Monti-1-1000x667.jpg 1000w\" sizes=\"auto, (max-width: 1011px) 100vw, 1011px\" \/><\/p>\n<p><span style=\"font-weight: 400\">Nous proposons \u00e9galement des espaces confortables et adapt\u00e9s au <\/span><b>smart working<\/b><span style=\"font-weight: 400\">. Pourquoi travailler \u00e0 la maison quand on peut profiter d\u2019un environnement \u00e9l\u00e9gant et r\u00e9serv\u00e9, dans une ambiance propice \u00e0 la productivit\u00e9 et \u00e0 l\u2019efficacit\u00e9 ? Et b\u00e9n\u00e9ficier des <\/span><b>services 4 \u00e9toiles <\/b><span style=\"font-weight: 400\">du DoubleTree By Hilton Rome Monti, situ\u00e9 \u00e0 5 minutes de la gare Termini et du m\u00e9tro.<\/span><\/p>\n<p><span style=\"font-weight: 400\">Au <\/span><b>DoubleTree by Hilton Rome Monti<\/b><span style=\"font-weight: 400\">, notre Team Front Office vous accueille avec le sourire et sera toujours \u00e0 votre \u00e9coute pour vous conseiller et vous faire profiter pleinement de votre s\u00e9jour. R\u00e9server un taxi, un spectacle \u00e0 l&rsquo;Op\u00e9ra ou une exp\u00e9rience \u00e0 vivre en famille \u00e0 Rome, notre \u00e9quipe est \u00e0 votre disposition ! Quels que soient vos besoins, vous trouverez la r\u00e9ponse que vous cherchez, gr\u00e2ce au professionnalisme de notre \u00e9quipe. Et go\u00fbterez \u00e0 l&rsquo;incontournable Cookie Hilton !<\/span><\/p>\n<p><span style=\"font-weight: 400\">C&rsquo;est pr\u00e9cis\u00e9ment aux <\/span><b>familles avec enfants <\/b><span style=\"font-weight: 400\">que nous accordons la plus grande attention, avec des services d\u00e9di\u00e9s comme des <\/span><b>chambres communicantes<\/b><span style=\"font-weight: 400\"> et des <\/span><b>gadgets<\/b><span style=\"font-weight: 400\"> amusants pour divertir les plus petits, pour un s\u00e9jour en famille en toute s\u00e9r\u00e9nit\u00e9. Les personnes \u00e0 mobilit\u00e9 r\u00e9duite trouveront des espaces et des chambres am\u00e9nag\u00e9s pour passer un s\u00e9jour des plus agr\u00e9ables parmi nous.<\/span><\/p>\n<p><span style=\"font-weight: 400\">Un s\u00e9jour au DoubleTree by Hilton Rome Monti n\u2019est pas une raison pour manquer vos s\u00e9ances d&rsquo;entra\u00eenement ! Pour garder la forme m\u00eame en voyage, une lumineuse <\/span><b>salle de<\/b> <b>fitness <\/b><span style=\"font-weight: 400\">\u00e9quip\u00e9e des derniers appareils <\/span><b>Technogym <\/b><span style=\"font-weight: 400\">est \u00e0 votre disposition.\u00a0<\/span><\/p>\n<p><span style=\"font-weight: 400\">D\u00e9couvrir tous nos services. Nous vous attendons \u00e0 Rome !<\/span><\/p>\n","protected":false},"excerpt":{"rendered":"<p>Profiter pleinement de la beaut\u00e9 et du charme de la Ville \u00c9ternelle sera votre seule pr\u00e9occupation lorsque vous s\u00e9journerez dans votre h\u00f4tel \u00e0 Rome, au DoubleTree by Hilton Rome Monti.\u00a0 Voyage d\u2019affaires, visite en famille ou week-end romantique, quelle que soit la raison de votre pr\u00e9sence dans la capitale, le DoubleTree by Hilton Rome Monti [&hellip;]<\/p>\n","protected":false},"author":6,"featured_media":0,"parent":0,"menu_order":40,"comment_status":"closed","ping_status":"closed","template":"template-services.php","meta":{"footnotes":""},"class_list":["post-590","page","type-page","status-publish","hentry"],"yoast_head":"<!-- This site is optimized with the Yoast SEO plugin v26.9 - https:\/\/yoast.com\/product\/yoast-seo-wordpress\/ -->\n<title>Services h\u00f4tel 4 \u00e9toiles Rome | DoubleTree by Hilton Rome Monti<\/title>\n<meta name=\"description\" content=\"DoubleTree by Hilton Rome Monti : tous les services pour un s\u00e9jour business ou en famille. Offrez-vous un s\u00e9jour inoubliable. D\u00e9couvrez les services !\" \/>\n<meta name=\"robots\" content=\"index, follow, max-snippet:-1, max-image-preview:large, max-video-preview:-1\" \/>\n<link rel=\"canonical\" href=\"https:\/\/www.dtromemonti.com\/fr\/services\/\" \/>\n<meta property=\"og:locale\" content=\"fr_FR\" \/>\n<meta property=\"og:type\" content=\"article\" \/>\n<meta property=\"og:title\" content=\"Services h\u00f4tel 4 \u00e9toiles Rome | DoubleTree by Hilton Rome Monti\" \/>\n<meta property=\"og:description\" content=\"DoubleTree by Hilton Rome Monti : tous les services pour un s\u00e9jour business ou en famille. Offrez-vous un s\u00e9jour inoubliable. D\u00e9couvrez les services !\" \/>\n<meta property=\"og:url\" content=\"https:\/\/www.dtromemonti.com\/fr\/services\/\" \/>\n<meta property=\"og:site_name\" content=\"DoubleTree by Hilton Rome Monti\" \/>\n<meta property=\"article:modified_time\" content=\"2023-04-17T12:57:43+00:00\" \/>\n<meta property=\"og:image\" content=\"http:\/\/hiltonrome.ms.decms.eu\/wp-content\/uploads\/sites\/327\/2022\/12\/Smartworking-DoubleTree-by-Hilton-Rome-Monti-1.jpg\" \/>\n<meta name=\"twitter:card\" content=\"summary_large_image\" \/>\n<meta name=\"twitter:label1\" content=\"Dur\u00e9e de lecture estim\u00e9e\" \/>\n\t<meta name=\"twitter:data1\" content=\"3 minutes\" \/>\n<script type=\"application\/ld+json\" class=\"yoast-schema-graph\">{\"@context\":\"https:\/\/schema.org\",\"@graph\":[{\"@type\":\"WebPage\",\"@id\":\"https:\/\/www.dtromemonti.com\/fr\/services\/\",\"url\":\"https:\/\/www.dtromemonti.com\/fr\/services\/\",\"name\":\"Services h\u00f4tel 4 \u00e9toiles Rome | DoubleTree by Hilton Rome Monti\",\"isPartOf\":{\"@id\":\"https:\/\/www.dtromemonti.com\/fr\/#website\"},\"primaryImageOfPage\":{\"@id\":\"https:\/\/www.dtromemonti.com\/fr\/services\/#primaryimage\"},\"image\":{\"@id\":\"https:\/\/www.dtromemonti.com\/fr\/services\/#primaryimage\"},\"thumbnailUrl\":\"http:\/\/hiltonrome.ms.decms.eu\/wp-content\/uploads\/sites\/327\/2022\/12\/Smartworking-DoubleTree-by-Hilton-Rome-Monti-1.jpg\",\"datePublished\":\"2022-07-04T15:09:29+00:00\",\"dateModified\":\"2023-04-17T12:57:43+00:00\",\"description\":\"DoubleTree by Hilton Rome Monti : tous les services pour un s\u00e9jour business ou en famille. Offrez-vous un s\u00e9jour inoubliable. D\u00e9couvrez les services !\",\"breadcrumb\":{\"@id\":\"https:\/\/www.dtromemonti.com\/fr\/services\/#breadcrumb\"},\"inLanguage\":\"fr-FR\",\"potentialAction\":[{\"@type\":\"ReadAction\",\"target\":[\"https:\/\/www.dtromemonti.com\/fr\/services\/\"]}]},{\"@type\":\"ImageObject\",\"inLanguage\":\"fr-FR\",\"@id\":\"https:\/\/www.dtromemonti.com\/fr\/services\/#primaryimage\",\"url\":\"http:\/\/hiltonrome.ms.decms.eu\/wp-content\/uploads\/sites\/327\/2022\/12\/Smartworking-DoubleTree-by-Hilton-Rome-Monti-1.jpg\",\"contentUrl\":\"http:\/\/hiltonrome.ms.decms.eu\/wp-content\/uploads\/sites\/327\/2022\/12\/Smartworking-DoubleTree-by-Hilton-Rome-Monti-1.jpg\"},{\"@type\":\"BreadcrumbList\",\"@id\":\"https:\/\/www.dtromemonti.com\/fr\/services\/#breadcrumb\",\"itemListElement\":[{\"@type\":\"ListItem\",\"position\":1,\"name\":\"Home\",\"item\":\"https:\/\/www.dtromemonti.com\/fr\/\"},{\"@type\":\"ListItem\",\"position\":2,\"name\":\"Services\"}]},{\"@type\":\"WebSite\",\"@id\":\"https:\/\/www.dtromemonti.com\/fr\/#website\",\"url\":\"https:\/\/www.dtromemonti.com\/fr\/\",\"name\":\"DoubleTree by Hilton Rome Monti\",\"description\":\"Just another ms.decms.eu site\",\"potentialAction\":[{\"@type\":\"SearchAction\",\"target\":{\"@type\":\"EntryPoint\",\"urlTemplate\":\"https:\/\/www.dtromemonti.com\/fr\/?s={search_term_string}\"},\"query-input\":{\"@type\":\"PropertyValueSpecification\",\"valueRequired\":true,\"valueName\":\"search_term_string\"}}],\"inLanguage\":\"fr-FR\"}]}<\/script>\n<!-- \/ Yoast SEO plugin. -->","yoast_head_json":{"title":"Services h\u00f4tel 4 \u00e9toiles Rome | DoubleTree by Hilton Rome Monti","description":"DoubleTree by Hilton Rome Monti : tous les services pour un s\u00e9jour business ou en famille. Offrez-vous un s\u00e9jour inoubliable. D\u00e9couvrez les services !","robots":{"index":"index","follow":"follow","max-snippet":"max-snippet:-1","max-image-preview":"max-image-preview:large","max-video-preview":"max-video-preview:-1"},"canonical":"https:\/\/www.dtromemonti.com\/fr\/services\/","og_locale":"fr_FR","og_type":"article","og_title":"Services h\u00f4tel 4 \u00e9toiles Rome | DoubleTree by Hilton Rome Monti","og_description":"DoubleTree by Hilton Rome Monti : tous les services pour un s\u00e9jour business ou en famille. Offrez-vous un s\u00e9jour inoubliable. D\u00e9couvrez les services !","og_url":"https:\/\/www.dtromemonti.com\/fr\/services\/","og_site_name":"DoubleTree by Hilton Rome Monti","article_modified_time":"2023-04-17T12:57:43+00:00","og_image":[{"url":"http:\/\/hiltonrome.ms.decms.eu\/wp-content\/uploads\/sites\/327\/2022\/12\/Smartworking-DoubleTree-by-Hilton-Rome-Monti-1.jpg","type":"","width":"","height":""}],"twitter_card":"summary_large_image","twitter_misc":{"Dur\u00e9e de lecture estim\u00e9e":"3 minutes"},"schema":{"@context":"https:\/\/schema.org","@graph":[{"@type":"WebPage","@id":"https:\/\/www.dtromemonti.com\/fr\/services\/","url":"https:\/\/www.dtromemonti.com\/fr\/services\/","name":"Services h\u00f4tel 4 \u00e9toiles Rome | DoubleTree by Hilton Rome Monti","isPartOf":{"@id":"https:\/\/www.dtromemonti.com\/fr\/#website"},"primaryImageOfPage":{"@id":"https:\/\/www.dtromemonti.com\/fr\/services\/#primaryimage"},"image":{"@id":"https:\/\/www.dtromemonti.com\/fr\/services\/#primaryimage"},"thumbnailUrl":"http:\/\/hiltonrome.ms.decms.eu\/wp-content\/uploads\/sites\/327\/2022\/12\/Smartworking-DoubleTree-by-Hilton-Rome-Monti-1.jpg","datePublished":"2022-07-04T15:09:29+00:00","dateModified":"2023-04-17T12:57:43+00:00","description":"DoubleTree by Hilton Rome Monti : tous les services pour un s\u00e9jour business ou en famille. Offrez-vous un s\u00e9jour inoubliable. D\u00e9couvrez les services !","breadcrumb":{"@id":"https:\/\/www.dtromemonti.com\/fr\/services\/#breadcrumb"},"inLanguage":"fr-FR","potentialAction":[{"@type":"ReadAction","target":["https:\/\/www.dtromemonti.com\/fr\/services\/"]}]},{"@type":"ImageObject","inLanguage":"fr-FR","@id":"https:\/\/www.dtromemonti.com\/fr\/services\/#primaryimage","url":"http:\/\/hiltonrome.ms.decms.eu\/wp-content\/uploads\/sites\/327\/2022\/12\/Smartworking-DoubleTree-by-Hilton-Rome-Monti-1.jpg","contentUrl":"http:\/\/hiltonrome.ms.decms.eu\/wp-content\/uploads\/sites\/327\/2022\/12\/Smartworking-DoubleTree-by-Hilton-Rome-Monti-1.jpg"},{"@type":"BreadcrumbList","@id":"https:\/\/www.dtromemonti.com\/fr\/services\/#breadcrumb","itemListElement":[{"@type":"ListItem","position":1,"name":"Home","item":"https:\/\/www.dtromemonti.com\/fr\/"},{"@type":"ListItem","position":2,"name":"Services"}]},{"@type":"WebSite","@id":"https:\/\/www.dtromemonti.com\/fr\/#website","url":"https:\/\/www.dtromemonti.com\/fr\/","name":"DoubleTree by Hilton Rome Monti","description":"Just another ms.decms.eu site","potentialAction":[{"@type":"SearchAction","target":{"@type":"EntryPoint","urlTemplate":"https:\/\/www.dtromemonti.com\/fr\/?s={search_term_string}"},"query-input":{"@type":"PropertyValueSpecification","valueRequired":true,"valueName":"search_term_string"}}],"inLanguage":"fr-FR"}]}},"acf":[],"_links":{"self":[{"href":"https:\/\/www.dtromemonti.com\/fr\/wp-json\/wp\/v2\/pages\/590","targetHints":{"allow":["GET"]}}],"collection":[{"href":"https:\/\/www.dtromemonti.com\/fr\/wp-json\/wp\/v2\/pages"}],"about":[{"href":"https:\/\/www.dtromemonti.com\/fr\/wp-json\/wp\/v2\/types\/page"}],"author":[{"embeddable":true,"href":"https:\/\/www.dtromemonti.com\/fr\/wp-json\/wp\/v2\/users\/6"}],"replies":[{"embeddable":true,"href":"https:\/\/www.dtromemonti.com\/fr\/wp-json\/wp\/v2\/comments?post=590"}],"version-history":[{"count":0,"href":"https:\/\/www.dtromemonti.com\/fr\/wp-json\/wp\/v2\/pages\/590\/revisions"}],"wp:attachment":[{"href":"https:\/\/www.dtromemonti.com\/fr\/wp-json\/wp\/v2\/media?parent=590"}],"curies":[{"name":"wp","href":"https:\/\/api.w.org\/{rel}","templated":true}]}}