{"id":589,"date":"2022-07-04T15:07:10","date_gmt":"2022-07-04T15:07:10","guid":{"rendered":"https:\/\/hiltonrome.ms.decms.eu\/eat-e-drink\/events-at-the-hotel\/"},"modified":"2024-06-25T10:43:13","modified_gmt":"2024-06-25T10:43:13","slug":"evenements-sur-mesure","status":"publish","type":"page","link":"https:\/\/www.dtromemonti.com\/fr\/hotel\/evenements-sur-mesure\/","title":{"rendered":"\u00c9v\u00e9nements sur mesure"},"content":{"rendered":"<p style=\"text-align: center\">Vous souhaitez organiser un <strong>\u00e9v\u00e9nement priv\u00e9 dans un cadre unique<\/strong>\u00a0? Le DoubleTree by Hilton Rome Monti et ses trois \u00e9tablissements sont faits pour vous\u00a0!<\/p>\n","protected":false},"excerpt":{"rendered":"<p>Vous souhaitez organiser un \u00e9v\u00e9nement priv\u00e9 dans un cadre unique\u00a0? Le DoubleTree by Hilton Rome Monti et ses trois \u00e9tablissements sont faits pour vous\u00a0!<\/p>\n","protected":false},"author":6,"featured_media":0,"parent":550,"menu_order":11,"comment_status":"closed","ping_status":"closed","template":"","meta":{"footnotes":""},"class_list":["post-589","page","type-page","status-publish","hentry"],"yoast_head":"<!-- This site is optimized with the Yoast SEO plugin v26.9 - https:\/\/yoast.com\/product\/yoast-seo-wordpress\/ -->\n<title>\u00c9v\u00e9nements sur mesure | DoubleTree by Hilton Rome Monti<\/title>\n<meta name=\"description\" content=\"Organisation d&#039;\u00e9v\u00e8nements exclusifs dans des espaces accueillants, modernes et \u00e9quip\u00e9s.\" \/>\n<meta name=\"robots\" content=\"index, follow, max-snippet:-1, max-image-preview:large, max-video-preview:-1\" \/>\n<link rel=\"canonical\" href=\"https:\/\/www.dtromemonti.com\/fr\/hotel\/evenements-sur-mesure\/\" \/>\n<meta property=\"og:locale\" content=\"fr_FR\" \/>\n<meta property=\"og:type\" content=\"article\" \/>\n<meta property=\"og:title\" content=\"\u00c9v\u00e9nements sur mesure | DoubleTree by Hilton Rome Monti\" \/>\n<meta property=\"og:description\" content=\"Organisation d&#039;\u00e9v\u00e8nements exclusifs dans des espaces accueillants, modernes et \u00e9quip\u00e9s.\" \/>\n<meta property=\"og:url\" content=\"https:\/\/www.dtromemonti.com\/fr\/hotel\/evenements-sur-mesure\/\" \/>\n<meta property=\"og:site_name\" content=\"DoubleTree by Hilton Rome Monti\" \/>\n<meta property=\"article:modified_time\" content=\"2024-06-25T10:43:13+00:00\" \/>\n<meta name=\"twitter:card\" content=\"summary_large_image\" \/>\n<meta name=\"twitter:label1\" content=\"Dur\u00e9e de lecture estim\u00e9e\" \/>\n\t<meta name=\"twitter:data1\" content=\"1 minute\" \/>\n<script type=\"application\/ld+json\" class=\"yoast-schema-graph\">{\"@context\":\"https:\/\/schema.org\",\"@graph\":[{\"@type\":\"WebPage\",\"@id\":\"https:\/\/www.dtromemonti.com\/fr\/hotel\/evenements-sur-mesure\/\",\"url\":\"https:\/\/www.dtromemonti.com\/fr\/hotel\/evenements-sur-mesure\/\",\"name\":\"\u00c9v\u00e9nements sur mesure | DoubleTree by Hilton Rome Monti\",\"isPartOf\":{\"@id\":\"https:\/\/www.dtromemonti.com\/fr\/#website\"},\"datePublished\":\"2022-07-04T15:07:10+00:00\",\"dateModified\":\"2024-06-25T10:43:13+00:00\",\"description\":\"Organisation d'\u00e9v\u00e8nements exclusifs dans des espaces accueillants, modernes et \u00e9quip\u00e9s.\",\"breadcrumb\":{\"@id\":\"https:\/\/www.dtromemonti.com\/fr\/hotel\/evenements-sur-mesure\/#breadcrumb\"},\"inLanguage\":\"fr-FR\",\"potentialAction\":[{\"@type\":\"ReadAction\",\"target\":[\"https:\/\/www.dtromemonti.com\/fr\/hotel\/evenements-sur-mesure\/\"]}]},{\"@type\":\"BreadcrumbList\",\"@id\":\"https:\/\/www.dtromemonti.com\/fr\/hotel\/evenements-sur-mesure\/#breadcrumb\",\"itemListElement\":[{\"@type\":\"ListItem\",\"position\":1,\"name\":\"Home\",\"item\":\"https:\/\/www.dtromemonti.com\/fr\/\"},{\"@type\":\"ListItem\",\"position\":2,\"name\":\"H\u00f4tel\",\"item\":\"https:\/\/www.dtromemonti.com\/fr\/hotel\/\"},{\"@type\":\"ListItem\",\"position\":3,\"name\":\"\u00c9v\u00e9nements sur mesure\"}]},{\"@type\":\"WebSite\",\"@id\":\"https:\/\/www.dtromemonti.com\/fr\/#website\",\"url\":\"https:\/\/www.dtromemonti.com\/fr\/\",\"name\":\"DoubleTree by Hilton Rome Monti\",\"description\":\"Just another ms.decms.eu site\",\"potentialAction\":[{\"@type\":\"SearchAction\",\"target\":{\"@type\":\"EntryPoint\",\"urlTemplate\":\"https:\/\/www.dtromemonti.com\/fr\/?s={search_term_string}\"},\"query-input\":{\"@type\":\"PropertyValueSpecification\",\"valueRequired\":true,\"valueName\":\"search_term_string\"}}],\"inLanguage\":\"fr-FR\"}]}<\/script>\n<!-- \/ Yoast SEO plugin. -->","yoast_head_json":{"title":"\u00c9v\u00e9nements sur mesure | DoubleTree by Hilton Rome Monti","description":"Organisation d'\u00e9v\u00e8nements exclusifs dans des espaces accueillants, modernes et \u00e9quip\u00e9s.","robots":{"index":"index","follow":"follow","max-snippet":"max-snippet:-1","max-image-preview":"max-image-preview:large","max-video-preview":"max-video-preview:-1"},"canonical":"https:\/\/www.dtromemonti.com\/fr\/hotel\/evenements-sur-mesure\/","og_locale":"fr_FR","og_type":"article","og_title":"\u00c9v\u00e9nements sur mesure | DoubleTree by Hilton Rome Monti","og_description":"Organisation d'\u00e9v\u00e8nements exclusifs dans des espaces accueillants, modernes et \u00e9quip\u00e9s.","og_url":"https:\/\/www.dtromemonti.com\/fr\/hotel\/evenements-sur-mesure\/","og_site_name":"DoubleTree by Hilton Rome Monti","article_modified_time":"2024-06-25T10:43:13+00:00","twitter_card":"summary_large_image","twitter_misc":{"Dur\u00e9e de lecture estim\u00e9e":"1 minute"},"schema":{"@context":"https:\/\/schema.org","@graph":[{"@type":"WebPage","@id":"https:\/\/www.dtromemonti.com\/fr\/hotel\/evenements-sur-mesure\/","url":"https:\/\/www.dtromemonti.com\/fr\/hotel\/evenements-sur-mesure\/","name":"\u00c9v\u00e9nements sur mesure | DoubleTree by Hilton Rome Monti","isPartOf":{"@id":"https:\/\/www.dtromemonti.com\/fr\/#website"},"datePublished":"2022-07-04T15:07:10+00:00","dateModified":"2024-06-25T10:43:13+00:00","description":"Organisation d'\u00e9v\u00e8nements exclusifs dans des espaces accueillants, modernes et \u00e9quip\u00e9s.","breadcrumb":{"@id":"https:\/\/www.dtromemonti.com\/fr\/hotel\/evenements-sur-mesure\/#breadcrumb"},"inLanguage":"fr-FR","potentialAction":[{"@type":"ReadAction","target":["https:\/\/www.dtromemonti.com\/fr\/hotel\/evenements-sur-mesure\/"]}]},{"@type":"BreadcrumbList","@id":"https:\/\/www.dtromemonti.com\/fr\/hotel\/evenements-sur-mesure\/#breadcrumb","itemListElement":[{"@type":"ListItem","position":1,"name":"Home","item":"https:\/\/www.dtromemonti.com\/fr\/"},{"@type":"ListItem","position":2,"name":"H\u00f4tel","item":"https:\/\/www.dtromemonti.com\/fr\/hotel\/"},{"@type":"ListItem","position":3,"name":"\u00c9v\u00e9nements sur mesure"}]},{"@type":"WebSite","@id":"https:\/\/www.dtromemonti.com\/fr\/#website","url":"https:\/\/www.dtromemonti.com\/fr\/","name":"DoubleTree by Hilton Rome Monti","description":"Just another ms.decms.eu site","potentialAction":[{"@type":"SearchAction","target":{"@type":"EntryPoint","urlTemplate":"https:\/\/www.dtromemonti.com\/fr\/?s={search_term_string}"},"query-input":{"@type":"PropertyValueSpecification","valueRequired":true,"valueName":"search_term_string"}}],"inLanguage":"fr-FR"}]}},"acf":[],"_links":{"self":[{"href":"https:\/\/www.dtromemonti.com\/fr\/wp-json\/wp\/v2\/pages\/589","targetHints":{"allow":["GET"]}}],"collection":[{"href":"https:\/\/www.dtromemonti.com\/fr\/wp-json\/wp\/v2\/pages"}],"about":[{"href":"https:\/\/www.dtromemonti.com\/fr\/wp-json\/wp\/v2\/types\/page"}],"author":[{"embeddable":true,"href":"https:\/\/www.dtromemonti.com\/fr\/wp-json\/wp\/v2\/users\/6"}],"replies":[{"embeddable":true,"href":"https:\/\/www.dtromemonti.com\/fr\/wp-json\/wp\/v2\/comments?post=589"}],"version-history":[{"count":0,"href":"https:\/\/www.dtromemonti.com\/fr\/wp-json\/wp\/v2\/pages\/589\/revisions"}],"up":[{"embeddable":true,"href":"https:\/\/www.dtromemonti.com\/fr\/wp-json\/wp\/v2\/pages\/550"}],"wp:attachment":[{"href":"https:\/\/www.dtromemonti.com\/fr\/wp-json\/wp\/v2\/media?parent=589"}],"curies":[{"name":"wp","href":"https:\/\/api.w.org\/{rel}","templated":true}]}}