{"id":588,"date":"2022-07-04T15:05:50","date_gmt":"2022-07-04T15:05:50","guid":{"rendered":"https:\/\/hiltonrome.ms.decms.eu\/eat-e-drink\/lavazza-partnership\/"},"modified":"2023-03-07T16:59:18","modified_gmt":"2023-03-07T16:59:18","slug":"partenariat-lavazza","status":"publish","type":"page","link":"https:\/\/www.dtromemonti.com\/fr\/hotel\/partenariat-lavazza\/","title":{"rendered":"Partenariat Lavazza"},"content":{"rendered":"<p><b>Le DoubleTree by Hilton Rome Monti est <\/b><span style=\"font-weight: 400\">un <\/span><b>partenaire officiel <\/b><span style=\"font-weight: 400\">de<\/span><b> Lavazza<\/b><span style=\"font-weight: 400\">, la c\u00e9l\u00e8bre marque italienne qui produit du caf\u00e9 torr\u00e9fi\u00e9 depuis 1895. Dans nos bars et restaurants, vous trouverez toujours du caf\u00e9 Lavazza, que vous pourrez \u00e9galement d\u00e9guster dans l&rsquo;intimit\u00e9 de votre chambre gr\u00e2ce \u00e0 la machine \u00e0 espresso \u00e0 disposition pour les cat\u00e9gories Superior, Deluxe, Junior Suite et Suite.\u00a0<\/span><\/p>\n<p><span style=\"font-weight: 400\">Pour le DoubleTree by Hilton Rome Monti, Lavazza a s\u00e9lectionn\u00e9 uniquement des <\/span><b>m\u00e9langes de caf\u00e9 produits dans le<\/b> <b>respect de <\/b><span style=\"font-weight: 400\">l&rsquo;<\/span><b>environnement<\/b><span style=\"font-weight: 400\">. Lavazza adh\u00e8re en effet au Coffee defenders, le <\/span><b>projet de d\u00e9veloppement durable<\/b><span style=\"font-weight: 400\">, et a aid\u00e9 les agriculteurs \u00e0 se r\u00e9approprier leurs terres et \u00e0 adopter de meilleures techniques culturales pour lutter contre le r\u00e9chauffement climatique. Lavazza s&rsquo;efforce \u00e9galement de r\u00e9duire les \u00e9missions de CO2 \u00e0 travers une <\/span><b>campagne de reforestation<\/b><span style=\"font-weight: 400\"> dans certaines r\u00e9gions d&rsquo;Am\u00e9rique du Sud et,avec son programme \u00a1Tierra !, l\u2019entreprise soutient le d\u00e9veloppement social et \u00e9conomique des communaut\u00e9s locales de <\/span><b>producteurs de caf\u00e9<\/b><span style=\"font-weight: 400\"> dans 19 pays du monde.\u00a0<\/span><\/p>\n<p><span style=\"font-weight: 400\">Le <\/span><b>MiT Food &amp; Coffee Brewery<\/b><span style=\"font-weight: 400\"> est le <\/span><b>temple du caf\u00e9 <\/b><span style=\"font-weight: 400\">dans l\u2019enceinte du DoubleTree by Hilton Rome Monti.\u00a0 R\u00e9servez une <\/span><b>coffee experience<\/b><span style=\"font-weight: 400\"> personnalis\u00e9e et go\u00fbtez le nectar de diff\u00e9rents pays pr\u00e9par\u00e9 selon diff\u00e9rentes traditions. Outre le classique espresso italien, vous go\u00fbterez au caf\u00e9 pr\u00e9par\u00e9 avec la Moka, la Cucumella napolitaine, la Chemex, ainsi qu&rsquo;au French press caf\u00e9 et au Cold brew coffee. Vous d\u00e9couvrirez ainsi les <\/span><b>infinies nuances<\/b><span style=\"font-weight: 400\"> de la boisson la plus populaire en Italie et dans le monde.<\/span><\/p>\n<p><span style=\"font-weight: 400\">R\u00e9servez d\u00e8s maintenant votre exp\u00e9rience Lavazza. Appelez le <\/span><a href=\"tel:+39 06 45774500\" target=\"_blank\" rel=\"noopener\">+39 06 45774500<\/a> <span style=\"font-weight: 400\">ou \u00e9crivez \u00e0<\/span> <a href=\"mailto:info@enjoyromamonti.com\">info@enjoyromamonti.com<\/a><\/p>\n","protected":false},"excerpt":{"rendered":"<p>Le DoubleTree by Hilton Rome Monti est un partenaire officiel de Lavazza, la c\u00e9l\u00e8bre marque italienne qui produit du caf\u00e9 torr\u00e9fi\u00e9 depuis 1895. Dans nos bars et restaurants, vous trouverez toujours du caf\u00e9 Lavazza, que vous pourrez \u00e9galement d\u00e9guster dans l&rsquo;intimit\u00e9 de votre chambre gr\u00e2ce \u00e0 la machine \u00e0 espresso \u00e0 disposition pour les cat\u00e9gories [&hellip;]<\/p>\n","protected":false},"author":6,"featured_media":0,"parent":550,"menu_order":14,"comment_status":"closed","ping_status":"closed","template":"template-single-restaurant.php","meta":{"footnotes":""},"class_list":["post-588","page","type-page","status-publish","hentry"],"yoast_head":"<!-- This site is optimized with the Yoast SEO plugin v26.9 - https:\/\/yoast.com\/product\/yoast-seo-wordpress\/ -->\n<title>Partenariat caf\u00e9 Lavazza | DoubleTree by Hilton Rome Monti<\/title>\n<meta name=\"description\" content=\"DoubleTree by Hilton Rome Monti : partenaire officiel de Lavazza. D\u00e9gustez votre caf\u00e9 dans le confort de votre chambre et participez aux \u00e9v\u00e9nements. Voir !\" \/>\n<meta name=\"robots\" content=\"index, follow, max-snippet:-1, max-image-preview:large, max-video-preview:-1\" \/>\n<link rel=\"canonical\" href=\"https:\/\/www.dtromemonti.com\/fr\/hotel\/partenariat-lavazza\/\" \/>\n<meta property=\"og:locale\" content=\"fr_FR\" \/>\n<meta property=\"og:type\" content=\"article\" \/>\n<meta property=\"og:title\" content=\"Partenariat caf\u00e9 Lavazza | DoubleTree by Hilton Rome Monti\" \/>\n<meta property=\"og:description\" content=\"DoubleTree by Hilton Rome Monti : partenaire officiel de Lavazza. D\u00e9gustez votre caf\u00e9 dans le confort de votre chambre et participez aux \u00e9v\u00e9nements. Voir !\" \/>\n<meta property=\"og:url\" content=\"https:\/\/www.dtromemonti.com\/fr\/hotel\/partenariat-lavazza\/\" \/>\n<meta property=\"og:site_name\" content=\"DoubleTree by Hilton Rome Monti\" \/>\n<meta property=\"article:modified_time\" content=\"2023-03-07T16:59:18+00:00\" \/>\n<meta name=\"twitter:card\" content=\"summary_large_image\" \/>\n<meta name=\"twitter:label1\" content=\"Dur\u00e9e de lecture estim\u00e9e\" \/>\n\t<meta name=\"twitter:data1\" content=\"2 minutes\" \/>\n<script type=\"application\/ld+json\" class=\"yoast-schema-graph\">{\"@context\":\"https:\/\/schema.org\",\"@graph\":[{\"@type\":\"WebPage\",\"@id\":\"https:\/\/www.dtromemonti.com\/fr\/hotel\/partenariat-lavazza\/\",\"url\":\"https:\/\/www.dtromemonti.com\/fr\/hotel\/partenariat-lavazza\/\",\"name\":\"Partenariat caf\u00e9 Lavazza | DoubleTree by Hilton Rome Monti\",\"isPartOf\":{\"@id\":\"https:\/\/www.dtromemonti.com\/fr\/#website\"},\"datePublished\":\"2022-07-04T15:05:50+00:00\",\"dateModified\":\"2023-03-07T16:59:18+00:00\",\"description\":\"DoubleTree by Hilton Rome Monti : partenaire officiel de Lavazza. D\u00e9gustez votre caf\u00e9 dans le confort de votre chambre et participez aux \u00e9v\u00e9nements. Voir !\",\"breadcrumb\":{\"@id\":\"https:\/\/www.dtromemonti.com\/fr\/hotel\/partenariat-lavazza\/#breadcrumb\"},\"inLanguage\":\"fr-FR\",\"potentialAction\":[{\"@type\":\"ReadAction\",\"target\":[\"https:\/\/www.dtromemonti.com\/fr\/hotel\/partenariat-lavazza\/\"]}]},{\"@type\":\"BreadcrumbList\",\"@id\":\"https:\/\/www.dtromemonti.com\/fr\/hotel\/partenariat-lavazza\/#breadcrumb\",\"itemListElement\":[{\"@type\":\"ListItem\",\"position\":1,\"name\":\"Home\",\"item\":\"https:\/\/www.dtromemonti.com\/fr\/\"},{\"@type\":\"ListItem\",\"position\":2,\"name\":\"H\u00f4tel\",\"item\":\"https:\/\/www.dtromemonti.com\/fr\/hotel\/\"},{\"@type\":\"ListItem\",\"position\":3,\"name\":\"Partenariat Lavazza\"}]},{\"@type\":\"WebSite\",\"@id\":\"https:\/\/www.dtromemonti.com\/fr\/#website\",\"url\":\"https:\/\/www.dtromemonti.com\/fr\/\",\"name\":\"DoubleTree by Hilton Rome Monti\",\"description\":\"Just another ms.decms.eu site\",\"potentialAction\":[{\"@type\":\"SearchAction\",\"target\":{\"@type\":\"EntryPoint\",\"urlTemplate\":\"https:\/\/www.dtromemonti.com\/fr\/?s={search_term_string}\"},\"query-input\":{\"@type\":\"PropertyValueSpecification\",\"valueRequired\":true,\"valueName\":\"search_term_string\"}}],\"inLanguage\":\"fr-FR\"}]}<\/script>\n<!-- \/ Yoast SEO plugin. -->","yoast_head_json":{"title":"Partenariat caf\u00e9 Lavazza | DoubleTree by Hilton Rome Monti","description":"DoubleTree by Hilton Rome Monti : partenaire officiel de Lavazza. D\u00e9gustez votre caf\u00e9 dans le confort de votre chambre et participez aux \u00e9v\u00e9nements. Voir !","robots":{"index":"index","follow":"follow","max-snippet":"max-snippet:-1","max-image-preview":"max-image-preview:large","max-video-preview":"max-video-preview:-1"},"canonical":"https:\/\/www.dtromemonti.com\/fr\/hotel\/partenariat-lavazza\/","og_locale":"fr_FR","og_type":"article","og_title":"Partenariat caf\u00e9 Lavazza | DoubleTree by Hilton Rome Monti","og_description":"DoubleTree by Hilton Rome Monti : partenaire officiel de Lavazza. D\u00e9gustez votre caf\u00e9 dans le confort de votre chambre et participez aux \u00e9v\u00e9nements. Voir !","og_url":"https:\/\/www.dtromemonti.com\/fr\/hotel\/partenariat-lavazza\/","og_site_name":"DoubleTree by Hilton Rome Monti","article_modified_time":"2023-03-07T16:59:18+00:00","twitter_card":"summary_large_image","twitter_misc":{"Dur\u00e9e de lecture estim\u00e9e":"2 minutes"},"schema":{"@context":"https:\/\/schema.org","@graph":[{"@type":"WebPage","@id":"https:\/\/www.dtromemonti.com\/fr\/hotel\/partenariat-lavazza\/","url":"https:\/\/www.dtromemonti.com\/fr\/hotel\/partenariat-lavazza\/","name":"Partenariat caf\u00e9 Lavazza | DoubleTree by Hilton Rome Monti","isPartOf":{"@id":"https:\/\/www.dtromemonti.com\/fr\/#website"},"datePublished":"2022-07-04T15:05:50+00:00","dateModified":"2023-03-07T16:59:18+00:00","description":"DoubleTree by Hilton Rome Monti : partenaire officiel de Lavazza. D\u00e9gustez votre caf\u00e9 dans le confort de votre chambre et participez aux \u00e9v\u00e9nements. Voir !","breadcrumb":{"@id":"https:\/\/www.dtromemonti.com\/fr\/hotel\/partenariat-lavazza\/#breadcrumb"},"inLanguage":"fr-FR","potentialAction":[{"@type":"ReadAction","target":["https:\/\/www.dtromemonti.com\/fr\/hotel\/partenariat-lavazza\/"]}]},{"@type":"BreadcrumbList","@id":"https:\/\/www.dtromemonti.com\/fr\/hotel\/partenariat-lavazza\/#breadcrumb","itemListElement":[{"@type":"ListItem","position":1,"name":"Home","item":"https:\/\/www.dtromemonti.com\/fr\/"},{"@type":"ListItem","position":2,"name":"H\u00f4tel","item":"https:\/\/www.dtromemonti.com\/fr\/hotel\/"},{"@type":"ListItem","position":3,"name":"Partenariat Lavazza"}]},{"@type":"WebSite","@id":"https:\/\/www.dtromemonti.com\/fr\/#website","url":"https:\/\/www.dtromemonti.com\/fr\/","name":"DoubleTree by Hilton Rome Monti","description":"Just another ms.decms.eu site","potentialAction":[{"@type":"SearchAction","target":{"@type":"EntryPoint","urlTemplate":"https:\/\/www.dtromemonti.com\/fr\/?s={search_term_string}"},"query-input":{"@type":"PropertyValueSpecification","valueRequired":true,"valueName":"search_term_string"}}],"inLanguage":"fr-FR"}]}},"acf":[],"_links":{"self":[{"href":"https:\/\/www.dtromemonti.com\/fr\/wp-json\/wp\/v2\/pages\/588","targetHints":{"allow":["GET"]}}],"collection":[{"href":"https:\/\/www.dtromemonti.com\/fr\/wp-json\/wp\/v2\/pages"}],"about":[{"href":"https:\/\/www.dtromemonti.com\/fr\/wp-json\/wp\/v2\/types\/page"}],"author":[{"embeddable":true,"href":"https:\/\/www.dtromemonti.com\/fr\/wp-json\/wp\/v2\/users\/6"}],"replies":[{"embeddable":true,"href":"https:\/\/www.dtromemonti.com\/fr\/wp-json\/wp\/v2\/comments?post=588"}],"version-history":[{"count":0,"href":"https:\/\/www.dtromemonti.com\/fr\/wp-json\/wp\/v2\/pages\/588\/revisions"}],"up":[{"embeddable":true,"href":"https:\/\/www.dtromemonti.com\/fr\/wp-json\/wp\/v2\/pages\/550"}],"wp:attachment":[{"href":"https:\/\/www.dtromemonti.com\/fr\/wp-json\/wp\/v2\/media?parent=588"}],"curies":[{"name":"wp","href":"https:\/\/api.w.org\/{rel}","templated":true}]}}