{"id":587,"date":"2022-07-04T15:03:14","date_gmt":"2022-07-04T15:03:14","guid":{"rendered":"https:\/\/hiltonrome.ms.decms.eu\/eat-e-drink\/mun-rooftop-bar\/"},"modified":"2026-03-06T16:29:45","modified_gmt":"2026-03-06T16:29:45","slug":"mun-rooftop-bar","status":"publish","type":"page","link":"https:\/\/www.dtromemonti.com\/fr\/eat-e-drink\/mun-rooftop-bar\/","title":{"rendered":"M\u00f9n Rooftop Cocktail Bar"},"content":{"rendered":"<h4 style=\"text-align: center\" data-start=\"157\" data-end=\"228\">M\u00f9n Rooftop Cocktail Bar: cocktails et vues inoubliables<\/h4>\n<p style=\"text-align: center\"><span style=\"font-weight: 400\">Situ\u00e9 au huiti\u00e8me \u00e9tage du DoubleTree by Hilton Rome Monti, le M\u00f9n Rooftop Cocktail Bar est un lieu d\u2019exception offrant une <\/span><b>terrasse panoramique<\/b><span style=\"font-weight: 400\">. La vue sur le Rione Monti et les d\u00f4mes de Santa Maria Maggiore est \u00e0 couper le souffle, et le coucher du soleil distille une atmosph\u00e8re v\u00e9ritablement magique.\u00a0<\/span><\/p>\n<h3 style=\"text-align: center\"><strong>Cocktails d\u2019exception, saveurs iconiques<\/strong><\/h3>\n<p style=\"text-align: center\"><span style=\"font-weight: 400\">Lieu de pr\u00e9dilection de nos h\u00f4tes et des Romains \u00e0 l&rsquo;heure de l&rsquo;ap\u00e9ritif pour se d\u00e9tendre apr\u00e8s une journ\u00e9e de travail ou de visite de la capitale, le M\u00f9n Rooftop Cockatil Bar propose un vaste choix de cocktails, des long drinks classiques aux nouvelles propositions con\u00e7ues par nos cr\u00e9atifs mixologues.<\/span><\/p>\n<p style=\"text-align: center\"><b>Au M\u00f9n Rooftop Cocktail Bar<\/b><span style=\"font-weight: 400\">, le <\/span><b>chef <\/b><span style=\"font-weight: 400\">propose un <\/span><b>menu de tapas <\/b><span style=\"font-weight: 400\">pour accompagner la riche s\u00e9lection de cocktails, long drinks et boissons.\u00a0 La <\/span><b>carte des vins<\/b><span style=\"font-weight: 400\"> est \u00e9galement riche et soign\u00e9e, privil\u00e9giant les producteurs locaux, attentifs \u00e0 la durabilit\u00e9 environnementale, ainsi que les grands vins italiens et internationaux, s\u00e9lectionn\u00e9s pour leur valeur intrins\u00e8que et pas seulement pour leur \u00e9tiquette : les sommeliers de M\u00f9n sont toujours disponibles pour recommander le meilleur accompagnement aux plats gourmands de nos chefs.<\/span><\/p>\n<h3 style=\"text-align: center\" data-start=\"307\" data-end=\"351\"><strong>\u00c9v\u00e9nements sur mesure, cadre panoramique<\/strong><\/h3>\n<p style=\"text-align: center\"><span style=\"font-weight: 400\">Un ap\u00e9ritif entre amis ou un apr\u00e8s-d\u00eener romantique, une r\u00e9ception pour une occasion sp\u00e9ciale, un vin d\u2019honneur : le M\u00f9n Rooftop Cocktail Bar est un choix d\u2019exception pour <\/span><b>surprendre <\/b>et <span style=\"font-weight: 400\">vivre une exp\u00e9rience m\u00e9morable dans un cadre enchanteur.\u00a0<\/span><\/p>\n<p style=\"text-align: center\"><span style=\"font-weight: 400\">L&rsquo;ensemble de l\u2019\u00e9tablissement est privatisable pour accueillir votre \u00e9v\u00e9nement. Pour toute information et r\u00e9servation,<br \/>\nappeler le <a href=\"tel:+39 06 4577 4508\" target=\"_blank\" rel=\"noopener\">+39 06 4577 4508<\/a> ou \u00e9crire \u00e0<\/span>\u00a0<a href=\"mailto:info@enjoyromamonti.it\"> info@enjoyromamonti.it<\/a><\/p>\n<p style=\"text-align: center\" data-start=\"354\" data-end=\"442\">Des cocktails signature aux bouch\u00e9es gourmandes, chaque saveur raconte une histoire. <a href=\"https:\/\/munrooftoprome.com\/menu\/\" target=\"_blank\" rel=\"noopener\"><strong>D\u00e9couvrez notre menu<\/strong><\/a><\/p>\n","protected":false},"excerpt":{"rendered":"<p>M\u00f9n Rooftop Cocktail Bar: cocktails et vues inoubliables Situ\u00e9 au huiti\u00e8me \u00e9tage du DoubleTree by Hilton Rome Monti, le M\u00f9n Rooftop Cocktail Bar est un lieu d\u2019exception offrant une terrasse panoramique. La vue sur le Rione Monti et les d\u00f4mes de Santa Maria Maggiore est \u00e0 couper le souffle, et le coucher du soleil distille [&hellip;]<\/p>\n","protected":false},"author":6,"featured_media":0,"parent":584,"menu_order":33,"comment_status":"closed","ping_status":"closed","template":"template-single-restaurant.php","meta":{"footnotes":""},"class_list":["post-587","page","type-page","status-publish","hentry"],"yoast_head":"<!-- This site is optimized with the Yoast SEO plugin v26.9 - https:\/\/yoast.com\/product\/yoast-seo-wordpress\/ -->\n<title>M\u00f9n: Cocktail Bar avec vue | DoubleTree by Hilton Rome Monti<\/title>\n<meta name=\"description\" content=\"D\u00e9couvrez une Rome panoramique au M\u00f9n, le bar \u00e0 cocktails avec vue. Une ambiance chaleureuse pour savourer un bon ap\u00e9ritif, un d\u00eener light ou un after dinner.\" \/>\n<meta name=\"robots\" content=\"index, follow, max-snippet:-1, max-image-preview:large, max-video-preview:-1\" \/>\n<link rel=\"canonical\" href=\"https:\/\/www.dtromemonti.com\/fr\/eat-e-drink\/mun-rooftop-bar\/\" \/>\n<meta property=\"og:locale\" content=\"fr_FR\" \/>\n<meta property=\"og:type\" content=\"article\" \/>\n<meta property=\"og:title\" content=\"M\u00f9n: Cocktail Bar avec vue | DoubleTree by Hilton Rome Monti\" \/>\n<meta property=\"og:description\" content=\"D\u00e9couvrez une Rome panoramique au M\u00f9n, le bar \u00e0 cocktails avec vue. Une ambiance chaleureuse pour savourer un bon ap\u00e9ritif, un d\u00eener light ou un after dinner.\" \/>\n<meta property=\"og:url\" content=\"https:\/\/www.dtromemonti.com\/fr\/eat-e-drink\/mun-rooftop-bar\/\" \/>\n<meta property=\"og:site_name\" content=\"DoubleTree by Hilton Rome Monti\" \/>\n<meta property=\"article:modified_time\" content=\"2026-03-06T16:29:45+00:00\" \/>\n<meta name=\"twitter:card\" content=\"summary_large_image\" \/>\n<meta name=\"twitter:label1\" content=\"Dur\u00e9e de lecture estim\u00e9e\" \/>\n\t<meta name=\"twitter:data1\" content=\"2 minutes\" \/>\n<script type=\"application\/ld+json\" class=\"yoast-schema-graph\">{\"@context\":\"https:\/\/schema.org\",\"@graph\":[{\"@type\":\"WebPage\",\"@id\":\"https:\/\/www.dtromemonti.com\/fr\/eat-e-drink\/mun-rooftop-bar\/\",\"url\":\"https:\/\/www.dtromemonti.com\/fr\/eat-e-drink\/mun-rooftop-bar\/\",\"name\":\"M\u00f9n: Cocktail Bar avec vue | DoubleTree by Hilton Rome Monti\",\"isPartOf\":{\"@id\":\"https:\/\/www.dtromemonti.com\/fr\/#website\"},\"datePublished\":\"2022-07-04T15:03:14+00:00\",\"dateModified\":\"2026-03-06T16:29:45+00:00\",\"description\":\"D\u00e9couvrez une Rome panoramique au M\u00f9n, le bar \u00e0 cocktails avec vue. Une ambiance chaleureuse pour savourer un bon ap\u00e9ritif, un d\u00eener light ou un after dinner.\",\"breadcrumb\":{\"@id\":\"https:\/\/www.dtromemonti.com\/fr\/eat-e-drink\/mun-rooftop-bar\/#breadcrumb\"},\"inLanguage\":\"fr-FR\",\"potentialAction\":[{\"@type\":\"ReadAction\",\"target\":[\"https:\/\/www.dtromemonti.com\/fr\/eat-e-drink\/mun-rooftop-bar\/\"]}]},{\"@type\":\"BreadcrumbList\",\"@id\":\"https:\/\/www.dtromemonti.com\/fr\/eat-e-drink\/mun-rooftop-bar\/#breadcrumb\",\"itemListElement\":[{\"@type\":\"ListItem\",\"position\":1,\"name\":\"Home\",\"item\":\"https:\/\/www.dtromemonti.com\/fr\/\"},{\"@type\":\"ListItem\",\"position\":2,\"name\":\"Eat &amp; Drink\",\"item\":\"https:\/\/www.dtromemonti.com\/fr\/eat-e-drink\/\"},{\"@type\":\"ListItem\",\"position\":3,\"name\":\"M\u00f9n Rooftop Cocktail Bar\"}]},{\"@type\":\"WebSite\",\"@id\":\"https:\/\/www.dtromemonti.com\/fr\/#website\",\"url\":\"https:\/\/www.dtromemonti.com\/fr\/\",\"name\":\"DoubleTree by Hilton Rome Monti\",\"description\":\"Just another ms.decms.eu site\",\"potentialAction\":[{\"@type\":\"SearchAction\",\"target\":{\"@type\":\"EntryPoint\",\"urlTemplate\":\"https:\/\/www.dtromemonti.com\/fr\/?s={search_term_string}\"},\"query-input\":{\"@type\":\"PropertyValueSpecification\",\"valueRequired\":true,\"valueName\":\"search_term_string\"}}],\"inLanguage\":\"fr-FR\"}]}<\/script>\n<!-- \/ Yoast SEO plugin. -->","yoast_head_json":{"title":"M\u00f9n: Cocktail Bar avec vue | DoubleTree by Hilton Rome Monti","description":"D\u00e9couvrez une Rome panoramique au M\u00f9n, le bar \u00e0 cocktails avec vue. Une ambiance chaleureuse pour savourer un bon ap\u00e9ritif, un d\u00eener light ou un after dinner.","robots":{"index":"index","follow":"follow","max-snippet":"max-snippet:-1","max-image-preview":"max-image-preview:large","max-video-preview":"max-video-preview:-1"},"canonical":"https:\/\/www.dtromemonti.com\/fr\/eat-e-drink\/mun-rooftop-bar\/","og_locale":"fr_FR","og_type":"article","og_title":"M\u00f9n: Cocktail Bar avec vue | DoubleTree by Hilton Rome Monti","og_description":"D\u00e9couvrez une Rome panoramique au M\u00f9n, le bar \u00e0 cocktails avec vue. Une ambiance chaleureuse pour savourer un bon ap\u00e9ritif, un d\u00eener light ou un after dinner.","og_url":"https:\/\/www.dtromemonti.com\/fr\/eat-e-drink\/mun-rooftop-bar\/","og_site_name":"DoubleTree by Hilton Rome Monti","article_modified_time":"2026-03-06T16:29:45+00:00","twitter_card":"summary_large_image","twitter_misc":{"Dur\u00e9e de lecture estim\u00e9e":"2 minutes"},"schema":{"@context":"https:\/\/schema.org","@graph":[{"@type":"WebPage","@id":"https:\/\/www.dtromemonti.com\/fr\/eat-e-drink\/mun-rooftop-bar\/","url":"https:\/\/www.dtromemonti.com\/fr\/eat-e-drink\/mun-rooftop-bar\/","name":"M\u00f9n: Cocktail Bar avec vue | DoubleTree by Hilton Rome Monti","isPartOf":{"@id":"https:\/\/www.dtromemonti.com\/fr\/#website"},"datePublished":"2022-07-04T15:03:14+00:00","dateModified":"2026-03-06T16:29:45+00:00","description":"D\u00e9couvrez une Rome panoramique au M\u00f9n, le bar \u00e0 cocktails avec vue. Une ambiance chaleureuse pour savourer un bon ap\u00e9ritif, un d\u00eener light ou un after dinner.","breadcrumb":{"@id":"https:\/\/www.dtromemonti.com\/fr\/eat-e-drink\/mun-rooftop-bar\/#breadcrumb"},"inLanguage":"fr-FR","potentialAction":[{"@type":"ReadAction","target":["https:\/\/www.dtromemonti.com\/fr\/eat-e-drink\/mun-rooftop-bar\/"]}]},{"@type":"BreadcrumbList","@id":"https:\/\/www.dtromemonti.com\/fr\/eat-e-drink\/mun-rooftop-bar\/#breadcrumb","itemListElement":[{"@type":"ListItem","position":1,"name":"Home","item":"https:\/\/www.dtromemonti.com\/fr\/"},{"@type":"ListItem","position":2,"name":"Eat &amp; Drink","item":"https:\/\/www.dtromemonti.com\/fr\/eat-e-drink\/"},{"@type":"ListItem","position":3,"name":"M\u00f9n Rooftop Cocktail Bar"}]},{"@type":"WebSite","@id":"https:\/\/www.dtromemonti.com\/fr\/#website","url":"https:\/\/www.dtromemonti.com\/fr\/","name":"DoubleTree by Hilton Rome Monti","description":"Just another ms.decms.eu site","potentialAction":[{"@type":"SearchAction","target":{"@type":"EntryPoint","urlTemplate":"https:\/\/www.dtromemonti.com\/fr\/?s={search_term_string}"},"query-input":{"@type":"PropertyValueSpecification","valueRequired":true,"valueName":"search_term_string"}}],"inLanguage":"fr-FR"}]}},"acf":[],"_links":{"self":[{"href":"https:\/\/www.dtromemonti.com\/fr\/wp-json\/wp\/v2\/pages\/587","targetHints":{"allow":["GET"]}}],"collection":[{"href":"https:\/\/www.dtromemonti.com\/fr\/wp-json\/wp\/v2\/pages"}],"about":[{"href":"https:\/\/www.dtromemonti.com\/fr\/wp-json\/wp\/v2\/types\/page"}],"author":[{"embeddable":true,"href":"https:\/\/www.dtromemonti.com\/fr\/wp-json\/wp\/v2\/users\/6"}],"replies":[{"embeddable":true,"href":"https:\/\/www.dtromemonti.com\/fr\/wp-json\/wp\/v2\/comments?post=587"}],"version-history":[{"count":0,"href":"https:\/\/www.dtromemonti.com\/fr\/wp-json\/wp\/v2\/pages\/587\/revisions"}],"up":[{"embeddable":true,"href":"https:\/\/www.dtromemonti.com\/fr\/wp-json\/wp\/v2\/pages\/584"}],"wp:attachment":[{"href":"https:\/\/www.dtromemonti.com\/fr\/wp-json\/wp\/v2\/media?parent=587"}],"curies":[{"name":"wp","href":"https:\/\/api.w.org\/{rel}","templated":true}]}}