{"id":586,"date":"2022-07-04T15:00:53","date_gmt":"2022-07-04T15:00:53","guid":{"rendered":"https:\/\/hiltonrome.ms.decms.eu\/eat-e-drink\/mamalia-coffee-bar\/"},"modified":"2026-04-17T07:20:14","modified_gmt":"2026-04-17T07:20:14","slug":"mamalia-restaurant","status":"publish","type":"page","link":"https:\/\/www.dtromemonti.com\/fr\/eat-e-drink\/mamalia-restaurant\/","title":{"rendered":"Mamalia Restaurant"},"content":{"rendered":"<p style=\"text-align: center\" data-start=\"169\" data-end=\"495\">Le <strong data-start=\"172\" data-end=\"194\">Mamalia Restaurant<\/strong>, situ\u00e9 au sein du <strong data-start=\"213\" data-end=\"248\">DoubleTree by Hilton Rome Monti<\/strong>, accueille les h\u00f4tes chaque soir pour une exp\u00e9rience culinaire raffin\u00e9e, et propose \u00e9galement le service du petit-d\u00e9jeuner chaque matin. Une v\u00e9ritable aventure gastronomique qui vous accompagne du d\u00e9but de la journ\u00e9e jusqu\u2019\u00e0 un d\u00eener inoubliable.<\/p>\n<h4 style=\"text-align: center\" data-start=\"497\" data-end=\"577\"><strong data-start=\"497\" data-end=\"577\">Saveurs italiennes authentiques et cuisine contemporaine pour tous les go\u00fbts<\/strong><\/h4>\n<p style=\"text-align: center\" data-start=\"579\" data-end=\"916\">Le soir venu, le Mamalia Restaurant devient l\u2019endroit id\u00e9al pour d\u00e9couvrir la cuisine italienne avec une touche moderne. Notre chef revisite les recettes traditionnelles venues de toute l\u2019Italie, en mettant \u00e0 l\u2019honneur les ingr\u00e9dients de saison et les mati\u00e8res premi\u00e8res de qualit\u00e9, notamment <a href=\"https:\/\/www.dtromemonti.com\/fr\/hotel\/gruppo-galli-partenariat\/\">les viandes d\u2019exception du <strong data-start=\"899\" data-end=\"915\">Groupe Galli<\/strong>.<\/a><\/p>\n<p style=\"text-align: center\" data-start=\"918\" data-end=\"1081\">La carte des vins vient compl\u00e9ter le menu avec une s\u00e9lection soign\u00e9e d\u2019\u00e9tiquettes italiennes et internationales, pens\u00e9es pour accompagner parfaitement chaque plat.<\/p>\n<h4 style=\"text-align: center\" data-start=\"1083\" data-end=\"1107\"><strong data-start=\"1083\" data-end=\"1107\">D\u00e9couvrez notre menu<\/strong><\/h4>\n<p style=\"text-align: center\" data-start=\"1109\" data-end=\"1233\">Parcourez nos plats et savourez les saveurs de l\u2019Italie dans une version contemporaine.<br data-start=\"1196\" data-end=\"1199\" \/><a href=\"https:\/\/foodboard.it\/mamalia-new-recipes-from-the-tradition\/our-philosophy\/?language=en\" target=\"_blank\" rel=\"noopener\">[<strong data-start=\"1200\" data-end=\"1232\">D\u00e9couvrez le menu du Mamalia<\/strong>]<\/a><\/p>\n","protected":false},"excerpt":{"rendered":"<p>Le Mamalia Restaurant, situ\u00e9 au sein du DoubleTree by Hilton Rome Monti, accueille les h\u00f4tes chaque soir pour une exp\u00e9rience culinaire raffin\u00e9e, et propose \u00e9galement le service du petit-d\u00e9jeuner chaque matin. Une v\u00e9ritable aventure gastronomique qui vous accompagne du d\u00e9but de la journ\u00e9e jusqu\u2019\u00e0 un d\u00eener inoubliable. Saveurs italiennes authentiques et cuisine contemporaine pour tous [&hellip;]<\/p>\n","protected":false},"author":6,"featured_media":2314,"parent":584,"menu_order":32,"comment_status":"closed","ping_status":"closed","template":"template-single-restaurant.php","meta":{"footnotes":""},"class_list":["post-586","page","type-page","status-publish","has-post-thumbnail","hentry"],"yoast_head":"<!-- This site is optimized with the Yoast SEO plugin v26.9 - https:\/\/yoast.com\/product\/yoast-seo-wordpress\/ -->\n<title>Mamalia Restaurant Roma | DoubleTree by Hilton Rome Monti<\/title>\n<meta name=\"description\" content=\"Taste the flavors of the Roman tradition with an innovative touch at Mamalia. A location overlooking Rome, where you can enjoy local ingredients and selected wines.\" \/>\n<meta name=\"robots\" content=\"index, follow, max-snippet:-1, max-image-preview:large, max-video-preview:-1\" \/>\n<link rel=\"canonical\" href=\"https:\/\/www.dtromemonti.com\/fr\/eat-e-drink\/mamalia-restaurant\/\" \/>\n<meta property=\"og:locale\" content=\"fr_FR\" \/>\n<meta property=\"og:type\" content=\"article\" \/>\n<meta property=\"og:title\" content=\"Mamalia Restaurant Roma | DoubleTree by Hilton Rome Monti\" \/>\n<meta property=\"og:description\" content=\"Taste the flavors of the Roman tradition with an innovative touch at Mamalia. A location overlooking Rome, where you can enjoy local ingredients and selected wines.\" \/>\n<meta property=\"og:url\" content=\"https:\/\/www.dtromemonti.com\/fr\/eat-e-drink\/mamalia-restaurant\/\" \/>\n<meta property=\"og:site_name\" content=\"DoubleTree by Hilton Rome Monti\" \/>\n<meta property=\"article:modified_time\" content=\"2026-04-17T07:20:14+00:00\" \/>\n<meta property=\"og:image\" content=\"https:\/\/www.dtromemonti.com\/wp-content\/uploads\/sites\/327\/2026\/03\/L1210573-Pano.jpg\" \/>\n\t<meta property=\"og:image:width\" content=\"935\" \/>\n\t<meta property=\"og:image:height\" content=\"1200\" \/>\n\t<meta property=\"og:image:type\" content=\"image\/jpeg\" \/>\n<meta name=\"twitter:card\" content=\"summary_large_image\" \/>\n<meta name=\"twitter:label1\" content=\"Dur\u00e9e de lecture estim\u00e9e\" \/>\n\t<meta name=\"twitter:data1\" content=\"1 minute\" \/>\n<script type=\"application\/ld+json\" class=\"yoast-schema-graph\">{\"@context\":\"https:\/\/schema.org\",\"@graph\":[{\"@type\":\"WebPage\",\"@id\":\"https:\/\/www.dtromemonti.com\/fr\/eat-e-drink\/mamalia-restaurant\/\",\"url\":\"https:\/\/www.dtromemonti.com\/fr\/eat-e-drink\/mamalia-restaurant\/\",\"name\":\"Mamalia Restaurant Roma | DoubleTree by Hilton Rome Monti\",\"isPartOf\":{\"@id\":\"https:\/\/www.dtromemonti.com\/fr\/#website\"},\"primaryImageOfPage\":{\"@id\":\"https:\/\/www.dtromemonti.com\/fr\/eat-e-drink\/mamalia-restaurant\/#primaryimage\"},\"image\":{\"@id\":\"https:\/\/www.dtromemonti.com\/fr\/eat-e-drink\/mamalia-restaurant\/#primaryimage\"},\"thumbnailUrl\":\"https:\/\/www.dtromemonti.com\/wp-content\/uploads\/sites\/327\/2026\/03\/L1210573-Pano.jpg\",\"datePublished\":\"2022-07-04T15:00:53+00:00\",\"dateModified\":\"2026-04-17T07:20:14+00:00\",\"description\":\"Taste the flavors of the Roman tradition with an innovative touch at Mamalia. A location overlooking Rome, where you can enjoy local ingredients and selected wines.\",\"breadcrumb\":{\"@id\":\"https:\/\/www.dtromemonti.com\/fr\/eat-e-drink\/mamalia-restaurant\/#breadcrumb\"},\"inLanguage\":\"fr-FR\",\"potentialAction\":[{\"@type\":\"ReadAction\",\"target\":[\"https:\/\/www.dtromemonti.com\/fr\/eat-e-drink\/mamalia-restaurant\/\"]}]},{\"@type\":\"ImageObject\",\"inLanguage\":\"fr-FR\",\"@id\":\"https:\/\/www.dtromemonti.com\/fr\/eat-e-drink\/mamalia-restaurant\/#primaryimage\",\"url\":\"https:\/\/www.dtromemonti.com\/wp-content\/uploads\/sites\/327\/2026\/03\/L1210573-Pano.jpg\",\"contentUrl\":\"https:\/\/www.dtromemonti.com\/wp-content\/uploads\/sites\/327\/2026\/03\/L1210573-Pano.jpg\",\"width\":935,\"height\":1200,\"caption\":\"mamalia-restaurant-doubletree-byhilton-romemonti\"},{\"@type\":\"BreadcrumbList\",\"@id\":\"https:\/\/www.dtromemonti.com\/fr\/eat-e-drink\/mamalia-restaurant\/#breadcrumb\",\"itemListElement\":[{\"@type\":\"ListItem\",\"position\":1,\"name\":\"Home\",\"item\":\"https:\/\/www.dtromemonti.com\/fr\/\"},{\"@type\":\"ListItem\",\"position\":2,\"name\":\"Eat &amp; Drink\",\"item\":\"https:\/\/www.dtromemonti.com\/fr\/eat-e-drink\/\"},{\"@type\":\"ListItem\",\"position\":3,\"name\":\"Mamalia Restaurant\"}]},{\"@type\":\"WebSite\",\"@id\":\"https:\/\/www.dtromemonti.com\/fr\/#website\",\"url\":\"https:\/\/www.dtromemonti.com\/fr\/\",\"name\":\"DoubleTree by Hilton Rome Monti\",\"description\":\"Just another ms.decms.eu site\",\"potentialAction\":[{\"@type\":\"SearchAction\",\"target\":{\"@type\":\"EntryPoint\",\"urlTemplate\":\"https:\/\/www.dtromemonti.com\/fr\/?s={search_term_string}\"},\"query-input\":{\"@type\":\"PropertyValueSpecification\",\"valueRequired\":true,\"valueName\":\"search_term_string\"}}],\"inLanguage\":\"fr-FR\"}]}<\/script>\n<!-- \/ Yoast SEO plugin. -->","yoast_head_json":{"title":"Mamalia Restaurant Roma | DoubleTree by Hilton Rome Monti","description":"Taste the flavors of the Roman tradition with an innovative touch at Mamalia. A location overlooking Rome, where you can enjoy local ingredients and selected wines.","robots":{"index":"index","follow":"follow","max-snippet":"max-snippet:-1","max-image-preview":"max-image-preview:large","max-video-preview":"max-video-preview:-1"},"canonical":"https:\/\/www.dtromemonti.com\/fr\/eat-e-drink\/mamalia-restaurant\/","og_locale":"fr_FR","og_type":"article","og_title":"Mamalia Restaurant Roma | DoubleTree by Hilton Rome Monti","og_description":"Taste the flavors of the Roman tradition with an innovative touch at Mamalia. A location overlooking Rome, where you can enjoy local ingredients and selected wines.","og_url":"https:\/\/www.dtromemonti.com\/fr\/eat-e-drink\/mamalia-restaurant\/","og_site_name":"DoubleTree by Hilton Rome Monti","article_modified_time":"2026-04-17T07:20:14+00:00","og_image":[{"width":935,"height":1200,"url":"https:\/\/www.dtromemonti.com\/wp-content\/uploads\/sites\/327\/2026\/03\/L1210573-Pano.jpg","type":"image\/jpeg"}],"twitter_card":"summary_large_image","twitter_misc":{"Dur\u00e9e de lecture estim\u00e9e":"1 minute"},"schema":{"@context":"https:\/\/schema.org","@graph":[{"@type":"WebPage","@id":"https:\/\/www.dtromemonti.com\/fr\/eat-e-drink\/mamalia-restaurant\/","url":"https:\/\/www.dtromemonti.com\/fr\/eat-e-drink\/mamalia-restaurant\/","name":"Mamalia Restaurant Roma | DoubleTree by Hilton Rome Monti","isPartOf":{"@id":"https:\/\/www.dtromemonti.com\/fr\/#website"},"primaryImageOfPage":{"@id":"https:\/\/www.dtromemonti.com\/fr\/eat-e-drink\/mamalia-restaurant\/#primaryimage"},"image":{"@id":"https:\/\/www.dtromemonti.com\/fr\/eat-e-drink\/mamalia-restaurant\/#primaryimage"},"thumbnailUrl":"https:\/\/www.dtromemonti.com\/wp-content\/uploads\/sites\/327\/2026\/03\/L1210573-Pano.jpg","datePublished":"2022-07-04T15:00:53+00:00","dateModified":"2026-04-17T07:20:14+00:00","description":"Taste the flavors of the Roman tradition with an innovative touch at Mamalia. A location overlooking Rome, where you can enjoy local ingredients and selected wines.","breadcrumb":{"@id":"https:\/\/www.dtromemonti.com\/fr\/eat-e-drink\/mamalia-restaurant\/#breadcrumb"},"inLanguage":"fr-FR","potentialAction":[{"@type":"ReadAction","target":["https:\/\/www.dtromemonti.com\/fr\/eat-e-drink\/mamalia-restaurant\/"]}]},{"@type":"ImageObject","inLanguage":"fr-FR","@id":"https:\/\/www.dtromemonti.com\/fr\/eat-e-drink\/mamalia-restaurant\/#primaryimage","url":"https:\/\/www.dtromemonti.com\/wp-content\/uploads\/sites\/327\/2026\/03\/L1210573-Pano.jpg","contentUrl":"https:\/\/www.dtromemonti.com\/wp-content\/uploads\/sites\/327\/2026\/03\/L1210573-Pano.jpg","width":935,"height":1200,"caption":"mamalia-restaurant-doubletree-byhilton-romemonti"},{"@type":"BreadcrumbList","@id":"https:\/\/www.dtromemonti.com\/fr\/eat-e-drink\/mamalia-restaurant\/#breadcrumb","itemListElement":[{"@type":"ListItem","position":1,"name":"Home","item":"https:\/\/www.dtromemonti.com\/fr\/"},{"@type":"ListItem","position":2,"name":"Eat &amp; Drink","item":"https:\/\/www.dtromemonti.com\/fr\/eat-e-drink\/"},{"@type":"ListItem","position":3,"name":"Mamalia Restaurant"}]},{"@type":"WebSite","@id":"https:\/\/www.dtromemonti.com\/fr\/#website","url":"https:\/\/www.dtromemonti.com\/fr\/","name":"DoubleTree by Hilton Rome Monti","description":"Just another ms.decms.eu site","potentialAction":[{"@type":"SearchAction","target":{"@type":"EntryPoint","urlTemplate":"https:\/\/www.dtromemonti.com\/fr\/?s={search_term_string}"},"query-input":{"@type":"PropertyValueSpecification","valueRequired":true,"valueName":"search_term_string"}}],"inLanguage":"fr-FR"}]}},"acf":[],"_links":{"self":[{"href":"https:\/\/www.dtromemonti.com\/fr\/wp-json\/wp\/v2\/pages\/586","targetHints":{"allow":["GET"]}}],"collection":[{"href":"https:\/\/www.dtromemonti.com\/fr\/wp-json\/wp\/v2\/pages"}],"about":[{"href":"https:\/\/www.dtromemonti.com\/fr\/wp-json\/wp\/v2\/types\/page"}],"author":[{"embeddable":true,"href":"https:\/\/www.dtromemonti.com\/fr\/wp-json\/wp\/v2\/users\/6"}],"replies":[{"embeddable":true,"href":"https:\/\/www.dtromemonti.com\/fr\/wp-json\/wp\/v2\/comments?post=586"}],"version-history":[{"count":0,"href":"https:\/\/www.dtromemonti.com\/fr\/wp-json\/wp\/v2\/pages\/586\/revisions"}],"up":[{"embeddable":true,"href":"https:\/\/www.dtromemonti.com\/fr\/wp-json\/wp\/v2\/pages\/584"}],"wp:featuredmedia":[{"embeddable":true,"href":"https:\/\/www.dtromemonti.com\/fr\/wp-json\/wp\/v2\/media\/2314"}],"wp:attachment":[{"href":"https:\/\/www.dtromemonti.com\/fr\/wp-json\/wp\/v2\/media?parent=586"}],"curies":[{"name":"wp","href":"https:\/\/api.w.org\/{rel}","templated":true}]}}