{"id":585,"date":"2022-07-04T14:59:03","date_gmt":"2022-07-04T14:59:03","guid":{"rendered":"https:\/\/hiltonrome.ms.decms.eu\/eat-e-drink\/mit-food-coffee-brewery\/"},"modified":"2025-11-10T11:02:11","modified_gmt":"2025-11-10T11:02:11","slug":"mit-food-coffee-brewery","status":"publish","type":"page","link":"https:\/\/www.dtromemonti.com\/fr\/eat-e-drink\/mit-food-coffee-brewery\/","title":{"rendered":"MiT Food &amp; Coffee Brewery"},"content":{"rendered":"<p style=\"text-align: center\"><span style=\"font-weight: 400\">Ouvert d\u00e8s le matin, le <\/span><b>MiT<\/b> <b>Food &amp; Coffee Brewery <\/b><span style=\"font-weight: 400\">est la <\/span><b>terrasse<\/b><span style=\"font-weight: 400\"> du <\/span><b>Rione Monti<\/b><span style=\"font-weight: 400\"> o\u00f9 vous pourrez profiter de la lumi\u00e8re chaude et de l&rsquo;atmosph\u00e8re conviviale de <\/span><b>Rome<\/b><span style=\"font-weight: 400\">. Lieu de pr\u00e9dilection de nos h\u00f4tes pour prendre un <\/span><b>caf\u00e9<\/b> <b>en plein air<\/b><span style=\"font-weight: 400\">, l\u2019\u00e9tablissement est \u00e9galement appr\u00e9ci\u00e9 des Romains qui y viennent <\/span><b>d\u00e9jeuner<\/b><span style=\"font-weight: 400\"> et savourer un <\/span><b>ap\u00e9ritif<\/b><span style=\"font-weight: 400\"> pour se d\u00e9tendre apr\u00e8s une journ\u00e9e de travail dans le cadre splendide de Piazza dell&rsquo;Esquilino.\u00a0<\/span><\/p>\n<h3 style=\"text-align: center\" data-start=\"23\" data-end=\"95\"><strong>Saveurs fra\u00eeches, caf\u00e9 d\u2019auteur et atmosph\u00e8re romaine<\/strong><\/h3>\n<p style=\"text-align: center\"><span style=\"font-weight: 400\">Au menu, des <\/span><b>plats traditionnels<\/b><span style=\"font-weight: 400\"> comme les p\u00e2tes alla Carbonara, ainsi que des propositions cr\u00e9atives comme des <\/span><b>salades<\/b><span style=\"font-weight: 400\"> et des <\/span><b>sandwichs gourmets<\/b><span style=\"font-weight: 400\">. Des p\u00e2tisseries artisanales et des snackings savoureux accompagnent le petit-d\u00e9jeuner et les ap\u00e9ritifs, tandis que la d\u00e9gustation de m\u00e9langes de <\/span><b>caf\u00e9 Lavazza<\/b><span style=\"font-weight: 400\"> s\u00e9lectionn\u00e9s, propos\u00e9s avec diff\u00e9rentes pr\u00e9parations comme la cucumella napolitaine et le cold brew coffee, en plus du traditionnel espresso, est une exclusivit\u00e9 \u00e0 ne pas manquer.<\/span><\/p>\n<p style=\"text-align: center\" data-start=\"23\" data-end=\"157\">Du petit-d\u00e9jeuner \u00e0 l\u2019ap\u00e9ritif : explorez des saveurs italiennes fra\u00eeches et pleines de go\u00fbt. <a href=\"https:\/\/smartmenu.foodboard.it\/mit\/our-philosophy\/?language=en\" target=\"_blank\" rel=\"noopener\"><strong>D\u00e9couvrez notre menu.<\/strong><\/a><\/p>\n<p>&nbsp;<\/p>\n","protected":false},"excerpt":{"rendered":"<p>Ouvert d\u00e8s le matin, le MiT Food &amp; Coffee Brewery est la terrasse du Rione Monti o\u00f9 vous pourrez profiter de la lumi\u00e8re chaude et de l&rsquo;atmosph\u00e8re conviviale de Rome. Lieu de pr\u00e9dilection de nos h\u00f4tes pour prendre un caf\u00e9 en plein air, l\u2019\u00e9tablissement est \u00e9galement appr\u00e9ci\u00e9 des Romains qui y viennent d\u00e9jeuner et savourer [&hellip;]<\/p>\n","protected":false},"author":6,"featured_media":2074,"parent":584,"menu_order":31,"comment_status":"closed","ping_status":"closed","template":"template-single-restaurant.php","meta":{"footnotes":""},"class_list":["post-585","page","type-page","status-publish","has-post-thumbnail","hentry"],"yoast_head":"<!-- This site is optimized with the Yoast SEO plugin v26.9 - https:\/\/yoast.com\/product\/yoast-seo-wordpress\/ -->\n<title>MiT Food&amp;Coffee Brewery | DoubleTree by Hilton Rome Monti<\/title>\n<meta name=\"description\" content=\"Profitez d&#039;un petit d\u00e9jeuner complet et authentique, d&#039;un d\u00e9jeuner ou d&#039;une collation au bar MiT \u00e0 Rome Monti. Un environnement moderne et convivial id\u00e9al pour votre d\u00e9tente.\" \/>\n<meta name=\"robots\" content=\"index, follow, max-snippet:-1, max-image-preview:large, max-video-preview:-1\" \/>\n<link rel=\"canonical\" href=\"https:\/\/www.dtromemonti.com\/fr\/eat-e-drink\/mit-food-coffee-brewery\/\" \/>\n<meta property=\"og:locale\" content=\"fr_FR\" \/>\n<meta property=\"og:type\" content=\"article\" \/>\n<meta property=\"og:title\" content=\"MiT Food&amp;Coffee Brewery | DoubleTree by Hilton Rome Monti\" \/>\n<meta property=\"og:description\" content=\"Profitez d&#039;un petit d\u00e9jeuner complet et authentique, d&#039;un d\u00e9jeuner ou d&#039;une collation au bar MiT \u00e0 Rome Monti. Un environnement moderne et convivial id\u00e9al pour votre d\u00e9tente.\" \/>\n<meta property=\"og:url\" content=\"https:\/\/www.dtromemonti.com\/fr\/eat-e-drink\/mit-food-coffee-brewery\/\" \/>\n<meta property=\"og:site_name\" content=\"DoubleTree by Hilton Rome Monti\" \/>\n<meta property=\"article:modified_time\" content=\"2025-11-10T11:02:11+00:00\" \/>\n<meta property=\"og:image\" content=\"https:\/\/www.dtromemonti.com\/wp-content\/uploads\/sites\/327\/2025\/08\/L1470877.jpg\" \/>\n\t<meta property=\"og:image:width\" content=\"800\" \/>\n\t<meta property=\"og:image:height\" content=\"1200\" \/>\n\t<meta property=\"og:image:type\" content=\"image\/jpeg\" \/>\n<meta name=\"twitter:card\" content=\"summary_large_image\" \/>\n<meta name=\"twitter:label1\" content=\"Dur\u00e9e de lecture estim\u00e9e\" \/>\n\t<meta name=\"twitter:data1\" content=\"1 minute\" \/>\n<script type=\"application\/ld+json\" class=\"yoast-schema-graph\">{\"@context\":\"https:\/\/schema.org\",\"@graph\":[{\"@type\":\"WebPage\",\"@id\":\"https:\/\/www.dtromemonti.com\/fr\/eat-e-drink\/mit-food-coffee-brewery\/\",\"url\":\"https:\/\/www.dtromemonti.com\/fr\/eat-e-drink\/mit-food-coffee-brewery\/\",\"name\":\"MiT Food&Coffee Brewery | DoubleTree by Hilton Rome Monti\",\"isPartOf\":{\"@id\":\"https:\/\/www.dtromemonti.com\/fr\/#website\"},\"primaryImageOfPage\":{\"@id\":\"https:\/\/www.dtromemonti.com\/fr\/eat-e-drink\/mit-food-coffee-brewery\/#primaryimage\"},\"image\":{\"@id\":\"https:\/\/www.dtromemonti.com\/fr\/eat-e-drink\/mit-food-coffee-brewery\/#primaryimage\"},\"thumbnailUrl\":\"https:\/\/www.dtromemonti.com\/wp-content\/uploads\/sites\/327\/2025\/08\/L1470877.jpg\",\"datePublished\":\"2022-07-04T14:59:03+00:00\",\"dateModified\":\"2025-11-10T11:02:11+00:00\",\"description\":\"Profitez d'un petit d\u00e9jeuner complet et authentique, d'un d\u00e9jeuner ou d'une collation au bar MiT \u00e0 Rome Monti. Un environnement moderne et convivial id\u00e9al pour votre d\u00e9tente.\",\"breadcrumb\":{\"@id\":\"https:\/\/www.dtromemonti.com\/fr\/eat-e-drink\/mit-food-coffee-brewery\/#breadcrumb\"},\"inLanguage\":\"fr-FR\",\"potentialAction\":[{\"@type\":\"ReadAction\",\"target\":[\"https:\/\/www.dtromemonti.com\/fr\/eat-e-drink\/mit-food-coffee-brewery\/\"]}]},{\"@type\":\"ImageObject\",\"inLanguage\":\"fr-FR\",\"@id\":\"https:\/\/www.dtromemonti.com\/fr\/eat-e-drink\/mit-food-coffee-brewery\/#primaryimage\",\"url\":\"https:\/\/www.dtromemonti.com\/wp-content\/uploads\/sites\/327\/2025\/08\/L1470877.jpg\",\"contentUrl\":\"https:\/\/www.dtromemonti.com\/wp-content\/uploads\/sites\/327\/2025\/08\/L1470877.jpg\",\"width\":800,\"height\":1200,\"caption\":\"happyhour-mit-foodandcoffeebrewery-doubletree-byhilton-romemonti\"},{\"@type\":\"BreadcrumbList\",\"@id\":\"https:\/\/www.dtromemonti.com\/fr\/eat-e-drink\/mit-food-coffee-brewery\/#breadcrumb\",\"itemListElement\":[{\"@type\":\"ListItem\",\"position\":1,\"name\":\"Home\",\"item\":\"https:\/\/www.dtromemonti.com\/fr\/\"},{\"@type\":\"ListItem\",\"position\":2,\"name\":\"Eat &amp; Drink\",\"item\":\"https:\/\/www.dtromemonti.com\/fr\/eat-e-drink\/\"},{\"@type\":\"ListItem\",\"position\":3,\"name\":\"MiT Food &amp; Coffee Brewery\"}]},{\"@type\":\"WebSite\",\"@id\":\"https:\/\/www.dtromemonti.com\/fr\/#website\",\"url\":\"https:\/\/www.dtromemonti.com\/fr\/\",\"name\":\"DoubleTree by Hilton Rome Monti\",\"description\":\"Just another ms.decms.eu site\",\"potentialAction\":[{\"@type\":\"SearchAction\",\"target\":{\"@type\":\"EntryPoint\",\"urlTemplate\":\"https:\/\/www.dtromemonti.com\/fr\/?s={search_term_string}\"},\"query-input\":{\"@type\":\"PropertyValueSpecification\",\"valueRequired\":true,\"valueName\":\"search_term_string\"}}],\"inLanguage\":\"fr-FR\"}]}<\/script>\n<!-- \/ Yoast SEO plugin. -->","yoast_head_json":{"title":"MiT Food&Coffee Brewery | DoubleTree by Hilton Rome Monti","description":"Profitez d'un petit d\u00e9jeuner complet et authentique, d'un d\u00e9jeuner ou d'une collation au bar MiT \u00e0 Rome Monti. Un environnement moderne et convivial id\u00e9al pour votre d\u00e9tente.","robots":{"index":"index","follow":"follow","max-snippet":"max-snippet:-1","max-image-preview":"max-image-preview:large","max-video-preview":"max-video-preview:-1"},"canonical":"https:\/\/www.dtromemonti.com\/fr\/eat-e-drink\/mit-food-coffee-brewery\/","og_locale":"fr_FR","og_type":"article","og_title":"MiT Food&Coffee Brewery | DoubleTree by Hilton Rome Monti","og_description":"Profitez d'un petit d\u00e9jeuner complet et authentique, d'un d\u00e9jeuner ou d'une collation au bar MiT \u00e0 Rome Monti. Un environnement moderne et convivial id\u00e9al pour votre d\u00e9tente.","og_url":"https:\/\/www.dtromemonti.com\/fr\/eat-e-drink\/mit-food-coffee-brewery\/","og_site_name":"DoubleTree by Hilton Rome Monti","article_modified_time":"2025-11-10T11:02:11+00:00","og_image":[{"width":800,"height":1200,"url":"https:\/\/www.dtromemonti.com\/wp-content\/uploads\/sites\/327\/2025\/08\/L1470877.jpg","type":"image\/jpeg"}],"twitter_card":"summary_large_image","twitter_misc":{"Dur\u00e9e de lecture estim\u00e9e":"1 minute"},"schema":{"@context":"https:\/\/schema.org","@graph":[{"@type":"WebPage","@id":"https:\/\/www.dtromemonti.com\/fr\/eat-e-drink\/mit-food-coffee-brewery\/","url":"https:\/\/www.dtromemonti.com\/fr\/eat-e-drink\/mit-food-coffee-brewery\/","name":"MiT Food&Coffee Brewery | DoubleTree by Hilton Rome Monti","isPartOf":{"@id":"https:\/\/www.dtromemonti.com\/fr\/#website"},"primaryImageOfPage":{"@id":"https:\/\/www.dtromemonti.com\/fr\/eat-e-drink\/mit-food-coffee-brewery\/#primaryimage"},"image":{"@id":"https:\/\/www.dtromemonti.com\/fr\/eat-e-drink\/mit-food-coffee-brewery\/#primaryimage"},"thumbnailUrl":"https:\/\/www.dtromemonti.com\/wp-content\/uploads\/sites\/327\/2025\/08\/L1470877.jpg","datePublished":"2022-07-04T14:59:03+00:00","dateModified":"2025-11-10T11:02:11+00:00","description":"Profitez d'un petit d\u00e9jeuner complet et authentique, d'un d\u00e9jeuner ou d'une collation au bar MiT \u00e0 Rome Monti. Un environnement moderne et convivial id\u00e9al pour votre d\u00e9tente.","breadcrumb":{"@id":"https:\/\/www.dtromemonti.com\/fr\/eat-e-drink\/mit-food-coffee-brewery\/#breadcrumb"},"inLanguage":"fr-FR","potentialAction":[{"@type":"ReadAction","target":["https:\/\/www.dtromemonti.com\/fr\/eat-e-drink\/mit-food-coffee-brewery\/"]}]},{"@type":"ImageObject","inLanguage":"fr-FR","@id":"https:\/\/www.dtromemonti.com\/fr\/eat-e-drink\/mit-food-coffee-brewery\/#primaryimage","url":"https:\/\/www.dtromemonti.com\/wp-content\/uploads\/sites\/327\/2025\/08\/L1470877.jpg","contentUrl":"https:\/\/www.dtromemonti.com\/wp-content\/uploads\/sites\/327\/2025\/08\/L1470877.jpg","width":800,"height":1200,"caption":"happyhour-mit-foodandcoffeebrewery-doubletree-byhilton-romemonti"},{"@type":"BreadcrumbList","@id":"https:\/\/www.dtromemonti.com\/fr\/eat-e-drink\/mit-food-coffee-brewery\/#breadcrumb","itemListElement":[{"@type":"ListItem","position":1,"name":"Home","item":"https:\/\/www.dtromemonti.com\/fr\/"},{"@type":"ListItem","position":2,"name":"Eat &amp; Drink","item":"https:\/\/www.dtromemonti.com\/fr\/eat-e-drink\/"},{"@type":"ListItem","position":3,"name":"MiT Food &amp; Coffee Brewery"}]},{"@type":"WebSite","@id":"https:\/\/www.dtromemonti.com\/fr\/#website","url":"https:\/\/www.dtromemonti.com\/fr\/","name":"DoubleTree by Hilton Rome Monti","description":"Just another ms.decms.eu site","potentialAction":[{"@type":"SearchAction","target":{"@type":"EntryPoint","urlTemplate":"https:\/\/www.dtromemonti.com\/fr\/?s={search_term_string}"},"query-input":{"@type":"PropertyValueSpecification","valueRequired":true,"valueName":"search_term_string"}}],"inLanguage":"fr-FR"}]}},"acf":[],"_links":{"self":[{"href":"https:\/\/www.dtromemonti.com\/fr\/wp-json\/wp\/v2\/pages\/585","targetHints":{"allow":["GET"]}}],"collection":[{"href":"https:\/\/www.dtromemonti.com\/fr\/wp-json\/wp\/v2\/pages"}],"about":[{"href":"https:\/\/www.dtromemonti.com\/fr\/wp-json\/wp\/v2\/types\/page"}],"author":[{"embeddable":true,"href":"https:\/\/www.dtromemonti.com\/fr\/wp-json\/wp\/v2\/users\/6"}],"replies":[{"embeddable":true,"href":"https:\/\/www.dtromemonti.com\/fr\/wp-json\/wp\/v2\/comments?post=585"}],"version-history":[{"count":0,"href":"https:\/\/www.dtromemonti.com\/fr\/wp-json\/wp\/v2\/pages\/585\/revisions"}],"up":[{"embeddable":true,"href":"https:\/\/www.dtromemonti.com\/fr\/wp-json\/wp\/v2\/pages\/584"}],"wp:featuredmedia":[{"embeddable":true,"href":"https:\/\/www.dtromemonti.com\/fr\/wp-json\/wp\/v2\/media\/2074"}],"wp:attachment":[{"href":"https:\/\/www.dtromemonti.com\/fr\/wp-json\/wp\/v2\/media?parent=585"}],"curies":[{"name":"wp","href":"https:\/\/api.w.org\/{rel}","templated":true}]}}