{"id":584,"date":"2022-07-04T14:56:41","date_gmt":"2022-07-04T14:56:41","guid":{"rendered":"https:\/\/hiltonrome.ms.decms.eu\/eat-e-drink\/"},"modified":"2025-08-28T14:26:18","modified_gmt":"2025-08-28T14:26:18","slug":"eat-e-drink","status":"publish","type":"page","link":"https:\/\/www.dtromemonti.com\/fr\/eat-e-drink\/","title":{"rendered":"Eat &amp; Drink"},"content":{"rendered":"<p style=\"text-align: center\">Enjoy Roma Monti est une invitation \u00e0 profiter de nos espaces en toute libert\u00e9, tout au long de la journ\u00e9e, en d\u00e9couvrant <strong>MiT<\/strong>, <strong>Mamalia<\/strong> et <strong>M\u00f9n<\/strong>\u00a0: caf\u00e9t\u00e9ria, restaurant et skybar de DoubleTree by Hilton Rome Monti.<\/p>\n<p style=\"text-align: center\">Commencez la journ\u00e9e au <strong>MiT<\/strong>, avec un petit d\u00e9jeuner sucr\u00e9 ou sal\u00e9 ou une simple pause caf\u00e9, en savourant la s\u00e9lection de m\u00e9langes raffin\u00e9s et durables de caf\u00e9 sign\u00e9s Lavazza. Avec son atmosph\u00e8re \u00e9l\u00e9gante et d\u00e9contract\u00e9e, MiT est aussi l\u2019endroit id\u00e9al pour d\u00e9guster des d\u00e9jeuners rapides, avec un menu \u00e0 base de plats traditionnels, salades et sandwichs gourmands, ou pour un apr\u00e8s-midi de t\u00e9l\u00e9travail.<\/p>\n<p style=\"text-align: center\">Pour le d\u00eener, le <strong>Mamalia<\/strong> offre une interpr\u00e9tation culinaire moderne des recettes traditionnelles gr\u00e2ce \u00e0 l&rsquo;inventivit\u00e9 du Chef et de son \u00e9quipe, \u00e0 accompagner d\u2019une riche carte de vins internationaux. Mais ce n&rsquo;est pas tout : chaque matin, notre restaurant devient \u00e9galement le point de r\u00e9f\u00e9rence des clients de l\u2019h\u00f4tel, qui viennent y d\u00e9guster un copieux petit d\u00e9jeuner buffet \u00e0 base d\u2019ingr\u00e9dients typiques du territoire.<\/p>\n<p style=\"text-align: center\">Et si vous souhaitez finir la journ\u00e9e en beaut\u00e9, <strong>M\u00f9n<\/strong>, notre Rooftop Cocktail Bar panoramique est l\u2019endroit id\u00e9al pour d\u00e9couvrir les derni\u00e8res tendances de mixologie, \u00e0 accompagner d&rsquo;un menu tapas con\u00e7u par nos chefs et d\u2019une vue imprenable sur Rome.<\/p>\n<p style=\"text-align: center\">Trois endroits diff\u00e9rents ouverts \u00e0 tous, au c\u0153ur de la ville \u00e9ternelle, o\u00f9 vivre des exp\u00e9riences culinaires et des \u00e9v\u00e9nements gastronomiques avec des professionnels du monde F&amp;B et des chefs \u00e9toil\u00e9s.<\/p>\n<p style=\"text-align: center\">Choisissez votre exp\u00e9rience gourmande au <strong>DoubleTree by Hilton Rome Monti<\/strong>.<\/p>\n","protected":false},"excerpt":{"rendered":"<p>Enjoy Roma Monti est une invitation \u00e0 profiter de nos espaces en toute libert\u00e9, tout au long de la journ\u00e9e, en d\u00e9couvrant MiT, Mamalia et M\u00f9n\u00a0: caf\u00e9t\u00e9ria, restaurant et skybar de DoubleTree by Hilton Rome Monti. Commencez la journ\u00e9e au MiT, avec un petit d\u00e9jeuner sucr\u00e9 ou sal\u00e9 ou une simple pause caf\u00e9, en savourant [&hellip;]<\/p>\n","protected":false},"author":6,"featured_media":0,"parent":0,"menu_order":30,"comment_status":"closed","ping_status":"closed","template":"template-default-5.php","meta":{"footnotes":""},"class_list":["post-584","page","type-page","status-publish","hentry"],"yoast_head":"<!-- This site is optimized with the Yoast SEO plugin v26.9 - https:\/\/yoast.com\/product\/yoast-seo-wordpress\/ -->\n<title>Bar et restaurants | DoubleTree by Hilton Rome Monti<\/title>\n<meta name=\"description\" content=\"Saveurs locales et cr\u00e9atives au MiT Restaurant, Mamalia Bar et M\u00f9n Rooftop Bar. Une exp\u00e9rience gustative pour un s\u00e9jour d\u2019exception. D\u00e9couvrez les sp\u00e9cialit\u00e9s !\" \/>\n<meta name=\"robots\" content=\"index, follow, max-snippet:-1, max-image-preview:large, max-video-preview:-1\" \/>\n<link rel=\"canonical\" href=\"https:\/\/www.dtromemonti.com\/fr\/eat-e-drink\/\" \/>\n<meta property=\"og:locale\" content=\"fr_FR\" \/>\n<meta property=\"og:type\" content=\"article\" \/>\n<meta property=\"og:title\" content=\"Bar et restaurants | DoubleTree by Hilton Rome Monti\" \/>\n<meta property=\"og:description\" content=\"Saveurs locales et cr\u00e9atives au MiT Restaurant, Mamalia Bar et M\u00f9n Rooftop Bar. Une exp\u00e9rience gustative pour un s\u00e9jour d\u2019exception. D\u00e9couvrez les sp\u00e9cialit\u00e9s !\" \/>\n<meta property=\"og:url\" content=\"https:\/\/www.dtromemonti.com\/fr\/eat-e-drink\/\" \/>\n<meta property=\"og:site_name\" content=\"DoubleTree by Hilton Rome Monti\" \/>\n<meta property=\"article:modified_time\" content=\"2025-08-28T14:26:18+00:00\" \/>\n<meta name=\"twitter:card\" content=\"summary_large_image\" \/>\n<meta name=\"twitter:label1\" content=\"Dur\u00e9e de lecture estim\u00e9e\" \/>\n\t<meta name=\"twitter:data1\" content=\"2 minutes\" \/>\n<script type=\"application\/ld+json\" class=\"yoast-schema-graph\">{\"@context\":\"https:\/\/schema.org\",\"@graph\":[{\"@type\":\"WebPage\",\"@id\":\"https:\/\/www.dtromemonti.com\/fr\/eat-e-drink\/\",\"url\":\"https:\/\/www.dtromemonti.com\/fr\/eat-e-drink\/\",\"name\":\"Bar et restaurants | DoubleTree by Hilton Rome Monti\",\"isPartOf\":{\"@id\":\"https:\/\/www.dtromemonti.com\/fr\/#website\"},\"datePublished\":\"2022-07-04T14:56:41+00:00\",\"dateModified\":\"2025-08-28T14:26:18+00:00\",\"description\":\"Saveurs locales et cr\u00e9atives au MiT Restaurant, Mamalia Bar et M\u00f9n Rooftop Bar. Une exp\u00e9rience gustative pour un s\u00e9jour d\u2019exception. D\u00e9couvrez les sp\u00e9cialit\u00e9s !\",\"breadcrumb\":{\"@id\":\"https:\/\/www.dtromemonti.com\/fr\/eat-e-drink\/#breadcrumb\"},\"inLanguage\":\"fr-FR\",\"potentialAction\":[{\"@type\":\"ReadAction\",\"target\":[\"https:\/\/www.dtromemonti.com\/fr\/eat-e-drink\/\"]}]},{\"@type\":\"BreadcrumbList\",\"@id\":\"https:\/\/www.dtromemonti.com\/fr\/eat-e-drink\/#breadcrumb\",\"itemListElement\":[{\"@type\":\"ListItem\",\"position\":1,\"name\":\"Home\",\"item\":\"https:\/\/www.dtromemonti.com\/fr\/\"},{\"@type\":\"ListItem\",\"position\":2,\"name\":\"Eat &amp; Drink\"}]},{\"@type\":\"WebSite\",\"@id\":\"https:\/\/www.dtromemonti.com\/fr\/#website\",\"url\":\"https:\/\/www.dtromemonti.com\/fr\/\",\"name\":\"DoubleTree by Hilton Rome Monti\",\"description\":\"Just another ms.decms.eu site\",\"potentialAction\":[{\"@type\":\"SearchAction\",\"target\":{\"@type\":\"EntryPoint\",\"urlTemplate\":\"https:\/\/www.dtromemonti.com\/fr\/?s={search_term_string}\"},\"query-input\":{\"@type\":\"PropertyValueSpecification\",\"valueRequired\":true,\"valueName\":\"search_term_string\"}}],\"inLanguage\":\"fr-FR\"}]}<\/script>\n<!-- \/ Yoast SEO plugin. -->","yoast_head_json":{"title":"Bar et restaurants | DoubleTree by Hilton Rome Monti","description":"Saveurs locales et cr\u00e9atives au MiT Restaurant, Mamalia Bar et M\u00f9n Rooftop Bar. Une exp\u00e9rience gustative pour un s\u00e9jour d\u2019exception. D\u00e9couvrez les sp\u00e9cialit\u00e9s !","robots":{"index":"index","follow":"follow","max-snippet":"max-snippet:-1","max-image-preview":"max-image-preview:large","max-video-preview":"max-video-preview:-1"},"canonical":"https:\/\/www.dtromemonti.com\/fr\/eat-e-drink\/","og_locale":"fr_FR","og_type":"article","og_title":"Bar et restaurants | DoubleTree by Hilton Rome Monti","og_description":"Saveurs locales et cr\u00e9atives au MiT Restaurant, Mamalia Bar et M\u00f9n Rooftop Bar. Une exp\u00e9rience gustative pour un s\u00e9jour d\u2019exception. D\u00e9couvrez les sp\u00e9cialit\u00e9s !","og_url":"https:\/\/www.dtromemonti.com\/fr\/eat-e-drink\/","og_site_name":"DoubleTree by Hilton Rome Monti","article_modified_time":"2025-08-28T14:26:18+00:00","twitter_card":"summary_large_image","twitter_misc":{"Dur\u00e9e de lecture estim\u00e9e":"2 minutes"},"schema":{"@context":"https:\/\/schema.org","@graph":[{"@type":"WebPage","@id":"https:\/\/www.dtromemonti.com\/fr\/eat-e-drink\/","url":"https:\/\/www.dtromemonti.com\/fr\/eat-e-drink\/","name":"Bar et restaurants | DoubleTree by Hilton Rome Monti","isPartOf":{"@id":"https:\/\/www.dtromemonti.com\/fr\/#website"},"datePublished":"2022-07-04T14:56:41+00:00","dateModified":"2025-08-28T14:26:18+00:00","description":"Saveurs locales et cr\u00e9atives au MiT Restaurant, Mamalia Bar et M\u00f9n Rooftop Bar. Une exp\u00e9rience gustative pour un s\u00e9jour d\u2019exception. D\u00e9couvrez les sp\u00e9cialit\u00e9s !","breadcrumb":{"@id":"https:\/\/www.dtromemonti.com\/fr\/eat-e-drink\/#breadcrumb"},"inLanguage":"fr-FR","potentialAction":[{"@type":"ReadAction","target":["https:\/\/www.dtromemonti.com\/fr\/eat-e-drink\/"]}]},{"@type":"BreadcrumbList","@id":"https:\/\/www.dtromemonti.com\/fr\/eat-e-drink\/#breadcrumb","itemListElement":[{"@type":"ListItem","position":1,"name":"Home","item":"https:\/\/www.dtromemonti.com\/fr\/"},{"@type":"ListItem","position":2,"name":"Eat &amp; Drink"}]},{"@type":"WebSite","@id":"https:\/\/www.dtromemonti.com\/fr\/#website","url":"https:\/\/www.dtromemonti.com\/fr\/","name":"DoubleTree by Hilton Rome Monti","description":"Just another ms.decms.eu site","potentialAction":[{"@type":"SearchAction","target":{"@type":"EntryPoint","urlTemplate":"https:\/\/www.dtromemonti.com\/fr\/?s={search_term_string}"},"query-input":{"@type":"PropertyValueSpecification","valueRequired":true,"valueName":"search_term_string"}}],"inLanguage":"fr-FR"}]}},"acf":[],"_links":{"self":[{"href":"https:\/\/www.dtromemonti.com\/fr\/wp-json\/wp\/v2\/pages\/584","targetHints":{"allow":["GET"]}}],"collection":[{"href":"https:\/\/www.dtromemonti.com\/fr\/wp-json\/wp\/v2\/pages"}],"about":[{"href":"https:\/\/www.dtromemonti.com\/fr\/wp-json\/wp\/v2\/types\/page"}],"author":[{"embeddable":true,"href":"https:\/\/www.dtromemonti.com\/fr\/wp-json\/wp\/v2\/users\/6"}],"replies":[{"embeddable":true,"href":"https:\/\/www.dtromemonti.com\/fr\/wp-json\/wp\/v2\/comments?post=584"}],"version-history":[{"count":0,"href":"https:\/\/www.dtromemonti.com\/fr\/wp-json\/wp\/v2\/pages\/584\/revisions"}],"wp:attachment":[{"href":"https:\/\/www.dtromemonti.com\/fr\/wp-json\/wp\/v2\/media?parent=584"}],"curies":[{"name":"wp","href":"https:\/\/api.w.org\/{rel}","templated":true}]}}