{"id":572,"date":"2022-07-04T14:40:58","date_gmt":"2022-07-04T14:40:58","guid":{"rendered":"https:\/\/hiltonrome.ms.decms.eu\/rooms-and-suites\/family-connecting-superior-room\/"},"modified":"2025-12-09T11:35:15","modified_gmt":"2025-12-09T11:35:15","slug":"family-connecting-superior-room","status":"publish","type":"page","link":"https:\/\/www.dtromemonti.com\/fr\/chambres-et-suites\/family-connecting-superior-room\/","title":{"rendered":"Family Connecting Superior Room"},"content":{"rendered":"<p><span style=\"font-weight: 400\">Deux chambres communicantes ou deux chambres ind\u00e9pendantes avec antichambre et acc\u00e8s exclusif par une seule entr\u00e9e : le DoubleTree by Hilton Rome Monti propose aux familles avec enfants des solutions pour passer un s\u00e9jour en toute s\u00e9r\u00e9nit\u00e9.<\/span><\/p>\n<p><span style=\"font-weight: 400\">Deux salles de bains, deux t\u00e9l\u00e9visions et l&rsquo;intimit\u00e9 d&rsquo;un espace totalement priv\u00e9 pour des vacances romaines relaxantes et confortables en famille. <\/span><\/p>\n","protected":false},"excerpt":{"rendered":"<p>Deux chambres communicantes ou deux chambres ind\u00e9pendantes avec antichambre et acc\u00e8s exclusif par une seule entr\u00e9e : le DoubleTree by Hilton Rome Monti propose aux familles avec enfants des solutions pour passer un s\u00e9jour en toute s\u00e9r\u00e9nit\u00e9. Deux salles de bains, deux t\u00e9l\u00e9visions et l&rsquo;intimit\u00e9 d&rsquo;un espace totalement priv\u00e9 pour des vacances romaines relaxantes et [&hellip;]<\/p>\n","protected":false},"author":6,"featured_media":0,"parent":565,"menu_order":27,"comment_status":"closed","ping_status":"closed","template":"template-single-room.php","meta":{"footnotes":""},"class_list":["post-572","page","type-page","status-publish","hentry"],"yoast_head":"<!-- This site is optimized with the Yoast SEO plugin v26.9 - https:\/\/yoast.com\/product\/yoast-seo-wordpress\/ -->\n<title>Chambres Family Superior | DoubleTree by Hilton Rome Monti<\/title>\n<meta name=\"description\" content=\"Communicantes, les chambres Superior Family vous acceuillent dans le plus grand confort : TV HD, minibar et machine \u00e0 caf\u00e9 Lavazza. R\u00e9servez maintenant !\" \/>\n<meta name=\"robots\" content=\"index, follow, max-snippet:-1, max-image-preview:large, max-video-preview:-1\" \/>\n<link rel=\"canonical\" href=\"https:\/\/www.dtromemonti.com\/fr\/chambres-et-suites\/family-connecting-superior-room\/\" \/>\n<meta property=\"og:locale\" content=\"fr_FR\" \/>\n<meta property=\"og:type\" content=\"article\" \/>\n<meta property=\"og:title\" content=\"Chambres Family Superior | DoubleTree by Hilton Rome Monti\" \/>\n<meta property=\"og:description\" content=\"Communicantes, les chambres Superior Family vous acceuillent dans le plus grand confort : TV HD, minibar et machine \u00e0 caf\u00e9 Lavazza. R\u00e9servez maintenant !\" \/>\n<meta property=\"og:url\" content=\"https:\/\/www.dtromemonti.com\/fr\/chambres-et-suites\/family-connecting-superior-room\/\" \/>\n<meta property=\"og:site_name\" content=\"DoubleTree by Hilton Rome Monti\" \/>\n<meta property=\"article:modified_time\" content=\"2025-12-09T11:35:15+00:00\" \/>\n<meta name=\"twitter:card\" content=\"summary_large_image\" \/>\n<meta name=\"twitter:label1\" content=\"Dur\u00e9e de lecture estim\u00e9e\" \/>\n\t<meta name=\"twitter:data1\" content=\"1 minute\" \/>\n<script type=\"application\/ld+json\" class=\"yoast-schema-graph\">{\"@context\":\"https:\/\/schema.org\",\"@graph\":[{\"@type\":\"WebPage\",\"@id\":\"https:\/\/www.dtromemonti.com\/fr\/chambres-et-suites\/family-connecting-superior-room\/\",\"url\":\"https:\/\/www.dtromemonti.com\/fr\/chambres-et-suites\/family-connecting-superior-room\/\",\"name\":\"Chambres Family Superior | DoubleTree by Hilton Rome Monti\",\"isPartOf\":{\"@id\":\"https:\/\/www.dtromemonti.com\/fr\/#website\"},\"datePublished\":\"2022-07-04T14:40:58+00:00\",\"dateModified\":\"2025-12-09T11:35:15+00:00\",\"description\":\"Communicantes, les chambres Superior Family vous acceuillent dans le plus grand confort : TV HD, minibar et machine \u00e0 caf\u00e9 Lavazza. R\u00e9servez maintenant !\",\"breadcrumb\":{\"@id\":\"https:\/\/www.dtromemonti.com\/fr\/chambres-et-suites\/family-connecting-superior-room\/#breadcrumb\"},\"inLanguage\":\"fr-FR\",\"potentialAction\":[{\"@type\":\"ReadAction\",\"target\":[\"https:\/\/www.dtromemonti.com\/fr\/chambres-et-suites\/family-connecting-superior-room\/\"]}]},{\"@type\":\"BreadcrumbList\",\"@id\":\"https:\/\/www.dtromemonti.com\/fr\/chambres-et-suites\/family-connecting-superior-room\/#breadcrumb\",\"itemListElement\":[{\"@type\":\"ListItem\",\"position\":1,\"name\":\"Home\",\"item\":\"https:\/\/www.dtromemonti.com\/fr\/\"},{\"@type\":\"ListItem\",\"position\":2,\"name\":\"Chambres et Suites\",\"item\":\"https:\/\/www.dtromemonti.com\/fr\/chambres-et-suites\/\"},{\"@type\":\"ListItem\",\"position\":3,\"name\":\"Family Connecting Superior Room\"}]},{\"@type\":\"WebSite\",\"@id\":\"https:\/\/www.dtromemonti.com\/fr\/#website\",\"url\":\"https:\/\/www.dtromemonti.com\/fr\/\",\"name\":\"DoubleTree by Hilton Rome Monti\",\"description\":\"Just another ms.decms.eu site\",\"potentialAction\":[{\"@type\":\"SearchAction\",\"target\":{\"@type\":\"EntryPoint\",\"urlTemplate\":\"https:\/\/www.dtromemonti.com\/fr\/?s={search_term_string}\"},\"query-input\":{\"@type\":\"PropertyValueSpecification\",\"valueRequired\":true,\"valueName\":\"search_term_string\"}}],\"inLanguage\":\"fr-FR\"}]}<\/script>\n<!-- \/ Yoast SEO plugin. -->","yoast_head_json":{"title":"Chambres Family Superior | DoubleTree by Hilton Rome Monti","description":"Communicantes, les chambres Superior Family vous acceuillent dans le plus grand confort : TV HD, minibar et machine \u00e0 caf\u00e9 Lavazza. R\u00e9servez maintenant !","robots":{"index":"index","follow":"follow","max-snippet":"max-snippet:-1","max-image-preview":"max-image-preview:large","max-video-preview":"max-video-preview:-1"},"canonical":"https:\/\/www.dtromemonti.com\/fr\/chambres-et-suites\/family-connecting-superior-room\/","og_locale":"fr_FR","og_type":"article","og_title":"Chambres Family Superior | DoubleTree by Hilton Rome Monti","og_description":"Communicantes, les chambres Superior Family vous acceuillent dans le plus grand confort : TV HD, minibar et machine \u00e0 caf\u00e9 Lavazza. R\u00e9servez maintenant !","og_url":"https:\/\/www.dtromemonti.com\/fr\/chambres-et-suites\/family-connecting-superior-room\/","og_site_name":"DoubleTree by Hilton Rome Monti","article_modified_time":"2025-12-09T11:35:15+00:00","twitter_card":"summary_large_image","twitter_misc":{"Dur\u00e9e de lecture estim\u00e9e":"1 minute"},"schema":{"@context":"https:\/\/schema.org","@graph":[{"@type":"WebPage","@id":"https:\/\/www.dtromemonti.com\/fr\/chambres-et-suites\/family-connecting-superior-room\/","url":"https:\/\/www.dtromemonti.com\/fr\/chambres-et-suites\/family-connecting-superior-room\/","name":"Chambres Family Superior | DoubleTree by Hilton Rome Monti","isPartOf":{"@id":"https:\/\/www.dtromemonti.com\/fr\/#website"},"datePublished":"2022-07-04T14:40:58+00:00","dateModified":"2025-12-09T11:35:15+00:00","description":"Communicantes, les chambres Superior Family vous acceuillent dans le plus grand confort : TV HD, minibar et machine \u00e0 caf\u00e9 Lavazza. R\u00e9servez maintenant !","breadcrumb":{"@id":"https:\/\/www.dtromemonti.com\/fr\/chambres-et-suites\/family-connecting-superior-room\/#breadcrumb"},"inLanguage":"fr-FR","potentialAction":[{"@type":"ReadAction","target":["https:\/\/www.dtromemonti.com\/fr\/chambres-et-suites\/family-connecting-superior-room\/"]}]},{"@type":"BreadcrumbList","@id":"https:\/\/www.dtromemonti.com\/fr\/chambres-et-suites\/family-connecting-superior-room\/#breadcrumb","itemListElement":[{"@type":"ListItem","position":1,"name":"Home","item":"https:\/\/www.dtromemonti.com\/fr\/"},{"@type":"ListItem","position":2,"name":"Chambres et Suites","item":"https:\/\/www.dtromemonti.com\/fr\/chambres-et-suites\/"},{"@type":"ListItem","position":3,"name":"Family Connecting Superior Room"}]},{"@type":"WebSite","@id":"https:\/\/www.dtromemonti.com\/fr\/#website","url":"https:\/\/www.dtromemonti.com\/fr\/","name":"DoubleTree by Hilton Rome Monti","description":"Just another ms.decms.eu site","potentialAction":[{"@type":"SearchAction","target":{"@type":"EntryPoint","urlTemplate":"https:\/\/www.dtromemonti.com\/fr\/?s={search_term_string}"},"query-input":{"@type":"PropertyValueSpecification","valueRequired":true,"valueName":"search_term_string"}}],"inLanguage":"fr-FR"}]}},"acf":[],"_links":{"self":[{"href":"https:\/\/www.dtromemonti.com\/fr\/wp-json\/wp\/v2\/pages\/572","targetHints":{"allow":["GET"]}}],"collection":[{"href":"https:\/\/www.dtromemonti.com\/fr\/wp-json\/wp\/v2\/pages"}],"about":[{"href":"https:\/\/www.dtromemonti.com\/fr\/wp-json\/wp\/v2\/types\/page"}],"author":[{"embeddable":true,"href":"https:\/\/www.dtromemonti.com\/fr\/wp-json\/wp\/v2\/users\/6"}],"replies":[{"embeddable":true,"href":"https:\/\/www.dtromemonti.com\/fr\/wp-json\/wp\/v2\/comments?post=572"}],"version-history":[{"count":0,"href":"https:\/\/www.dtromemonti.com\/fr\/wp-json\/wp\/v2\/pages\/572\/revisions"}],"up":[{"embeddable":true,"href":"https:\/\/www.dtromemonti.com\/fr\/wp-json\/wp\/v2\/pages\/565"}],"wp:attachment":[{"href":"https:\/\/www.dtromemonti.com\/fr\/wp-json\/wp\/v2\/media?parent=572"}],"curies":[{"name":"wp","href":"https:\/\/api.w.org\/{rel}","templated":true}]}}