{"id":571,"date":"2022-07-04T14:35:06","date_gmt":"2022-07-04T14:35:06","guid":{"rendered":"https:\/\/hiltonrome.ms.decms.eu\/rooms-and-suites\/accessible-guest-room\/"},"modified":"2024-12-20T10:48:46","modified_gmt":"2024-12-20T10:48:46","slug":"guest-room-accessible","status":"publish","type":"page","link":"https:\/\/www.dtromemonti.com\/fr\/chambres-et-suites\/guest-room-accessible\/","title":{"rendered":"Guest Room accessible"},"content":{"rendered":"<p><span style=\"font-weight: 400\">Pour les personnes \u00e0 mobilit\u00e9 r\u00e9duite, le DoubleTree by Hilton Rome Monti dispose de chambres spacieuses et sp\u00e9cialement am\u00e9nag\u00e9es afin de leur faire profiter pleinement de leur s\u00e9jour. \u00c9l\u00e9gantes et soign\u00e9es comme toutes les chambres DoubleTree by Hilton Rome Monti, les chambres PMR offrent un plus grand espace de man\u0153uvre, des aides \u00e0 l&rsquo;entr\u00e9e et dans la salle de bains \u00e9quip\u00e9e d&rsquo;une douche \u00e0 l&rsquo;italienne. <\/span><\/p>\n","protected":false},"excerpt":{"rendered":"<p>Pour les personnes \u00e0 mobilit\u00e9 r\u00e9duite, le DoubleTree by Hilton Rome Monti dispose de chambres spacieuses et sp\u00e9cialement am\u00e9nag\u00e9es afin de leur faire profiter pleinement de leur s\u00e9jour. \u00c9l\u00e9gantes et soign\u00e9es comme toutes les chambres DoubleTree by Hilton Rome Monti, les chambres PMR offrent un plus grand espace de man\u0153uvre, des aides \u00e0 l&rsquo;entr\u00e9e et [&hellip;]<\/p>\n","protected":false},"author":6,"featured_media":0,"parent":565,"menu_order":26,"comment_status":"closed","ping_status":"closed","template":"template-single-room.php","meta":{"footnotes":""},"class_list":["post-571","page","type-page","status-publish","hentry"],"yoast_head":"<!-- This site is optimized with the Yoast SEO plugin v26.9 - https:\/\/yoast.com\/product\/yoast-seo-wordpress\/ -->\n<title>Chambres PMR spacieuses | DoubleTree by Hilton Rome Monti<\/title>\n<meta name=\"description\" content=\"D\u00e9couvrez les chambres PMR pour un s\u00e9jour de r\u00eave. Spacieuses, adapt\u00e9es et \u00e9quip\u00e9es pour l\u2019accueil des personnes \u00e0 mobilit\u00e9 r\u00e9duite. Cliquez pour r\u00e9server.\" \/>\n<meta name=\"robots\" content=\"index, follow, max-snippet:-1, max-image-preview:large, max-video-preview:-1\" \/>\n<link rel=\"canonical\" href=\"https:\/\/www.dtromemonti.com\/fr\/chambres-et-suites\/guest-room-accessible\/\" \/>\n<meta property=\"og:locale\" content=\"fr_FR\" \/>\n<meta property=\"og:type\" content=\"article\" \/>\n<meta property=\"og:title\" content=\"Chambres PMR spacieuses | DoubleTree by Hilton Rome Monti\" \/>\n<meta property=\"og:description\" content=\"D\u00e9couvrez les chambres PMR pour un s\u00e9jour de r\u00eave. Spacieuses, adapt\u00e9es et \u00e9quip\u00e9es pour l\u2019accueil des personnes \u00e0 mobilit\u00e9 r\u00e9duite. Cliquez pour r\u00e9server.\" \/>\n<meta property=\"og:url\" content=\"https:\/\/www.dtromemonti.com\/fr\/chambres-et-suites\/guest-room-accessible\/\" \/>\n<meta property=\"og:site_name\" content=\"DoubleTree by Hilton Rome Monti\" \/>\n<meta property=\"article:modified_time\" content=\"2024-12-20T10:48:46+00:00\" \/>\n<meta name=\"twitter:card\" content=\"summary_large_image\" \/>\n<meta name=\"twitter:label1\" content=\"Dur\u00e9e de lecture estim\u00e9e\" \/>\n\t<meta name=\"twitter:data1\" content=\"1 minute\" \/>\n<script type=\"application\/ld+json\" class=\"yoast-schema-graph\">{\"@context\":\"https:\/\/schema.org\",\"@graph\":[{\"@type\":\"WebPage\",\"@id\":\"https:\/\/www.dtromemonti.com\/fr\/chambres-et-suites\/guest-room-accessible\/\",\"url\":\"https:\/\/www.dtromemonti.com\/fr\/chambres-et-suites\/guest-room-accessible\/\",\"name\":\"Chambres PMR spacieuses | DoubleTree by Hilton Rome Monti\",\"isPartOf\":{\"@id\":\"https:\/\/www.dtromemonti.com\/fr\/#website\"},\"datePublished\":\"2022-07-04T14:35:06+00:00\",\"dateModified\":\"2024-12-20T10:48:46+00:00\",\"description\":\"D\u00e9couvrez les chambres PMR pour un s\u00e9jour de r\u00eave. Spacieuses, adapt\u00e9es et \u00e9quip\u00e9es pour l\u2019accueil des personnes \u00e0 mobilit\u00e9 r\u00e9duite. Cliquez pour r\u00e9server.\",\"breadcrumb\":{\"@id\":\"https:\/\/www.dtromemonti.com\/fr\/chambres-et-suites\/guest-room-accessible\/#breadcrumb\"},\"inLanguage\":\"fr-FR\",\"potentialAction\":[{\"@type\":\"ReadAction\",\"target\":[\"https:\/\/www.dtromemonti.com\/fr\/chambres-et-suites\/guest-room-accessible\/\"]}]},{\"@type\":\"BreadcrumbList\",\"@id\":\"https:\/\/www.dtromemonti.com\/fr\/chambres-et-suites\/guest-room-accessible\/#breadcrumb\",\"itemListElement\":[{\"@type\":\"ListItem\",\"position\":1,\"name\":\"Home\",\"item\":\"https:\/\/www.dtromemonti.com\/fr\/\"},{\"@type\":\"ListItem\",\"position\":2,\"name\":\"Chambres et Suites\",\"item\":\"https:\/\/www.dtromemonti.com\/fr\/chambres-et-suites\/\"},{\"@type\":\"ListItem\",\"position\":3,\"name\":\"Guest Room accessible\"}]},{\"@type\":\"WebSite\",\"@id\":\"https:\/\/www.dtromemonti.com\/fr\/#website\",\"url\":\"https:\/\/www.dtromemonti.com\/fr\/\",\"name\":\"DoubleTree by Hilton Rome Monti\",\"description\":\"Just another ms.decms.eu site\",\"potentialAction\":[{\"@type\":\"SearchAction\",\"target\":{\"@type\":\"EntryPoint\",\"urlTemplate\":\"https:\/\/www.dtromemonti.com\/fr\/?s={search_term_string}\"},\"query-input\":{\"@type\":\"PropertyValueSpecification\",\"valueRequired\":true,\"valueName\":\"search_term_string\"}}],\"inLanguage\":\"fr-FR\"}]}<\/script>\n<!-- \/ Yoast SEO plugin. -->","yoast_head_json":{"title":"Chambres PMR spacieuses | DoubleTree by Hilton Rome Monti","description":"D\u00e9couvrez les chambres PMR pour un s\u00e9jour de r\u00eave. Spacieuses, adapt\u00e9es et \u00e9quip\u00e9es pour l\u2019accueil des personnes \u00e0 mobilit\u00e9 r\u00e9duite. Cliquez pour r\u00e9server.","robots":{"index":"index","follow":"follow","max-snippet":"max-snippet:-1","max-image-preview":"max-image-preview:large","max-video-preview":"max-video-preview:-1"},"canonical":"https:\/\/www.dtromemonti.com\/fr\/chambres-et-suites\/guest-room-accessible\/","og_locale":"fr_FR","og_type":"article","og_title":"Chambres PMR spacieuses | DoubleTree by Hilton Rome Monti","og_description":"D\u00e9couvrez les chambres PMR pour un s\u00e9jour de r\u00eave. Spacieuses, adapt\u00e9es et \u00e9quip\u00e9es pour l\u2019accueil des personnes \u00e0 mobilit\u00e9 r\u00e9duite. Cliquez pour r\u00e9server.","og_url":"https:\/\/www.dtromemonti.com\/fr\/chambres-et-suites\/guest-room-accessible\/","og_site_name":"DoubleTree by Hilton Rome Monti","article_modified_time":"2024-12-20T10:48:46+00:00","twitter_card":"summary_large_image","twitter_misc":{"Dur\u00e9e de lecture estim\u00e9e":"1 minute"},"schema":{"@context":"https:\/\/schema.org","@graph":[{"@type":"WebPage","@id":"https:\/\/www.dtromemonti.com\/fr\/chambres-et-suites\/guest-room-accessible\/","url":"https:\/\/www.dtromemonti.com\/fr\/chambres-et-suites\/guest-room-accessible\/","name":"Chambres PMR spacieuses | DoubleTree by Hilton Rome Monti","isPartOf":{"@id":"https:\/\/www.dtromemonti.com\/fr\/#website"},"datePublished":"2022-07-04T14:35:06+00:00","dateModified":"2024-12-20T10:48:46+00:00","description":"D\u00e9couvrez les chambres PMR pour un s\u00e9jour de r\u00eave. Spacieuses, adapt\u00e9es et \u00e9quip\u00e9es pour l\u2019accueil des personnes \u00e0 mobilit\u00e9 r\u00e9duite. Cliquez pour r\u00e9server.","breadcrumb":{"@id":"https:\/\/www.dtromemonti.com\/fr\/chambres-et-suites\/guest-room-accessible\/#breadcrumb"},"inLanguage":"fr-FR","potentialAction":[{"@type":"ReadAction","target":["https:\/\/www.dtromemonti.com\/fr\/chambres-et-suites\/guest-room-accessible\/"]}]},{"@type":"BreadcrumbList","@id":"https:\/\/www.dtromemonti.com\/fr\/chambres-et-suites\/guest-room-accessible\/#breadcrumb","itemListElement":[{"@type":"ListItem","position":1,"name":"Home","item":"https:\/\/www.dtromemonti.com\/fr\/"},{"@type":"ListItem","position":2,"name":"Chambres et Suites","item":"https:\/\/www.dtromemonti.com\/fr\/chambres-et-suites\/"},{"@type":"ListItem","position":3,"name":"Guest Room accessible"}]},{"@type":"WebSite","@id":"https:\/\/www.dtromemonti.com\/fr\/#website","url":"https:\/\/www.dtromemonti.com\/fr\/","name":"DoubleTree by Hilton Rome Monti","description":"Just another ms.decms.eu site","potentialAction":[{"@type":"SearchAction","target":{"@type":"EntryPoint","urlTemplate":"https:\/\/www.dtromemonti.com\/fr\/?s={search_term_string}"},"query-input":{"@type":"PropertyValueSpecification","valueRequired":true,"valueName":"search_term_string"}}],"inLanguage":"fr-FR"}]}},"acf":[],"_links":{"self":[{"href":"https:\/\/www.dtromemonti.com\/fr\/wp-json\/wp\/v2\/pages\/571","targetHints":{"allow":["GET"]}}],"collection":[{"href":"https:\/\/www.dtromemonti.com\/fr\/wp-json\/wp\/v2\/pages"}],"about":[{"href":"https:\/\/www.dtromemonti.com\/fr\/wp-json\/wp\/v2\/types\/page"}],"author":[{"embeddable":true,"href":"https:\/\/www.dtromemonti.com\/fr\/wp-json\/wp\/v2\/users\/6"}],"replies":[{"embeddable":true,"href":"https:\/\/www.dtromemonti.com\/fr\/wp-json\/wp\/v2\/comments?post=571"}],"version-history":[{"count":0,"href":"https:\/\/www.dtromemonti.com\/fr\/wp-json\/wp\/v2\/pages\/571\/revisions"}],"up":[{"embeddable":true,"href":"https:\/\/www.dtromemonti.com\/fr\/wp-json\/wp\/v2\/pages\/565"}],"wp:attachment":[{"href":"https:\/\/www.dtromemonti.com\/fr\/wp-json\/wp\/v2\/media?parent=571"}],"curies":[{"name":"wp","href":"https:\/\/api.w.org\/{rel}","templated":true}]}}