{"id":570,"date":"2022-07-04T14:27:51","date_gmt":"2022-07-04T14:27:51","guid":{"rendered":"https:\/\/hiltonrome.ms.decms.eu\/rooms-and-suites\/king-one-bedroom-suite-with-terrace\/"},"modified":"2025-12-09T11:30:53","modified_gmt":"2025-12-09T11:30:53","slug":"king-one-bedroom-suite-avec-terrasse","status":"publish","type":"page","link":"https:\/\/www.dtromemonti.com\/fr\/chambres-et-suites\/king-one-bedroom-suite-avec-terrasse\/","title":{"rendered":"King One Bedroom Suite avec terrasse"},"content":{"rendered":"<p><span style=\"font-weight: 400\">Une magnifique terrasse avec vue est le privil\u00e8ge exclusif de la suite King One Bedroom.\u00a0<\/span><\/p>\n<p><span style=\"font-weight: 400\">Splendide toute l&rsquo;ann\u00e9e, elle devient magique aux beaux jours : sur demande, gr\u00e2ce au Room service du DoubleTree by Hilton Rome Monti, la suite King One Bedroom permet de go\u00fbter au plaisir de prendre le petit-d\u00e9jeuner devant la beaut\u00e9 spectaculaire de la Rome \u00e9ternelle. Un vaste living int\u00e9rieur avec salon offre un espace agr\u00e9able pour se d\u00e9tendre ou travailler, agr\u00e9ment\u00e9 d&rsquo;une TV HD, d&rsquo;une machine \u00e0 expresso Lavazza, d&rsquo;une bouilloire pour th\u00e9 et caf\u00e9 et d&rsquo;un minibar.<\/span><span style=\"font-weight: 400\"><br \/>\n<\/span><span style=\"font-weight: 400\">Choisir la King One Bedroom Suite avec terrasse, c&rsquo;est s&rsquo;offrir une exp\u00e9rience unique \u00e0 Rome.<\/span><\/p>\n","protected":false},"excerpt":{"rendered":"<p>Une magnifique terrasse avec vue est le privil\u00e8ge exclusif de la suite King One Bedroom.\u00a0 Splendide toute l&rsquo;ann\u00e9e, elle devient magique aux beaux jours : sur demande, gr\u00e2ce au Room service du DoubleTree by Hilton Rome Monti, la suite King One Bedroom permet de go\u00fbter au plaisir de prendre le petit-d\u00e9jeuner devant la beaut\u00e9 spectaculaire [&hellip;]<\/p>\n","protected":false},"author":6,"featured_media":0,"parent":565,"menu_order":25,"comment_status":"closed","ping_status":"closed","template":"template-single-room.php","meta":{"footnotes":""},"class_list":["post-570","page","type-page","status-publish","hentry"],"yoast_head":"<!-- This site is optimized with the Yoast SEO plugin v26.9 - https:\/\/yoast.com\/product\/yoast-seo-wordpress\/ -->\n<title>King Suite avec terrasse | DoubleTree by Hilton Rome Monti<\/title>\n<meta name=\"description\" content=\"Vivez des vacances \u00e0 l&#039;enseigne du relax dans les King Suites : minibar, machine \u00e0 caf\u00e9 Lavazza et terrasse privative avec vue sur Rome. R\u00e9servez votre suite !\" \/>\n<meta name=\"robots\" content=\"index, follow, max-snippet:-1, max-image-preview:large, max-video-preview:-1\" \/>\n<link rel=\"canonical\" href=\"https:\/\/www.dtromemonti.com\/fr\/chambres-et-suites\/king-one-bedroom-suite-avec-terrasse\/\" \/>\n<meta property=\"og:locale\" content=\"fr_FR\" \/>\n<meta property=\"og:type\" content=\"article\" \/>\n<meta property=\"og:title\" content=\"King Suite avec terrasse | DoubleTree by Hilton Rome Monti\" \/>\n<meta property=\"og:description\" content=\"Vivez des vacances \u00e0 l&#039;enseigne du relax dans les King Suites : minibar, machine \u00e0 caf\u00e9 Lavazza et terrasse privative avec vue sur Rome. R\u00e9servez votre suite !\" \/>\n<meta property=\"og:url\" content=\"https:\/\/www.dtromemonti.com\/fr\/chambres-et-suites\/king-one-bedroom-suite-avec-terrasse\/\" \/>\n<meta property=\"og:site_name\" content=\"DoubleTree by Hilton Rome Monti\" \/>\n<meta property=\"article:modified_time\" content=\"2025-12-09T11:30:53+00:00\" \/>\n<meta name=\"twitter:card\" content=\"summary_large_image\" \/>\n<meta name=\"twitter:label1\" content=\"Dur\u00e9e de lecture estim\u00e9e\" \/>\n\t<meta name=\"twitter:data1\" content=\"1 minute\" \/>\n<script type=\"application\/ld+json\" class=\"yoast-schema-graph\">{\"@context\":\"https:\/\/schema.org\",\"@graph\":[{\"@type\":\"WebPage\",\"@id\":\"https:\/\/www.dtromemonti.com\/fr\/chambres-et-suites\/king-one-bedroom-suite-avec-terrasse\/\",\"url\":\"https:\/\/www.dtromemonti.com\/fr\/chambres-et-suites\/king-one-bedroom-suite-avec-terrasse\/\",\"name\":\"King Suite avec terrasse | DoubleTree by Hilton Rome Monti\",\"isPartOf\":{\"@id\":\"https:\/\/www.dtromemonti.com\/fr\/#website\"},\"datePublished\":\"2022-07-04T14:27:51+00:00\",\"dateModified\":\"2025-12-09T11:30:53+00:00\",\"description\":\"Vivez des vacances \u00e0 l'enseigne du relax dans les King Suites : minibar, machine \u00e0 caf\u00e9 Lavazza et terrasse privative avec vue sur Rome. R\u00e9servez votre suite !\",\"breadcrumb\":{\"@id\":\"https:\/\/www.dtromemonti.com\/fr\/chambres-et-suites\/king-one-bedroom-suite-avec-terrasse\/#breadcrumb\"},\"inLanguage\":\"fr-FR\",\"potentialAction\":[{\"@type\":\"ReadAction\",\"target\":[\"https:\/\/www.dtromemonti.com\/fr\/chambres-et-suites\/king-one-bedroom-suite-avec-terrasse\/\"]}]},{\"@type\":\"BreadcrumbList\",\"@id\":\"https:\/\/www.dtromemonti.com\/fr\/chambres-et-suites\/king-one-bedroom-suite-avec-terrasse\/#breadcrumb\",\"itemListElement\":[{\"@type\":\"ListItem\",\"position\":1,\"name\":\"Home\",\"item\":\"https:\/\/www.dtromemonti.com\/fr\/\"},{\"@type\":\"ListItem\",\"position\":2,\"name\":\"Chambres et Suites\",\"item\":\"https:\/\/www.dtromemonti.com\/fr\/chambres-et-suites\/\"},{\"@type\":\"ListItem\",\"position\":3,\"name\":\"King One Bedroom Suite avec terrasse\"}]},{\"@type\":\"WebSite\",\"@id\":\"https:\/\/www.dtromemonti.com\/fr\/#website\",\"url\":\"https:\/\/www.dtromemonti.com\/fr\/\",\"name\":\"DoubleTree by Hilton Rome Monti\",\"description\":\"Just another ms.decms.eu site\",\"potentialAction\":[{\"@type\":\"SearchAction\",\"target\":{\"@type\":\"EntryPoint\",\"urlTemplate\":\"https:\/\/www.dtromemonti.com\/fr\/?s={search_term_string}\"},\"query-input\":{\"@type\":\"PropertyValueSpecification\",\"valueRequired\":true,\"valueName\":\"search_term_string\"}}],\"inLanguage\":\"fr-FR\"}]}<\/script>\n<!-- \/ Yoast SEO plugin. -->","yoast_head_json":{"title":"King Suite avec terrasse | DoubleTree by Hilton Rome Monti","description":"Vivez des vacances \u00e0 l'enseigne du relax dans les King Suites : minibar, machine \u00e0 caf\u00e9 Lavazza et terrasse privative avec vue sur Rome. R\u00e9servez votre suite !","robots":{"index":"index","follow":"follow","max-snippet":"max-snippet:-1","max-image-preview":"max-image-preview:large","max-video-preview":"max-video-preview:-1"},"canonical":"https:\/\/www.dtromemonti.com\/fr\/chambres-et-suites\/king-one-bedroom-suite-avec-terrasse\/","og_locale":"fr_FR","og_type":"article","og_title":"King Suite avec terrasse | DoubleTree by Hilton Rome Monti","og_description":"Vivez des vacances \u00e0 l'enseigne du relax dans les King Suites : minibar, machine \u00e0 caf\u00e9 Lavazza et terrasse privative avec vue sur Rome. R\u00e9servez votre suite !","og_url":"https:\/\/www.dtromemonti.com\/fr\/chambres-et-suites\/king-one-bedroom-suite-avec-terrasse\/","og_site_name":"DoubleTree by Hilton Rome Monti","article_modified_time":"2025-12-09T11:30:53+00:00","twitter_card":"summary_large_image","twitter_misc":{"Dur\u00e9e de lecture estim\u00e9e":"1 minute"},"schema":{"@context":"https:\/\/schema.org","@graph":[{"@type":"WebPage","@id":"https:\/\/www.dtromemonti.com\/fr\/chambres-et-suites\/king-one-bedroom-suite-avec-terrasse\/","url":"https:\/\/www.dtromemonti.com\/fr\/chambres-et-suites\/king-one-bedroom-suite-avec-terrasse\/","name":"King Suite avec terrasse | DoubleTree by Hilton Rome Monti","isPartOf":{"@id":"https:\/\/www.dtromemonti.com\/fr\/#website"},"datePublished":"2022-07-04T14:27:51+00:00","dateModified":"2025-12-09T11:30:53+00:00","description":"Vivez des vacances \u00e0 l'enseigne du relax dans les King Suites : minibar, machine \u00e0 caf\u00e9 Lavazza et terrasse privative avec vue sur Rome. R\u00e9servez votre suite !","breadcrumb":{"@id":"https:\/\/www.dtromemonti.com\/fr\/chambres-et-suites\/king-one-bedroom-suite-avec-terrasse\/#breadcrumb"},"inLanguage":"fr-FR","potentialAction":[{"@type":"ReadAction","target":["https:\/\/www.dtromemonti.com\/fr\/chambres-et-suites\/king-one-bedroom-suite-avec-terrasse\/"]}]},{"@type":"BreadcrumbList","@id":"https:\/\/www.dtromemonti.com\/fr\/chambres-et-suites\/king-one-bedroom-suite-avec-terrasse\/#breadcrumb","itemListElement":[{"@type":"ListItem","position":1,"name":"Home","item":"https:\/\/www.dtromemonti.com\/fr\/"},{"@type":"ListItem","position":2,"name":"Chambres et Suites","item":"https:\/\/www.dtromemonti.com\/fr\/chambres-et-suites\/"},{"@type":"ListItem","position":3,"name":"King One Bedroom Suite avec terrasse"}]},{"@type":"WebSite","@id":"https:\/\/www.dtromemonti.com\/fr\/#website","url":"https:\/\/www.dtromemonti.com\/fr\/","name":"DoubleTree by Hilton Rome Monti","description":"Just another ms.decms.eu site","potentialAction":[{"@type":"SearchAction","target":{"@type":"EntryPoint","urlTemplate":"https:\/\/www.dtromemonti.com\/fr\/?s={search_term_string}"},"query-input":{"@type":"PropertyValueSpecification","valueRequired":true,"valueName":"search_term_string"}}],"inLanguage":"fr-FR"}]}},"acf":[],"_links":{"self":[{"href":"https:\/\/www.dtromemonti.com\/fr\/wp-json\/wp\/v2\/pages\/570","targetHints":{"allow":["GET"]}}],"collection":[{"href":"https:\/\/www.dtromemonti.com\/fr\/wp-json\/wp\/v2\/pages"}],"about":[{"href":"https:\/\/www.dtromemonti.com\/fr\/wp-json\/wp\/v2\/types\/page"}],"author":[{"embeddable":true,"href":"https:\/\/www.dtromemonti.com\/fr\/wp-json\/wp\/v2\/users\/6"}],"replies":[{"embeddable":true,"href":"https:\/\/www.dtromemonti.com\/fr\/wp-json\/wp\/v2\/comments?post=570"}],"version-history":[{"count":0,"href":"https:\/\/www.dtromemonti.com\/fr\/wp-json\/wp\/v2\/pages\/570\/revisions"}],"up":[{"embeddable":true,"href":"https:\/\/www.dtromemonti.com\/fr\/wp-json\/wp\/v2\/pages\/565"}],"wp:attachment":[{"href":"https:\/\/www.dtromemonti.com\/fr\/wp-json\/wp\/v2\/media?parent=570"}],"curies":[{"name":"wp","href":"https:\/\/api.w.org\/{rel}","templated":true}]}}