{"id":569,"date":"2022-07-04T14:24:33","date_gmt":"2022-07-04T14:24:33","guid":{"rendered":"https:\/\/hiltonrome.ms.decms.eu\/rooms-and-suites\/junior-suite\/"},"modified":"2025-12-09T11:23:00","modified_gmt":"2025-12-09T11:23:00","slug":"junior-suite","status":"publish","type":"page","link":"https:\/\/www.dtromemonti.com\/fr\/chambres-et-suites\/junior-suite\/","title":{"rendered":"Junior Suite"},"content":{"rendered":"<p><span style=\"font-weight: 400\">L\u2019espace, ample, avec coin salon pour se d\u00e9tendre ou travailler, d\u00e9finit et caract\u00e9rise le style de la Junior Suite. Une solution recherch\u00e9e en termes d&rsquo;espace, personnalit\u00e9 et confort, pour un s\u00e9jour \u00e0 Rome \u00e0 l\u2019enseigne de la commodit\u00e9 et de services h\u00f4teliers sur mesure. Machine \u00e0 caf\u00e9 Lavazza pour d\u00e9guster un expresso \u00e0 toute heure, bouilloire et s\u00e9lection de th\u00e9s et infusions, peignoirs et chaussons, lit king-size avec lampes de lecture ne sont que quelques-uns des d\u00e9tails qui agr\u00e9mentent un s\u00e9jour dans la Junior Suite du DoubleTree by Hilton Rome Monti.\u00a0<\/span><\/p>\n<p><span style=\"font-weight: 400\">Sur demande, possibilit\u00e9 de r\u00e9server la Junior Suite exclusive et lumineuse avec terrasse et vue, pour profiter pleinement de la magique atmosph\u00e8re romaine.<\/span><\/p>\n","protected":false},"excerpt":{"rendered":"<p>L\u2019espace, ample, avec coin salon pour se d\u00e9tendre ou travailler, d\u00e9finit et caract\u00e9rise le style de la Junior Suite. Une solution recherch\u00e9e en termes d&rsquo;espace, personnalit\u00e9 et confort, pour un s\u00e9jour \u00e0 Rome \u00e0 l\u2019enseigne de la commodit\u00e9 et de services h\u00f4teliers sur mesure. Machine \u00e0 caf\u00e9 Lavazza pour d\u00e9guster un expresso \u00e0 toute heure, [&hellip;]<\/p>\n","protected":false},"author":6,"featured_media":0,"parent":565,"menu_order":24,"comment_status":"closed","ping_status":"closed","template":"template-single-room.php","meta":{"footnotes":""},"class_list":["post-569","page","type-page","status-publish","hentry"],"yoast_head":"<!-- This site is optimized with the Yoast SEO plugin v26.9 - https:\/\/yoast.com\/product\/yoast-seo-wordpress\/ -->\n<title>Junior Suite avec lounge | DoubleTree by Hilton Rome Monti<\/title>\n<meta name=\"description\" content=\"Passez des vacances relaxantes dans les Junior Suites. Espaces g\u00e9n\u00e9reux avec lounge, minibar, machine \u00e0 caf\u00e9 Lavazza et terrasse privative avec vue sur Rome.\" \/>\n<meta name=\"robots\" content=\"index, follow, max-snippet:-1, max-image-preview:large, max-video-preview:-1\" \/>\n<link rel=\"canonical\" href=\"https:\/\/www.dtromemonti.com\/fr\/chambres-et-suites\/junior-suite\/\" \/>\n<meta property=\"og:locale\" content=\"fr_FR\" \/>\n<meta property=\"og:type\" content=\"article\" \/>\n<meta property=\"og:title\" content=\"Junior Suite avec lounge | DoubleTree by Hilton Rome Monti\" \/>\n<meta property=\"og:description\" content=\"Passez des vacances relaxantes dans les Junior Suites. Espaces g\u00e9n\u00e9reux avec lounge, minibar, machine \u00e0 caf\u00e9 Lavazza et terrasse privative avec vue sur Rome.\" \/>\n<meta property=\"og:url\" content=\"https:\/\/www.dtromemonti.com\/fr\/chambres-et-suites\/junior-suite\/\" \/>\n<meta property=\"og:site_name\" content=\"DoubleTree by Hilton Rome Monti\" \/>\n<meta property=\"article:modified_time\" content=\"2025-12-09T11:23:00+00:00\" \/>\n<meta name=\"twitter:card\" content=\"summary_large_image\" \/>\n<meta name=\"twitter:label1\" content=\"Dur\u00e9e de lecture estim\u00e9e\" \/>\n\t<meta name=\"twitter:data1\" content=\"1 minute\" \/>\n<script type=\"application\/ld+json\" class=\"yoast-schema-graph\">{\"@context\":\"https:\/\/schema.org\",\"@graph\":[{\"@type\":\"WebPage\",\"@id\":\"https:\/\/www.dtromemonti.com\/fr\/chambres-et-suites\/junior-suite\/\",\"url\":\"https:\/\/www.dtromemonti.com\/fr\/chambres-et-suites\/junior-suite\/\",\"name\":\"Junior Suite avec lounge | DoubleTree by Hilton Rome Monti\",\"isPartOf\":{\"@id\":\"https:\/\/www.dtromemonti.com\/fr\/#website\"},\"datePublished\":\"2022-07-04T14:24:33+00:00\",\"dateModified\":\"2025-12-09T11:23:00+00:00\",\"description\":\"Passez des vacances relaxantes dans les Junior Suites. Espaces g\u00e9n\u00e9reux avec lounge, minibar, machine \u00e0 caf\u00e9 Lavazza et terrasse privative avec vue sur Rome.\",\"breadcrumb\":{\"@id\":\"https:\/\/www.dtromemonti.com\/fr\/chambres-et-suites\/junior-suite\/#breadcrumb\"},\"inLanguage\":\"fr-FR\",\"potentialAction\":[{\"@type\":\"ReadAction\",\"target\":[\"https:\/\/www.dtromemonti.com\/fr\/chambres-et-suites\/junior-suite\/\"]}]},{\"@type\":\"BreadcrumbList\",\"@id\":\"https:\/\/www.dtromemonti.com\/fr\/chambres-et-suites\/junior-suite\/#breadcrumb\",\"itemListElement\":[{\"@type\":\"ListItem\",\"position\":1,\"name\":\"Home\",\"item\":\"https:\/\/www.dtromemonti.com\/fr\/\"},{\"@type\":\"ListItem\",\"position\":2,\"name\":\"Chambres et Suites\",\"item\":\"https:\/\/www.dtromemonti.com\/fr\/chambres-et-suites\/\"},{\"@type\":\"ListItem\",\"position\":3,\"name\":\"Junior Suite\"}]},{\"@type\":\"WebSite\",\"@id\":\"https:\/\/www.dtromemonti.com\/fr\/#website\",\"url\":\"https:\/\/www.dtromemonti.com\/fr\/\",\"name\":\"DoubleTree by Hilton Rome Monti\",\"description\":\"Just another ms.decms.eu site\",\"potentialAction\":[{\"@type\":\"SearchAction\",\"target\":{\"@type\":\"EntryPoint\",\"urlTemplate\":\"https:\/\/www.dtromemonti.com\/fr\/?s={search_term_string}\"},\"query-input\":{\"@type\":\"PropertyValueSpecification\",\"valueRequired\":true,\"valueName\":\"search_term_string\"}}],\"inLanguage\":\"fr-FR\"}]}<\/script>\n<!-- \/ Yoast SEO plugin. -->","yoast_head_json":{"title":"Junior Suite avec lounge | DoubleTree by Hilton Rome Monti","description":"Passez des vacances relaxantes dans les Junior Suites. Espaces g\u00e9n\u00e9reux avec lounge, minibar, machine \u00e0 caf\u00e9 Lavazza et terrasse privative avec vue sur Rome.","robots":{"index":"index","follow":"follow","max-snippet":"max-snippet:-1","max-image-preview":"max-image-preview:large","max-video-preview":"max-video-preview:-1"},"canonical":"https:\/\/www.dtromemonti.com\/fr\/chambres-et-suites\/junior-suite\/","og_locale":"fr_FR","og_type":"article","og_title":"Junior Suite avec lounge | DoubleTree by Hilton Rome Monti","og_description":"Passez des vacances relaxantes dans les Junior Suites. Espaces g\u00e9n\u00e9reux avec lounge, minibar, machine \u00e0 caf\u00e9 Lavazza et terrasse privative avec vue sur Rome.","og_url":"https:\/\/www.dtromemonti.com\/fr\/chambres-et-suites\/junior-suite\/","og_site_name":"DoubleTree by Hilton Rome Monti","article_modified_time":"2025-12-09T11:23:00+00:00","twitter_card":"summary_large_image","twitter_misc":{"Dur\u00e9e de lecture estim\u00e9e":"1 minute"},"schema":{"@context":"https:\/\/schema.org","@graph":[{"@type":"WebPage","@id":"https:\/\/www.dtromemonti.com\/fr\/chambres-et-suites\/junior-suite\/","url":"https:\/\/www.dtromemonti.com\/fr\/chambres-et-suites\/junior-suite\/","name":"Junior Suite avec lounge | DoubleTree by Hilton Rome Monti","isPartOf":{"@id":"https:\/\/www.dtromemonti.com\/fr\/#website"},"datePublished":"2022-07-04T14:24:33+00:00","dateModified":"2025-12-09T11:23:00+00:00","description":"Passez des vacances relaxantes dans les Junior Suites. Espaces g\u00e9n\u00e9reux avec lounge, minibar, machine \u00e0 caf\u00e9 Lavazza et terrasse privative avec vue sur Rome.","breadcrumb":{"@id":"https:\/\/www.dtromemonti.com\/fr\/chambres-et-suites\/junior-suite\/#breadcrumb"},"inLanguage":"fr-FR","potentialAction":[{"@type":"ReadAction","target":["https:\/\/www.dtromemonti.com\/fr\/chambres-et-suites\/junior-suite\/"]}]},{"@type":"BreadcrumbList","@id":"https:\/\/www.dtromemonti.com\/fr\/chambres-et-suites\/junior-suite\/#breadcrumb","itemListElement":[{"@type":"ListItem","position":1,"name":"Home","item":"https:\/\/www.dtromemonti.com\/fr\/"},{"@type":"ListItem","position":2,"name":"Chambres et Suites","item":"https:\/\/www.dtromemonti.com\/fr\/chambres-et-suites\/"},{"@type":"ListItem","position":3,"name":"Junior Suite"}]},{"@type":"WebSite","@id":"https:\/\/www.dtromemonti.com\/fr\/#website","url":"https:\/\/www.dtromemonti.com\/fr\/","name":"DoubleTree by Hilton Rome Monti","description":"Just another ms.decms.eu site","potentialAction":[{"@type":"SearchAction","target":{"@type":"EntryPoint","urlTemplate":"https:\/\/www.dtromemonti.com\/fr\/?s={search_term_string}"},"query-input":{"@type":"PropertyValueSpecification","valueRequired":true,"valueName":"search_term_string"}}],"inLanguage":"fr-FR"}]}},"acf":[],"_links":{"self":[{"href":"https:\/\/www.dtromemonti.com\/fr\/wp-json\/wp\/v2\/pages\/569","targetHints":{"allow":["GET"]}}],"collection":[{"href":"https:\/\/www.dtromemonti.com\/fr\/wp-json\/wp\/v2\/pages"}],"about":[{"href":"https:\/\/www.dtromemonti.com\/fr\/wp-json\/wp\/v2\/types\/page"}],"author":[{"embeddable":true,"href":"https:\/\/www.dtromemonti.com\/fr\/wp-json\/wp\/v2\/users\/6"}],"replies":[{"embeddable":true,"href":"https:\/\/www.dtromemonti.com\/fr\/wp-json\/wp\/v2\/comments?post=569"}],"version-history":[{"count":0,"href":"https:\/\/www.dtromemonti.com\/fr\/wp-json\/wp\/v2\/pages\/569\/revisions"}],"up":[{"embeddable":true,"href":"https:\/\/www.dtromemonti.com\/fr\/wp-json\/wp\/v2\/pages\/565"}],"wp:attachment":[{"href":"https:\/\/www.dtromemonti.com\/fr\/wp-json\/wp\/v2\/media?parent=569"}],"curies":[{"name":"wp","href":"https:\/\/api.w.org\/{rel}","templated":true}]}}