{"id":568,"date":"2022-07-04T14:21:45","date_gmt":"2022-07-04T14:21:45","guid":{"rendered":"https:\/\/hiltonrome.ms.decms.eu\/rooms-and-suites\/deluxe-room\/"},"modified":"2025-12-09T11:18:17","modified_gmt":"2025-12-09T11:18:17","slug":"deluxe-room","status":"publish","type":"page","link":"https:\/\/www.dtromemonti.com\/fr\/chambres-et-suites\/deluxe-room\/","title":{"rendered":"Deluxe Room"},"content":{"rendered":"<p><span style=\"font-weight: 400\">Rentrer \u00e0 l\u2019h\u00f4tel apr\u00e8s une journ\u00e9e pass\u00e9e \u00e0 explorer Rome ou entre deux rendez-vous ou r\u00e9unions d&rsquo;affaires, et profiter d\u2019une ambiance chaleureuse, comme \u00e0 la maison, et de tout l\u2019espace n\u00e9cessaire pour se d\u00e9placer librement et ranger vos shoppers et votre notebook. Profiter d\u2019un moment de relax sur un confortable lit king-size, puis enfiler peignoir et chaussons. Savourer ensuite un expresso tonifiant pr\u00e9par\u00e9 avec la machine Lavazza, ou une tisane relaxante, gr\u00e2ce \u00e0 la bouilloire et \u00e0 la s\u00e9lection de th\u00e9s et d&rsquo;infusions \u00e0 votre disposition. Prenez un moment pour vous d\u00e9tendre devant votre s\u00e9rie pr\u00e9f\u00e9r\u00e9e, suivre les actualit\u00e9s ou parcourir les r\u00e9seaux sociaux gr\u00e2ce au Wi-Fi rapide \u2014 avant de vous rendre compte qu\u2019il est d\u00e9j\u00e0 l\u2019heure du d\u00eener. Il ne reste plus qu&rsquo;\u00e0 r\u00e9server une table au Mamalia Restaurant. Le temps pass\u00e9 dans la Deluxe Room est un plaisir des plus agr\u00e9ables qu\u2019il faut se conc\u00e9der lors d&rsquo;un s\u00e9jour \u00e0 Rome.<\/span><\/p>\n","protected":false},"excerpt":{"rendered":"<p>Rentrer \u00e0 l\u2019h\u00f4tel apr\u00e8s une journ\u00e9e pass\u00e9e \u00e0 explorer Rome ou entre deux rendez-vous ou r\u00e9unions d&rsquo;affaires, et profiter d\u2019une ambiance chaleureuse, comme \u00e0 la maison, et de tout l\u2019espace n\u00e9cessaire pour se d\u00e9placer librement et ranger vos shoppers et votre notebook. Profiter d\u2019un moment de relax sur un confortable lit king-size, puis enfiler peignoir [&hellip;]<\/p>\n","protected":false},"author":6,"featured_media":0,"parent":565,"menu_order":22,"comment_status":"closed","ping_status":"closed","template":"template-single-room.php","meta":{"footnotes":""},"class_list":["post-568","page","type-page","status-publish","hentry"],"yoast_head":"<!-- This site is optimized with the Yoast SEO plugin v26.9 - https:\/\/yoast.com\/product\/yoast-seo-wordpress\/ -->\n<title>Deluxe Room: lit King size | DoubleTree by Hilton Rome Monti<\/title>\n<meta name=\"description\" content=\"Deluxe Room : l&#039;espace tout confort id\u00e9al pour vous d\u00e9tendre. Profitez d\u2019un lit king-size et d&#039;une chambre spacieuse et lumineuse. R\u00e9servez maintenant !\" \/>\n<meta name=\"robots\" content=\"index, follow, max-snippet:-1, max-image-preview:large, max-video-preview:-1\" \/>\n<link rel=\"canonical\" href=\"https:\/\/www.dtromemonti.com\/fr\/chambres-et-suites\/deluxe-room\/\" \/>\n<meta property=\"og:locale\" content=\"fr_FR\" \/>\n<meta property=\"og:type\" content=\"article\" \/>\n<meta property=\"og:title\" content=\"Deluxe Room: lit King size | DoubleTree by Hilton Rome Monti\" \/>\n<meta property=\"og:description\" content=\"Deluxe Room : l&#039;espace tout confort id\u00e9al pour vous d\u00e9tendre. Profitez d\u2019un lit king-size et d&#039;une chambre spacieuse et lumineuse. R\u00e9servez maintenant !\" \/>\n<meta property=\"og:url\" content=\"https:\/\/www.dtromemonti.com\/fr\/chambres-et-suites\/deluxe-room\/\" \/>\n<meta property=\"og:site_name\" content=\"DoubleTree by Hilton Rome Monti\" \/>\n<meta property=\"article:modified_time\" content=\"2025-12-09T11:18:17+00:00\" \/>\n<meta name=\"twitter:card\" content=\"summary_large_image\" \/>\n<meta name=\"twitter:label1\" content=\"Dur\u00e9e de lecture estim\u00e9e\" \/>\n\t<meta name=\"twitter:data1\" content=\"1 minute\" \/>\n<script type=\"application\/ld+json\" class=\"yoast-schema-graph\">{\"@context\":\"https:\/\/schema.org\",\"@graph\":[{\"@type\":\"WebPage\",\"@id\":\"https:\/\/www.dtromemonti.com\/fr\/chambres-et-suites\/deluxe-room\/\",\"url\":\"https:\/\/www.dtromemonti.com\/fr\/chambres-et-suites\/deluxe-room\/\",\"name\":\"Deluxe Room: lit King size | DoubleTree by Hilton Rome Monti\",\"isPartOf\":{\"@id\":\"https:\/\/www.dtromemonti.com\/fr\/#website\"},\"datePublished\":\"2022-07-04T14:21:45+00:00\",\"dateModified\":\"2025-12-09T11:18:17+00:00\",\"description\":\"Deluxe Room : l'espace tout confort id\u00e9al pour vous d\u00e9tendre. Profitez d\u2019un lit king-size et d'une chambre spacieuse et lumineuse. R\u00e9servez maintenant !\",\"breadcrumb\":{\"@id\":\"https:\/\/www.dtromemonti.com\/fr\/chambres-et-suites\/deluxe-room\/#breadcrumb\"},\"inLanguage\":\"fr-FR\",\"potentialAction\":[{\"@type\":\"ReadAction\",\"target\":[\"https:\/\/www.dtromemonti.com\/fr\/chambres-et-suites\/deluxe-room\/\"]}]},{\"@type\":\"BreadcrumbList\",\"@id\":\"https:\/\/www.dtromemonti.com\/fr\/chambres-et-suites\/deluxe-room\/#breadcrumb\",\"itemListElement\":[{\"@type\":\"ListItem\",\"position\":1,\"name\":\"Home\",\"item\":\"https:\/\/www.dtromemonti.com\/fr\/\"},{\"@type\":\"ListItem\",\"position\":2,\"name\":\"Chambres et Suites\",\"item\":\"https:\/\/www.dtromemonti.com\/fr\/chambres-et-suites\/\"},{\"@type\":\"ListItem\",\"position\":3,\"name\":\"Deluxe Room\"}]},{\"@type\":\"WebSite\",\"@id\":\"https:\/\/www.dtromemonti.com\/fr\/#website\",\"url\":\"https:\/\/www.dtromemonti.com\/fr\/\",\"name\":\"DoubleTree by Hilton Rome Monti\",\"description\":\"Just another ms.decms.eu site\",\"potentialAction\":[{\"@type\":\"SearchAction\",\"target\":{\"@type\":\"EntryPoint\",\"urlTemplate\":\"https:\/\/www.dtromemonti.com\/fr\/?s={search_term_string}\"},\"query-input\":{\"@type\":\"PropertyValueSpecification\",\"valueRequired\":true,\"valueName\":\"search_term_string\"}}],\"inLanguage\":\"fr-FR\"}]}<\/script>\n<!-- \/ Yoast SEO plugin. -->","yoast_head_json":{"title":"Deluxe Room: lit King size | DoubleTree by Hilton Rome Monti","description":"Deluxe Room : l'espace tout confort id\u00e9al pour vous d\u00e9tendre. Profitez d\u2019un lit king-size et d'une chambre spacieuse et lumineuse. R\u00e9servez maintenant !","robots":{"index":"index","follow":"follow","max-snippet":"max-snippet:-1","max-image-preview":"max-image-preview:large","max-video-preview":"max-video-preview:-1"},"canonical":"https:\/\/www.dtromemonti.com\/fr\/chambres-et-suites\/deluxe-room\/","og_locale":"fr_FR","og_type":"article","og_title":"Deluxe Room: lit King size | DoubleTree by Hilton Rome Monti","og_description":"Deluxe Room : l'espace tout confort id\u00e9al pour vous d\u00e9tendre. Profitez d\u2019un lit king-size et d'une chambre spacieuse et lumineuse. R\u00e9servez maintenant !","og_url":"https:\/\/www.dtromemonti.com\/fr\/chambres-et-suites\/deluxe-room\/","og_site_name":"DoubleTree by Hilton Rome Monti","article_modified_time":"2025-12-09T11:18:17+00:00","twitter_card":"summary_large_image","twitter_misc":{"Dur\u00e9e de lecture estim\u00e9e":"1 minute"},"schema":{"@context":"https:\/\/schema.org","@graph":[{"@type":"WebPage","@id":"https:\/\/www.dtromemonti.com\/fr\/chambres-et-suites\/deluxe-room\/","url":"https:\/\/www.dtromemonti.com\/fr\/chambres-et-suites\/deluxe-room\/","name":"Deluxe Room: lit King size | DoubleTree by Hilton Rome Monti","isPartOf":{"@id":"https:\/\/www.dtromemonti.com\/fr\/#website"},"datePublished":"2022-07-04T14:21:45+00:00","dateModified":"2025-12-09T11:18:17+00:00","description":"Deluxe Room : l'espace tout confort id\u00e9al pour vous d\u00e9tendre. Profitez d\u2019un lit king-size et d'une chambre spacieuse et lumineuse. R\u00e9servez maintenant !","breadcrumb":{"@id":"https:\/\/www.dtromemonti.com\/fr\/chambres-et-suites\/deluxe-room\/#breadcrumb"},"inLanguage":"fr-FR","potentialAction":[{"@type":"ReadAction","target":["https:\/\/www.dtromemonti.com\/fr\/chambres-et-suites\/deluxe-room\/"]}]},{"@type":"BreadcrumbList","@id":"https:\/\/www.dtromemonti.com\/fr\/chambres-et-suites\/deluxe-room\/#breadcrumb","itemListElement":[{"@type":"ListItem","position":1,"name":"Home","item":"https:\/\/www.dtromemonti.com\/fr\/"},{"@type":"ListItem","position":2,"name":"Chambres et Suites","item":"https:\/\/www.dtromemonti.com\/fr\/chambres-et-suites\/"},{"@type":"ListItem","position":3,"name":"Deluxe Room"}]},{"@type":"WebSite","@id":"https:\/\/www.dtromemonti.com\/fr\/#website","url":"https:\/\/www.dtromemonti.com\/fr\/","name":"DoubleTree by Hilton Rome Monti","description":"Just another ms.decms.eu site","potentialAction":[{"@type":"SearchAction","target":{"@type":"EntryPoint","urlTemplate":"https:\/\/www.dtromemonti.com\/fr\/?s={search_term_string}"},"query-input":{"@type":"PropertyValueSpecification","valueRequired":true,"valueName":"search_term_string"}}],"inLanguage":"fr-FR"}]}},"acf":[],"_links":{"self":[{"href":"https:\/\/www.dtromemonti.com\/fr\/wp-json\/wp\/v2\/pages\/568","targetHints":{"allow":["GET"]}}],"collection":[{"href":"https:\/\/www.dtromemonti.com\/fr\/wp-json\/wp\/v2\/pages"}],"about":[{"href":"https:\/\/www.dtromemonti.com\/fr\/wp-json\/wp\/v2\/types\/page"}],"author":[{"embeddable":true,"href":"https:\/\/www.dtromemonti.com\/fr\/wp-json\/wp\/v2\/users\/6"}],"replies":[{"embeddable":true,"href":"https:\/\/www.dtromemonti.com\/fr\/wp-json\/wp\/v2\/comments?post=568"}],"version-history":[{"count":0,"href":"https:\/\/www.dtromemonti.com\/fr\/wp-json\/wp\/v2\/pages\/568\/revisions"}],"up":[{"embeddable":true,"href":"https:\/\/www.dtromemonti.com\/fr\/wp-json\/wp\/v2\/pages\/565"}],"wp:attachment":[{"href":"https:\/\/www.dtromemonti.com\/fr\/wp-json\/wp\/v2\/media?parent=568"}],"curies":[{"name":"wp","href":"https:\/\/api.w.org\/{rel}","templated":true}]}}