{"id":567,"date":"2022-07-04T14:18:11","date_gmt":"2022-07-04T14:18:11","guid":{"rendered":"https:\/\/hiltonrome.ms.decms.eu\/rooms-and-suites\/superior-room\/"},"modified":"2025-12-09T11:20:10","modified_gmt":"2025-12-09T11:20:10","slug":"superior-room","status":"publish","type":"page","link":"https:\/\/www.dtromemonti.com\/fr\/chambres-et-suites\/superior-room\/","title":{"rendered":"Superior Room"},"content":{"rendered":"<p><span style=\"font-weight: 400\">Espace g\u00e9n\u00e9reux, literie plus que confortable, mobilier raffin\u00e9 et soign\u00e9 dans les moindres d\u00e9tails sont les caract\u00e9ristiques des Superior Room du DoubleTree by Hilton Rome Monti. Les h\u00f4tes des Superior Room ont le privil\u00e8ge de disposer d\u2019une machine \u00e0 expresso Lavazza accompagn\u00e9e d\u2019une vari\u00e9t\u00e9 de caf\u00e9s s\u00e9lectionn\u00e9s, tandis que les amateurs de th\u00e9 et infusions disposent d\u2019une bouilloire et d\u2019une s\u00e9lection de produits. Enfin, les amateurs de sport peuvent suivre leurs \u00e9quipes pr\u00e9f\u00e9r\u00e9es gr\u00e2ce \u00e0 un large choix de cha\u00eenes internationales.<\/span><\/p>\n","protected":false},"excerpt":{"rendered":"<p>Espace g\u00e9n\u00e9reux, literie plus que confortable, mobilier raffin\u00e9 et soign\u00e9 dans les moindres d\u00e9tails sont les caract\u00e9ristiques des Superior Room du DoubleTree by Hilton Rome Monti. Les h\u00f4tes des Superior Room ont le privil\u00e8ge de disposer d\u2019une machine \u00e0 expresso Lavazza accompagn\u00e9e d\u2019une vari\u00e9t\u00e9 de caf\u00e9s s\u00e9lectionn\u00e9s, tandis que les amateurs de th\u00e9 et infusions [&hellip;]<\/p>\n","protected":false},"author":6,"featured_media":0,"parent":565,"menu_order":23,"comment_status":"closed","ping_status":"closed","template":"template-single-room.php","meta":{"footnotes":""},"class_list":["post-567","page","type-page","status-publish","hentry"],"yoast_head":"<!-- This site is optimized with the Yoast SEO plugin v26.9 - https:\/\/yoast.com\/product\/yoast-seo-wordpress\/ -->\n<title>Chambres Superior modernes | DoubleTree by Hilton Rome Monti<\/title>\n<meta name=\"description\" content=\"Chambres Superior : un confort sans concession pour un s\u00e9jour unique. Lit King Size et zone relax avec minibar et machine \u00e0 caf\u00e9 Lavazza. R\u00e9servez maintenant !\" \/>\n<meta name=\"robots\" content=\"index, follow, max-snippet:-1, max-image-preview:large, max-video-preview:-1\" \/>\n<link rel=\"canonical\" href=\"https:\/\/www.dtromemonti.com\/fr\/chambres-et-suites\/superior-room\/\" \/>\n<meta property=\"og:locale\" content=\"fr_FR\" \/>\n<meta property=\"og:type\" content=\"article\" \/>\n<meta property=\"og:title\" content=\"Chambres Superior modernes | DoubleTree by Hilton Rome Monti\" \/>\n<meta property=\"og:description\" content=\"Chambres Superior : un confort sans concession pour un s\u00e9jour unique. Lit King Size et zone relax avec minibar et machine \u00e0 caf\u00e9 Lavazza. R\u00e9servez maintenant !\" \/>\n<meta property=\"og:url\" content=\"https:\/\/www.dtromemonti.com\/fr\/chambres-et-suites\/superior-room\/\" \/>\n<meta property=\"og:site_name\" content=\"DoubleTree by Hilton Rome Monti\" \/>\n<meta property=\"article:modified_time\" content=\"2025-12-09T11:20:10+00:00\" \/>\n<meta name=\"twitter:card\" content=\"summary_large_image\" \/>\n<meta name=\"twitter:label1\" content=\"Dur\u00e9e de lecture estim\u00e9e\" \/>\n\t<meta name=\"twitter:data1\" content=\"1 minute\" \/>\n<script type=\"application\/ld+json\" class=\"yoast-schema-graph\">{\"@context\":\"https:\/\/schema.org\",\"@graph\":[{\"@type\":\"WebPage\",\"@id\":\"https:\/\/www.dtromemonti.com\/fr\/chambres-et-suites\/superior-room\/\",\"url\":\"https:\/\/www.dtromemonti.com\/fr\/chambres-et-suites\/superior-room\/\",\"name\":\"Chambres Superior modernes | DoubleTree by Hilton Rome Monti\",\"isPartOf\":{\"@id\":\"https:\/\/www.dtromemonti.com\/fr\/#website\"},\"datePublished\":\"2022-07-04T14:18:11+00:00\",\"dateModified\":\"2025-12-09T11:20:10+00:00\",\"description\":\"Chambres Superior : un confort sans concession pour un s\u00e9jour unique. Lit King Size et zone relax avec minibar et machine \u00e0 caf\u00e9 Lavazza. R\u00e9servez maintenant !\",\"breadcrumb\":{\"@id\":\"https:\/\/www.dtromemonti.com\/fr\/chambres-et-suites\/superior-room\/#breadcrumb\"},\"inLanguage\":\"fr-FR\",\"potentialAction\":[{\"@type\":\"ReadAction\",\"target\":[\"https:\/\/www.dtromemonti.com\/fr\/chambres-et-suites\/superior-room\/\"]}]},{\"@type\":\"BreadcrumbList\",\"@id\":\"https:\/\/www.dtromemonti.com\/fr\/chambres-et-suites\/superior-room\/#breadcrumb\",\"itemListElement\":[{\"@type\":\"ListItem\",\"position\":1,\"name\":\"Home\",\"item\":\"https:\/\/www.dtromemonti.com\/fr\/\"},{\"@type\":\"ListItem\",\"position\":2,\"name\":\"Chambres et Suites\",\"item\":\"https:\/\/www.dtromemonti.com\/fr\/chambres-et-suites\/\"},{\"@type\":\"ListItem\",\"position\":3,\"name\":\"Superior Room\"}]},{\"@type\":\"WebSite\",\"@id\":\"https:\/\/www.dtromemonti.com\/fr\/#website\",\"url\":\"https:\/\/www.dtromemonti.com\/fr\/\",\"name\":\"DoubleTree by Hilton Rome Monti\",\"description\":\"Just another ms.decms.eu site\",\"potentialAction\":[{\"@type\":\"SearchAction\",\"target\":{\"@type\":\"EntryPoint\",\"urlTemplate\":\"https:\/\/www.dtromemonti.com\/fr\/?s={search_term_string}\"},\"query-input\":{\"@type\":\"PropertyValueSpecification\",\"valueRequired\":true,\"valueName\":\"search_term_string\"}}],\"inLanguage\":\"fr-FR\"}]}<\/script>\n<!-- \/ Yoast SEO plugin. -->","yoast_head_json":{"title":"Chambres Superior modernes | DoubleTree by Hilton Rome Monti","description":"Chambres Superior : un confort sans concession pour un s\u00e9jour unique. Lit King Size et zone relax avec minibar et machine \u00e0 caf\u00e9 Lavazza. R\u00e9servez maintenant !","robots":{"index":"index","follow":"follow","max-snippet":"max-snippet:-1","max-image-preview":"max-image-preview:large","max-video-preview":"max-video-preview:-1"},"canonical":"https:\/\/www.dtromemonti.com\/fr\/chambres-et-suites\/superior-room\/","og_locale":"fr_FR","og_type":"article","og_title":"Chambres Superior modernes | DoubleTree by Hilton Rome Monti","og_description":"Chambres Superior : un confort sans concession pour un s\u00e9jour unique. Lit King Size et zone relax avec minibar et machine \u00e0 caf\u00e9 Lavazza. R\u00e9servez maintenant !","og_url":"https:\/\/www.dtromemonti.com\/fr\/chambres-et-suites\/superior-room\/","og_site_name":"DoubleTree by Hilton Rome Monti","article_modified_time":"2025-12-09T11:20:10+00:00","twitter_card":"summary_large_image","twitter_misc":{"Dur\u00e9e de lecture estim\u00e9e":"1 minute"},"schema":{"@context":"https:\/\/schema.org","@graph":[{"@type":"WebPage","@id":"https:\/\/www.dtromemonti.com\/fr\/chambres-et-suites\/superior-room\/","url":"https:\/\/www.dtromemonti.com\/fr\/chambres-et-suites\/superior-room\/","name":"Chambres Superior modernes | DoubleTree by Hilton Rome Monti","isPartOf":{"@id":"https:\/\/www.dtromemonti.com\/fr\/#website"},"datePublished":"2022-07-04T14:18:11+00:00","dateModified":"2025-12-09T11:20:10+00:00","description":"Chambres Superior : un confort sans concession pour un s\u00e9jour unique. Lit King Size et zone relax avec minibar et machine \u00e0 caf\u00e9 Lavazza. R\u00e9servez maintenant !","breadcrumb":{"@id":"https:\/\/www.dtromemonti.com\/fr\/chambres-et-suites\/superior-room\/#breadcrumb"},"inLanguage":"fr-FR","potentialAction":[{"@type":"ReadAction","target":["https:\/\/www.dtromemonti.com\/fr\/chambres-et-suites\/superior-room\/"]}]},{"@type":"BreadcrumbList","@id":"https:\/\/www.dtromemonti.com\/fr\/chambres-et-suites\/superior-room\/#breadcrumb","itemListElement":[{"@type":"ListItem","position":1,"name":"Home","item":"https:\/\/www.dtromemonti.com\/fr\/"},{"@type":"ListItem","position":2,"name":"Chambres et Suites","item":"https:\/\/www.dtromemonti.com\/fr\/chambres-et-suites\/"},{"@type":"ListItem","position":3,"name":"Superior Room"}]},{"@type":"WebSite","@id":"https:\/\/www.dtromemonti.com\/fr\/#website","url":"https:\/\/www.dtromemonti.com\/fr\/","name":"DoubleTree by Hilton Rome Monti","description":"Just another ms.decms.eu site","potentialAction":[{"@type":"SearchAction","target":{"@type":"EntryPoint","urlTemplate":"https:\/\/www.dtromemonti.com\/fr\/?s={search_term_string}"},"query-input":{"@type":"PropertyValueSpecification","valueRequired":true,"valueName":"search_term_string"}}],"inLanguage":"fr-FR"}]}},"acf":[],"_links":{"self":[{"href":"https:\/\/www.dtromemonti.com\/fr\/wp-json\/wp\/v2\/pages\/567","targetHints":{"allow":["GET"]}}],"collection":[{"href":"https:\/\/www.dtromemonti.com\/fr\/wp-json\/wp\/v2\/pages"}],"about":[{"href":"https:\/\/www.dtromemonti.com\/fr\/wp-json\/wp\/v2\/types\/page"}],"author":[{"embeddable":true,"href":"https:\/\/www.dtromemonti.com\/fr\/wp-json\/wp\/v2\/users\/6"}],"replies":[{"embeddable":true,"href":"https:\/\/www.dtromemonti.com\/fr\/wp-json\/wp\/v2\/comments?post=567"}],"version-history":[{"count":0,"href":"https:\/\/www.dtromemonti.com\/fr\/wp-json\/wp\/v2\/pages\/567\/revisions"}],"up":[{"embeddable":true,"href":"https:\/\/www.dtromemonti.com\/fr\/wp-json\/wp\/v2\/pages\/565"}],"wp:attachment":[{"href":"https:\/\/www.dtromemonti.com\/fr\/wp-json\/wp\/v2\/media?parent=567"}],"curies":[{"name":"wp","href":"https:\/\/api.w.org\/{rel}","templated":true}]}}