{"id":566,"date":"2022-07-04T14:15:01","date_gmt":"2022-07-04T14:15:01","guid":{"rendered":"https:\/\/hiltonrome.ms.decms.eu\/rooms-and-suites\/guest-room\/"},"modified":"2024-12-20T09:55:18","modified_gmt":"2024-12-20T09:55:18","slug":"guest-room","status":"publish","type":"page","link":"https:\/\/www.dtromemonti.com\/fr\/chambres-et-suites\/guest-room\/","title":{"rendered":"Guest Room"},"content":{"rendered":"<p><span style=\"font-weight: 400\">La Guest Room affiche toute l&rsquo;\u00e9l\u00e9gance et offre tous les services du DoubleTree by Hilton Rome Monti, une solution id\u00e9ale pour deux personnes pour passer des vacances ou un s\u00e9jour d&rsquo;affaires tout confort dans la Ville \u00c9ternelle. Pour les moments de d\u00e9tente, une bouilloire est \u00e0 votre disposition, ainsi qu\u2019une s\u00e9lection de th\u00e9s, infusions et caf\u00e9s, et deux bouteilles d&rsquo;eau dans le minibar. Un petit bureau compl\u00e8te l&rsquo;am\u00e9nagement de la Guest Room.<\/span><\/p>\n","protected":false},"excerpt":{"rendered":"<p>La Guest Room affiche toute l&rsquo;\u00e9l\u00e9gance et offre tous les services du DoubleTree by Hilton Rome Monti, une solution id\u00e9ale pour deux personnes pour passer des vacances ou un s\u00e9jour d&rsquo;affaires tout confort dans la Ville \u00c9ternelle. Pour les moments de d\u00e9tente, une bouilloire est \u00e0 votre disposition, ainsi qu\u2019une s\u00e9lection de th\u00e9s, infusions et [&hellip;]<\/p>\n","protected":false},"author":6,"featured_media":0,"parent":565,"menu_order":21,"comment_status":"closed","ping_status":"closed","template":"template-single-room.php","meta":{"footnotes":""},"class_list":["post-566","page","type-page","status-publish","hentry"],"yoast_head":"<!-- This site is optimized with the Yoast SEO plugin v26.9 - https:\/\/yoast.com\/product\/yoast-seo-wordpress\/ -->\n<title>Guest Room accueillantes | DoubleTree by Hilton Rome Monti<\/title>\n<meta name=\"description\" content=\"D\u00e9tendez-vous dans nos Guest Room tout confort. Profitez du lit Queen size et du minibar. Id\u00e9ales pour les s\u00e9jours de loisirs comme pour les s\u00e9jours business.\" \/>\n<meta name=\"robots\" content=\"index, follow, max-snippet:-1, max-image-preview:large, max-video-preview:-1\" \/>\n<link rel=\"canonical\" href=\"https:\/\/www.dtromemonti.com\/fr\/chambres-et-suites\/guest-room\/\" \/>\n<meta property=\"og:locale\" content=\"fr_FR\" \/>\n<meta property=\"og:type\" content=\"article\" \/>\n<meta property=\"og:title\" content=\"Guest Room accueillantes | DoubleTree by Hilton Rome Monti\" \/>\n<meta property=\"og:description\" content=\"D\u00e9tendez-vous dans nos Guest Room tout confort. Profitez du lit Queen size et du minibar. Id\u00e9ales pour les s\u00e9jours de loisirs comme pour les s\u00e9jours business.\" \/>\n<meta property=\"og:url\" content=\"https:\/\/www.dtromemonti.com\/fr\/chambres-et-suites\/guest-room\/\" \/>\n<meta property=\"og:site_name\" content=\"DoubleTree by Hilton Rome Monti\" \/>\n<meta property=\"article:modified_time\" content=\"2024-12-20T09:55:18+00:00\" \/>\n<meta name=\"twitter:card\" content=\"summary_large_image\" \/>\n<meta name=\"twitter:label1\" content=\"Dur\u00e9e de lecture estim\u00e9e\" \/>\n\t<meta name=\"twitter:data1\" content=\"1 minute\" \/>\n<script type=\"application\/ld+json\" class=\"yoast-schema-graph\">{\"@context\":\"https:\/\/schema.org\",\"@graph\":[{\"@type\":\"WebPage\",\"@id\":\"https:\/\/www.dtromemonti.com\/fr\/chambres-et-suites\/guest-room\/\",\"url\":\"https:\/\/www.dtromemonti.com\/fr\/chambres-et-suites\/guest-room\/\",\"name\":\"Guest Room accueillantes | DoubleTree by Hilton Rome Monti\",\"isPartOf\":{\"@id\":\"https:\/\/www.dtromemonti.com\/fr\/#website\"},\"datePublished\":\"2022-07-04T14:15:01+00:00\",\"dateModified\":\"2024-12-20T09:55:18+00:00\",\"description\":\"D\u00e9tendez-vous dans nos Guest Room tout confort. Profitez du lit Queen size et du minibar. Id\u00e9ales pour les s\u00e9jours de loisirs comme pour les s\u00e9jours business.\",\"breadcrumb\":{\"@id\":\"https:\/\/www.dtromemonti.com\/fr\/chambres-et-suites\/guest-room\/#breadcrumb\"},\"inLanguage\":\"fr-FR\",\"potentialAction\":[{\"@type\":\"ReadAction\",\"target\":[\"https:\/\/www.dtromemonti.com\/fr\/chambres-et-suites\/guest-room\/\"]}]},{\"@type\":\"BreadcrumbList\",\"@id\":\"https:\/\/www.dtromemonti.com\/fr\/chambres-et-suites\/guest-room\/#breadcrumb\",\"itemListElement\":[{\"@type\":\"ListItem\",\"position\":1,\"name\":\"Home\",\"item\":\"https:\/\/www.dtromemonti.com\/fr\/\"},{\"@type\":\"ListItem\",\"position\":2,\"name\":\"Chambres et Suites\",\"item\":\"https:\/\/www.dtromemonti.com\/fr\/chambres-et-suites\/\"},{\"@type\":\"ListItem\",\"position\":3,\"name\":\"Guest Room\"}]},{\"@type\":\"WebSite\",\"@id\":\"https:\/\/www.dtromemonti.com\/fr\/#website\",\"url\":\"https:\/\/www.dtromemonti.com\/fr\/\",\"name\":\"DoubleTree by Hilton Rome Monti\",\"description\":\"Just another ms.decms.eu site\",\"potentialAction\":[{\"@type\":\"SearchAction\",\"target\":{\"@type\":\"EntryPoint\",\"urlTemplate\":\"https:\/\/www.dtromemonti.com\/fr\/?s={search_term_string}\"},\"query-input\":{\"@type\":\"PropertyValueSpecification\",\"valueRequired\":true,\"valueName\":\"search_term_string\"}}],\"inLanguage\":\"fr-FR\"}]}<\/script>\n<!-- \/ Yoast SEO plugin. -->","yoast_head_json":{"title":"Guest Room accueillantes | DoubleTree by Hilton Rome Monti","description":"D\u00e9tendez-vous dans nos Guest Room tout confort. Profitez du lit Queen size et du minibar. Id\u00e9ales pour les s\u00e9jours de loisirs comme pour les s\u00e9jours business.","robots":{"index":"index","follow":"follow","max-snippet":"max-snippet:-1","max-image-preview":"max-image-preview:large","max-video-preview":"max-video-preview:-1"},"canonical":"https:\/\/www.dtromemonti.com\/fr\/chambres-et-suites\/guest-room\/","og_locale":"fr_FR","og_type":"article","og_title":"Guest Room accueillantes | DoubleTree by Hilton Rome Monti","og_description":"D\u00e9tendez-vous dans nos Guest Room tout confort. Profitez du lit Queen size et du minibar. Id\u00e9ales pour les s\u00e9jours de loisirs comme pour les s\u00e9jours business.","og_url":"https:\/\/www.dtromemonti.com\/fr\/chambres-et-suites\/guest-room\/","og_site_name":"DoubleTree by Hilton Rome Monti","article_modified_time":"2024-12-20T09:55:18+00:00","twitter_card":"summary_large_image","twitter_misc":{"Dur\u00e9e de lecture estim\u00e9e":"1 minute"},"schema":{"@context":"https:\/\/schema.org","@graph":[{"@type":"WebPage","@id":"https:\/\/www.dtromemonti.com\/fr\/chambres-et-suites\/guest-room\/","url":"https:\/\/www.dtromemonti.com\/fr\/chambres-et-suites\/guest-room\/","name":"Guest Room accueillantes | DoubleTree by Hilton Rome Monti","isPartOf":{"@id":"https:\/\/www.dtromemonti.com\/fr\/#website"},"datePublished":"2022-07-04T14:15:01+00:00","dateModified":"2024-12-20T09:55:18+00:00","description":"D\u00e9tendez-vous dans nos Guest Room tout confort. Profitez du lit Queen size et du minibar. Id\u00e9ales pour les s\u00e9jours de loisirs comme pour les s\u00e9jours business.","breadcrumb":{"@id":"https:\/\/www.dtromemonti.com\/fr\/chambres-et-suites\/guest-room\/#breadcrumb"},"inLanguage":"fr-FR","potentialAction":[{"@type":"ReadAction","target":["https:\/\/www.dtromemonti.com\/fr\/chambres-et-suites\/guest-room\/"]}]},{"@type":"BreadcrumbList","@id":"https:\/\/www.dtromemonti.com\/fr\/chambres-et-suites\/guest-room\/#breadcrumb","itemListElement":[{"@type":"ListItem","position":1,"name":"Home","item":"https:\/\/www.dtromemonti.com\/fr\/"},{"@type":"ListItem","position":2,"name":"Chambres et Suites","item":"https:\/\/www.dtromemonti.com\/fr\/chambres-et-suites\/"},{"@type":"ListItem","position":3,"name":"Guest Room"}]},{"@type":"WebSite","@id":"https:\/\/www.dtromemonti.com\/fr\/#website","url":"https:\/\/www.dtromemonti.com\/fr\/","name":"DoubleTree by Hilton Rome Monti","description":"Just another ms.decms.eu site","potentialAction":[{"@type":"SearchAction","target":{"@type":"EntryPoint","urlTemplate":"https:\/\/www.dtromemonti.com\/fr\/?s={search_term_string}"},"query-input":{"@type":"PropertyValueSpecification","valueRequired":true,"valueName":"search_term_string"}}],"inLanguage":"fr-FR"}]}},"acf":[],"_links":{"self":[{"href":"https:\/\/www.dtromemonti.com\/fr\/wp-json\/wp\/v2\/pages\/566","targetHints":{"allow":["GET"]}}],"collection":[{"href":"https:\/\/www.dtromemonti.com\/fr\/wp-json\/wp\/v2\/pages"}],"about":[{"href":"https:\/\/www.dtromemonti.com\/fr\/wp-json\/wp\/v2\/types\/page"}],"author":[{"embeddable":true,"href":"https:\/\/www.dtromemonti.com\/fr\/wp-json\/wp\/v2\/users\/6"}],"replies":[{"embeddable":true,"href":"https:\/\/www.dtromemonti.com\/fr\/wp-json\/wp\/v2\/comments?post=566"}],"version-history":[{"count":0,"href":"https:\/\/www.dtromemonti.com\/fr\/wp-json\/wp\/v2\/pages\/566\/revisions"}],"up":[{"embeddable":true,"href":"https:\/\/www.dtromemonti.com\/fr\/wp-json\/wp\/v2\/pages\/565"}],"wp:attachment":[{"href":"https:\/\/www.dtromemonti.com\/fr\/wp-json\/wp\/v2\/media?parent=566"}],"curies":[{"name":"wp","href":"https:\/\/api.w.org\/{rel}","templated":true}]}}