{"id":565,"date":"2022-07-04T14:13:30","date_gmt":"2022-07-04T14:13:30","guid":{"rendered":"https:\/\/hiltonrome.ms.decms.eu\/rooms-and-suites\/"},"modified":"2023-02-22T08:11:49","modified_gmt":"2023-02-22T08:11:49","slug":"chambres-et-suites","status":"publish","type":"page","link":"https:\/\/www.dtromemonti.com\/fr\/chambres-et-suites\/","title":{"rendered":"Chambres et Suites"},"content":{"rendered":"<p><span style=\"font-weight: 400;\">Dormir dans le centre historique avec <\/span><b>vue sur la Ville \u00e9ternelle<\/b><span style=\"font-weight: 400;\">, choy\u00e9s par l&rsquo;\u00e9l\u00e9gance du design italien et ces petits plus qui font la diff\u00e9rence : les chambres et suites tout confort du DoubleTree by Hilton Rome Monti sont un <\/span><b>coffre aux<\/b><span style=\"font-weight: 400;\"> tr\u00e9sors <\/span><b>de style et de d\u00e9tente <\/b><span style=\"font-weight: 400;\">pour passer un s\u00e9jour romain des plus agr\u00e9ables.<\/span><\/p>\n<p><span style=\"font-weight: 400;\">Une <\/span><b>bouilloire avec une s\u00e9lection de th\u00e9s et d&rsquo;infusions<\/b><span style=\"font-weight: 400;\">, une ligne de produits Crabtree &amp; Evelyn et un minibar avec eau gratuite, telle est la Bienvenue r\u00e9serv\u00e9e \u00e0 tous nos h\u00f4tes qui ont choisi le DoubleTree by Hilton Rome Monti pour des vacances romaines ou un s\u00e9jour d&rsquo;affaires. Toutes les chambres disposent d\u2019une <\/span><b>r\u00e9gulation autonome de la temp\u00e9rature<\/b><span style=\"font-weight: 400;\">, Wi-Fi gratuit, TV HD, chargeur pour appareils avec prise USB et coffre-fort pour ordinateur portable. La <\/span><b>domotique<\/b><span style=\"font-weight: 400;\"> avec capteurs de pr\u00e9sence permet d&rsquo;activer ou d\u00e9sactiver les appareils \u00e9lectriques, conform\u00e9ment au programme de <\/span><b>durabilit\u00e9 environnementale<\/b><span style=\"font-weight: 400;\"> adopt\u00e9 par les h\u00f4tels DoubleTree By Hilton.<\/span><\/p>\n<p><span style=\"font-weight: 400;\">Chaque chambre est avant tout une <\/span><b>lumineuse bulle de bien-\u00eatre<\/b><span style=\"font-weight: 400;\"> o\u00f9 la relaxation est la priorit\u00e9 absolue : la literie offre des matelas ultra confortables de derni\u00e8re g\u00e9n\u00e9ration et \u00e9quip\u00e9s de surmatelas et d\u2019un <\/span><b>choix d&rsquo;oreillers <\/b><span style=\"font-weight: 400;\">pour r\u00e9pondre \u00e0 tous les besoins.<\/span><\/p>\n<p><span style=\"font-weight: 400;\">Seul, en couple, entre amis ou en famille : pour chaque occasion, le DoubleTree by Hilton Rome Monti vous offre la solution pour vous faire passer <\/span><b>le meilleur s\u00e9jour possible \u00e0 Rome<\/b><span style=\"font-weight: 400;\">.\u00a0<\/span><\/p>\n<p><b>D\u00e9couvrez les chambres et les suites et choisissez la v\u00f4tre<\/b><span style=\"font-weight: 400;\">. <\/span><\/p>\n","protected":false},"excerpt":{"rendered":"<p>Dormir dans le centre historique avec vue sur la Ville \u00e9ternelle, choy\u00e9s par l&rsquo;\u00e9l\u00e9gance du design italien et ces petits plus qui font la diff\u00e9rence : les chambres et suites tout confort du DoubleTree by Hilton Rome Monti sont un coffre aux tr\u00e9sors de style et de d\u00e9tente pour passer un s\u00e9jour romain des plus [&hellip;]<\/p>\n","protected":false},"author":6,"featured_media":0,"parent":0,"menu_order":20,"comment_status":"closed","ping_status":"closed","template":"template-rooms.php","meta":{"footnotes":""},"class_list":["post-565","page","type-page","status-publish","hentry"],"yoast_head":"<!-- This site is optimized with the Yoast SEO plugin v26.9 - https:\/\/yoast.com\/product\/yoast-seo-wordpress\/ -->\n<title>Chambres et Suites Rome | Hotel DoubleTree by Hilton Rome Monti<\/title>\n<meta name=\"description\" content=\"Services et s\u00e9jour tout confort dans les chambres et suites au style design contemporain du DoubleTree by Hilton Rome Monti. R\u00e9servez votre s\u00e9jour inoubliable !\" \/>\n<meta name=\"robots\" content=\"index, follow, max-snippet:-1, max-image-preview:large, max-video-preview:-1\" \/>\n<link rel=\"canonical\" href=\"https:\/\/www.dtromemonti.com\/fr\/chambres-et-suites\/\" \/>\n<meta property=\"og:locale\" content=\"fr_FR\" \/>\n<meta property=\"og:type\" content=\"article\" \/>\n<meta property=\"og:title\" content=\"Chambres et Suites Rome | Hotel DoubleTree by Hilton Rome Monti\" \/>\n<meta property=\"og:description\" content=\"Services et s\u00e9jour tout confort dans les chambres et suites au style design contemporain du DoubleTree by Hilton Rome Monti. R\u00e9servez votre s\u00e9jour inoubliable !\" \/>\n<meta property=\"og:url\" content=\"https:\/\/www.dtromemonti.com\/fr\/chambres-et-suites\/\" \/>\n<meta property=\"og:site_name\" content=\"DoubleTree by Hilton Rome Monti\" \/>\n<meta property=\"article:modified_time\" content=\"2023-02-22T08:11:49+00:00\" \/>\n<meta name=\"twitter:card\" content=\"summary_large_image\" \/>\n<meta name=\"twitter:label1\" content=\"Dur\u00e9e de lecture estim\u00e9e\" \/>\n\t<meta name=\"twitter:data1\" content=\"2 minutes\" \/>\n<script type=\"application\/ld+json\" class=\"yoast-schema-graph\">{\"@context\":\"https:\/\/schema.org\",\"@graph\":[{\"@type\":\"WebPage\",\"@id\":\"https:\/\/www.dtromemonti.com\/fr\/chambres-et-suites\/\",\"url\":\"https:\/\/www.dtromemonti.com\/fr\/chambres-et-suites\/\",\"name\":\"Chambres et Suites Rome | Hotel DoubleTree by Hilton Rome Monti\",\"isPartOf\":{\"@id\":\"https:\/\/www.dtromemonti.com\/fr\/#website\"},\"datePublished\":\"2022-07-04T14:13:30+00:00\",\"dateModified\":\"2023-02-22T08:11:49+00:00\",\"description\":\"Services et s\u00e9jour tout confort dans les chambres et suites au style design contemporain du DoubleTree by Hilton Rome Monti. R\u00e9servez votre s\u00e9jour inoubliable !\",\"breadcrumb\":{\"@id\":\"https:\/\/www.dtromemonti.com\/fr\/chambres-et-suites\/#breadcrumb\"},\"inLanguage\":\"fr-FR\",\"potentialAction\":[{\"@type\":\"ReadAction\",\"target\":[\"https:\/\/www.dtromemonti.com\/fr\/chambres-et-suites\/\"]}]},{\"@type\":\"BreadcrumbList\",\"@id\":\"https:\/\/www.dtromemonti.com\/fr\/chambres-et-suites\/#breadcrumb\",\"itemListElement\":[{\"@type\":\"ListItem\",\"position\":1,\"name\":\"Home\",\"item\":\"https:\/\/www.dtromemonti.com\/fr\/\"},{\"@type\":\"ListItem\",\"position\":2,\"name\":\"Chambres et Suites\"}]},{\"@type\":\"WebSite\",\"@id\":\"https:\/\/www.dtromemonti.com\/fr\/#website\",\"url\":\"https:\/\/www.dtromemonti.com\/fr\/\",\"name\":\"DoubleTree by Hilton Rome Monti\",\"description\":\"Just another ms.decms.eu site\",\"potentialAction\":[{\"@type\":\"SearchAction\",\"target\":{\"@type\":\"EntryPoint\",\"urlTemplate\":\"https:\/\/www.dtromemonti.com\/fr\/?s={search_term_string}\"},\"query-input\":{\"@type\":\"PropertyValueSpecification\",\"valueRequired\":true,\"valueName\":\"search_term_string\"}}],\"inLanguage\":\"fr-FR\"}]}<\/script>\n<!-- \/ Yoast SEO plugin. -->","yoast_head_json":{"title":"Chambres et Suites Rome | Hotel DoubleTree by Hilton Rome Monti","description":"Services et s\u00e9jour tout confort dans les chambres et suites au style design contemporain du DoubleTree by Hilton Rome Monti. R\u00e9servez votre s\u00e9jour inoubliable !","robots":{"index":"index","follow":"follow","max-snippet":"max-snippet:-1","max-image-preview":"max-image-preview:large","max-video-preview":"max-video-preview:-1"},"canonical":"https:\/\/www.dtromemonti.com\/fr\/chambres-et-suites\/","og_locale":"fr_FR","og_type":"article","og_title":"Chambres et Suites Rome | Hotel DoubleTree by Hilton Rome Monti","og_description":"Services et s\u00e9jour tout confort dans les chambres et suites au style design contemporain du DoubleTree by Hilton Rome Monti. R\u00e9servez votre s\u00e9jour inoubliable !","og_url":"https:\/\/www.dtromemonti.com\/fr\/chambres-et-suites\/","og_site_name":"DoubleTree by Hilton Rome Monti","article_modified_time":"2023-02-22T08:11:49+00:00","twitter_card":"summary_large_image","twitter_misc":{"Dur\u00e9e de lecture estim\u00e9e":"2 minutes"},"schema":{"@context":"https:\/\/schema.org","@graph":[{"@type":"WebPage","@id":"https:\/\/www.dtromemonti.com\/fr\/chambres-et-suites\/","url":"https:\/\/www.dtromemonti.com\/fr\/chambres-et-suites\/","name":"Chambres et Suites Rome | Hotel DoubleTree by Hilton Rome Monti","isPartOf":{"@id":"https:\/\/www.dtromemonti.com\/fr\/#website"},"datePublished":"2022-07-04T14:13:30+00:00","dateModified":"2023-02-22T08:11:49+00:00","description":"Services et s\u00e9jour tout confort dans les chambres et suites au style design contemporain du DoubleTree by Hilton Rome Monti. R\u00e9servez votre s\u00e9jour inoubliable !","breadcrumb":{"@id":"https:\/\/www.dtromemonti.com\/fr\/chambres-et-suites\/#breadcrumb"},"inLanguage":"fr-FR","potentialAction":[{"@type":"ReadAction","target":["https:\/\/www.dtromemonti.com\/fr\/chambres-et-suites\/"]}]},{"@type":"BreadcrumbList","@id":"https:\/\/www.dtromemonti.com\/fr\/chambres-et-suites\/#breadcrumb","itemListElement":[{"@type":"ListItem","position":1,"name":"Home","item":"https:\/\/www.dtromemonti.com\/fr\/"},{"@type":"ListItem","position":2,"name":"Chambres et Suites"}]},{"@type":"WebSite","@id":"https:\/\/www.dtromemonti.com\/fr\/#website","url":"https:\/\/www.dtromemonti.com\/fr\/","name":"DoubleTree by Hilton Rome Monti","description":"Just another ms.decms.eu site","potentialAction":[{"@type":"SearchAction","target":{"@type":"EntryPoint","urlTemplate":"https:\/\/www.dtromemonti.com\/fr\/?s={search_term_string}"},"query-input":{"@type":"PropertyValueSpecification","valueRequired":true,"valueName":"search_term_string"}}],"inLanguage":"fr-FR"}]}},"acf":[],"_links":{"self":[{"href":"https:\/\/www.dtromemonti.com\/fr\/wp-json\/wp\/v2\/pages\/565","targetHints":{"allow":["GET"]}}],"collection":[{"href":"https:\/\/www.dtromemonti.com\/fr\/wp-json\/wp\/v2\/pages"}],"about":[{"href":"https:\/\/www.dtromemonti.com\/fr\/wp-json\/wp\/v2\/types\/page"}],"author":[{"embeddable":true,"href":"https:\/\/www.dtromemonti.com\/fr\/wp-json\/wp\/v2\/users\/6"}],"replies":[{"embeddable":true,"href":"https:\/\/www.dtromemonti.com\/fr\/wp-json\/wp\/v2\/comments?post=565"}],"version-history":[{"count":0,"href":"https:\/\/www.dtromemonti.com\/fr\/wp-json\/wp\/v2\/pages\/565\/revisions"}],"wp:attachment":[{"href":"https:\/\/www.dtromemonti.com\/fr\/wp-json\/wp\/v2\/media?parent=565"}],"curies":[{"name":"wp","href":"https:\/\/api.w.org\/{rel}","templated":true}]}}