{"id":554,"date":"2022-07-04T14:07:48","date_gmt":"2022-07-04T14:07:48","guid":{"rendered":"https:\/\/hiltonrome.ms.decms.eu\/hotel\/hilton-honors\/"},"modified":"2023-02-22T08:11:35","modified_gmt":"2023-02-22T08:11:35","slug":"hilton-honors","status":"publish","type":"page","link":"https:\/\/www.dtromemonti.com\/fr\/hotel\/hilton-honors\/","title":{"rendered":"Hilton Honors"},"content":{"rendered":"<p><span style=\"font-weight: 400;\">\u00catre un membre <\/span><b>Hilton Honors<\/b><span style=\"font-weight: 400;\">, c\u2019est \u00eatre accueilli dans la <\/span><b>famille Hilton<\/b><span style=\"font-weight: 400;\"> en tant qu&rsquo;<\/span><b>invit\u00e9 sp\u00e9cial<\/b><span style=\"font-weight: 400;\">. Avec le programme Hilton Honors, vous serez chouchout\u00e9 et b\u00e9n\u00e9ficierez d\u2019<\/span><b>avantages exclusifs <\/b><span style=\"font-weight: 400;\">personnalis\u00e9s, et pourrez en outre vous d\u00e9tendre et profiter de tous les services con\u00e7uspour vous.<\/span><\/p>\n<p><span style=\"font-weight: 400;\">Gr\u00e2ce\u00a0 \u00e0 l&rsquo;<\/span><b>application r\u00e9serv\u00e9e<\/b><span style=\"font-weight: 400;\">, vous pouvez toujours disposer de votre chambre pr\u00e9f\u00e9r\u00e9e dans l&rsquo;h\u00f4tel o\u00f9 vous s\u00e9journez fr\u00e9quemment, faire votre check-in et check-out <\/span><b>en ligne<\/b><span style=\"font-weight: 400;\">, obtenir une cl\u00e9 num\u00e9rique (votre t\u00e9l\u00e9phone deviendra la cl\u00e9 de votre chambre), et toujours b\u00e9n\u00e9ficier du Wi-Fi gratuit et de tarifs exclusifs.<\/span><\/p>\n<p><span style=\"font-weight: 400;\">Il ne s\u2019agit que de quelques-unes des <\/span><b>attentions particuli\u00e8res<\/b><span style=\"font-weight: 400;\"> r\u00e9serv\u00e9es aux membres Hilton Honors !<\/span><\/p>\n<p><span style=\"font-weight: 400;\">Vous aussi pouvez devenir un h\u00f4te sp\u00e9cial !<\/span><b> Demandez \u00e0 l&rsquo;\u00e9quipe du Front Office<\/b><span style=\"font-weight: 400;\"> du DoubleTree by Hilton Rome Monti de devenir un <\/span><b>membre Hilton Honors<\/b><span style=\"font-weight: 400;\">. Nous vous attendons !<\/span><\/p>\n","protected":false},"excerpt":{"rendered":"<p>\u00catre un membre Hilton Honors, c\u2019est \u00eatre accueilli dans la famille Hilton en tant qu&rsquo;invit\u00e9 sp\u00e9cial. Avec le programme Hilton Honors, vous serez chouchout\u00e9 et b\u00e9n\u00e9ficierez d\u2019avantages exclusifs personnalis\u00e9s, et pourrez en outre vous d\u00e9tendre et profiter de tous les services con\u00e7uspour vous. Gr\u00e2ce\u00a0 \u00e0 l&rsquo;application r\u00e9serv\u00e9e, vous pouvez toujours disposer de votre chambre pr\u00e9f\u00e9r\u00e9e [&hellip;]<\/p>\n","protected":false},"author":6,"featured_media":0,"parent":550,"menu_order":15,"comment_status":"closed","ping_status":"closed","template":"","meta":{"footnotes":""},"class_list":["post-554","page","type-page","status-publish","hentry"],"yoast_head":"<!-- This site is optimized with the Yoast SEO plugin v26.9 - https:\/\/yoast.com\/product\/yoast-seo-wordpress\/ -->\n<title>Programme fid\u00e9lit\u00e9 | DoubleTree by Hilton Rome Monti<\/title>\n<meta name=\"description\" content=\"Hilton Honors, notre programme de fid\u00e9lit\u00e9 pour profiter de nombreux avantages : r\u00e9ductions, s\u00e9jours gratuits et plus encore, dans tous les h\u00f4tels Hilton.\" \/>\n<meta name=\"robots\" content=\"index, follow, max-snippet:-1, max-image-preview:large, max-video-preview:-1\" \/>\n<link rel=\"canonical\" href=\"https:\/\/www.dtromemonti.com\/fr\/hotel\/hilton-honors\/\" \/>\n<meta property=\"og:locale\" content=\"fr_FR\" \/>\n<meta property=\"og:type\" content=\"article\" \/>\n<meta property=\"og:title\" content=\"Programme fid\u00e9lit\u00e9 | DoubleTree by Hilton Rome Monti\" \/>\n<meta property=\"og:description\" content=\"Hilton Honors, notre programme de fid\u00e9lit\u00e9 pour profiter de nombreux avantages : r\u00e9ductions, s\u00e9jours gratuits et plus encore, dans tous les h\u00f4tels Hilton.\" \/>\n<meta property=\"og:url\" content=\"https:\/\/www.dtromemonti.com\/fr\/hotel\/hilton-honors\/\" \/>\n<meta property=\"og:site_name\" content=\"DoubleTree by Hilton Rome Monti\" \/>\n<meta property=\"article:modified_time\" content=\"2023-02-22T08:11:35+00:00\" \/>\n<meta name=\"twitter:card\" content=\"summary_large_image\" \/>\n<meta name=\"twitter:label1\" content=\"Dur\u00e9e de lecture estim\u00e9e\" \/>\n\t<meta name=\"twitter:data1\" content=\"1 minute\" \/>\n<script type=\"application\/ld+json\" class=\"yoast-schema-graph\">{\"@context\":\"https:\/\/schema.org\",\"@graph\":[{\"@type\":\"WebPage\",\"@id\":\"https:\/\/www.dtromemonti.com\/fr\/hotel\/hilton-honors\/\",\"url\":\"https:\/\/www.dtromemonti.com\/fr\/hotel\/hilton-honors\/\",\"name\":\"Programme fid\u00e9lit\u00e9 | DoubleTree by Hilton Rome Monti\",\"isPartOf\":{\"@id\":\"https:\/\/www.dtromemonti.com\/fr\/#website\"},\"datePublished\":\"2022-07-04T14:07:48+00:00\",\"dateModified\":\"2023-02-22T08:11:35+00:00\",\"description\":\"Hilton Honors, notre programme de fid\u00e9lit\u00e9 pour profiter de nombreux avantages : r\u00e9ductions, s\u00e9jours gratuits et plus encore, dans tous les h\u00f4tels Hilton.\",\"breadcrumb\":{\"@id\":\"https:\/\/www.dtromemonti.com\/fr\/hotel\/hilton-honors\/#breadcrumb\"},\"inLanguage\":\"fr-FR\",\"potentialAction\":[{\"@type\":\"ReadAction\",\"target\":[\"https:\/\/www.dtromemonti.com\/fr\/hotel\/hilton-honors\/\"]}]},{\"@type\":\"BreadcrumbList\",\"@id\":\"https:\/\/www.dtromemonti.com\/fr\/hotel\/hilton-honors\/#breadcrumb\",\"itemListElement\":[{\"@type\":\"ListItem\",\"position\":1,\"name\":\"Home\",\"item\":\"https:\/\/www.dtromemonti.com\/fr\/\"},{\"@type\":\"ListItem\",\"position\":2,\"name\":\"H\u00f4tel\",\"item\":\"https:\/\/www.dtromemonti.com\/fr\/hotel\/\"},{\"@type\":\"ListItem\",\"position\":3,\"name\":\"Hilton Honors\"}]},{\"@type\":\"WebSite\",\"@id\":\"https:\/\/www.dtromemonti.com\/fr\/#website\",\"url\":\"https:\/\/www.dtromemonti.com\/fr\/\",\"name\":\"DoubleTree by Hilton Rome Monti\",\"description\":\"Just another ms.decms.eu site\",\"potentialAction\":[{\"@type\":\"SearchAction\",\"target\":{\"@type\":\"EntryPoint\",\"urlTemplate\":\"https:\/\/www.dtromemonti.com\/fr\/?s={search_term_string}\"},\"query-input\":{\"@type\":\"PropertyValueSpecification\",\"valueRequired\":true,\"valueName\":\"search_term_string\"}}],\"inLanguage\":\"fr-FR\"}]}<\/script>\n<!-- \/ Yoast SEO plugin. -->","yoast_head_json":{"title":"Programme fid\u00e9lit\u00e9 | DoubleTree by Hilton Rome Monti","description":"Hilton Honors, notre programme de fid\u00e9lit\u00e9 pour profiter de nombreux avantages : r\u00e9ductions, s\u00e9jours gratuits et plus encore, dans tous les h\u00f4tels Hilton.","robots":{"index":"index","follow":"follow","max-snippet":"max-snippet:-1","max-image-preview":"max-image-preview:large","max-video-preview":"max-video-preview:-1"},"canonical":"https:\/\/www.dtromemonti.com\/fr\/hotel\/hilton-honors\/","og_locale":"fr_FR","og_type":"article","og_title":"Programme fid\u00e9lit\u00e9 | DoubleTree by Hilton Rome Monti","og_description":"Hilton Honors, notre programme de fid\u00e9lit\u00e9 pour profiter de nombreux avantages : r\u00e9ductions, s\u00e9jours gratuits et plus encore, dans tous les h\u00f4tels Hilton.","og_url":"https:\/\/www.dtromemonti.com\/fr\/hotel\/hilton-honors\/","og_site_name":"DoubleTree by Hilton Rome Monti","article_modified_time":"2023-02-22T08:11:35+00:00","twitter_card":"summary_large_image","twitter_misc":{"Dur\u00e9e de lecture estim\u00e9e":"1 minute"},"schema":{"@context":"https:\/\/schema.org","@graph":[{"@type":"WebPage","@id":"https:\/\/www.dtromemonti.com\/fr\/hotel\/hilton-honors\/","url":"https:\/\/www.dtromemonti.com\/fr\/hotel\/hilton-honors\/","name":"Programme fid\u00e9lit\u00e9 | DoubleTree by Hilton Rome Monti","isPartOf":{"@id":"https:\/\/www.dtromemonti.com\/fr\/#website"},"datePublished":"2022-07-04T14:07:48+00:00","dateModified":"2023-02-22T08:11:35+00:00","description":"Hilton Honors, notre programme de fid\u00e9lit\u00e9 pour profiter de nombreux avantages : r\u00e9ductions, s\u00e9jours gratuits et plus encore, dans tous les h\u00f4tels Hilton.","breadcrumb":{"@id":"https:\/\/www.dtromemonti.com\/fr\/hotel\/hilton-honors\/#breadcrumb"},"inLanguage":"fr-FR","potentialAction":[{"@type":"ReadAction","target":["https:\/\/www.dtromemonti.com\/fr\/hotel\/hilton-honors\/"]}]},{"@type":"BreadcrumbList","@id":"https:\/\/www.dtromemonti.com\/fr\/hotel\/hilton-honors\/#breadcrumb","itemListElement":[{"@type":"ListItem","position":1,"name":"Home","item":"https:\/\/www.dtromemonti.com\/fr\/"},{"@type":"ListItem","position":2,"name":"H\u00f4tel","item":"https:\/\/www.dtromemonti.com\/fr\/hotel\/"},{"@type":"ListItem","position":3,"name":"Hilton Honors"}]},{"@type":"WebSite","@id":"https:\/\/www.dtromemonti.com\/fr\/#website","url":"https:\/\/www.dtromemonti.com\/fr\/","name":"DoubleTree by Hilton Rome Monti","description":"Just another ms.decms.eu site","potentialAction":[{"@type":"SearchAction","target":{"@type":"EntryPoint","urlTemplate":"https:\/\/www.dtromemonti.com\/fr\/?s={search_term_string}"},"query-input":{"@type":"PropertyValueSpecification","valueRequired":true,"valueName":"search_term_string"}}],"inLanguage":"fr-FR"}]}},"acf":[],"_links":{"self":[{"href":"https:\/\/www.dtromemonti.com\/fr\/wp-json\/wp\/v2\/pages\/554","targetHints":{"allow":["GET"]}}],"collection":[{"href":"https:\/\/www.dtromemonti.com\/fr\/wp-json\/wp\/v2\/pages"}],"about":[{"href":"https:\/\/www.dtromemonti.com\/fr\/wp-json\/wp\/v2\/types\/page"}],"author":[{"embeddable":true,"href":"https:\/\/www.dtromemonti.com\/fr\/wp-json\/wp\/v2\/users\/6"}],"replies":[{"embeddable":true,"href":"https:\/\/www.dtromemonti.com\/fr\/wp-json\/wp\/v2\/comments?post=554"}],"version-history":[{"count":0,"href":"https:\/\/www.dtromemonti.com\/fr\/wp-json\/wp\/v2\/pages\/554\/revisions"}],"up":[{"embeddable":true,"href":"https:\/\/www.dtromemonti.com\/fr\/wp-json\/wp\/v2\/pages\/550"}],"wp:attachment":[{"href":"https:\/\/www.dtromemonti.com\/fr\/wp-json\/wp\/v2\/media?parent=554"}],"curies":[{"name":"wp","href":"https:\/\/api.w.org\/{rel}","templated":true}]}}