{"id":553,"date":"2022-07-04T14:07:02","date_gmt":"2022-07-04T14:07:02","guid":{"rendered":"https:\/\/hiltonrome.ms.decms.eu\/hotel\/comfort-and-design\/"},"modified":"2023-03-06T14:15:52","modified_gmt":"2023-03-06T14:15:52","slug":"confort-et-design","status":"publish","type":"page","link":"https:\/\/www.dtromemonti.com\/fr\/hotel\/confort-et-design\/","title":{"rendered":"Confort et Design"},"content":{"rendered":"<p><span style=\"font-weight: 400\">Un nouveau <\/span><b>concept d&rsquo;hospitalit\u00e9,<\/b><span style=\"font-weight: 400\"> relaxante, \u00e9cologique et <\/span><b>durable<\/b><span style=\"font-weight: 400\"> pour accueillir les voyageurs du monde entier dans la Ville \u00e9ternelle ; un <\/span><b>espace social contemporain<\/b><span style=\"font-weight: 400\">, con\u00e7u comme un continuum entre l&rsquo;int\u00e9rieur et l&rsquo;ext\u00e9rieur, entre lumi\u00e8re et atmosph\u00e8re romaines, un lieu pour partager du temps, des \u00e9motions, des projets : Le DoubleTree by Hilton Rome Monti inaugure <\/span><b>un nouveau style d&rsquo;h\u00f4tel \u00e0 Rome<\/b><span style=\"font-weight: 400\">.\u00a0<\/span><\/p>\n<p><span style=\"font-weight: 400\">Le DoubleTree by Hilton Rome Monti a \u00e9t\u00e9 r\u00e9alis\u00e9 en collaboration avec le cabinet d&rsquo;architectes <\/span><b>THDP Design<\/b><span style=\"font-weight: 400\">, qui a \u00e9labor\u00e9 pour nous un concept d&rsquo;hospitalit\u00e9 \u00e0 vivre comme une exp\u00e9rience fluide, impliquant \u00e0 la fois les voyageurs et les citoyens romains qui viennent savourer ici la beaut\u00e9, le rythme, l\u2019esprit de la Rome accueillante et internationale.\u00a0<\/span><\/p>\n<p><span style=\"font-weight: 400\">Au <\/span><b>DoubleTree by Hilton Rome Monti<\/b><span style=\"font-weight: 400\">, tout le monde se sent comme <\/span><b>chez soi :<\/b><span style=\"font-weight: 400\"> les vacanciers, les voyageurs d&rsquo;affaires et tous ceux qui profitent de ses espaces communs pour le coworking et le smart working.\u00a0<\/span><\/p>\n<p><span style=\"font-weight: 400\">Espaces r\u00e9serv\u00e9s, salons pour socialiser, \u00e9l\u00e9ments de design et d\u00e9corations inspir\u00e9es de l&rsquo;antiquit\u00e9, le MiT Food &amp; Coffee Brewery, le Mamalia Restaurant et la terrasse romaine du huiti\u00e8me \u00e9tage qui accueille le M\u00f9n Rooftop Cockatil Bar composent un ensemble repr\u00e9sentant la <\/span><b>Rome contemporaine<\/b><span style=\"font-weight: 400\"> dans ses multiples facettes.\u00a0<\/span><\/p>\n<p><span style=\"font-weight: 400\">Espace, luminosit\u00e9, <\/span><b>design et confort <\/b><span style=\"font-weight: 400\">sont les caract\u00e9ristiques des <\/span><b>chambres<\/b><span style=\"font-weight: 400\"> propos\u00e9es par le DoubleTree by Hilton Rome Monti. Chaque chambre est un <\/span><b>cocon de lumi\u00e8re \u00e0 l\u2019ambiance chaleureuse, <\/b><span style=\"font-weight: 400\">o\u00f9 la <\/span><b>relaxation<\/b><span style=\"font-weight: 400\"> apr\u00e8s une journ\u00e9e de travail ou de visite touristique est la priorit\u00e9 absolue. C&rsquo;est pourquoi la literie offre un couchage ultra-confortable, avec des matelas de derni\u00e8re g\u00e9n\u00e9ration, \u00e9quip\u00e9s d\u2019un <\/span><b>surmatelas<\/b><span style=\"font-weight: 400\"> et d\u2019un<\/span><b>set d&rsquo;oreillers<\/b><span style=\"font-weight: 400\"> parmi lesquels vous trouverez s\u00fbrement celui qui convient.<\/span><\/p>\n<p><span style=\"font-weight: 400\">Venez d\u00e9couvrir le nouveau DoubleTree by Hilton Rome, <a href=\"https:\/\/hiltonrome.ms.decms.eu\/fr\/chambres-et-suites\/\" target=\"_blank\" rel=\"noopener\">choisissez votre chambre<\/a>. <\/span><\/p>\n","protected":false},"excerpt":{"rendered":"<p>Un nouveau concept d&rsquo;hospitalit\u00e9, relaxante, \u00e9cologique et durable pour accueillir les voyageurs du monde entier dans la Ville \u00e9ternelle ; un espace social contemporain, con\u00e7u comme un continuum entre l&rsquo;int\u00e9rieur et l&rsquo;ext\u00e9rieur, entre lumi\u00e8re et atmosph\u00e8re romaines, un lieu pour partager du temps, des \u00e9motions, des projets : Le DoubleTree by Hilton Rome Monti inaugure [&hellip;]<\/p>\n","protected":false},"author":6,"featured_media":0,"parent":550,"menu_order":13,"comment_status":"closed","ping_status":"closed","template":"","meta":{"footnotes":""},"class_list":["post-553","page","type-page","status-publish","hentry"],"yoast_head":"<!-- This site is optimized with the Yoast SEO plugin v26.9 - https:\/\/yoast.com\/product\/yoast-seo-wordpress\/ -->\n<title>Confort design h\u00f4tel Rome | DoubleTree by Hilton Rome Monti<\/title>\n<meta name=\"description\" content=\"Au DoubleTree by Hilton Rome Monti, vivez un s\u00e9jour tout confort et profitez d\u2019espaces g\u00e9n\u00e9reux, d\u2019une literie douillette et d\u2019une ambiance design moderne.\" \/>\n<meta name=\"robots\" content=\"index, follow, max-snippet:-1, max-image-preview:large, max-video-preview:-1\" \/>\n<link rel=\"canonical\" href=\"https:\/\/www.dtromemonti.com\/fr\/hotel\/confort-et-design\/\" \/>\n<meta property=\"og:locale\" content=\"fr_FR\" \/>\n<meta property=\"og:type\" content=\"article\" \/>\n<meta property=\"og:title\" content=\"Confort design h\u00f4tel Rome | DoubleTree by Hilton Rome Monti\" \/>\n<meta property=\"og:description\" content=\"Au DoubleTree by Hilton Rome Monti, vivez un s\u00e9jour tout confort et profitez d\u2019espaces g\u00e9n\u00e9reux, d\u2019une literie douillette et d\u2019une ambiance design moderne.\" \/>\n<meta property=\"og:url\" content=\"https:\/\/www.dtromemonti.com\/fr\/hotel\/confort-et-design\/\" \/>\n<meta property=\"og:site_name\" content=\"DoubleTree by Hilton Rome Monti\" \/>\n<meta property=\"article:modified_time\" content=\"2023-03-06T14:15:52+00:00\" \/>\n<meta name=\"twitter:card\" content=\"summary_large_image\" \/>\n<meta name=\"twitter:label1\" content=\"Dur\u00e9e de lecture estim\u00e9e\" \/>\n\t<meta name=\"twitter:data1\" content=\"2 minutes\" \/>\n<script type=\"application\/ld+json\" class=\"yoast-schema-graph\">{\"@context\":\"https:\/\/schema.org\",\"@graph\":[{\"@type\":\"WebPage\",\"@id\":\"https:\/\/www.dtromemonti.com\/fr\/hotel\/confort-et-design\/\",\"url\":\"https:\/\/www.dtromemonti.com\/fr\/hotel\/confort-et-design\/\",\"name\":\"Confort design h\u00f4tel Rome | DoubleTree by Hilton Rome Monti\",\"isPartOf\":{\"@id\":\"https:\/\/www.dtromemonti.com\/fr\/#website\"},\"datePublished\":\"2022-07-04T14:07:02+00:00\",\"dateModified\":\"2023-03-06T14:15:52+00:00\",\"description\":\"Au DoubleTree by Hilton Rome Monti, vivez un s\u00e9jour tout confort et profitez d\u2019espaces g\u00e9n\u00e9reux, d\u2019une literie douillette et d\u2019une ambiance design moderne.\",\"breadcrumb\":{\"@id\":\"https:\/\/www.dtromemonti.com\/fr\/hotel\/confort-et-design\/#breadcrumb\"},\"inLanguage\":\"fr-FR\",\"potentialAction\":[{\"@type\":\"ReadAction\",\"target\":[\"https:\/\/www.dtromemonti.com\/fr\/hotel\/confort-et-design\/\"]}]},{\"@type\":\"BreadcrumbList\",\"@id\":\"https:\/\/www.dtromemonti.com\/fr\/hotel\/confort-et-design\/#breadcrumb\",\"itemListElement\":[{\"@type\":\"ListItem\",\"position\":1,\"name\":\"Home\",\"item\":\"https:\/\/www.dtromemonti.com\/fr\/\"},{\"@type\":\"ListItem\",\"position\":2,\"name\":\"H\u00f4tel\",\"item\":\"https:\/\/www.dtromemonti.com\/fr\/hotel\/\"},{\"@type\":\"ListItem\",\"position\":3,\"name\":\"Confort et Design\"}]},{\"@type\":\"WebSite\",\"@id\":\"https:\/\/www.dtromemonti.com\/fr\/#website\",\"url\":\"https:\/\/www.dtromemonti.com\/fr\/\",\"name\":\"DoubleTree by Hilton Rome Monti\",\"description\":\"Just another ms.decms.eu site\",\"potentialAction\":[{\"@type\":\"SearchAction\",\"target\":{\"@type\":\"EntryPoint\",\"urlTemplate\":\"https:\/\/www.dtromemonti.com\/fr\/?s={search_term_string}\"},\"query-input\":{\"@type\":\"PropertyValueSpecification\",\"valueRequired\":true,\"valueName\":\"search_term_string\"}}],\"inLanguage\":\"fr-FR\"}]}<\/script>\n<!-- \/ Yoast SEO plugin. -->","yoast_head_json":{"title":"Confort design h\u00f4tel Rome | DoubleTree by Hilton Rome Monti","description":"Au DoubleTree by Hilton Rome Monti, vivez un s\u00e9jour tout confort et profitez d\u2019espaces g\u00e9n\u00e9reux, d\u2019une literie douillette et d\u2019une ambiance design moderne.","robots":{"index":"index","follow":"follow","max-snippet":"max-snippet:-1","max-image-preview":"max-image-preview:large","max-video-preview":"max-video-preview:-1"},"canonical":"https:\/\/www.dtromemonti.com\/fr\/hotel\/confort-et-design\/","og_locale":"fr_FR","og_type":"article","og_title":"Confort design h\u00f4tel Rome | DoubleTree by Hilton Rome Monti","og_description":"Au DoubleTree by Hilton Rome Monti, vivez un s\u00e9jour tout confort et profitez d\u2019espaces g\u00e9n\u00e9reux, d\u2019une literie douillette et d\u2019une ambiance design moderne.","og_url":"https:\/\/www.dtromemonti.com\/fr\/hotel\/confort-et-design\/","og_site_name":"DoubleTree by Hilton Rome Monti","article_modified_time":"2023-03-06T14:15:52+00:00","twitter_card":"summary_large_image","twitter_misc":{"Dur\u00e9e de lecture estim\u00e9e":"2 minutes"},"schema":{"@context":"https:\/\/schema.org","@graph":[{"@type":"WebPage","@id":"https:\/\/www.dtromemonti.com\/fr\/hotel\/confort-et-design\/","url":"https:\/\/www.dtromemonti.com\/fr\/hotel\/confort-et-design\/","name":"Confort design h\u00f4tel Rome | DoubleTree by Hilton Rome Monti","isPartOf":{"@id":"https:\/\/www.dtromemonti.com\/fr\/#website"},"datePublished":"2022-07-04T14:07:02+00:00","dateModified":"2023-03-06T14:15:52+00:00","description":"Au DoubleTree by Hilton Rome Monti, vivez un s\u00e9jour tout confort et profitez d\u2019espaces g\u00e9n\u00e9reux, d\u2019une literie douillette et d\u2019une ambiance design moderne.","breadcrumb":{"@id":"https:\/\/www.dtromemonti.com\/fr\/hotel\/confort-et-design\/#breadcrumb"},"inLanguage":"fr-FR","potentialAction":[{"@type":"ReadAction","target":["https:\/\/www.dtromemonti.com\/fr\/hotel\/confort-et-design\/"]}]},{"@type":"BreadcrumbList","@id":"https:\/\/www.dtromemonti.com\/fr\/hotel\/confort-et-design\/#breadcrumb","itemListElement":[{"@type":"ListItem","position":1,"name":"Home","item":"https:\/\/www.dtromemonti.com\/fr\/"},{"@type":"ListItem","position":2,"name":"H\u00f4tel","item":"https:\/\/www.dtromemonti.com\/fr\/hotel\/"},{"@type":"ListItem","position":3,"name":"Confort et Design"}]},{"@type":"WebSite","@id":"https:\/\/www.dtromemonti.com\/fr\/#website","url":"https:\/\/www.dtromemonti.com\/fr\/","name":"DoubleTree by Hilton Rome Monti","description":"Just another ms.decms.eu site","potentialAction":[{"@type":"SearchAction","target":{"@type":"EntryPoint","urlTemplate":"https:\/\/www.dtromemonti.com\/fr\/?s={search_term_string}"},"query-input":{"@type":"PropertyValueSpecification","valueRequired":true,"valueName":"search_term_string"}}],"inLanguage":"fr-FR"}]}},"acf":[],"_links":{"self":[{"href":"https:\/\/www.dtromemonti.com\/fr\/wp-json\/wp\/v2\/pages\/553","targetHints":{"allow":["GET"]}}],"collection":[{"href":"https:\/\/www.dtromemonti.com\/fr\/wp-json\/wp\/v2\/pages"}],"about":[{"href":"https:\/\/www.dtromemonti.com\/fr\/wp-json\/wp\/v2\/types\/page"}],"author":[{"embeddable":true,"href":"https:\/\/www.dtromemonti.com\/fr\/wp-json\/wp\/v2\/users\/6"}],"replies":[{"embeddable":true,"href":"https:\/\/www.dtromemonti.com\/fr\/wp-json\/wp\/v2\/comments?post=553"}],"version-history":[{"count":0,"href":"https:\/\/www.dtromemonti.com\/fr\/wp-json\/wp\/v2\/pages\/553\/revisions"}],"up":[{"embeddable":true,"href":"https:\/\/www.dtromemonti.com\/fr\/wp-json\/wp\/v2\/pages\/550"}],"wp:attachment":[{"href":"https:\/\/www.dtromemonti.com\/fr\/wp-json\/wp\/v2\/media?parent=553"}],"curies":[{"name":"wp","href":"https:\/\/api.w.org\/{rel}","templated":true}]}}