{"id":550,"date":"2022-07-04T14:01:59","date_gmt":"2022-07-04T14:01:59","guid":{"rendered":"https:\/\/hiltonrome.ms.decms.eu\/hotel\/"},"modified":"2023-02-22T08:10:41","modified_gmt":"2023-02-22T08:10:41","slug":"hotel","status":"publish","type":"page","link":"https:\/\/www.dtromemonti.com\/fr\/hotel\/","title":{"rendered":"H\u00f4tel"},"content":{"rendered":"<p><span style=\"font-weight: 400;\">Un <\/span><b>nouveau concept h\u00f4telier<\/b><span style=\"font-weight: 400;\"> vous attend au <\/span><b>DoubleTree by Hilton Rome Monti<\/b><span style=\"font-weight: 400;\">: \u00e9cologique, relaxant, <\/span><b>durable<\/b><span style=\"font-weight: 400;\">.<\/span><\/p>\n<p><span style=\"font-weight: 400;\">La <\/span><b>d\u00e9coration int\u00e9rieure <\/b><span style=\"font-weight: 400;\">est sign\u00e9e par le <\/span><b>prestigieux studio THDP Design<\/b><span style=\"font-weight: 400;\">, qui a su transposer l&rsquo;<\/span><b>atmosph\u00e8re romaine<\/b><span style=\"font-weight: 400;\"> dans l\u2019ensemble de la structure avec un <\/span><b>espace contemporain <\/b><span style=\"font-weight: 400;\">offrant tout le confort et tous les services Hilton, tout en accordant une attention particuli\u00e8re au respect de la <\/span><b>durabilit\u00e9 environnementale<\/b><span style=\"font-weight: 400;\">, l\u2019un des piliers de la philosophie du DoubleTree by Hilton Rome Monti.\u00a0<\/span><\/p>\n<p><span style=\"font-weight: 400;\">D\u00e8s votre arriv\u00e9e, l&rsquo;h\u00f4tel vous accueille dans des <\/span><b>\u00eelots verdoyants<\/b><span style=\"font-weight: 400;\"> aux plantes luxuriantes, des salons et espaces multifonctionnels au <\/span><b>style contemporain<\/b><span style=\"font-weight: 400;\">, agr\u00e9ment\u00e9s de d\u00e9tails et d\u00e9corations inspir\u00e9s de la <\/span><b>Rome antique <\/b><span style=\"font-weight: 400;\">: une ambiance qui invite \u00e0 faire une pause pour partager du temps, des \u00e9motions, des id\u00e9es, tandis que dans votre chambre, vous trouverez intimit\u00e9, confort et une literie haut de gamme.<\/span><\/p>\n<p><span style=\"font-weight: 400;\">Au DoubleTree by Hilton Rome Mont, la <\/span><b>bonne humeur <\/b><span style=\"font-weight: 400;\">et le professionnalisme de notre <\/span><b>\u00e9quipe<\/b><span style=\"font-weight: 400;\"> sont toujours au programme !<\/span><\/p>\n<p><span style=\"font-weight: 400;\">D\u00e9couvrez le design, les valeurs et les espaces du DoubleTree by Hilton Rome Monti. <\/span><\/p>\n","protected":false},"excerpt":{"rendered":"<p>Un nouveau concept h\u00f4telier vous attend au DoubleTree by Hilton Rome Monti: \u00e9cologique, relaxant, durable. La d\u00e9coration int\u00e9rieure est sign\u00e9e par le prestigieux studio THDP Design, qui a su transposer l&rsquo;atmosph\u00e8re romaine dans l\u2019ensemble de la structure avec un espace contemporain offrant tout le confort et tous les services Hilton, tout en accordant une attention [&hellip;]<\/p>\n","protected":false},"author":6,"featured_media":0,"parent":0,"menu_order":10,"comment_status":"closed","ping_status":"closed","template":"template-services.php","meta":{"footnotes":""},"class_list":["post-550","page","type-page","status-publish","hentry"],"yoast_head":"<!-- This site is optimized with the Yoast SEO plugin v26.9 - https:\/\/yoast.com\/product\/yoast-seo-wordpress\/ -->\n<title>Hotel Hilton Rome centre | DoubleTree by Hilton Rome Monti<\/title>\n<meta name=\"description\" content=\"DoubleTree by Hilton Rome Monti : pr\u00e8s de la gare Termini, ambiance design et services haut de gamme pour les loisirs et les affaires. Une exp\u00e9rience unique.\" \/>\n<meta name=\"robots\" content=\"index, follow, max-snippet:-1, max-image-preview:large, max-video-preview:-1\" \/>\n<link rel=\"canonical\" href=\"https:\/\/www.dtromemonti.com\/fr\/hotel\/\" \/>\n<meta property=\"og:locale\" content=\"fr_FR\" \/>\n<meta property=\"og:type\" content=\"article\" \/>\n<meta property=\"og:title\" content=\"Hotel Hilton Rome centre | DoubleTree by Hilton Rome Monti\" \/>\n<meta property=\"og:description\" content=\"DoubleTree by Hilton Rome Monti : pr\u00e8s de la gare Termini, ambiance design et services haut de gamme pour les loisirs et les affaires. Une exp\u00e9rience unique.\" \/>\n<meta property=\"og:url\" content=\"https:\/\/www.dtromemonti.com\/fr\/hotel\/\" \/>\n<meta property=\"og:site_name\" content=\"DoubleTree by Hilton Rome Monti\" \/>\n<meta property=\"article:modified_time\" content=\"2023-02-22T08:10:41+00:00\" \/>\n<meta name=\"twitter:card\" content=\"summary_large_image\" \/>\n<meta name=\"twitter:label1\" content=\"Dur\u00e9e de lecture estim\u00e9e\" \/>\n\t<meta name=\"twitter:data1\" content=\"1 minute\" \/>\n<script type=\"application\/ld+json\" class=\"yoast-schema-graph\">{\"@context\":\"https:\/\/schema.org\",\"@graph\":[{\"@type\":\"WebPage\",\"@id\":\"https:\/\/www.dtromemonti.com\/fr\/hotel\/\",\"url\":\"https:\/\/www.dtromemonti.com\/fr\/hotel\/\",\"name\":\"Hotel Hilton Rome centre | DoubleTree by Hilton Rome Monti\",\"isPartOf\":{\"@id\":\"https:\/\/www.dtromemonti.com\/fr\/#website\"},\"datePublished\":\"2022-07-04T14:01:59+00:00\",\"dateModified\":\"2023-02-22T08:10:41+00:00\",\"description\":\"DoubleTree by Hilton Rome Monti : pr\u00e8s de la gare Termini, ambiance design et services haut de gamme pour les loisirs et les affaires. Une exp\u00e9rience unique.\",\"breadcrumb\":{\"@id\":\"https:\/\/www.dtromemonti.com\/fr\/hotel\/#breadcrumb\"},\"inLanguage\":\"fr-FR\",\"potentialAction\":[{\"@type\":\"ReadAction\",\"target\":[\"https:\/\/www.dtromemonti.com\/fr\/hotel\/\"]}]},{\"@type\":\"BreadcrumbList\",\"@id\":\"https:\/\/www.dtromemonti.com\/fr\/hotel\/#breadcrumb\",\"itemListElement\":[{\"@type\":\"ListItem\",\"position\":1,\"name\":\"Home\",\"item\":\"https:\/\/www.dtromemonti.com\/fr\/\"},{\"@type\":\"ListItem\",\"position\":2,\"name\":\"H\u00f4tel\"}]},{\"@type\":\"WebSite\",\"@id\":\"https:\/\/www.dtromemonti.com\/fr\/#website\",\"url\":\"https:\/\/www.dtromemonti.com\/fr\/\",\"name\":\"DoubleTree by Hilton Rome Monti\",\"description\":\"Just another ms.decms.eu site\",\"potentialAction\":[{\"@type\":\"SearchAction\",\"target\":{\"@type\":\"EntryPoint\",\"urlTemplate\":\"https:\/\/www.dtromemonti.com\/fr\/?s={search_term_string}\"},\"query-input\":{\"@type\":\"PropertyValueSpecification\",\"valueRequired\":true,\"valueName\":\"search_term_string\"}}],\"inLanguage\":\"fr-FR\"}]}<\/script>\n<!-- \/ Yoast SEO plugin. -->","yoast_head_json":{"title":"Hotel Hilton Rome centre | DoubleTree by Hilton Rome Monti","description":"DoubleTree by Hilton Rome Monti : pr\u00e8s de la gare Termini, ambiance design et services haut de gamme pour les loisirs et les affaires. Une exp\u00e9rience unique.","robots":{"index":"index","follow":"follow","max-snippet":"max-snippet:-1","max-image-preview":"max-image-preview:large","max-video-preview":"max-video-preview:-1"},"canonical":"https:\/\/www.dtromemonti.com\/fr\/hotel\/","og_locale":"fr_FR","og_type":"article","og_title":"Hotel Hilton Rome centre | DoubleTree by Hilton Rome Monti","og_description":"DoubleTree by Hilton Rome Monti : pr\u00e8s de la gare Termini, ambiance design et services haut de gamme pour les loisirs et les affaires. Une exp\u00e9rience unique.","og_url":"https:\/\/www.dtromemonti.com\/fr\/hotel\/","og_site_name":"DoubleTree by Hilton Rome Monti","article_modified_time":"2023-02-22T08:10:41+00:00","twitter_card":"summary_large_image","twitter_misc":{"Dur\u00e9e de lecture estim\u00e9e":"1 minute"},"schema":{"@context":"https:\/\/schema.org","@graph":[{"@type":"WebPage","@id":"https:\/\/www.dtromemonti.com\/fr\/hotel\/","url":"https:\/\/www.dtromemonti.com\/fr\/hotel\/","name":"Hotel Hilton Rome centre | DoubleTree by Hilton Rome Monti","isPartOf":{"@id":"https:\/\/www.dtromemonti.com\/fr\/#website"},"datePublished":"2022-07-04T14:01:59+00:00","dateModified":"2023-02-22T08:10:41+00:00","description":"DoubleTree by Hilton Rome Monti : pr\u00e8s de la gare Termini, ambiance design et services haut de gamme pour les loisirs et les affaires. Une exp\u00e9rience unique.","breadcrumb":{"@id":"https:\/\/www.dtromemonti.com\/fr\/hotel\/#breadcrumb"},"inLanguage":"fr-FR","potentialAction":[{"@type":"ReadAction","target":["https:\/\/www.dtromemonti.com\/fr\/hotel\/"]}]},{"@type":"BreadcrumbList","@id":"https:\/\/www.dtromemonti.com\/fr\/hotel\/#breadcrumb","itemListElement":[{"@type":"ListItem","position":1,"name":"Home","item":"https:\/\/www.dtromemonti.com\/fr\/"},{"@type":"ListItem","position":2,"name":"H\u00f4tel"}]},{"@type":"WebSite","@id":"https:\/\/www.dtromemonti.com\/fr\/#website","url":"https:\/\/www.dtromemonti.com\/fr\/","name":"DoubleTree by Hilton Rome Monti","description":"Just another ms.decms.eu site","potentialAction":[{"@type":"SearchAction","target":{"@type":"EntryPoint","urlTemplate":"https:\/\/www.dtromemonti.com\/fr\/?s={search_term_string}"},"query-input":{"@type":"PropertyValueSpecification","valueRequired":true,"valueName":"search_term_string"}}],"inLanguage":"fr-FR"}]}},"acf":[],"_links":{"self":[{"href":"https:\/\/www.dtromemonti.com\/fr\/wp-json\/wp\/v2\/pages\/550","targetHints":{"allow":["GET"]}}],"collection":[{"href":"https:\/\/www.dtromemonti.com\/fr\/wp-json\/wp\/v2\/pages"}],"about":[{"href":"https:\/\/www.dtromemonti.com\/fr\/wp-json\/wp\/v2\/types\/page"}],"author":[{"embeddable":true,"href":"https:\/\/www.dtromemonti.com\/fr\/wp-json\/wp\/v2\/users\/6"}],"replies":[{"embeddable":true,"href":"https:\/\/www.dtromemonti.com\/fr\/wp-json\/wp\/v2\/comments?post=550"}],"version-history":[{"count":0,"href":"https:\/\/www.dtromemonti.com\/fr\/wp-json\/wp\/v2\/pages\/550\/revisions"}],"wp:attachment":[{"href":"https:\/\/www.dtromemonti.com\/fr\/wp-json\/wp\/v2\/media?parent=550"}],"curies":[{"name":"wp","href":"https:\/\/api.w.org\/{rel}","templated":true}]}}