{"id":541,"date":"2022-07-04T13:50:54","date_gmt":"2022-07-04T13:50:54","guid":{"rendered":"https:\/\/hiltonrome.ms.decms.eu\/homepage\/"},"modified":"2025-10-16T07:24:19","modified_gmt":"2025-10-16T07:24:19","slug":"homepage","status":"publish","type":"page","link":"https:\/\/www.dtromemonti.com\/fr\/","title":{"rendered":"Homepage"},"content":{"rendered":"<p><span style=\"font-weight: 400\">Le <\/span><b>DoubleTree by Hilton Rome Monti<\/b><span style=\"font-weight: 400\"> est l&rsquo;h\u00f4tel id\u00e9al pour <\/span><b>vivre une nouvelle exp\u00e9rience \u00e0 Rome<\/b><span style=\"font-weight: 400\"> au c\u0153ur du Rione Monti. Con\u00e7u pour le <\/span><b>mode de vie contemporain<\/b><span style=\"font-weight: 400\">, offrant des espaces conviviaux et verdoyants, baign\u00e9s de lumi\u00e8re naturelle diffus\u00e9e par les baies vitr\u00e9es qui s\u2019ouvrent sur le centre historique, le DoubleTree by Hilton Rome Monti vous accueille \u00e0 l\u2019enseigne de la grandeur de l&rsquo;histoire romaine et la force d&rsquo;un avenir <\/span><b>\u00e9cologique et durable<\/b><span style=\"font-weight: 400\">.\u00a0<\/span><\/p>\n<p><span style=\"font-weight: 400\">Design italien, <\/span><b>cuisine gourmande<\/b><span style=\"font-weight: 400\">, chambres conjuguant confort et style, <\/span><b>rooftop <\/b><span style=\"font-weight: 400\">au huiti\u00e8me \u00e9tage offrant une vue spectaculaire sur la Rome \u00e9ternelle, bonne humeur et <\/span><b>accueil chaleureux<\/b><span style=\"font-weight: 400\">: tout cela et bien plus encore vous attend au DoubleTree by Hilton Rome Monti. <\/span><\/p>\n","protected":false},"excerpt":{"rendered":"<p>Le DoubleTree by Hilton Rome Monti est l&rsquo;h\u00f4tel id\u00e9al pour vivre une nouvelle exp\u00e9rience \u00e0 Rome au c\u0153ur du Rione Monti. Con\u00e7u pour le mode de vie contemporain, offrant des espaces conviviaux et verdoyants, baign\u00e9s de lumi\u00e8re naturelle diffus\u00e9e par les baies vitr\u00e9es qui s\u2019ouvrent sur le centre historique, le DoubleTree by Hilton Rome Monti [&hellip;]<\/p>\n","protected":false},"author":6,"featured_media":0,"parent":0,"menu_order":0,"comment_status":"closed","ping_status":"closed","template":"","meta":{"footnotes":""},"class_list":["post-541","page","type-page","status-publish","hentry"],"yoast_head":"<!-- This site is optimized with the Yoast SEO plugin v26.9 - https:\/\/yoast.com\/product\/yoast-seo-wordpress\/ -->\n<title>H\u00f4tel 4 \u00e9toiles Rome centre | DoubleTree by Hilton Rome Monti<\/title>\n<meta name=\"description\" content=\"Un s\u00e9jour Bien-\u00eatre au DoubleTree by Hilton Rome Monti : bar et restaurant, offres et forfaits, suites et chambres design. \u00c0 proximit\u00e9 de la gare Termini !\" \/>\n<meta name=\"robots\" content=\"index, follow, max-snippet:-1, max-image-preview:large, max-video-preview:-1\" \/>\n<link rel=\"canonical\" href=\"https:\/\/www.dtromemonti.com\/fr\/\" \/>\n<meta property=\"og:locale\" content=\"fr_FR\" \/>\n<meta property=\"og:type\" content=\"article\" \/>\n<meta property=\"og:title\" content=\"H\u00f4tel 4 \u00e9toiles Rome centre | DoubleTree by Hilton Rome Monti\" \/>\n<meta property=\"og:description\" content=\"Un s\u00e9jour Bien-\u00eatre au DoubleTree by Hilton Rome Monti : bar et restaurant, offres et forfaits, suites et chambres design. \u00c0 proximit\u00e9 de la gare Termini !\" \/>\n<meta property=\"og:url\" content=\"https:\/\/www.dtromemonti.com\/fr\/\" \/>\n<meta property=\"og:site_name\" content=\"DoubleTree by Hilton Rome Monti\" \/>\n<meta property=\"article:modified_time\" content=\"2025-10-16T07:24:19+00:00\" \/>\n<meta name=\"twitter:card\" content=\"summary_large_image\" \/>\n<meta name=\"twitter:label1\" content=\"Dur\u00e9e de lecture estim\u00e9e\" \/>\n\t<meta name=\"twitter:data1\" content=\"1 minute\" \/>\n<script type=\"application\/ld+json\" class=\"yoast-schema-graph\">{\"@context\":\"https:\/\/schema.org\",\"@graph\":[{\"@type\":\"WebPage\",\"@id\":\"https:\/\/www.dtromemonti.com\/fr\/\",\"url\":\"https:\/\/www.dtromemonti.com\/fr\/\",\"name\":\"H\u00f4tel 4 \u00e9toiles Rome centre | DoubleTree by Hilton Rome Monti\",\"isPartOf\":{\"@id\":\"https:\/\/www.dtromemonti.com\/fr\/#website\"},\"datePublished\":\"2022-07-04T13:50:54+00:00\",\"dateModified\":\"2025-10-16T07:24:19+00:00\",\"description\":\"Un s\u00e9jour Bien-\u00eatre au DoubleTree by Hilton Rome Monti : bar et restaurant, offres et forfaits, suites et chambres design. \u00c0 proximit\u00e9 de la gare Termini !\",\"breadcrumb\":{\"@id\":\"https:\/\/www.dtromemonti.com\/fr\/#breadcrumb\"},\"inLanguage\":\"fr-FR\",\"potentialAction\":[{\"@type\":\"ReadAction\",\"target\":[\"https:\/\/www.dtromemonti.com\/fr\/\"]}]},{\"@type\":\"BreadcrumbList\",\"@id\":\"https:\/\/www.dtromemonti.com\/fr\/#breadcrumb\",\"itemListElement\":[{\"@type\":\"ListItem\",\"position\":1,\"name\":\"Home\",\"item\":\"https:\/\/www.dtromemonti.com\/fr\/\"},{\"@type\":\"ListItem\",\"position\":2,\"name\":\"Homepage\"}]},{\"@type\":\"WebSite\",\"@id\":\"https:\/\/www.dtromemonti.com\/fr\/#website\",\"url\":\"https:\/\/www.dtromemonti.com\/fr\/\",\"name\":\"DoubleTree by Hilton Rome Monti\",\"description\":\"Just another ms.decms.eu site\",\"potentialAction\":[{\"@type\":\"SearchAction\",\"target\":{\"@type\":\"EntryPoint\",\"urlTemplate\":\"https:\/\/www.dtromemonti.com\/fr\/?s={search_term_string}\"},\"query-input\":{\"@type\":\"PropertyValueSpecification\",\"valueRequired\":true,\"valueName\":\"search_term_string\"}}],\"inLanguage\":\"fr-FR\"}]}<\/script>\n<!-- \/ Yoast SEO plugin. -->","yoast_head_json":{"title":"H\u00f4tel 4 \u00e9toiles Rome centre | DoubleTree by Hilton Rome Monti","description":"Un s\u00e9jour Bien-\u00eatre au DoubleTree by Hilton Rome Monti : bar et restaurant, offres et forfaits, suites et chambres design. \u00c0 proximit\u00e9 de la gare Termini !","robots":{"index":"index","follow":"follow","max-snippet":"max-snippet:-1","max-image-preview":"max-image-preview:large","max-video-preview":"max-video-preview:-1"},"canonical":"https:\/\/www.dtromemonti.com\/fr\/","og_locale":"fr_FR","og_type":"article","og_title":"H\u00f4tel 4 \u00e9toiles Rome centre | DoubleTree by Hilton Rome Monti","og_description":"Un s\u00e9jour Bien-\u00eatre au DoubleTree by Hilton Rome Monti : bar et restaurant, offres et forfaits, suites et chambres design. \u00c0 proximit\u00e9 de la gare Termini !","og_url":"https:\/\/www.dtromemonti.com\/fr\/","og_site_name":"DoubleTree by Hilton Rome Monti","article_modified_time":"2025-10-16T07:24:19+00:00","twitter_card":"summary_large_image","twitter_misc":{"Dur\u00e9e de lecture estim\u00e9e":"1 minute"},"schema":{"@context":"https:\/\/schema.org","@graph":[{"@type":"WebPage","@id":"https:\/\/www.dtromemonti.com\/fr\/","url":"https:\/\/www.dtromemonti.com\/fr\/","name":"H\u00f4tel 4 \u00e9toiles Rome centre | DoubleTree by Hilton Rome Monti","isPartOf":{"@id":"https:\/\/www.dtromemonti.com\/fr\/#website"},"datePublished":"2022-07-04T13:50:54+00:00","dateModified":"2025-10-16T07:24:19+00:00","description":"Un s\u00e9jour Bien-\u00eatre au DoubleTree by Hilton Rome Monti : bar et restaurant, offres et forfaits, suites et chambres design. \u00c0 proximit\u00e9 de la gare Termini !","breadcrumb":{"@id":"https:\/\/www.dtromemonti.com\/fr\/#breadcrumb"},"inLanguage":"fr-FR","potentialAction":[{"@type":"ReadAction","target":["https:\/\/www.dtromemonti.com\/fr\/"]}]},{"@type":"BreadcrumbList","@id":"https:\/\/www.dtromemonti.com\/fr\/#breadcrumb","itemListElement":[{"@type":"ListItem","position":1,"name":"Home","item":"https:\/\/www.dtromemonti.com\/fr\/"},{"@type":"ListItem","position":2,"name":"Homepage"}]},{"@type":"WebSite","@id":"https:\/\/www.dtromemonti.com\/fr\/#website","url":"https:\/\/www.dtromemonti.com\/fr\/","name":"DoubleTree by Hilton Rome Monti","description":"Just another ms.decms.eu site","potentialAction":[{"@type":"SearchAction","target":{"@type":"EntryPoint","urlTemplate":"https:\/\/www.dtromemonti.com\/fr\/?s={search_term_string}"},"query-input":{"@type":"PropertyValueSpecification","valueRequired":true,"valueName":"search_term_string"}}],"inLanguage":"fr-FR"}]}},"acf":[],"_links":{"self":[{"href":"https:\/\/www.dtromemonti.com\/fr\/wp-json\/wp\/v2\/pages\/541","targetHints":{"allow":["GET"]}}],"collection":[{"href":"https:\/\/www.dtromemonti.com\/fr\/wp-json\/wp\/v2\/pages"}],"about":[{"href":"https:\/\/www.dtromemonti.com\/fr\/wp-json\/wp\/v2\/types\/page"}],"author":[{"embeddable":true,"href":"https:\/\/www.dtromemonti.com\/fr\/wp-json\/wp\/v2\/users\/6"}],"replies":[{"embeddable":true,"href":"https:\/\/www.dtromemonti.com\/fr\/wp-json\/wp\/v2\/comments?post=541"}],"version-history":[{"count":0,"href":"https:\/\/www.dtromemonti.com\/fr\/wp-json\/wp\/v2\/pages\/541\/revisions"}],"wp:attachment":[{"href":"https:\/\/www.dtromemonti.com\/fr\/wp-json\/wp\/v2\/media?parent=541"}],"curies":[{"name":"wp","href":"https:\/\/api.w.org\/{rel}","templated":true}]}}