{"id":2339,"date":"2024-05-31T10:10:18","date_gmt":"2024-05-31T10:10:18","guid":{"rendered":"https:\/\/www.dtromemonti.com\/services\/esperienze-2\/"},"modified":"2026-04-14T16:08:28","modified_gmt":"2026-04-14T16:08:28","slug":"experiences-exclusives","status":"publish","type":"page","link":"https:\/\/www.dtromemonti.com\/fr\/services\/experiences-exclusives\/","title":{"rendered":"Exp\u00e9riences exclusives \u00e0 Rome"},"content":{"rendered":"<div id=\"model-response-message-contentr_e57247a30578c861\" class=\"markdown markdown-main-panel stronger enable-updated-hr-color\" dir=\"ltr\" aria-live=\"polite\">\n<p data-path-to-node=\"0\">D\u00e9couvrez un monde d&rsquo;<b data-path-to-node=\"0\" data-index-in-node=\"21\">exp\u00e9riences uniques<\/b> : des <b data-path-to-node=\"0\" data-index-in-node=\"47\">d\u00eeners gastronomiques<\/b> avec des <b data-path-to-node=\"0\" data-index-in-node=\"78\">vues \u00e0 couper le souffle<\/b> aux <b data-path-to-node=\"0\" data-index-in-node=\"107\">balades en Vespa<\/b> dans les rues de la ville. Qu&rsquo;il s&rsquo;agisse de moments sp\u00e9ciaux comme des <b data-path-to-node=\"1\" data-index-in-node=\"45\">surprises d&rsquo;anniversaire<\/b>, chaque d\u00e9tail est con\u00e7u pour vous offrir des <b data-path-to-node=\"1\" data-index-in-node=\"116\">\u00e9motions inoubliables<\/b>.<\/p>\n<\/div>\n<p>&nbsp;<\/p>\n","protected":false},"excerpt":{"rendered":"<p>D\u00e9couvrez un monde d&rsquo;exp\u00e9riences uniques : des d\u00eeners gastronomiques avec des vues \u00e0 couper le souffle aux balades en Vespa dans les rues de la ville. Qu&rsquo;il s&rsquo;agisse de moments sp\u00e9ciaux comme des surprises d&rsquo;anniversaire, chaque d\u00e9tail est con\u00e7u pour vous offrir des \u00e9motions inoubliables. &nbsp;<\/p>\n","protected":false},"author":648,"featured_media":2297,"parent":590,"menu_order":0,"comment_status":"closed","ping_status":"closed","template":"","meta":{"footnotes":""},"class_list":["post-2339","page","type-page","status-publish","has-post-thumbnail","hentry"],"yoast_head":"<!-- This site is optimized with the Yoast SEO plugin v26.9 - https:\/\/yoast.com\/product\/yoast-seo-wordpress\/ -->\n<title>Exp\u00e9riences exclusives \u00e0 Rome | DoubleTree by Hilton Rome Monti<\/title>\n<meta name=\"description\" content=\"Vivez l&#039;inoubliable \u00e0 Rome : d\u00e9gustations, d\u00eeners gastronomiques, parcours photo. Une immersion unique au c\u0153ur de la Ville \u00c9ternelle.\" \/>\n<meta name=\"robots\" content=\"index, follow, max-snippet:-1, max-image-preview:large, max-video-preview:-1\" \/>\n<link rel=\"canonical\" href=\"https:\/\/www.dtromemonti.com\/fr\/services\/experiences-exclusives\/\" \/>\n<meta property=\"og:locale\" content=\"fr_FR\" \/>\n<meta property=\"og:type\" content=\"article\" \/>\n<meta property=\"og:title\" content=\"Exp\u00e9riences exclusives \u00e0 Rome | DoubleTree by Hilton Rome Monti\" \/>\n<meta property=\"og:description\" content=\"Vivez l&#039;inoubliable \u00e0 Rome : d\u00e9gustations, d\u00eeners gastronomiques, parcours photo. Une immersion unique au c\u0153ur de la Ville \u00c9ternelle.\" \/>\n<meta property=\"og:url\" content=\"https:\/\/www.dtromemonti.com\/fr\/services\/experiences-exclusives\/\" \/>\n<meta property=\"og:site_name\" content=\"DoubleTree by Hilton Rome Monti\" \/>\n<meta property=\"article:modified_time\" content=\"2026-04-14T16:08:28+00:00\" \/>\n<meta property=\"og:image\" content=\"https:\/\/www.dtromemonti.com\/wp-content\/uploads\/sites\/327\/2026\/01\/Q1016219.jpg\" \/>\n\t<meta property=\"og:image:width\" content=\"801\" \/>\n\t<meta property=\"og:image:height\" content=\"1200\" \/>\n\t<meta property=\"og:image:type\" content=\"image\/jpeg\" \/>\n<meta name=\"twitter:card\" content=\"summary_large_image\" \/>\n<meta name=\"twitter:label1\" content=\"Dur\u00e9e de lecture estim\u00e9e\" \/>\n\t<meta name=\"twitter:data1\" content=\"1 minute\" \/>\n<script type=\"application\/ld+json\" class=\"yoast-schema-graph\">{\"@context\":\"https:\/\/schema.org\",\"@graph\":[{\"@type\":\"WebPage\",\"@id\":\"https:\/\/www.dtromemonti.com\/fr\/services\/experiences-exclusives\/\",\"url\":\"https:\/\/www.dtromemonti.com\/fr\/services\/experiences-exclusives\/\",\"name\":\"Exp\u00e9riences exclusives \u00e0 Rome | DoubleTree by Hilton Rome Monti\",\"isPartOf\":{\"@id\":\"https:\/\/www.dtromemonti.com\/fr\/#website\"},\"primaryImageOfPage\":{\"@id\":\"https:\/\/www.dtromemonti.com\/fr\/services\/experiences-exclusives\/#primaryimage\"},\"image\":{\"@id\":\"https:\/\/www.dtromemonti.com\/fr\/services\/experiences-exclusives\/#primaryimage\"},\"thumbnailUrl\":\"https:\/\/www.dtromemonti.com\/wp-content\/uploads\/sites\/327\/2026\/01\/Q1016219.jpg\",\"datePublished\":\"2024-05-31T10:10:18+00:00\",\"dateModified\":\"2026-04-14T16:08:28+00:00\",\"description\":\"Vivez l'inoubliable \u00e0 Rome : d\u00e9gustations, d\u00eeners gastronomiques, parcours photo. Une immersion unique au c\u0153ur de la Ville \u00c9ternelle.\",\"breadcrumb\":{\"@id\":\"https:\/\/www.dtromemonti.com\/fr\/services\/experiences-exclusives\/#breadcrumb\"},\"inLanguage\":\"fr-FR\",\"potentialAction\":[{\"@type\":\"ReadAction\",\"target\":[\"https:\/\/www.dtromemonti.com\/fr\/services\/experiences-exclusives\/\"]}]},{\"@type\":\"ImageObject\",\"inLanguage\":\"fr-FR\",\"@id\":\"https:\/\/www.dtromemonti.com\/fr\/services\/experiences-exclusives\/#primaryimage\",\"url\":\"https:\/\/www.dtromemonti.com\/wp-content\/uploads\/sites\/327\/2026\/01\/Q1016219.jpg\",\"contentUrl\":\"https:\/\/www.dtromemonti.com\/wp-content\/uploads\/sites\/327\/2026\/01\/Q1016219.jpg\",\"width\":801,\"height\":1200},{\"@type\":\"BreadcrumbList\",\"@id\":\"https:\/\/www.dtromemonti.com\/fr\/services\/experiences-exclusives\/#breadcrumb\",\"itemListElement\":[{\"@type\":\"ListItem\",\"position\":1,\"name\":\"Home\",\"item\":\"https:\/\/www.dtromemonti.com\/fr\/\"},{\"@type\":\"ListItem\",\"position\":2,\"name\":\"Services\",\"item\":\"https:\/\/www.dtromemonti.com\/fr\/services\/\"},{\"@type\":\"ListItem\",\"position\":3,\"name\":\"Exp\u00e9riences exclusives \u00e0 Rome\"}]},{\"@type\":\"WebSite\",\"@id\":\"https:\/\/www.dtromemonti.com\/fr\/#website\",\"url\":\"https:\/\/www.dtromemonti.com\/fr\/\",\"name\":\"DoubleTree by Hilton Rome Monti\",\"description\":\"Just another ms.decms.eu site\",\"potentialAction\":[{\"@type\":\"SearchAction\",\"target\":{\"@type\":\"EntryPoint\",\"urlTemplate\":\"https:\/\/www.dtromemonti.com\/fr\/?s={search_term_string}\"},\"query-input\":{\"@type\":\"PropertyValueSpecification\",\"valueRequired\":true,\"valueName\":\"search_term_string\"}}],\"inLanguage\":\"fr-FR\"}]}<\/script>\n<!-- \/ Yoast SEO plugin. -->","yoast_head_json":{"title":"Exp\u00e9riences exclusives \u00e0 Rome | DoubleTree by Hilton Rome Monti","description":"Vivez l'inoubliable \u00e0 Rome : d\u00e9gustations, d\u00eeners gastronomiques, parcours photo. Une immersion unique au c\u0153ur de la Ville \u00c9ternelle.","robots":{"index":"index","follow":"follow","max-snippet":"max-snippet:-1","max-image-preview":"max-image-preview:large","max-video-preview":"max-video-preview:-1"},"canonical":"https:\/\/www.dtromemonti.com\/fr\/services\/experiences-exclusives\/","og_locale":"fr_FR","og_type":"article","og_title":"Exp\u00e9riences exclusives \u00e0 Rome | DoubleTree by Hilton Rome Monti","og_description":"Vivez l'inoubliable \u00e0 Rome : d\u00e9gustations, d\u00eeners gastronomiques, parcours photo. Une immersion unique au c\u0153ur de la Ville \u00c9ternelle.","og_url":"https:\/\/www.dtromemonti.com\/fr\/services\/experiences-exclusives\/","og_site_name":"DoubleTree by Hilton Rome Monti","article_modified_time":"2026-04-14T16:08:28+00:00","og_image":[{"width":801,"height":1200,"url":"https:\/\/www.dtromemonti.com\/wp-content\/uploads\/sites\/327\/2026\/01\/Q1016219.jpg","type":"image\/jpeg"}],"twitter_card":"summary_large_image","twitter_misc":{"Dur\u00e9e de lecture estim\u00e9e":"1 minute"},"schema":{"@context":"https:\/\/schema.org","@graph":[{"@type":"WebPage","@id":"https:\/\/www.dtromemonti.com\/fr\/services\/experiences-exclusives\/","url":"https:\/\/www.dtromemonti.com\/fr\/services\/experiences-exclusives\/","name":"Exp\u00e9riences exclusives \u00e0 Rome | DoubleTree by Hilton Rome Monti","isPartOf":{"@id":"https:\/\/www.dtromemonti.com\/fr\/#website"},"primaryImageOfPage":{"@id":"https:\/\/www.dtromemonti.com\/fr\/services\/experiences-exclusives\/#primaryimage"},"image":{"@id":"https:\/\/www.dtromemonti.com\/fr\/services\/experiences-exclusives\/#primaryimage"},"thumbnailUrl":"https:\/\/www.dtromemonti.com\/wp-content\/uploads\/sites\/327\/2026\/01\/Q1016219.jpg","datePublished":"2024-05-31T10:10:18+00:00","dateModified":"2026-04-14T16:08:28+00:00","description":"Vivez l'inoubliable \u00e0 Rome : d\u00e9gustations, d\u00eeners gastronomiques, parcours photo. Une immersion unique au c\u0153ur de la Ville \u00c9ternelle.","breadcrumb":{"@id":"https:\/\/www.dtromemonti.com\/fr\/services\/experiences-exclusives\/#breadcrumb"},"inLanguage":"fr-FR","potentialAction":[{"@type":"ReadAction","target":["https:\/\/www.dtromemonti.com\/fr\/services\/experiences-exclusives\/"]}]},{"@type":"ImageObject","inLanguage":"fr-FR","@id":"https:\/\/www.dtromemonti.com\/fr\/services\/experiences-exclusives\/#primaryimage","url":"https:\/\/www.dtromemonti.com\/wp-content\/uploads\/sites\/327\/2026\/01\/Q1016219.jpg","contentUrl":"https:\/\/www.dtromemonti.com\/wp-content\/uploads\/sites\/327\/2026\/01\/Q1016219.jpg","width":801,"height":1200},{"@type":"BreadcrumbList","@id":"https:\/\/www.dtromemonti.com\/fr\/services\/experiences-exclusives\/#breadcrumb","itemListElement":[{"@type":"ListItem","position":1,"name":"Home","item":"https:\/\/www.dtromemonti.com\/fr\/"},{"@type":"ListItem","position":2,"name":"Services","item":"https:\/\/www.dtromemonti.com\/fr\/services\/"},{"@type":"ListItem","position":3,"name":"Exp\u00e9riences exclusives \u00e0 Rome"}]},{"@type":"WebSite","@id":"https:\/\/www.dtromemonti.com\/fr\/#website","url":"https:\/\/www.dtromemonti.com\/fr\/","name":"DoubleTree by Hilton Rome Monti","description":"Just another ms.decms.eu site","potentialAction":[{"@type":"SearchAction","target":{"@type":"EntryPoint","urlTemplate":"https:\/\/www.dtromemonti.com\/fr\/?s={search_term_string}"},"query-input":{"@type":"PropertyValueSpecification","valueRequired":true,"valueName":"search_term_string"}}],"inLanguage":"fr-FR"}]}},"acf":[],"_links":{"self":[{"href":"https:\/\/www.dtromemonti.com\/fr\/wp-json\/wp\/v2\/pages\/2339","targetHints":{"allow":["GET"]}}],"collection":[{"href":"https:\/\/www.dtromemonti.com\/fr\/wp-json\/wp\/v2\/pages"}],"about":[{"href":"https:\/\/www.dtromemonti.com\/fr\/wp-json\/wp\/v2\/types\/page"}],"author":[{"embeddable":true,"href":"https:\/\/www.dtromemonti.com\/fr\/wp-json\/wp\/v2\/users\/648"}],"replies":[{"embeddable":true,"href":"https:\/\/www.dtromemonti.com\/fr\/wp-json\/wp\/v2\/comments?post=2339"}],"version-history":[{"count":0,"href":"https:\/\/www.dtromemonti.com\/fr\/wp-json\/wp\/v2\/pages\/2339\/revisions"}],"up":[{"embeddable":true,"href":"https:\/\/www.dtromemonti.com\/fr\/wp-json\/wp\/v2\/pages\/590"}],"wp:featuredmedia":[{"embeddable":true,"href":"https:\/\/www.dtromemonti.com\/fr\/wp-json\/wp\/v2\/media\/2297"}],"wp:attachment":[{"href":"https:\/\/www.dtromemonti.com\/fr\/wp-json\/wp\/v2\/media?parent=2339"}],"curies":[{"name":"wp","href":"https:\/\/api.w.org\/{rel}","templated":true}]}}