{"id":1719,"date":"2024-08-28T10:42:53","date_gmt":"2024-08-28T10:42:53","guid":{"rendered":"https:\/\/www.dtromemonti.com\/?page_id=1719"},"modified":"2024-08-30T09:12:09","modified_gmt":"2024-08-30T09:12:09","slug":"mariage-a-rome","status":"publish","type":"page","link":"https:\/\/www.dtromemonti.com\/fr\/services\/mariage-a-rome\/","title":{"rendered":"Le mariage de vos r\u00eaves \u00e0 Rome"},"content":{"rendered":"<p style=\"text-align: center\">Le <strong>DoubleTree by Hilton Rome Monti<\/strong> est le cadre id\u00e9al pour le <strong>mariage de vos r\u00eaves<\/strong>. Avec son design <strong>contemporain et \u00e9co-durable<\/strong>, il offre une atmosph\u00e8re unique. Le <strong>restaurant Mamalia<\/strong> et le <strong>M\u00f9n Rooftop Cocktail Bar<\/strong>, avec sa terrasse au huiti\u00e8me \u00e9tage, constituent le cadre id\u00e9al pour un \u00e9v\u00e9nement inoubliable. Notre <strong>\u00e9quipe charg\u00e9e<\/strong> <strong>des \u00e9v\u00e9nements<\/strong> s&rsquo;occupera de tous les d\u00e9tails pour garantir le succ\u00e8s de votre<strong> journ\u00e9e sp\u00e9ciale<\/strong>.<\/p>\n","protected":false},"excerpt":{"rendered":"<p>Le DoubleTree by Hilton Rome Monti est le cadre id\u00e9al pour le mariage de vos r\u00eaves. Avec son design contemporain et \u00e9co-durable, il offre une atmosph\u00e8re unique. Le restaurant Mamalia et le M\u00f9n Rooftop Cocktail Bar, avec sa terrasse au huiti\u00e8me \u00e9tage, constituent le cadre id\u00e9al pour un \u00e9v\u00e9nement inoubliable. Notre \u00e9quipe charg\u00e9e des \u00e9v\u00e9nements [&hellip;]<\/p>\n","protected":false},"author":640,"featured_media":0,"parent":590,"menu_order":0,"comment_status":"closed","ping_status":"closed","template":"","meta":{"footnotes":""},"class_list":["post-1719","page","type-page","status-publish","hentry"],"yoast_head":"<!-- This site is optimized with the Yoast SEO plugin v26.9 - https:\/\/yoast.com\/product\/yoast-seo-wordpress\/ -->\n<title>Mariage \u00e0 Rome | Hotel DoubleTree by Hilton Rome Monti<\/title>\n<meta name=\"description\" content=\"D\u00e9couvrez comment rendre votre mariage unique \u00e0 l&#039;h\u00f4tel DoubleTree by Hilton Rome Monti. D\u00e9couvrez nos offres exclusives pour votre journ\u00e9e sp\u00e9ciale!\" \/>\n<meta name=\"robots\" content=\"index, follow, max-snippet:-1, max-image-preview:large, max-video-preview:-1\" \/>\n<link rel=\"canonical\" href=\"https:\/\/www.dtromemonti.com\/fr\/services\/mariage-a-rome\/\" \/>\n<meta property=\"og:locale\" content=\"fr_FR\" \/>\n<meta property=\"og:type\" content=\"article\" \/>\n<meta property=\"og:title\" content=\"Mariage \u00e0 Rome | Hotel DoubleTree by Hilton Rome Monti\" \/>\n<meta property=\"og:description\" content=\"D\u00e9couvrez comment rendre votre mariage unique \u00e0 l&#039;h\u00f4tel DoubleTree by Hilton Rome Monti. D\u00e9couvrez nos offres exclusives pour votre journ\u00e9e sp\u00e9ciale!\" \/>\n<meta property=\"og:url\" content=\"https:\/\/www.dtromemonti.com\/fr\/services\/mariage-a-rome\/\" \/>\n<meta property=\"og:site_name\" content=\"DoubleTree by Hilton Rome Monti\" \/>\n<meta property=\"article:modified_time\" content=\"2024-08-30T09:12:09+00:00\" \/>\n<meta name=\"twitter:card\" content=\"summary_large_image\" \/>\n<meta name=\"twitter:label1\" content=\"Dur\u00e9e de lecture estim\u00e9e\" \/>\n\t<meta name=\"twitter:data1\" content=\"1 minute\" \/>\n<script type=\"application\/ld+json\" class=\"yoast-schema-graph\">{\"@context\":\"https:\/\/schema.org\",\"@graph\":[{\"@type\":\"WebPage\",\"@id\":\"https:\/\/www.dtromemonti.com\/fr\/services\/mariage-a-rome\/\",\"url\":\"https:\/\/www.dtromemonti.com\/fr\/services\/mariage-a-rome\/\",\"name\":\"Mariage \u00e0 Rome | Hotel DoubleTree by Hilton Rome Monti\",\"isPartOf\":{\"@id\":\"https:\/\/www.dtromemonti.com\/fr\/#website\"},\"datePublished\":\"2024-08-28T10:42:53+00:00\",\"dateModified\":\"2024-08-30T09:12:09+00:00\",\"description\":\"D\u00e9couvrez comment rendre votre mariage unique \u00e0 l'h\u00f4tel DoubleTree by Hilton Rome Monti. D\u00e9couvrez nos offres exclusives pour votre journ\u00e9e sp\u00e9ciale!\",\"breadcrumb\":{\"@id\":\"https:\/\/www.dtromemonti.com\/fr\/services\/mariage-a-rome\/#breadcrumb\"},\"inLanguage\":\"fr-FR\",\"potentialAction\":[{\"@type\":\"ReadAction\",\"target\":[\"https:\/\/www.dtromemonti.com\/fr\/services\/mariage-a-rome\/\"]}]},{\"@type\":\"BreadcrumbList\",\"@id\":\"https:\/\/www.dtromemonti.com\/fr\/services\/mariage-a-rome\/#breadcrumb\",\"itemListElement\":[{\"@type\":\"ListItem\",\"position\":1,\"name\":\"Home\",\"item\":\"https:\/\/www.dtromemonti.com\/fr\/\"},{\"@type\":\"ListItem\",\"position\":2,\"name\":\"Services\",\"item\":\"https:\/\/www.dtromemonti.com\/fr\/services\/\"},{\"@type\":\"ListItem\",\"position\":3,\"name\":\"Le mariage de vos r\u00eaves \u00e0 Rome\"}]},{\"@type\":\"WebSite\",\"@id\":\"https:\/\/www.dtromemonti.com\/fr\/#website\",\"url\":\"https:\/\/www.dtromemonti.com\/fr\/\",\"name\":\"DoubleTree by Hilton Rome Monti\",\"description\":\"Just another ms.decms.eu site\",\"potentialAction\":[{\"@type\":\"SearchAction\",\"target\":{\"@type\":\"EntryPoint\",\"urlTemplate\":\"https:\/\/www.dtromemonti.com\/fr\/?s={search_term_string}\"},\"query-input\":{\"@type\":\"PropertyValueSpecification\",\"valueRequired\":true,\"valueName\":\"search_term_string\"}}],\"inLanguage\":\"fr-FR\"}]}<\/script>\n<!-- \/ Yoast SEO plugin. -->","yoast_head_json":{"title":"Mariage \u00e0 Rome | Hotel DoubleTree by Hilton Rome Monti","description":"D\u00e9couvrez comment rendre votre mariage unique \u00e0 l'h\u00f4tel DoubleTree by Hilton Rome Monti. D\u00e9couvrez nos offres exclusives pour votre journ\u00e9e sp\u00e9ciale!","robots":{"index":"index","follow":"follow","max-snippet":"max-snippet:-1","max-image-preview":"max-image-preview:large","max-video-preview":"max-video-preview:-1"},"canonical":"https:\/\/www.dtromemonti.com\/fr\/services\/mariage-a-rome\/","og_locale":"fr_FR","og_type":"article","og_title":"Mariage \u00e0 Rome | Hotel DoubleTree by Hilton Rome Monti","og_description":"D\u00e9couvrez comment rendre votre mariage unique \u00e0 l'h\u00f4tel DoubleTree by Hilton Rome Monti. D\u00e9couvrez nos offres exclusives pour votre journ\u00e9e sp\u00e9ciale!","og_url":"https:\/\/www.dtromemonti.com\/fr\/services\/mariage-a-rome\/","og_site_name":"DoubleTree by Hilton Rome Monti","article_modified_time":"2024-08-30T09:12:09+00:00","twitter_card":"summary_large_image","twitter_misc":{"Dur\u00e9e de lecture estim\u00e9e":"1 minute"},"schema":{"@context":"https:\/\/schema.org","@graph":[{"@type":"WebPage","@id":"https:\/\/www.dtromemonti.com\/fr\/services\/mariage-a-rome\/","url":"https:\/\/www.dtromemonti.com\/fr\/services\/mariage-a-rome\/","name":"Mariage \u00e0 Rome | Hotel DoubleTree by Hilton Rome Monti","isPartOf":{"@id":"https:\/\/www.dtromemonti.com\/fr\/#website"},"datePublished":"2024-08-28T10:42:53+00:00","dateModified":"2024-08-30T09:12:09+00:00","description":"D\u00e9couvrez comment rendre votre mariage unique \u00e0 l'h\u00f4tel DoubleTree by Hilton Rome Monti. D\u00e9couvrez nos offres exclusives pour votre journ\u00e9e sp\u00e9ciale!","breadcrumb":{"@id":"https:\/\/www.dtromemonti.com\/fr\/services\/mariage-a-rome\/#breadcrumb"},"inLanguage":"fr-FR","potentialAction":[{"@type":"ReadAction","target":["https:\/\/www.dtromemonti.com\/fr\/services\/mariage-a-rome\/"]}]},{"@type":"BreadcrumbList","@id":"https:\/\/www.dtromemonti.com\/fr\/services\/mariage-a-rome\/#breadcrumb","itemListElement":[{"@type":"ListItem","position":1,"name":"Home","item":"https:\/\/www.dtromemonti.com\/fr\/"},{"@type":"ListItem","position":2,"name":"Services","item":"https:\/\/www.dtromemonti.com\/fr\/services\/"},{"@type":"ListItem","position":3,"name":"Le mariage de vos r\u00eaves \u00e0 Rome"}]},{"@type":"WebSite","@id":"https:\/\/www.dtromemonti.com\/fr\/#website","url":"https:\/\/www.dtromemonti.com\/fr\/","name":"DoubleTree by Hilton Rome Monti","description":"Just another ms.decms.eu site","potentialAction":[{"@type":"SearchAction","target":{"@type":"EntryPoint","urlTemplate":"https:\/\/www.dtromemonti.com\/fr\/?s={search_term_string}"},"query-input":{"@type":"PropertyValueSpecification","valueRequired":true,"valueName":"search_term_string"}}],"inLanguage":"fr-FR"}]}},"acf":[],"_links":{"self":[{"href":"https:\/\/www.dtromemonti.com\/fr\/wp-json\/wp\/v2\/pages\/1719","targetHints":{"allow":["GET"]}}],"collection":[{"href":"https:\/\/www.dtromemonti.com\/fr\/wp-json\/wp\/v2\/pages"}],"about":[{"href":"https:\/\/www.dtromemonti.com\/fr\/wp-json\/wp\/v2\/types\/page"}],"author":[{"embeddable":true,"href":"https:\/\/www.dtromemonti.com\/fr\/wp-json\/wp\/v2\/users\/640"}],"replies":[{"embeddable":true,"href":"https:\/\/www.dtromemonti.com\/fr\/wp-json\/wp\/v2\/comments?post=1719"}],"version-history":[{"count":0,"href":"https:\/\/www.dtromemonti.com\/fr\/wp-json\/wp\/v2\/pages\/1719\/revisions"}],"up":[{"embeddable":true,"href":"https:\/\/www.dtromemonti.com\/fr\/wp-json\/wp\/v2\/pages\/590"}],"wp:attachment":[{"href":"https:\/\/www.dtromemonti.com\/fr\/wp-json\/wp\/v2\/media?parent=1719"}],"curies":[{"name":"wp","href":"https:\/\/api.w.org\/{rel}","templated":true}]}}