{"id":1404,"date":"2024-02-28T11:08:28","date_gmt":"2024-02-28T11:08:28","guid":{"rendered":"https:\/\/www.dtromemonti.com\/?page_id=1404"},"modified":"2024-03-28T09:05:42","modified_gmt":"2024-03-28T09:05:42","slug":"rse-et-durabilite","status":"publish","type":"page","link":"https:\/\/www.dtromemonti.com\/fr\/hotel\/rse-et-durabilite\/","title":{"rendered":"RSE et Durabilit\u00e9"},"content":{"rendered":"<p>La <strong>durabilit\u00e9 environnementale<\/strong> et la <strong>responsabilit\u00e9 sociale<\/strong> sont des valeurs essentielles pour DoubleTree by Hilton Rome Monti.<\/p>\n<p>Ces valeurs repr\u00e9sentent non seulement le c\u0153ur de notre philosophie d&rsquo;entreprise, mais elles impr\u00e8gnent \u00e9galement chaque aspect de notre activit\u00e9 et guident nos d\u00e9cisions au quotidien. La conscience de l&rsquo;importance de la pr\u00e9servation de notre environnement et d&rsquo;une contribution positive \u00e0 la communaut\u00e9 locale soutient notre engagement permanent en faveur d&rsquo;une approche commerciale \u00e9thique, durable et socialement responsable.<\/p>\n","protected":false},"excerpt":{"rendered":"<p>La durabilit\u00e9 environnementale et la responsabilit\u00e9 sociale sont des valeurs essentielles pour DoubleTree by Hilton Rome Monti. Ces valeurs repr\u00e9sentent non seulement le c\u0153ur de notre philosophie d&rsquo;entreprise, mais elles impr\u00e8gnent \u00e9galement chaque aspect de notre activit\u00e9 et guident nos d\u00e9cisions au quotidien. La conscience de l&rsquo;importance de la pr\u00e9servation de notre environnement et d&rsquo;une [&hellip;]<\/p>\n","protected":false},"author":648,"featured_media":0,"parent":550,"menu_order":0,"comment_status":"closed","ping_status":"closed","template":"","meta":{"footnotes":""},"class_list":["post-1404","page","type-page","status-publish","hentry"],"yoast_head":"<!-- This site is optimized with the Yoast SEO plugin v26.9 - https:\/\/yoast.com\/product\/yoast-seo-wordpress\/ -->\n<title>H\u00f4tel \u00e9cologique et durable | DoubleTree by Hilton Rome Monti<\/title>\n<meta name=\"description\" content=\"D\u00e9couvrez notre engagement en faveur de la durabilit\u00e9 environnementale et sociale : certification Green Key, collaboration avec Treedom et adh\u00e9sion aux programmes Hilton.\" \/>\n<meta name=\"robots\" content=\"index, follow, max-snippet:-1, max-image-preview:large, max-video-preview:-1\" \/>\n<link rel=\"canonical\" href=\"https:\/\/www.dtromemonti.com\/fr\/hotel\/rse-et-durabilite\/\" \/>\n<meta property=\"og:locale\" content=\"fr_FR\" \/>\n<meta property=\"og:type\" content=\"article\" \/>\n<meta property=\"og:title\" content=\"H\u00f4tel \u00e9cologique et durable | DoubleTree by Hilton Rome Monti\" \/>\n<meta property=\"og:description\" content=\"D\u00e9couvrez notre engagement en faveur de la durabilit\u00e9 environnementale et sociale : certification Green Key, collaboration avec Treedom et adh\u00e9sion aux programmes Hilton.\" \/>\n<meta property=\"og:url\" content=\"https:\/\/www.dtromemonti.com\/fr\/hotel\/rse-et-durabilite\/\" \/>\n<meta property=\"og:site_name\" content=\"DoubleTree by Hilton Rome Monti\" \/>\n<meta property=\"article:modified_time\" content=\"2024-03-28T09:05:42+00:00\" \/>\n<meta name=\"twitter:card\" content=\"summary_large_image\" \/>\n<meta name=\"twitter:label1\" content=\"Dur\u00e9e de lecture estim\u00e9e\" \/>\n\t<meta name=\"twitter:data1\" content=\"1 minute\" \/>\n<script type=\"application\/ld+json\" class=\"yoast-schema-graph\">{\"@context\":\"https:\/\/schema.org\",\"@graph\":[{\"@type\":\"WebPage\",\"@id\":\"https:\/\/www.dtromemonti.com\/fr\/hotel\/rse-et-durabilite\/\",\"url\":\"https:\/\/www.dtromemonti.com\/fr\/hotel\/rse-et-durabilite\/\",\"name\":\"H\u00f4tel \u00e9cologique et durable | DoubleTree by Hilton Rome Monti\",\"isPartOf\":{\"@id\":\"https:\/\/www.dtromemonti.com\/fr\/#website\"},\"datePublished\":\"2024-02-28T11:08:28+00:00\",\"dateModified\":\"2024-03-28T09:05:42+00:00\",\"description\":\"D\u00e9couvrez notre engagement en faveur de la durabilit\u00e9 environnementale et sociale : certification Green Key, collaboration avec Treedom et adh\u00e9sion aux programmes Hilton.\",\"breadcrumb\":{\"@id\":\"https:\/\/www.dtromemonti.com\/fr\/hotel\/rse-et-durabilite\/#breadcrumb\"},\"inLanguage\":\"fr-FR\",\"potentialAction\":[{\"@type\":\"ReadAction\",\"target\":[\"https:\/\/www.dtromemonti.com\/fr\/hotel\/rse-et-durabilite\/\"]}]},{\"@type\":\"BreadcrumbList\",\"@id\":\"https:\/\/www.dtromemonti.com\/fr\/hotel\/rse-et-durabilite\/#breadcrumb\",\"itemListElement\":[{\"@type\":\"ListItem\",\"position\":1,\"name\":\"Home\",\"item\":\"https:\/\/www.dtromemonti.com\/fr\/\"},{\"@type\":\"ListItem\",\"position\":2,\"name\":\"H\u00f4tel\",\"item\":\"https:\/\/www.dtromemonti.com\/fr\/hotel\/\"},{\"@type\":\"ListItem\",\"position\":3,\"name\":\"RSE et Durabilit\u00e9\"}]},{\"@type\":\"WebSite\",\"@id\":\"https:\/\/www.dtromemonti.com\/fr\/#website\",\"url\":\"https:\/\/www.dtromemonti.com\/fr\/\",\"name\":\"DoubleTree by Hilton Rome Monti\",\"description\":\"Just another ms.decms.eu site\",\"potentialAction\":[{\"@type\":\"SearchAction\",\"target\":{\"@type\":\"EntryPoint\",\"urlTemplate\":\"https:\/\/www.dtromemonti.com\/fr\/?s={search_term_string}\"},\"query-input\":{\"@type\":\"PropertyValueSpecification\",\"valueRequired\":true,\"valueName\":\"search_term_string\"}}],\"inLanguage\":\"fr-FR\"}]}<\/script>\n<!-- \/ Yoast SEO plugin. -->","yoast_head_json":{"title":"H\u00f4tel \u00e9cologique et durable | DoubleTree by Hilton Rome Monti","description":"D\u00e9couvrez notre engagement en faveur de la durabilit\u00e9 environnementale et sociale : certification Green Key, collaboration avec Treedom et adh\u00e9sion aux programmes Hilton.","robots":{"index":"index","follow":"follow","max-snippet":"max-snippet:-1","max-image-preview":"max-image-preview:large","max-video-preview":"max-video-preview:-1"},"canonical":"https:\/\/www.dtromemonti.com\/fr\/hotel\/rse-et-durabilite\/","og_locale":"fr_FR","og_type":"article","og_title":"H\u00f4tel \u00e9cologique et durable | DoubleTree by Hilton Rome Monti","og_description":"D\u00e9couvrez notre engagement en faveur de la durabilit\u00e9 environnementale et sociale : certification Green Key, collaboration avec Treedom et adh\u00e9sion aux programmes Hilton.","og_url":"https:\/\/www.dtromemonti.com\/fr\/hotel\/rse-et-durabilite\/","og_site_name":"DoubleTree by Hilton Rome Monti","article_modified_time":"2024-03-28T09:05:42+00:00","twitter_card":"summary_large_image","twitter_misc":{"Dur\u00e9e de lecture estim\u00e9e":"1 minute"},"schema":{"@context":"https:\/\/schema.org","@graph":[{"@type":"WebPage","@id":"https:\/\/www.dtromemonti.com\/fr\/hotel\/rse-et-durabilite\/","url":"https:\/\/www.dtromemonti.com\/fr\/hotel\/rse-et-durabilite\/","name":"H\u00f4tel \u00e9cologique et durable | DoubleTree by Hilton Rome Monti","isPartOf":{"@id":"https:\/\/www.dtromemonti.com\/fr\/#website"},"datePublished":"2024-02-28T11:08:28+00:00","dateModified":"2024-03-28T09:05:42+00:00","description":"D\u00e9couvrez notre engagement en faveur de la durabilit\u00e9 environnementale et sociale : certification Green Key, collaboration avec Treedom et adh\u00e9sion aux programmes Hilton.","breadcrumb":{"@id":"https:\/\/www.dtromemonti.com\/fr\/hotel\/rse-et-durabilite\/#breadcrumb"},"inLanguage":"fr-FR","potentialAction":[{"@type":"ReadAction","target":["https:\/\/www.dtromemonti.com\/fr\/hotel\/rse-et-durabilite\/"]}]},{"@type":"BreadcrumbList","@id":"https:\/\/www.dtromemonti.com\/fr\/hotel\/rse-et-durabilite\/#breadcrumb","itemListElement":[{"@type":"ListItem","position":1,"name":"Home","item":"https:\/\/www.dtromemonti.com\/fr\/"},{"@type":"ListItem","position":2,"name":"H\u00f4tel","item":"https:\/\/www.dtromemonti.com\/fr\/hotel\/"},{"@type":"ListItem","position":3,"name":"RSE et Durabilit\u00e9"}]},{"@type":"WebSite","@id":"https:\/\/www.dtromemonti.com\/fr\/#website","url":"https:\/\/www.dtromemonti.com\/fr\/","name":"DoubleTree by Hilton Rome Monti","description":"Just another ms.decms.eu site","potentialAction":[{"@type":"SearchAction","target":{"@type":"EntryPoint","urlTemplate":"https:\/\/www.dtromemonti.com\/fr\/?s={search_term_string}"},"query-input":{"@type":"PropertyValueSpecification","valueRequired":true,"valueName":"search_term_string"}}],"inLanguage":"fr-FR"}]}},"acf":[],"_links":{"self":[{"href":"https:\/\/www.dtromemonti.com\/fr\/wp-json\/wp\/v2\/pages\/1404","targetHints":{"allow":["GET"]}}],"collection":[{"href":"https:\/\/www.dtromemonti.com\/fr\/wp-json\/wp\/v2\/pages"}],"about":[{"href":"https:\/\/www.dtromemonti.com\/fr\/wp-json\/wp\/v2\/types\/page"}],"author":[{"embeddable":true,"href":"https:\/\/www.dtromemonti.com\/fr\/wp-json\/wp\/v2\/users\/648"}],"replies":[{"embeddable":true,"href":"https:\/\/www.dtromemonti.com\/fr\/wp-json\/wp\/v2\/comments?post=1404"}],"version-history":[{"count":0,"href":"https:\/\/www.dtromemonti.com\/fr\/wp-json\/wp\/v2\/pages\/1404\/revisions"}],"up":[{"embeddable":true,"href":"https:\/\/www.dtromemonti.com\/fr\/wp-json\/wp\/v2\/pages\/550"}],"wp:attachment":[{"href":"https:\/\/www.dtromemonti.com\/fr\/wp-json\/wp\/v2\/media?parent=1404"}],"curies":[{"name":"wp","href":"https:\/\/api.w.org\/{rel}","templated":true}]}}