{"id":1088,"date":"2023-03-03T11:48:56","date_gmt":"2023-03-03T11:48:56","guid":{"rendered":"https:\/\/hiltonrome.ms.decms.eu\/contact-us\/"},"modified":"2023-07-04T14:00:51","modified_gmt":"2023-07-04T14:00:51","slug":"contactez-nous","status":"publish","type":"page","link":"https:\/\/www.dtromemonti.com\/fr\/contactez-nous\/","title":{"rendered":"Contactez-nous"},"content":{"rendered":"<p>Cher invit\u00e9,<br \/>\nVeuillez envoyer vos demandes de disponibilit\u00e9 par e-mail \u00e0 <a href=\"mailto:romemonti_reservations@hilton.com\">romemonti_reservations@hilton.com<\/a> ou appelez-nous au <a class=\"click_on_phone\" href=\"tel:+39 06 4577 4500\">+39 06 4577 4500<\/a>.<\/p>\n<p>Pour toutes autres questions, veuillez nous contacter ici :<\/p>\n\n                <div class='gf_browser_gecko gform_wrapper contactus-form_wrapper' id='gform_wrapper_8' ><form method='post' enctype='multipart\/form-data'  id='gform_8' class='contactus-form' action='\/fr\/wp-json\/wp\/v2\/pages\/1088'>\n                        <div class='gform_heading'>\n                            <h3 class='gform_title'>Contactez-nous<\/h3>\n                        <\/div>\n                        <div class='gform_body'><ul id='gform_fields_8' class='gform_fields top_label form_sublabel_below description_below'><li id='field_8_7'  class='gfield gf_left_half gfield_contains_required field_sublabel_below field_description_below gfield_visibility_visible' ><label class='gfield_label' for='input_8_7' >Pr\u00e9nom<span class='gfield_required'>*<\/span><\/label><div class='ginput_container ginput_container_text'><input name='input_7' id='input_8_7' type='text' value='' class='medium'     aria-required=\"true\" aria-invalid=\"false\" \/><\/div><\/li><li id='field_8_8'  class='gfield gf_right_half gfield_contains_required field_sublabel_below field_description_below gfield_visibility_visible' ><label class='gfield_label' for='input_8_8' >Nom<span class='gfield_required'>*<\/span><\/label><div class='ginput_container ginput_container_text'><input name='input_8' id='input_8_8' type='text' value='' class='medium'     aria-required=\"true\" aria-invalid=\"false\" \/><\/div><\/li><li id='field_8_2'  class='gfield gf_right_half gfield_contains_required field_sublabel_below field_description_below gfield_visibility_visible' ><label class='gfield_label' for='input_8_2' >Courriel<span class='gfield_required'>*<\/span><\/label><div class='ginput_container ginput_container_email'>\n                            <input name='input_2' id='input_8_2' type='text' value='' class='medium'    aria-required=\"true\" aria-invalid=\"false\" \/>\n                        <\/div><\/li><li id='field_8_6'  class='gfield gf_left_half gfield_contains_required field_sublabel_below field_description_below gfield_visibility_visible' ><label class='gfield_label' for='input_8_6' >Num\u00e9ro de t\u00e9l\u00e9phone mobile<span class='gfield_required'>*<\/span><\/label><div class='ginput_container ginput_container_text'><input name='input_6' id='input_8_6' type='text' value='' class='medium'     aria-required=\"true\" aria-invalid=\"false\" \/><\/div><\/li><li id='field_8_9'  class='gfield gf_left_half field_sublabel_below field_description_below gfield_visibility_visible' ><label class='gfield_label' for='input_8_9' >Soci\u00e9t\u00e9<\/label><div class='ginput_container ginput_container_text'><input name='input_9' id='input_8_9' type='text' value='' class='medium'      aria-invalid=\"false\" \/><\/div><\/li><li id='field_8_3'  class='gfield gfield_contains_required field_sublabel_below field_description_below gfield_visibility_visible' ><label class='gfield_label' for='input_8_3' >Message<span class='gfield_required'>*<\/span><\/label><div class='ginput_container ginput_container_textarea'><textarea name='input_3' id='input_8_3' class='textarea medium'    placeholder='\u00c9crivez vos demandes ici' aria-required=\"true\" aria-invalid=\"false\"   rows='10' cols='50'><\/textarea><\/div><\/li><li id='field_8_4'  class='gfield gfield_contains_required field_sublabel_below field_description_below gfield_visibility_visible' ><label class='gfield_label'  >Privacy<span class='gfield_required'>*<\/span><\/label><div class='ginput_container ginput_container_consent'><input name='input_4.1' id='input_8_4_1' type='checkbox' value='1'   aria-required=\"true\" aria-invalid=\"false\"   \/> <label class=\"gfield_consent_label\" for='input_8_4_1' >Je confirme avoir pris connaissance de la <a href=\"https:\/\/www.dtromemonti.com\/privacy-policy\/\">Politique de confidentialit\u00e9<\/a> et j'accepte le traitement de mes donn\u00e9es personnelles.<\/label><input type='hidden' name='input_4.2' value='Je confirme avoir pris connaissance de la &lt;a href=&quot;https:\/\/www.dtromemonti.com\/privacy-policy\/&quot;&gt;Politique de confidentialit\u00e9&lt;\/a&gt; et j&#039;accepte le traitement de mes donn\u00e9es personnelles.' class='gform_hidden' \/><input type='hidden' name='input_4.3' value='8' class='gform_hidden' \/><\/div><\/li><li id='field_8_10'  class='gfield field_sublabel_below field_description_below gfield_visibility_visible' ><label class='gfield_label'  >Newsletter &amp; Actualit\u00e9s<\/label><div class='ginput_container ginput_container_consent'><input name='input_10.1' id='input_8_10_1' type='checkbox' value='1'    aria-invalid=\"false\"   \/> <label class=\"gfield_consent_label\" for='input_8_10_1' >Je souhaite recevoir des informations sur les \u00e9v\u00e9nements, les offres et les actualit\u00e9s exclusives.<\/label><input type='hidden' name='input_10.2' value='Je souhaite recevoir des informations sur les \u00e9v\u00e9nements, les offres et les actualit\u00e9s exclusives.' class='gform_hidden' \/><input type='hidden' name='input_10.3' value='8' class='gform_hidden' \/><\/div><\/li><li id='field_8_5'  class='gfield field_sublabel_below field_description_below gfield_visibility_visible' ><label class='gfield_label' for='input_8_5' ><\/label><div id='input_8_5' class='ginput_container ginput_recaptcha' data-sitekey='6LcgOCApAAAAADuTLT-U1yFKFT4bPEny-mdBpUR-'  data-theme='light' data-tabindex='0'  data-badge=''><\/div><\/li><li id='field_8_11'  class='gfield gform_validation_container field_sublabel_below field_description_below gfield_visibility_visible' ><label class='gfield_label' for='input_8_11' >Name<\/label><div class='ginput_container'><input name='input_11' id='input_8_11' type='text' value='' \/><\/div><div class='gfield_description' id='gfield_description_8_11'>Ce champ n\u2019est utilis\u00e9 qu\u2019\u00e0 des fins de validation et devrait rester inchang\u00e9.<\/div><\/li>\n                            <\/ul><\/div>\n        <div class='gform_footer top_label'> <input type='submit' id='gform_submit_button_8' class='gform_button button' value='Envoyer'  onclick='if(window[\"gf_submitting_8\"]){return false;}  window[\"gf_submitting_8\"]=true;  ' onkeypress='if( event.keyCode == 13 ){ if(window[\"gf_submitting_8\"]){return false;} window[\"gf_submitting_8\"]=true;  jQuery(\"#gform_8\").trigger(\"submit\",[true]); }' \/> \n            <input type='hidden' class='gform_hidden' name='is_submit_8' value='1' \/>\n            <input type='hidden' class='gform_hidden' name='gform_submit' value='8' \/>\n            \n            <input type='hidden' class='gform_hidden' name='gform_unique_id' value='' \/>\n            <input type='hidden' class='gform_hidden' name='state_8' value='WyJ7XCIxMC4xXCI6XCJmMWZjNTIxZWI2ZDIwYTdjZTE3OWMzMDlmZWE4MzdkN1wiLFwiMTAuMlwiOlwiYTE0Y2Y3ODUxOTAzYjY5MmM0MzY1ZDY5NjhjYjU5OWZcIixcIjEwLjNcIjpcIjU0Yjk4YzNhMjk3ODBkZWY5MWVmYTQ4MjQ0NWQwNmMwXCJ9IiwiODA3YzhhYjhlNjY5Y2FjNDA5ZDZjNjQ3OGM5ZGFkNDEiXQ==' \/>\n            <input type='hidden' class='gform_hidden' name='gform_target_page_number_8' id='gform_target_page_number_8' value='0' \/>\n            <input type='hidden' class='gform_hidden' name='gform_source_page_number_8' id='gform_source_page_number_8' value='1' \/>\n            <input type='hidden' name='gform_field_values' value='' \/>\n            \n        <\/div>\n                        <\/form>\n                        <\/div><script type='text\/javascript'> jQuery(document).bind('gform_post_render', function(event, formId, currentPage){if(formId == 8) {if(typeof Placeholders != 'undefined'){\n                        Placeholders.enable();\n                    }} } );jQuery(document).bind('gform_post_conditional_logic', function(event, formId, fields, isInit){} );<\/script><script type='text\/javascript'> jQuery(document).ready(function(){jQuery(document).trigger('gform_post_render', [8, 1]) } ); <\/script>\n<p>&nbsp;<\/p>\n<p>&nbsp;<\/p>\n","protected":false},"excerpt":{"rendered":"<p>Cher invit\u00e9, Veuillez envoyer vos demandes de disponibilit\u00e9 par e-mail \u00e0 romemonti_reservations@hilton.com ou appelez-nous au +39 06 4577 4500. Pour toutes autres questions, veuillez nous contacter ici : &nbsp; &nbsp;<\/p>\n","protected":false},"author":6,"featured_media":0,"parent":0,"menu_order":150,"comment_status":"closed","ping_status":"closed","template":"template-contacts.php","meta":{"footnotes":""},"class_list":["post-1088","page","type-page","status-publish","hentry"],"yoast_head":"<!-- This site is optimized with the Yoast SEO plugin v26.9 - https:\/\/yoast.com\/product\/yoast-seo-wordpress\/ -->\n<title>Contactez-nous - DoubleTree by Hilton Rome Monti<\/title>\n<meta name=\"description\" content=\"Pour toute demande, contactez-nous. Le personnel du DoubleTree by Hilton Rome Monti est \u00e0 votre disposition pour toute information.\" \/>\n<meta name=\"robots\" content=\"index, follow, max-snippet:-1, max-image-preview:large, max-video-preview:-1\" \/>\n<link rel=\"canonical\" href=\"https:\/\/www.dtromemonti.com\/fr\/contactez-nous\/\" \/>\n<meta property=\"og:locale\" content=\"fr_FR\" \/>\n<meta property=\"og:type\" content=\"article\" \/>\n<meta property=\"og:title\" content=\"Contactez-nous - DoubleTree by Hilton Rome Monti\" \/>\n<meta property=\"og:description\" content=\"Pour toute demande, contactez-nous. Le personnel du DoubleTree by Hilton Rome Monti est \u00e0 votre disposition pour toute information.\" \/>\n<meta property=\"og:url\" content=\"https:\/\/www.dtromemonti.com\/fr\/contactez-nous\/\" \/>\n<meta property=\"og:site_name\" content=\"DoubleTree by Hilton Rome Monti\" \/>\n<meta property=\"article:modified_time\" content=\"2023-07-04T14:00:51+00:00\" \/>\n<meta name=\"twitter:card\" content=\"summary_large_image\" \/>\n<meta name=\"twitter:label1\" content=\"Dur\u00e9e de lecture estim\u00e9e\" \/>\n\t<meta name=\"twitter:data1\" content=\"1 minute\" \/>\n<script type=\"application\/ld+json\" class=\"yoast-schema-graph\">{\"@context\":\"https:\/\/schema.org\",\"@graph\":[{\"@type\":\"WebPage\",\"@id\":\"https:\/\/www.dtromemonti.com\/fr\/contactez-nous\/\",\"url\":\"https:\/\/www.dtromemonti.com\/fr\/contactez-nous\/\",\"name\":\"Contactez-nous - DoubleTree by Hilton Rome Monti\",\"isPartOf\":{\"@id\":\"https:\/\/www.dtromemonti.com\/fr\/#website\"},\"datePublished\":\"2023-03-03T11:48:56+00:00\",\"dateModified\":\"2023-07-04T14:00:51+00:00\",\"description\":\"Pour toute demande, contactez-nous. Le personnel du DoubleTree by Hilton Rome Monti est \u00e0 votre disposition pour toute information.\",\"breadcrumb\":{\"@id\":\"https:\/\/www.dtromemonti.com\/fr\/contactez-nous\/#breadcrumb\"},\"inLanguage\":\"fr-FR\",\"potentialAction\":[{\"@type\":\"ReadAction\",\"target\":[\"https:\/\/www.dtromemonti.com\/fr\/contactez-nous\/\"]}]},{\"@type\":\"BreadcrumbList\",\"@id\":\"https:\/\/www.dtromemonti.com\/fr\/contactez-nous\/#breadcrumb\",\"itemListElement\":[{\"@type\":\"ListItem\",\"position\":1,\"name\":\"Home\",\"item\":\"https:\/\/www.dtromemonti.com\/fr\/\"},{\"@type\":\"ListItem\",\"position\":2,\"name\":\"Contactez-nous\"}]},{\"@type\":\"WebSite\",\"@id\":\"https:\/\/www.dtromemonti.com\/fr\/#website\",\"url\":\"https:\/\/www.dtromemonti.com\/fr\/\",\"name\":\"DoubleTree by Hilton Rome Monti\",\"description\":\"Just another ms.decms.eu site\",\"potentialAction\":[{\"@type\":\"SearchAction\",\"target\":{\"@type\":\"EntryPoint\",\"urlTemplate\":\"https:\/\/www.dtromemonti.com\/fr\/?s={search_term_string}\"},\"query-input\":{\"@type\":\"PropertyValueSpecification\",\"valueRequired\":true,\"valueName\":\"search_term_string\"}}],\"inLanguage\":\"fr-FR\"}]}<\/script>\n<!-- \/ Yoast SEO plugin. -->","yoast_head_json":{"title":"Contactez-nous - DoubleTree by Hilton Rome Monti","description":"Pour toute demande, contactez-nous. Le personnel du DoubleTree by Hilton Rome Monti est \u00e0 votre disposition pour toute information.","robots":{"index":"index","follow":"follow","max-snippet":"max-snippet:-1","max-image-preview":"max-image-preview:large","max-video-preview":"max-video-preview:-1"},"canonical":"https:\/\/www.dtromemonti.com\/fr\/contactez-nous\/","og_locale":"fr_FR","og_type":"article","og_title":"Contactez-nous - DoubleTree by Hilton Rome Monti","og_description":"Pour toute demande, contactez-nous. Le personnel du DoubleTree by Hilton Rome Monti est \u00e0 votre disposition pour toute information.","og_url":"https:\/\/www.dtromemonti.com\/fr\/contactez-nous\/","og_site_name":"DoubleTree by Hilton Rome Monti","article_modified_time":"2023-07-04T14:00:51+00:00","twitter_card":"summary_large_image","twitter_misc":{"Dur\u00e9e de lecture estim\u00e9e":"1 minute"},"schema":{"@context":"https:\/\/schema.org","@graph":[{"@type":"WebPage","@id":"https:\/\/www.dtromemonti.com\/fr\/contactez-nous\/","url":"https:\/\/www.dtromemonti.com\/fr\/contactez-nous\/","name":"Contactez-nous - DoubleTree by Hilton Rome Monti","isPartOf":{"@id":"https:\/\/www.dtromemonti.com\/fr\/#website"},"datePublished":"2023-03-03T11:48:56+00:00","dateModified":"2023-07-04T14:00:51+00:00","description":"Pour toute demande, contactez-nous. Le personnel du DoubleTree by Hilton Rome Monti est \u00e0 votre disposition pour toute information.","breadcrumb":{"@id":"https:\/\/www.dtromemonti.com\/fr\/contactez-nous\/#breadcrumb"},"inLanguage":"fr-FR","potentialAction":[{"@type":"ReadAction","target":["https:\/\/www.dtromemonti.com\/fr\/contactez-nous\/"]}]},{"@type":"BreadcrumbList","@id":"https:\/\/www.dtromemonti.com\/fr\/contactez-nous\/#breadcrumb","itemListElement":[{"@type":"ListItem","position":1,"name":"Home","item":"https:\/\/www.dtromemonti.com\/fr\/"},{"@type":"ListItem","position":2,"name":"Contactez-nous"}]},{"@type":"WebSite","@id":"https:\/\/www.dtromemonti.com\/fr\/#website","url":"https:\/\/www.dtromemonti.com\/fr\/","name":"DoubleTree by Hilton Rome Monti","description":"Just another ms.decms.eu site","potentialAction":[{"@type":"SearchAction","target":{"@type":"EntryPoint","urlTemplate":"https:\/\/www.dtromemonti.com\/fr\/?s={search_term_string}"},"query-input":{"@type":"PropertyValueSpecification","valueRequired":true,"valueName":"search_term_string"}}],"inLanguage":"fr-FR"}]}},"acf":[],"_links":{"self":[{"href":"https:\/\/www.dtromemonti.com\/fr\/wp-json\/wp\/v2\/pages\/1088","targetHints":{"allow":["GET"]}}],"collection":[{"href":"https:\/\/www.dtromemonti.com\/fr\/wp-json\/wp\/v2\/pages"}],"about":[{"href":"https:\/\/www.dtromemonti.com\/fr\/wp-json\/wp\/v2\/types\/page"}],"author":[{"embeddable":true,"href":"https:\/\/www.dtromemonti.com\/fr\/wp-json\/wp\/v2\/users\/6"}],"replies":[{"embeddable":true,"href":"https:\/\/www.dtromemonti.com\/fr\/wp-json\/wp\/v2\/comments?post=1088"}],"version-history":[{"count":0,"href":"https:\/\/www.dtromemonti.com\/fr\/wp-json\/wp\/v2\/pages\/1088\/revisions"}],"wp:attachment":[{"href":"https:\/\/www.dtromemonti.com\/fr\/wp-json\/wp\/v2\/media?parent=1088"}],"curies":[{"name":"wp","href":"https:\/\/api.w.org\/{rel}","templated":true}]}}